{"id":3492,"date":"2025-11-22T21:25:03","date_gmt":"2025-11-22T21:25:03","guid":{"rendered":"https:\/\/chkhele.com\/shop\/non class\u00e9\/boitier-de-combinaison-photovoltaique-intelligent-cylx-pv\/"},"modified":"2025-11-22T21:25:03","modified_gmt":"2025-11-22T21:25:03","slug":"boitier-de-combinaison-photovoltaique-intelligent-cylx-pv","status":"publish","type":"product","link":"https:\/\/chkhele.com\/fr\/shop\/serie-darmoires-photovoltaiques\/boitier-de-combinaison-photovoltaique-intelligent-cylx-pv\/","title":{"rendered":"Bo\u00eetier de combinaison photovolta\u00efque intelligent CYLX-PV"},"content":{"rendered":"\t\t<div data-elementor-type=\"section\" data-elementor-id=\"15\" class=\"elementor elementor-15\" data-elementor-post-type=\"elementor_library\">\n\t\t\t<div class=\"elementor-element elementor-element-1adb074 e-flex e-con-boxed e-con e-parent\" data-id=\"1adb074\" data-element_type=\"container\">\n\t\t\t\t\t<div class=\"e-con-inner\">\n\t\t\t\t<div class=\"elementor-element elementor-element-5d1d735 e-n-tabs-mobile elementor-widget elementor-widget-n-tabs\" data-id=\"5d1d735\" data-element_type=\"widget\" data-settings=\"{&quot;horizontal_scroll&quot;:&quot;disable&quot;}\" data-widget_type=\"nested-tabs.default\">\n\t\t\t\t<div class=\"elementor-widget-container\">\n\t\t\t\t\t\t\t<div class=\"e-n-tabs\" data-widget-number=\"97638197\" aria-label=\"Onglets. Ouvrez des \u00e9l\u00e9ments avec Entrer ou Espace, fermez-les avec Echape et naviguez \u00e0 l&#039;aide des touches fl\u00e9ch\u00e9es.\">\n\t\t\t<div class=\"e-n-tabs-heading\" role=\"tablist\">\n\t\t\t\t\t<button id=\"e-n-tab-title-976381971\" data-tab-title-id=\"e-n-tab-title-976381971\" class=\"e-n-tab-title\" aria-selected=\"true\" data-tab-index=\"1\" role=\"tab\" tabindex=\"0\" aria-controls=\"e-n-tab-content-976381971\" style=\"--n-tabs-title-order: 1;\">\n\t\t\t\t\t\t<span class=\"e-n-tab-title-text\">\n\t\t\t\tOverview\t\t\t<\/span>\n\t\t<\/button>\n\t\t\t\t<button id=\"e-n-tab-title-976381972\" data-tab-title-id=\"e-n-tab-title-976381972\" class=\"e-n-tab-title\" aria-selected=\"false\" data-tab-index=\"2\" role=\"tab\" tabindex=\"-1\" aria-controls=\"e-n-tab-content-976381972\" style=\"--n-tabs-title-order: 2;\">\n\t\t\t\t\t\t<span class=\"e-n-tab-title-text\">\n\t\t\t\tElectrical Technical Parameters\t\t\t<\/span>\n\t\t<\/button>\n\t\t\t\t<button id=\"e-n-tab-title-976381973\" data-tab-title-id=\"e-n-tab-title-976381973\" class=\"e-n-tab-title\" aria-selected=\"false\" data-tab-index=\"3\" role=\"tab\" tabindex=\"-1\" aria-controls=\"e-n-tab-content-976381973\" style=\"--n-tabs-title-order: 3;\">\n\t\t\t\t\t\t<span class=\"e-n-tab-title-text\">\n\t\t\t\tFeatures\t\t\t<\/span>\n\t\t<\/button>\n\t\t\t\t\t<\/div>\n\t\t\t<div class=\"e-n-tabs-content\">\n\t\t\t\t<div id=\"e-n-tab-content-976381971\" role=\"tabpanel\" aria-labelledby=\"e-n-tab-title-976381971\" data-tab-index=\"1\" style=\"--n-tabs-title-order: 1;\" class=\"e-active elementor-element elementor-element-efac3f5 e-con-full e-flex e-con e-child\" data-id=\"efac3f5\" data-element_type=\"container\">\n\t\t\t\t<div class=\"elementor-element elementor-element-dee2aae elementor-widget elementor-widget-text-editor\" data-id=\"dee2aae\" data-element_type=\"widget\" data-widget_type=\"text-editor.default\">\n\t\t\t\t<div class=\"elementor-widget-container\">\n\t\t\t\t\t\t\t\t\t<p>CYLX-PV intelligent photovoltaic lightning protection combiner box is to combine the DC input and confluence of 24 photovoltaic cell module strings into one or more outputs, each channel is equipped with a fuse, and the output is equipped with a lightning protection device and a circuit breaker, which greatly simplifies the input wiring of DC distribution cabinet and inverter. Provides lightning protection, short circuit protection and grounding protection. Combiner boxes are divided into two types: intelligent and non-intelligent. The intelligent lightning protection combiner box is equipped with a confluence monitoring unit, which can monitor the input current of each photovoltaic cell string, the summary output voltage, the temperature in the box, the status of the lightning protector, the state of the circuit breaker, etc.<\/p><p>The internal layout of the device is simple and clear, and the wiring is neat and reasonable. High reliability and simple maintenance. Outdoor wall-mounted installation, can adapt to all kinds of harsh environments. In addition to the related core components, others can be customized according to user requirements.<\/p>\t\t\t\t\t\t\t\t<\/div>\n\t\t\t\t<\/div>\n\t\t\t\t<\/div>\n\t\t<div id=\"e-n-tab-content-976381972\" role=\"tabpanel\" aria-labelledby=\"e-n-tab-title-976381972\" data-tab-index=\"2\" style=\"--n-tabs-title-order: 2;\" class=\" elementor-element elementor-element-bd50161 e-con-full e-flex e-con e-child\" data-id=\"bd50161\" data-element_type=\"container\">\n\t\t\t\t<div class=\"elementor-element elementor-element-a384e86 elementor-widget elementor-widget-image\" data-id=\"a384e86\" data-element_type=\"widget\" data-widget_type=\"image.default\">\n\t\t\t\t<div class=\"elementor-widget-container\">\n\t\t\t\t\t\t\t\t\t\t\t\t\t\t\t<img fetchpriority=\"high\" decoding=\"async\" width=\"1024\" height=\"556\" src=\"https:\/\/chkhele.com\/wp-content\/uploads\/2025\/11\/cylx-1024x556.webp\" class=\"attachment-large size-large wp-image-16\" alt=\"\" srcset=\"https:\/\/chkhele.com\/wp-content\/uploads\/2025\/11\/cylx-1024x556.webp 1024w, https:\/\/chkhele.com\/wp-content\/uploads\/2025\/11\/cylx-600x326.webp 600w, https:\/\/chkhele.com\/wp-content\/uploads\/2025\/11\/cylx-300x163.webp 300w, https:\/\/chkhele.com\/wp-content\/uploads\/2025\/11\/cylx-768x417.webp 768w, https:\/\/chkhele.com\/wp-content\/uploads\/2025\/11\/cylx.webp 1200w\" sizes=\"(max-width: 1024px) 100vw, 1024px\" \/>\t\t\t\t\t\t\t\t\t\t\t\t\t\t\t<\/div>\n\t\t\t\t<\/div>\n\t\t\t\t<\/div>\n\t\t<div id=\"e-n-tab-content-976381973\" role=\"tabpanel\" aria-labelledby=\"e-n-tab-title-976381973\" data-tab-index=\"3\" style=\"--n-tabs-title-order: 3;\" class=\" elementor-element elementor-element-15ebee8 e-con-full e-flex e-con e-child\" data-id=\"15ebee8\" data-element_type=\"container\">\n\t\t\t\t<div class=\"elementor-element elementor-element-bc7d48f elementor-widget elementor-widget-text-editor\" data-id=\"bc7d48f\" data-element_type=\"widget\" data-widget_type=\"text-editor.default\">\n\t\t\t\t<div class=\"elementor-widget-container\">\n\t\t\t\t\t\t\t\t\t<ul><li>The protection level of the combiner box reaches IP65, with waterproof, dustproof, rust-proof and salt-spray proof, which meets the requirements of outdoor installation;<\/li><li>Up to 24 battery tandems can be connected at the same time;<\/li><li>The positive and negative of each battery series are equipped with photovoltaic special fuses to protect the module strings when they fail, and the fuse base and fuses are used together to reduce the owner&rsquo;s later maintenance costs and effectively protect the personal safety of maintenance personnel;<\/li><li>The use of photovoltaic special high-voltage lightning protection can protect the bus after the confluence is positive to the ground and negative to the ground, and the continuous working power (Uc) can reach 1000VDC;<\/li><li>The power module in the combiner box can be connected to 1000DCV photovoltaic voltage;<\/li><li>The measurement and control module of the combiner box adopts reliable Honeywell Hall elements (DC CT sensors) to collect and monitor the current and bus voltage of each photovoltaic string, alarm and local fault location, and can measure the temperature in the combiner box, and detect the status of the lightning protector and output circuit breaker.<\/li><li>The monitoring module in the combiner box has a digital display function, which can display the current of each component string, bus voltage, temperature in the combiner box, status of circuit breaker lightning protector, system power and equipment address and other relevant information on the equipment;<\/li><li>RS485\/MODBUS-RTU serial communication;<\/li><li>There is lightning protection with the external interface part;<\/li><li>It can receive the parameter download of the local monitoring device for analysis and processing;<\/li><li>The working power supply of the combiner box can be selected as an external 220VAC\/DC or the power supply provided by the combiner box itself.<\/li><\/ul>\t\t\t\t\t\t\t\t<\/div>\n\t\t\t\t<\/div>\n\t\t\t\t<\/div>\n\t\t\t\t\t<\/div>\n\t\t<\/div>\n\t\t\t\t\t\t<\/div>\n\t\t\t\t<\/div>\n\t\t\t\t\t<\/div>\n\t\t\t\t<\/div>\n\t\t\t\t<\/div>\n\t\t\n","protected":false},"excerpt":{"rendered":"<p>Le bo\u00eetier de combinaison solaire photovolta\u00efque intelligent CYLX-PV est un bo\u00eetier de combinaison de protection contre la foudre photovolta\u00efque utilis\u00e9 pour combiner l&rsquo;entr\u00e9e CC et la confluence de 24 cha\u00eenes de modules de cellules photovolta\u00efques en une ou plusieurs sorties. Chaque canal est \u00e9quip\u00e9 d&rsquo;un fusible et la sortie est \u00e9quip\u00e9e d&rsquo;un dispositif de protection contre la foudre et d&rsquo;un disjoncteur, ce qui simplifie consid\u00e9rablement le c\u00e2blage d&rsquo;entr\u00e9e de l&rsquo;armoire de distribution CC et de l&rsquo;onduleur. Assure la protection contre la foudre, la protection contre les courts-circuits et la mise \u00e0 la terre. Les bo\u00eetiers combinateurs se divisent en deux types : intelligents et non intelligents. Le bo\u00eetier de combinaison intelligent de protection contre la foudre est \u00e9quip\u00e9 d&rsquo;une unit\u00e9 de surveillance de confluence, qui peut surveiller le courant d&rsquo;entr\u00e9e de chaque cha\u00eene de cellules photovolta\u00efques, la tension de sortie globale, la temp\u00e9rature \u00e0 l&rsquo;int\u00e9rieur du bo\u00eetier, l&rsquo;\u00e9tat du parafoudre, l&rsquo;\u00e9tat du disjoncteur, etc.<\/p>\n","protected":false},"featured_media":118,"comment_status":"open","ping_status":"closed","template":"","meta":{"site-sidebar-layout":"default","site-content-layout":"","ast-site-content-layout":"default","site-content-style":"default","site-sidebar-style":"default","ast-global-header-display":"","ast-banner-title-visibility":"","ast-main-header-display":"","ast-hfb-above-header-display":"","ast-hfb-below-header-display":"","ast-hfb-mobile-header-display":"","site-post-title":"","ast-breadcrumbs-content":"","ast-featured-img":"","footer-sml-layout":"","ast-disable-related-posts":"","theme-transparent-header-meta":"default","adv-header-id-meta":"","stick-header-meta":"","header-above-stick-meta":"","header-main-stick-meta":"","header-below-stick-meta":"","astra-migrate-meta-layouts":"default","ast-page-background-enabled":"default","ast-page-background-meta":{"desktop":{"background-color":"var(--ast-global-color-4)","background-image":"","background-repeat":"repeat","background-position":"center center","background-size":"auto","background-attachment":"scroll","background-type":"","background-media":"","overlay-type":"","overlay-color":"","overlay-opacity":"","overlay-gradient":""},"tablet":{"background-color":"","background-image":"","background-repeat":"repeat","background-position":"center center","background-size":"auto","background-attachment":"scroll","background-type":"","background-media":"","overlay-type":"","overlay-color":"","overlay-opacity":"","overlay-gradient":""},"mobile":{"background-color":"","background-image":"","background-repeat":"repeat","background-position":"center center","background-size":"auto","background-attachment":"scroll","background-type":"","background-media":"","overlay-type":"","overlay-color":"","overlay-opacity":"","overlay-gradient":""}},"ast-content-background-meta":{"desktop":{"background-color":"var(--ast-global-color-5)","background-image":"","background-repeat":"repeat","background-position":"center center","background-size":"auto","background-attachment":"scroll","background-type":"","background-media":"","overlay-type":"","overlay-color":"","overlay-opacity":"","overlay-gradient":""},"tablet":{"background-color":"var(--ast-global-color-5)","background-image":"","background-repeat":"repeat","background-position":"center center","background-size":"auto","background-attachment":"scroll","background-type":"","background-media":"","overlay-type":"","overlay-color":"","overlay-opacity":"","overlay-gradient":""},"mobile":{"background-color":"var(--ast-global-color-5)","background-image":"","background-repeat":"repeat","background-position":"center center","background-size":"auto","background-attachment":"scroll","background-type":"","background-media":"","overlay-type":"","overlay-color":"","overlay-opacity":"","overlay-gradient":""}}},"product_brand":[],"product_cat":[87],"product_tag":[],"class_list":{"0":"post-3492","1":"product","2":"type-product","3":"status-publish","4":"has-post-thumbnail","6":"product_cat-serie-darmoires-photovoltaiques","7":"desktop-align-left","8":"tablet-align-left","9":"mobile-align-left","11":"first","12":"instock","13":"shipping-taxable","14":"product-type-simple"},"_links":{"self":[{"href":"https:\/\/chkhele.com\/fr\/wp-json\/wp\/v2\/product\/3492","targetHints":{"allow":["GET"]}}],"collection":[{"href":"https:\/\/chkhele.com\/fr\/wp-json\/wp\/v2\/product"}],"about":[{"href":"https:\/\/chkhele.com\/fr\/wp-json\/wp\/v2\/types\/product"}],"replies":[{"embeddable":true,"href":"https:\/\/chkhele.com\/fr\/wp-json\/wp\/v2\/comments?post=3492"}],"version-history":[{"count":0,"href":"https:\/\/chkhele.com\/fr\/wp-json\/wp\/v2\/product\/3492\/revisions"}],"wp:featuredmedia":[{"embeddable":true,"href":"https:\/\/chkhele.com\/fr\/wp-json\/wp\/v2\/media\/118"}],"wp:attachment":[{"href":"https:\/\/chkhele.com\/fr\/wp-json\/wp\/v2\/media?parent=3492"}],"wp:term":[{"taxonomy":"product_brand","embeddable":true,"href":"https:\/\/chkhele.com\/fr\/wp-json\/wp\/v2\/product_brand?post=3492"},{"taxonomy":"product_cat","embeddable":true,"href":"https:\/\/chkhele.com\/fr\/wp-json\/wp\/v2\/product_cat?post=3492"},{"taxonomy":"product_tag","embeddable":true,"href":"https:\/\/chkhele.com\/fr\/wp-json\/wp\/v2\/product_tag?post=3492"}],"curies":[{"name":"wp","href":"https:\/\/api.w.org\/{rel}","templated":true}]}}