{"id":3490,"date":"2025-11-22T21:58:45","date_gmt":"2025-11-22T21:58:45","guid":{"rendered":"https:\/\/chkhele.com\/shop\/non class\u00e9\/boitier-de-combinaison-cylx-ac-pv-ac\/"},"modified":"2025-11-22T21:58:45","modified_gmt":"2025-11-22T21:58:45","slug":"boitier-de-combinaison-cylx-ac-pv-ac","status":"publish","type":"product","link":"https:\/\/chkhele.com\/fr\/shop\/serie-darmoires-photovoltaiques\/boitier-de-combinaison-cylx-ac-pv-ac\/","title":{"rendered":"Bo\u00eetier de combinaison CYLX-AC PV AC"},"content":{"rendered":"\t\t<div data-elementor-type=\"section\" data-elementor-id=\"22\" class=\"elementor elementor-22\" data-elementor-post-type=\"elementor_library\">\n\t\t\t<div class=\"elementor-element elementor-element-fc48914 e-flex e-con-boxed e-con e-parent\" data-id=\"fc48914\" data-element_type=\"container\">\n\t\t\t\t\t<div class=\"e-con-inner\">\n\t\t\t\t<div class=\"elementor-element elementor-element-1a329bf e-n-tabs-mobile elementor-widget elementor-widget-n-tabs\" data-id=\"1a329bf\" data-element_type=\"widget\" data-settings=\"{&quot;horizontal_scroll&quot;:&quot;disable&quot;}\" data-widget_type=\"nested-tabs.default\">\n\t\t\t\t<div class=\"elementor-widget-container\">\n\t\t\t\t\t\t\t<div class=\"e-n-tabs\" data-widget-number=\"27470271\" aria-label=\"Onglets. Ouvrez des \u00e9l\u00e9ments avec Entrer ou Espace, fermez-les avec Echape et naviguez \u00e0 l&#039;aide des touches fl\u00e9ch\u00e9es.\">\n\t\t\t<div class=\"e-n-tabs-heading\" role=\"tablist\">\n\t\t\t\t\t<button id=\"e-n-tab-title-274702711\" data-tab-title-id=\"e-n-tab-title-274702711\" class=\"e-n-tab-title\" aria-selected=\"true\" data-tab-index=\"1\" role=\"tab\" tabindex=\"0\" aria-controls=\"e-n-tab-content-274702711\" style=\"--n-tabs-title-order: 1;\">\n\t\t\t\t\t\t<span class=\"e-n-tab-title-text\">\n\t\t\t\tOverview\t\t\t<\/span>\n\t\t<\/button>\n\t\t\t\t<button id=\"e-n-tab-title-274702712\" data-tab-title-id=\"e-n-tab-title-274702712\" class=\"e-n-tab-title\" aria-selected=\"false\" data-tab-index=\"2\" role=\"tab\" tabindex=\"-1\" aria-controls=\"e-n-tab-content-274702712\" style=\"--n-tabs-title-order: 2;\">\n\t\t\t\t\t\t<span class=\"e-n-tab-title-text\">\n\t\t\t\tElectrical Technical Parameters\t\t\t<\/span>\n\t\t<\/button>\n\t\t\t\t<button id=\"e-n-tab-title-274702713\" data-tab-title-id=\"e-n-tab-title-274702713\" class=\"e-n-tab-title\" aria-selected=\"false\" data-tab-index=\"3\" role=\"tab\" tabindex=\"-1\" aria-controls=\"e-n-tab-content-274702713\" style=\"--n-tabs-title-order: 3;\">\n\t\t\t\t\t\t<span class=\"e-n-tab-title-text\">\n\t\t\t\tFeatures\t\t\t<\/span>\n\t\t<\/button>\n\t\t\t\t\t<\/div>\n\t\t\t<div class=\"e-n-tabs-content\">\n\t\t\t\t<div id=\"e-n-tab-content-274702711\" role=\"tabpanel\" aria-labelledby=\"e-n-tab-title-274702711\" data-tab-index=\"1\" style=\"--n-tabs-title-order: 1;\" class=\"e-active elementor-element elementor-element-6143e90 e-con-full e-flex e-con e-child\" data-id=\"6143e90\" data-element_type=\"container\">\n\t\t\t\t<div class=\"elementor-element elementor-element-731c97f elementor-widget elementor-widget-text-editor\" data-id=\"731c97f\" data-element_type=\"widget\" data-widget_type=\"text-editor.default\">\n\t\t\t\t<div class=\"elementor-widget-container\">\n\t\t\t\t\t\t\t\t\t<p>CYLX-AC photovoltaic AC combiner box is suitable for photovoltaic string power generation system, undertake an important part of the string inverter and AC distribution cabinet or step-up transformer, the inlet line of the combiner box adopts circuit breaker input, output adopts circuit breaker or load isolation switch, bus busbar adopts secondary lightning protection after the bus, the system rated voltage is AC690V, and the protection level is IP65 at the same level as the string inverter to meet the requirements of outdoor installation, to meet the requirements of waterproof, dustproof, ultraviolet-proof, anti-salt spray corrosion, etc.<\/p><p>This product greatly simplifies the wiring between the string inverter and the AC distribution cabinet or step-up transformer, and the internal structure of this product is simple and clear, and the wiring is neat and reasonable. High reliability and simple maintenance. Outdoor wall-mounted installation, can adapt to all kinds of harsh environments. In addition to standard materials and sizes, it can be customized according to user requirements.<\/p>\t\t\t\t\t\t\t\t<\/div>\n\t\t\t\t<\/div>\n\t\t\t\t<\/div>\n\t\t<div id=\"e-n-tab-content-274702712\" role=\"tabpanel\" aria-labelledby=\"e-n-tab-title-274702712\" data-tab-index=\"2\" style=\"--n-tabs-title-order: 2;\" class=\" elementor-element elementor-element-b53db59 e-con-full e-flex e-con e-child\" data-id=\"b53db59\" data-element_type=\"container\">\n\t\t\t\t<div class=\"elementor-element elementor-element-067f995 elementor-widget elementor-widget-image\" data-id=\"067f995\" data-element_type=\"widget\" data-widget_type=\"image.default\">\n\t\t\t\t<div class=\"elementor-widget-container\">\n\t\t\t\t\t\t\t\t\t\t\t\t\t\t\t<img fetchpriority=\"high\" decoding=\"async\" width=\"1024\" height=\"726\" src=\"https:\/\/chkhele.com\/wp-content\/uploads\/2025\/11\/CYLX-AC-1-1024x726.webp\" class=\"attachment-large size-large wp-image-23\" alt=\"\" srcset=\"https:\/\/chkhele.com\/wp-content\/uploads\/2025\/11\/CYLX-AC-1-1024x726.webp 1024w, https:\/\/chkhele.com\/wp-content\/uploads\/2025\/11\/CYLX-AC-1-600x426.webp 600w, https:\/\/chkhele.com\/wp-content\/uploads\/2025\/11\/CYLX-AC-1-300x213.webp 300w, https:\/\/chkhele.com\/wp-content\/uploads\/2025\/11\/CYLX-AC-1-768x545.webp 768w, https:\/\/chkhele.com\/wp-content\/uploads\/2025\/11\/CYLX-AC-1.webp 1200w\" sizes=\"(max-width: 1024px) 100vw, 1024px\" \/>\t\t\t\t\t\t\t\t\t\t\t\t\t\t\t<\/div>\n\t\t\t\t<\/div>\n\t\t\t\t<\/div>\n\t\t<div id=\"e-n-tab-content-274702713\" role=\"tabpanel\" aria-labelledby=\"e-n-tab-title-274702713\" data-tab-index=\"3\" style=\"--n-tabs-title-order: 3;\" class=\" elementor-element elementor-element-fb72ca5 e-con-full e-flex e-con e-child\" data-id=\"fb72ca5\" data-element_type=\"container\">\n\t\t\t\t<div class=\"elementor-element elementor-element-9306386 elementor-widget elementor-widget-text-editor\" data-id=\"9306386\" data-element_type=\"widget\" data-widget_type=\"text-editor.default\">\n\t\t\t\t<div class=\"elementor-widget-container\">\n\t\t\t\t\t\t\t\t\t<ul><li>The AC combiner box has an IP65 protection level and can meet the requirements of outdoor installation.<\/li><li>To meet the needs of multi-channel inverters connected at the same time, each incoming line is protected by a thermomagnetic circuit breaker, and the rated voltage reaches AC690V:<\/li><li>The special high-voltage lightning protector can meet the overvoltage and lightning protection between the three phases, and the working voltage can reach more than AC480V:<\/li><li>The bus bars in the box are all connected by electroplating or purified bus bars to reduce the internal resistance and connection points of the bus;<\/li><li>The output is a circuit breaker, load disconnector or fuse.<\/li><\/ul>\t\t\t\t\t\t\t\t<\/div>\n\t\t\t\t<\/div>\n\t\t\t\t<\/div>\n\t\t\t\t\t<\/div>\n\t\t<\/div>\n\t\t\t\t\t\t<\/div>\n\t\t\t\t<\/div>\n\t\t\t\t\t<\/div>\n\t\t\t\t<\/div>\n\t\t\t\t<\/div>\n\t\t\n","protected":false},"excerpt":{"rendered":"<p>Le bo\u00eetier de combinaison photovolta\u00efque CYLX-AC est adapt\u00e9 aux syst\u00e8mes de production d&rsquo;\u00e9nergie photovolta\u00efque en cha\u00eene. Il int\u00e8gre une partie importante de l&rsquo;onduleur de cha\u00eene et de l&rsquo;armoire de distribution CA ou du transformateur \u00e9l\u00e9vateur. La ligne d&rsquo;entr\u00e9e du bo\u00eetier est prot\u00e9g\u00e9e par un disjoncteur, la sortie par un disjoncteur ou un sectionneur. Le jeu de barres est prot\u00e9g\u00e9 contre la foudre. La tension nominale du syst\u00e8me est de 690 V CA et son niveau de protection IP65, identique \u00e0 celui de l&rsquo;onduleur de cha\u00eene, r\u00e9pond aux exigences d&rsquo;une installation ext\u00e9rieure. Il est \u00e9tanche \u00e0 l&rsquo;eau et \u00e0 la poussi\u00e8re, r\u00e9sistant aux UV et \u00e0 la corrosion par brouillard salin.<\/p>\n","protected":false},"featured_media":117,"comment_status":"open","ping_status":"closed","template":"","meta":{"site-sidebar-layout":"default","site-content-layout":"","ast-site-content-layout":"default","site-content-style":"default","site-sidebar-style":"default","ast-global-header-display":"","ast-banner-title-visibility":"","ast-main-header-display":"","ast-hfb-above-header-display":"","ast-hfb-below-header-display":"","ast-hfb-mobile-header-display":"","site-post-title":"","ast-breadcrumbs-content":"","ast-featured-img":"","footer-sml-layout":"","ast-disable-related-posts":"","theme-transparent-header-meta":"default","adv-header-id-meta":"","stick-header-meta":"","header-above-stick-meta":"","header-main-stick-meta":"","header-below-stick-meta":"","astra-migrate-meta-layouts":"default","ast-page-background-enabled":"default","ast-page-background-meta":{"desktop":{"background-color":"var(--ast-global-color-4)","background-image":"","background-repeat":"repeat","background-position":"center center","background-size":"auto","background-attachment":"scroll","background-type":"","background-media":"","overlay-type":"","overlay-color":"","overlay-opacity":"","overlay-gradient":""},"tablet":{"background-color":"","background-image":"","background-repeat":"repeat","background-position":"center center","background-size":"auto","background-attachment":"scroll","background-type":"","background-media":"","overlay-type":"","overlay-color":"","overlay-opacity":"","overlay-gradient":""},"mobile":{"background-color":"","background-image":"","background-repeat":"repeat","background-position":"center center","background-size":"auto","background-attachment":"scroll","background-type":"","background-media":"","overlay-type":"","overlay-color":"","overlay-opacity":"","overlay-gradient":""}},"ast-content-background-meta":{"desktop":{"background-color":"var(--ast-global-color-5)","background-image":"","background-repeat":"repeat","background-position":"center center","background-size":"auto","background-attachment":"scroll","background-type":"","background-media":"","overlay-type":"","overlay-color":"","overlay-opacity":"","overlay-gradient":""},"tablet":{"background-color":"var(--ast-global-color-5)","background-image":"","background-repeat":"repeat","background-position":"center center","background-size":"auto","background-attachment":"scroll","background-type":"","background-media":"","overlay-type":"","overlay-color":"","overlay-opacity":"","overlay-gradient":""},"mobile":{"background-color":"var(--ast-global-color-5)","background-image":"","background-repeat":"repeat","background-position":"center center","background-size":"auto","background-attachment":"scroll","background-type":"","background-media":"","overlay-type":"","overlay-color":"","overlay-opacity":"","overlay-gradient":""}}},"product_brand":[],"product_cat":[87],"product_tag":[],"class_list":{"0":"post-3490","1":"product","2":"type-product","3":"status-publish","4":"has-post-thumbnail","6":"product_cat-serie-darmoires-photovoltaiques","7":"desktop-align-left","8":"tablet-align-left","9":"mobile-align-left","11":"first","12":"instock","13":"shipping-taxable","14":"product-type-simple"},"_links":{"self":[{"href":"https:\/\/chkhele.com\/fr\/wp-json\/wp\/v2\/product\/3490","targetHints":{"allow":["GET"]}}],"collection":[{"href":"https:\/\/chkhele.com\/fr\/wp-json\/wp\/v2\/product"}],"about":[{"href":"https:\/\/chkhele.com\/fr\/wp-json\/wp\/v2\/types\/product"}],"replies":[{"embeddable":true,"href":"https:\/\/chkhele.com\/fr\/wp-json\/wp\/v2\/comments?post=3490"}],"version-history":[{"count":0,"href":"https:\/\/chkhele.com\/fr\/wp-json\/wp\/v2\/product\/3490\/revisions"}],"wp:featuredmedia":[{"embeddable":true,"href":"https:\/\/chkhele.com\/fr\/wp-json\/wp\/v2\/media\/117"}],"wp:attachment":[{"href":"https:\/\/chkhele.com\/fr\/wp-json\/wp\/v2\/media?parent=3490"}],"wp:term":[{"taxonomy":"product_brand","embeddable":true,"href":"https:\/\/chkhele.com\/fr\/wp-json\/wp\/v2\/product_brand?post=3490"},{"taxonomy":"product_cat","embeddable":true,"href":"https:\/\/chkhele.com\/fr\/wp-json\/wp\/v2\/product_cat?post=3490"},{"taxonomy":"product_tag","embeddable":true,"href":"https:\/\/chkhele.com\/fr\/wp-json\/wp\/v2\/product_tag?post=3490"}],"curies":[{"name":"wp","href":"https:\/\/api.w.org\/{rel}","templated":true}]}}