{"id":3488,"date":"2025-11-22T22:30:19","date_gmt":"2025-11-22T22:30:19","guid":{"rendered":"https:\/\/chkhele.com\/shop\/non%20class\u00e9\/boitier-de-combinaison-photovoltaique-cybwx\/"},"modified":"2026-04-12T02:07:45","modified_gmt":"2026-04-12T02:07:45","slug":"boitier-de-combinaison-photovoltaique-cybwx","status":"publish","type":"product","link":"https:\/\/chkhele.com\/fr\/shop\/serie-darmoires-photovoltaiques\/boitier-de-combinaison-photovoltaique-cybwx\/","title":{"rendered":"Bo\u00eetier de combinaison photovolta\u00efque CYBWX"},"content":{"rendered":"\t\t<div data-elementor-type=\"section\" data-elementor-id=\"32\" class=\"elementor elementor-32\" data-elementor-post-type=\"elementor_library\">\n\t\t\t<div class=\"elementor-element elementor-element-439b398 e-flex e-con-boxed e-con e-parent\" data-id=\"439b398\" data-element_type=\"container\">\n\t\t\t\t\t<div class=\"e-con-inner\">\n\t\t\t\t<div class=\"elementor-element elementor-element-0053e38 e-n-tabs-mobile elementor-widget elementor-widget-n-tabs\" data-id=\"0053e38\" data-element_type=\"widget\" data-settings=\"{&quot;horizontal_scroll&quot;:&quot;disable&quot;}\" data-widget_type=\"nested-tabs.default\">\n\t\t\t\t<div class=\"elementor-widget-container\">\n\t\t\t\t\t\t\t<div class=\"e-n-tabs\" data-widget-number=\"343608\" aria-label=\"Onglets. Ouvrez des \u00e9l\u00e9ments avec Entrer ou Espace, fermez-les avec Echape et naviguez \u00e0 l&#039;aide des touches fl\u00e9ch\u00e9es.\">\n\t\t\t<div class=\"e-n-tabs-heading\" role=\"tablist\">\n\t\t\t\t\t<button id=\"e-n-tab-title-3436081\" data-tab-title-id=\"e-n-tab-title-3436081\" class=\"e-n-tab-title\" aria-selected=\"true\" data-tab-index=\"1\" role=\"tab\" tabindex=\"0\" aria-controls=\"e-n-tab-content-3436081\" style=\"--n-tabs-title-order: 1;\">\n\t\t\t\t\t\t<span class=\"e-n-tab-title-text\">\n\t\t\t\tOverview\t\t\t<\/span>\n\t\t<\/button>\n\t\t\t\t<button id=\"e-n-tab-title-3436082\" data-tab-title-id=\"e-n-tab-title-3436082\" class=\"e-n-tab-title\" aria-selected=\"false\" data-tab-index=\"2\" role=\"tab\" tabindex=\"-1\" aria-controls=\"e-n-tab-content-3436082\" style=\"--n-tabs-title-order: 2;\">\n\t\t\t\t\t\t<span class=\"e-n-tab-title-text\">\n\t\t\t\tBenefits\t\t\t<\/span>\n\t\t<\/button>\n\t\t\t\t<button id=\"e-n-tab-title-3436083\" data-tab-title-id=\"e-n-tab-title-3436083\" class=\"e-n-tab-title\" aria-selected=\"false\" data-tab-index=\"3\" role=\"tab\" tabindex=\"-1\" aria-controls=\"e-n-tab-content-3436083\" style=\"--n-tabs-title-order: 3;\">\n\t\t\t\t\t\t<span class=\"e-n-tab-title-text\">\n\t\t\t\tTechnical Parameters\t\t\t<\/span>\n\t\t<\/button>\n\t\t\t\t<button id=\"e-n-tab-title-3436084\" data-tab-title-id=\"e-n-tab-title-3436084\" class=\"e-n-tab-title\" aria-selected=\"false\" data-tab-index=\"4\" role=\"tab\" tabindex=\"-1\" aria-controls=\"e-n-tab-content-3436084\" style=\"--n-tabs-title-order: 4;\">\n\t\t\t\t\t\t<span class=\"e-n-tab-title-text\">\n\t\t\t\tdiagram and layout diagram\t\t\t<\/span>\n\t\t<\/button>\n\t\t\t\t\t<\/div>\n\t\t\t<div class=\"e-n-tabs-content\">\n\t\t\t\t<div id=\"e-n-tab-content-3436081\" role=\"tabpanel\" aria-labelledby=\"e-n-tab-title-3436081\" data-tab-index=\"1\" style=\"--n-tabs-title-order: 1;\" class=\"e-active elementor-element elementor-element-fd97477 e-con-full e-flex e-con e-child\" data-id=\"fd97477\" data-element_type=\"container\">\n\t\t\t\t<div class=\"elementor-element elementor-element-b05c5a6 elementor-widget elementor-widget-text-editor\" data-id=\"b05c5a6\" data-element_type=\"widget\" data-widget_type=\"text-editor.default\">\n\t\t\t\t<div class=\"elementor-widget-container\">\n\t\t\t\t\t\t\t\t\t<p>In order to protect the safe operation of the system, the safety coordination between the inverter and the mains power grid, and improve the reliability of the system and the design of the photovoltaic grid-connected distribution box. The product has the characteristics of high protection level, long service life, easy installation and operation. Its functions include isolation protection, overload protection, short circuit protection, surge grounding protection, overvoltage and undervoltage protection and recombination after recovery, power generation and energy metering, etc.<\/p>\t\t\t\t\t\t\t\t<\/div>\n\t\t\t\t<\/div>\n\t\t\t\t<\/div>\n\t\t<div id=\"e-n-tab-content-3436082\" role=\"tabpanel\" aria-labelledby=\"e-n-tab-title-3436082\" data-tab-index=\"2\" style=\"--n-tabs-title-order: 2;\" class=\" elementor-element elementor-element-8d12d0e e-con-full e-flex e-con e-child\" data-id=\"8d12d0e\" data-element_type=\"container\">\n\t\t\t\t<div class=\"elementor-element elementor-element-ad137cb elementor-widget elementor-widget-text-editor\" data-id=\"ad137cb\" data-element_type=\"widget\" data-widget_type=\"text-editor.default\">\n\t\t\t\t<div class=\"elementor-widget-container\">\n\t\t\t\t\t\t\t\t\t<ul><li>\u00a0The metal box is made of cold-rolled steel plate or stainless steel plate material produced by Wuhan Iron and Steel, and the protection level of the box reaches IP54 or above, which is suitable for outdoor installation<\/li><li>\u00a0The upper and lower layers of the box are designed, the top layer is designed as the brim of the box to prevent rainwater from entering the box, and the middle layer is designed as a photovoltaic meter, which can be observed through transparent glass panels<\/li><li>\u00a0All kinds of data to the meter, and the door lock is designed with a seal interface, and the bottom layer is designed as a control and protection area, which is convenient for maintenance personnel to maintain and repair<\/li><li>\u00a0The power grid inlet hole of the box is designed to enter the line from the bottom or the side, and the IP66 waterproof connector is installed when the side line is inlet to ensure the protection level of the box<\/li><li>\u00a0The inverter inlet hole of the box is designed at the bottom, which is convenient for direct wiring on site, and the disconnector in the box adopts a well-known brand, and has an obvious break point, and the design capacity is more than 1.5 times the output current of the inverter<\/li><li>\u00a0The box is designed with photovoltaic over- and under-voltage protection device and voltage recovery overlap protection device, which can protect the unstable voltage of the power grid in addition to voltage loss protection<\/li><li>\u00a0The box is designed with lightning surge protection, the standard discharge current of the surge protector is 40KA, and a larger lightning surge protector can be selected in areas with frequent thunderstorms, and the discharge current can reach 100KA<\/li><li>\u00a0The box is designed with an overcurrent protection circuit breaker to ensure that the circuit breaker can be reliably disconnected when the system is overloaded and short-circuited<\/li><li>\u00a0The mounting plate inside the box can be configured with epoxy resin insulation board according to customer requirements, and the thickness of the insulation board is at least 5mm<\/li><li>\u00a0The anti-islanding device can be configured according to customer requirements<\/li><\/ul>\t\t\t\t\t\t\t\t<\/div>\n\t\t\t\t<\/div>\n\t\t\t\t<\/div>\n\t\t<div id=\"e-n-tab-content-3436083\" role=\"tabpanel\" aria-labelledby=\"e-n-tab-title-3436083\" data-tab-index=\"3\" style=\"--n-tabs-title-order: 3;\" class=\" elementor-element elementor-element-3eb03c9 e-con-full e-flex e-con e-child\" data-id=\"3eb03c9\" data-element_type=\"container\">\n\t\t\t\t<div class=\"elementor-element elementor-element-fe3d0cd elementor-widget elementor-widget-image\" data-id=\"fe3d0cd\" data-element_type=\"widget\" data-widget_type=\"image.default\">\n\t\t\t\t<div class=\"elementor-widget-container\">\n\t\t\t\t\t\t\t\t\t\t\t\t\t\t\t<img fetchpriority=\"high\" decoding=\"async\" width=\"807\" height=\"1024\" src=\"https:\/\/chkhele.com\/wp-content\/uploads\/2025\/11\/CYBWX-3-807x1024.webp\" class=\"attachment-large size-large wp-image-33\" alt=\"\" srcset=\"https:\/\/chkhele.com\/wp-content\/uploads\/2025\/11\/CYBWX-3-807x1024.webp 807w, https:\/\/chkhele.com\/wp-content\/uploads\/2025\/11\/CYBWX-3-600x761.webp 600w, https:\/\/chkhele.com\/wp-content\/uploads\/2025\/11\/CYBWX-3-237x300.webp 237w, https:\/\/chkhele.com\/wp-content\/uploads\/2025\/11\/CYBWX-3-768x974.webp 768w, https:\/\/chkhele.com\/wp-content\/uploads\/2025\/11\/CYBWX-3.webp 1200w\" sizes=\"(max-width: 807px) 100vw, 807px\" \/>\t\t\t\t\t\t\t\t\t\t\t\t\t\t\t<\/div>\n\t\t\t\t<\/div>\n\t\t\t\t<div class=\"elementor-element elementor-element-50900d2 elementor-widget elementor-widget-image\" data-id=\"50900d2\" data-element_type=\"widget\" data-widget_type=\"image.default\">\n\t\t\t\t<div class=\"elementor-widget-container\">\n\t\t\t\t\t\t\t\t\t\t\t\t\t\t\t<img decoding=\"async\" width=\"1024\" height=\"847\" src=\"https:\/\/chkhele.com\/wp-content\/uploads\/2025\/11\/CYBWX-4-1024x847.webp\" class=\"attachment-large size-large wp-image-34\" alt=\"\" srcset=\"https:\/\/chkhele.com\/wp-content\/uploads\/2025\/11\/CYBWX-4-1024x847.webp 1024w, https:\/\/chkhele.com\/wp-content\/uploads\/2025\/11\/CYBWX-4-600x496.webp 600w, https:\/\/chkhele.com\/wp-content\/uploads\/2025\/11\/CYBWX-4-300x248.webp 300w, https:\/\/chkhele.com\/wp-content\/uploads\/2025\/11\/CYBWX-4-768x635.webp 768w, https:\/\/chkhele.com\/wp-content\/uploads\/2025\/11\/CYBWX-4.webp 1200w\" sizes=\"(max-width: 1024px) 100vw, 1024px\" \/>\t\t\t\t\t\t\t\t\t\t\t\t\t\t\t<\/div>\n\t\t\t\t<\/div>\n\t\t\t\t<\/div>\n\t\t<div id=\"e-n-tab-content-3436084\" role=\"tabpanel\" aria-labelledby=\"e-n-tab-title-3436084\" data-tab-index=\"4\" style=\"--n-tabs-title-order: 4;\" class=\" elementor-element elementor-element-44d37e5 e-flex e-con-boxed e-con e-child\" data-id=\"44d37e5\" data-element_type=\"container\">\n\t\t\t\t\t<div class=\"e-con-inner\">\n\t\t\t\t<div class=\"elementor-element elementor-element-0dc4a23 elementor-widget elementor-widget-text-editor\" data-id=\"0dc4a23\" data-element_type=\"widget\" data-widget_type=\"text-editor.default\">\n\t\t\t\t<div class=\"elementor-widget-container\">\n\t\t\t\t\t\t\t\t\t<p><strong>Photovoltaic grid-connected box circuit diagram and layout diagram<\/strong><\/p><p>Electrical circuit diagram of single-phase AC grid-connected box<\/p>\t\t\t\t\t\t\t\t<\/div>\n\t\t\t\t<\/div>\n\t\t\t\t<div class=\"elementor-element elementor-element-0b33748 elementor-widget elementor-widget-image\" data-id=\"0b33748\" data-element_type=\"widget\" data-widget_type=\"image.default\">\n\t\t\t\t<div class=\"elementor-widget-container\">\n\t\t\t\t\t\t\t\t\t\t\t\t\t\t\t<img decoding=\"async\" width=\"1024\" height=\"528\" src=\"https:\/\/chkhele.com\/wp-content\/uploads\/2025\/11\/digram-1024x528.webp\" class=\"attachment-large size-large wp-image-35\" alt=\"\" srcset=\"https:\/\/chkhele.com\/wp-content\/uploads\/2025\/11\/digram-1024x528.webp 1024w, https:\/\/chkhele.com\/wp-content\/uploads\/2025\/11\/digram-600x310.webp 600w, https:\/\/chkhele.com\/wp-content\/uploads\/2025\/11\/digram-300x155.webp 300w, https:\/\/chkhele.com\/wp-content\/uploads\/2025\/11\/digram-768x396.webp 768w, https:\/\/chkhele.com\/wp-content\/uploads\/2025\/11\/digram.webp 1200w\" sizes=\"(max-width: 1024px) 100vw, 1024px\" \/>\t\t\t\t\t\t\t\t\t\t\t\t\t\t\t<\/div>\n\t\t\t\t<\/div>\n\t\t\t\t<div class=\"elementor-element elementor-element-6fa7557 elementor-widget elementor-widget-text-editor\" data-id=\"6fa7557\" data-element_type=\"widget\" data-widget_type=\"text-editor.default\">\n\t\t\t\t<div class=\"elementor-widget-container\">\n\t\t\t\t\t\t\t\t\t<p>Electrical layout diagram of single-phase AC grid-connected box<\/p>\t\t\t\t\t\t\t\t<\/div>\n\t\t\t\t<\/div>\n\t\t\t\t<div class=\"elementor-element elementor-element-d0edf9b elementor-widget elementor-widget-image\" data-id=\"d0edf9b\" data-element_type=\"widget\" data-widget_type=\"image.default\">\n\t\t\t\t<div class=\"elementor-widget-container\">\n\t\t\t\t\t\t\t\t\t\t\t\t\t\t\t<img loading=\"lazy\" decoding=\"async\" width=\"1024\" height=\"561\" src=\"https:\/\/chkhele.com\/wp-content\/uploads\/2025\/11\/digram-1-1024x561.webp\" class=\"attachment-large size-large wp-image-36\" alt=\"\" srcset=\"https:\/\/chkhele.com\/wp-content\/uploads\/2025\/11\/digram-1-1024x561.webp 1024w, https:\/\/chkhele.com\/wp-content\/uploads\/2025\/11\/digram-1-600x329.webp 600w, https:\/\/chkhele.com\/wp-content\/uploads\/2025\/11\/digram-1-300x165.webp 300w, https:\/\/chkhele.com\/wp-content\/uploads\/2025\/11\/digram-1-768x421.webp 768w, https:\/\/chkhele.com\/wp-content\/uploads\/2025\/11\/digram-1.webp 1200w\" sizes=\"(max-width: 1024px) 100vw, 1024px\" \/>\t\t\t\t\t\t\t\t\t\t\t\t\t\t\t<\/div>\n\t\t\t\t<\/div>\n\t\t\t\t<div class=\"elementor-element elementor-element-3e42188 elementor-widget elementor-widget-text-editor\" data-id=\"3e42188\" data-element_type=\"widget\" data-widget_type=\"text-editor.default\">\n\t\t\t\t<div class=\"elementor-widget-container\">\n\t\t\t\t\t\t\t\t\t<p><strong>Photovoltaic grid-connected box circuit diagram and layout diagram<\/strong><\/p><p>Electrical circuit diagram of three-phase AC grid-connected box below 30kW<\/p>\t\t\t\t\t\t\t\t<\/div>\n\t\t\t\t<\/div>\n\t\t\t\t<div class=\"elementor-element elementor-element-0f14cfe elementor-widget elementor-widget-image\" data-id=\"0f14cfe\" data-element_type=\"widget\" data-widget_type=\"image.default\">\n\t\t\t\t<div class=\"elementor-widget-container\">\n\t\t\t\t\t\t\t\t\t\t\t\t\t\t\t<img loading=\"lazy\" decoding=\"async\" width=\"1024\" height=\"426\" src=\"https:\/\/chkhele.com\/wp-content\/uploads\/2025\/11\/digram-2-1024x426.webp\" class=\"attachment-large size-large wp-image-37\" alt=\"\" srcset=\"https:\/\/chkhele.com\/wp-content\/uploads\/2025\/11\/digram-2-1024x426.webp 1024w, https:\/\/chkhele.com\/wp-content\/uploads\/2025\/11\/digram-2-600x250.webp 600w, https:\/\/chkhele.com\/wp-content\/uploads\/2025\/11\/digram-2-300x125.webp 300w, https:\/\/chkhele.com\/wp-content\/uploads\/2025\/11\/digram-2-768x319.webp 768w, https:\/\/chkhele.com\/wp-content\/uploads\/2025\/11\/digram-2.webp 1200w\" sizes=\"(max-width: 1024px) 100vw, 1024px\" \/>\t\t\t\t\t\t\t\t\t\t\t\t\t\t\t<\/div>\n\t\t\t\t<\/div>\n\t\t\t\t\t<\/div>\n\t\t\t\t<\/div>\n\t\t\t\t\t<\/div>\n\t\t<\/div>\n\t\t\t\t\t\t<\/div>\n\t\t\t\t<\/div>\n\t\t\t\t\t<\/div>\n\t\t\t\t<\/div>\n\t\t\t\t<\/div>\n\t\t\n","protected":false},"excerpt":{"rendered":"<p>Utilisez un bo\u00eetier de raccordement photovolta\u00efque pour garantir le fonctionnement s\u00fbr du syst\u00e8me, assurer la coordination de s\u00e9curit\u00e9 entre l&rsquo;onduleur et le r\u00e9seau \u00e9lectrique principal et am\u00e9liorer la fiabilit\u00e9 du syst\u00e8me. Concevoir le bo\u00eetier de distribution raccord\u00e9 au r\u00e9seau photovolta\u00efque. Ce produit pr\u00e9sente les caract\u00e9ristiques suivantes : niveau de protection \u00e9lev\u00e9, longue dur\u00e9e de vie, installation et utilisation faciles. Ses fonctions comprennent la protection d&rsquo;isolation, la protection contre les surcharges, la protection contre les courts-circuits, la protection contre les surtensions et les sous-tensions, la recombinaison apr\u00e8s r\u00e9cup\u00e9ration, la production d&rsquo;\u00e9nergie et le comptage de l&rsquo;\u00e9nergie, etc.<\/p>\n","protected":false},"featured_media":31,"comment_status":"open","ping_status":"closed","template":"","meta":{"site-sidebar-layout":"default","site-content-layout":"","ast-site-content-layout":"default","site-content-style":"default","site-sidebar-style":"default","ast-global-header-display":"","ast-banner-title-visibility":"","ast-main-header-display":"","ast-hfb-above-header-display":"","ast-hfb-below-header-display":"","ast-hfb-mobile-header-display":"","site-post-title":"","ast-breadcrumbs-content":"","ast-featured-img":"","footer-sml-layout":"","ast-disable-related-posts":"","theme-transparent-header-meta":"default","adv-header-id-meta":"","stick-header-meta":"","header-above-stick-meta":"","header-main-stick-meta":"","header-below-stick-meta":"","astra-migrate-meta-layouts":"default","ast-page-background-enabled":"default","ast-page-background-meta":{"desktop":{"background-color":"var(--ast-global-color-4)","background-image":"","background-repeat":"repeat","background-position":"center center","background-size":"auto","background-attachment":"scroll","background-type":"","background-media":"","overlay-type":"","overlay-color":"","overlay-opacity":"","overlay-gradient":""},"tablet":{"background-color":"","background-image":"","background-repeat":"repeat","background-position":"center center","background-size":"auto","background-attachment":"scroll","background-type":"","background-media":"","overlay-type":"","overlay-color":"","overlay-opacity":"","overlay-gradient":""},"mobile":{"background-color":"","background-image":"","background-repeat":"repeat","background-position":"center center","background-size":"auto","background-attachment":"scroll","background-type":"","background-media":"","overlay-type":"","overlay-color":"","overlay-opacity":"","overlay-gradient":""}},"ast-content-background-meta":{"desktop":{"background-color":"var(--ast-global-color-5)","background-image":"","background-repeat":"repeat","background-position":"center center","background-size":"auto","background-attachment":"scroll","background-type":"","background-media":"","overlay-type":"","overlay-color":"","overlay-opacity":"","overlay-gradient":""},"tablet":{"background-color":"var(--ast-global-color-5)","background-image":"","background-repeat":"repeat","background-position":"center center","background-size":"auto","background-attachment":"scroll","background-type":"","background-media":"","overlay-type":"","overlay-color":"","overlay-opacity":"","overlay-gradient":""},"mobile":{"background-color":"var(--ast-global-color-5)","background-image":"","background-repeat":"repeat","background-position":"center center","background-size":"auto","background-attachment":"scroll","background-type":"","background-media":"","overlay-type":"","overlay-color":"","overlay-opacity":"","overlay-gradient":""}}},"product_brand":[],"product_cat":[87],"product_tag":[],"class_list":{"0":"post-3488","1":"product","2":"type-product","3":"status-publish","4":"has-post-thumbnail","6":"product_cat-serie-darmoires-photovoltaiques","7":"desktop-align-left","8":"tablet-align-left","9":"mobile-align-left","11":"first","12":"instock","13":"shipping-taxable","14":"product-type-simple"},"_links":{"self":[{"href":"https:\/\/chkhele.com\/fr\/wp-json\/wp\/v2\/product\/3488","targetHints":{"allow":["GET"]}}],"collection":[{"href":"https:\/\/chkhele.com\/fr\/wp-json\/wp\/v2\/product"}],"about":[{"href":"https:\/\/chkhele.com\/fr\/wp-json\/wp\/v2\/types\/product"}],"replies":[{"embeddable":true,"href":"https:\/\/chkhele.com\/fr\/wp-json\/wp\/v2\/comments?post=3488"}],"version-history":[{"count":1,"href":"https:\/\/chkhele.com\/fr\/wp-json\/wp\/v2\/product\/3488\/revisions"}],"predecessor-version":[{"id":3489,"href":"https:\/\/chkhele.com\/fr\/wp-json\/wp\/v2\/product\/3488\/revisions\/3489"}],"wp:featuredmedia":[{"embeddable":true,"href":"https:\/\/chkhele.com\/fr\/wp-json\/wp\/v2\/media\/31"}],"wp:attachment":[{"href":"https:\/\/chkhele.com\/fr\/wp-json\/wp\/v2\/media?parent=3488"}],"wp:term":[{"taxonomy":"product_brand","embeddable":true,"href":"https:\/\/chkhele.com\/fr\/wp-json\/wp\/v2\/product_brand?post=3488"},{"taxonomy":"product_cat","embeddable":true,"href":"https:\/\/chkhele.com\/fr\/wp-json\/wp\/v2\/product_cat?post=3488"},{"taxonomy":"product_tag","embeddable":true,"href":"https:\/\/chkhele.com\/fr\/wp-json\/wp\/v2\/product_tag?post=3488"}],"curies":[{"name":"wp","href":"https:\/\/api.w.org\/{rel}","templated":true}]}}