{"id":3485,"date":"2025-11-23T02:25:26","date_gmt":"2025-11-23T02:25:26","guid":{"rendered":"https:\/\/chkhele.com\/shop\/non%20class\u00e9\/armoire-photovoltaique-cybwg-raccordee-au-reseau\/"},"modified":"2026-04-12T02:05:44","modified_gmt":"2026-04-12T02:05:44","slug":"armoire-photovoltaique-cybwg-raccordee-au-reseau","status":"publish","type":"product","link":"https:\/\/chkhele.com\/fr\/shop\/serie-darmoires-photovoltaiques\/armoire-photovoltaique-cybwg-raccordee-au-reseau\/","title":{"rendered":"Armoire photovolta\u00efque CYBWG raccord\u00e9e au r\u00e9seau"},"content":{"rendered":"\t\t<div data-elementor-type=\"section\" data-elementor-id=\"68\" class=\"elementor elementor-68\" data-elementor-post-type=\"elementor_library\">\n\t\t\t<div class=\"elementor-element elementor-element-cdf792b e-flex e-con-boxed e-con e-parent\" data-id=\"cdf792b\" data-element_type=\"container\">\n\t\t\t\t\t<div class=\"e-con-inner\">\n\t\t\t\t<div class=\"elementor-element elementor-element-808c921 e-n-tabs-mobile elementor-widget elementor-widget-n-tabs\" data-id=\"808c921\" data-element_type=\"widget\" data-settings=\"{&quot;horizontal_scroll&quot;:&quot;disable&quot;}\" data-widget_type=\"nested-tabs.default\">\n\t\t\t\t<div class=\"elementor-widget-container\">\n\t\t\t\t\t\t\t<div class=\"e-n-tabs\" data-widget-number=\"134793505\" aria-label=\"Onglets. Ouvrez des \u00e9l\u00e9ments avec Entrer ou Espace, fermez-les avec Echape et naviguez \u00e0 l&#039;aide des touches fl\u00e9ch\u00e9es.\">\n\t\t\t<div class=\"e-n-tabs-heading\" role=\"tablist\">\n\t\t\t\t\t<button id=\"e-n-tab-title-1347935051\" data-tab-title-id=\"e-n-tab-title-1347935051\" class=\"e-n-tab-title\" aria-selected=\"true\" data-tab-index=\"1\" role=\"tab\" tabindex=\"0\" aria-controls=\"e-n-tab-content-1347935051\" style=\"--n-tabs-title-order: 1;\">\n\t\t\t\t\t\t<span class=\"e-n-tab-title-text\">\n\t\t\t\tOverview\t\t\t<\/span>\n\t\t<\/button>\n\t\t\t\t<button id=\"e-n-tab-title-1347935052\" data-tab-title-id=\"e-n-tab-title-1347935052\" class=\"e-n-tab-title\" aria-selected=\"false\" data-tab-index=\"2\" role=\"tab\" tabindex=\"-1\" aria-controls=\"e-n-tab-content-1347935052\" style=\"--n-tabs-title-order: 2;\">\n\t\t\t\t\t\t<span class=\"e-n-tab-title-text\">\n\t\t\t\tFunctions and Features\t\t\t<\/span>\n\t\t<\/button>\n\t\t\t\t<button id=\"e-n-tab-title-1347935053\" data-tab-title-id=\"e-n-tab-title-1347935053\" class=\"e-n-tab-title\" aria-selected=\"false\" data-tab-index=\"3\" role=\"tab\" tabindex=\"-1\" aria-controls=\"e-n-tab-content-1347935053\" style=\"--n-tabs-title-order: 3;\">\n\t\t\t\t\t\t<span class=\"e-n-tab-title-text\">\n\t\t\t\tTechnical Parameters\t\t\t<\/span>\n\t\t<\/button>\n\t\t\t\t<button id=\"e-n-tab-title-1347935054\" data-tab-title-id=\"e-n-tab-title-1347935054\" class=\"e-n-tab-title\" aria-selected=\"false\" data-tab-index=\"4\" role=\"tab\" tabindex=\"-1\" aria-controls=\"e-n-tab-content-1347935054\" style=\"--n-tabs-title-order: 4;\">\n\t\t\t\t\t\t<span class=\"e-n-tab-title-text\">\n\t\t\t\tscheme diagram\t\t\t<\/span>\n\t\t<\/button>\n\t\t\t\t\t<\/div>\n\t\t\t<div class=\"e-n-tabs-content\">\n\t\t\t\t<div id=\"e-n-tab-content-1347935051\" role=\"tabpanel\" aria-labelledby=\"e-n-tab-title-1347935051\" data-tab-index=\"1\" style=\"--n-tabs-title-order: 1;\" class=\"e-active elementor-element elementor-element-2f7b98c e-con-full e-flex e-con e-child\" data-id=\"2f7b98c\" data-element_type=\"container\">\n\t\t\t\t<div class=\"elementor-element elementor-element-0c5fd89 elementor-widget elementor-widget-text-editor\" data-id=\"0c5fd89\" data-element_type=\"widget\" data-widget_type=\"text-editor.default\">\n\t\t\t\t<div class=\"elementor-widget-container\">\n\t\t\t\t\t\t\t\t\t<p>CYBWG photovoltaic grid-connected cabinet is an important part of undertaking centralized inverter and step-up transformer or AC combiner box and step-up transformer, the inlet line of this photovoltaic grid-connected cabinet adopts circuit breaker input or direct input, output adopts circuit breaker or load isolation switch, bus is connected by electroplating or purified busbar, and provides secondary lightning protection, the system rated voltage is AC690V, and the protection level indoor is IP40, IP65 outdoors; Cables for secondary measurement and control, cables with currents greater than 2.5mm^2, cables with voltages greater than 1.5mm^2, cables with control greater than 1.0mm2, current transformers with 0.5 current transformers for measuring current, and 0.2S current transformers for metering transformers. It is also possible to add related functions according to customer requirements. This product adopts professional electrical design and component selection, so that the internal structure of the cabinet is safe, concise, beautiful, convenient for on-site wiring and maintenance, and ensures the stable operation of the equipment for a long time.<\/p>\t\t\t\t\t\t\t\t<\/div>\n\t\t\t\t<\/div>\n\t\t\t\t<\/div>\n\t\t<div id=\"e-n-tab-content-1347935052\" role=\"tabpanel\" aria-labelledby=\"e-n-tab-title-1347935052\" data-tab-index=\"2\" style=\"--n-tabs-title-order: 2;\" class=\" elementor-element elementor-element-789215a e-con-full e-flex e-con e-child\" data-id=\"789215a\" data-element_type=\"container\">\n\t\t\t\t<div class=\"elementor-element elementor-element-313fdbc elementor-widget elementor-widget-text-editor\" data-id=\"313fdbc\" data-element_type=\"widget\" data-widget_type=\"text-editor.default\">\n\t\t\t\t<div class=\"elementor-widget-container\">\n\t\t\t\t\t\t\t\t\t<ul><li>\u00a0It can be either fixed installation design or plug-in design;<\/li><li>The use of Feng company or domestic and foreign brand circuit breakers and components combined into a functional unit, with excellent technical performance, safe and reliable;<\/li><li>\u00a0It can be composed of various standard unit modules for customers to choose and assemble at will;<\/li><li>\u00a0The isolation between areas and the mutual isolation between the incoming and outgoing lines of the functional unit is adopted to effectively strengthen the safety protection performance;<\/li><li>\u00a0Combined prefabricated structure, all structural parts of the frame are firmly connected with screws, the frame, doors and panels are electrostatically sprayed after phosphating treatment, and all non-sprayed parts are galvanized and passivated. It can meet the requirements of various components and meet different working environments to achieve the corresponding protection level;<\/li><li>\u00a0The skeleton is made of steel plate, and the skeleton can be equipped with a hole with a module of 25mm, which can be expanded for various purposes.<\/li><li>\u00a0High breaking capacity, good dynamic and thermal stability, flexible and convenient combination of electrical schemes, strong practicability, and the main parameters reach the level;<\/li><li>\u00a0The reset is light, the mechanical strength and assembly accuracy are high, and the appearance is beautiful.<\/li><\/ul>\t\t\t\t\t\t\t\t<\/div>\n\t\t\t\t<\/div>\n\t\t\t\t<\/div>\n\t\t<div id=\"e-n-tab-content-1347935053\" role=\"tabpanel\" aria-labelledby=\"e-n-tab-title-1347935053\" data-tab-index=\"3\" style=\"--n-tabs-title-order: 3;\" class=\" elementor-element elementor-element-725b324 e-con-full e-flex e-con e-child\" data-id=\"725b324\" data-element_type=\"container\">\n\t\t\t\t<div class=\"elementor-element elementor-element-cfb9e59 elementor-widget elementor-widget-image\" data-id=\"cfb9e59\" data-element_type=\"widget\" data-widget_type=\"image.default\">\n\t\t\t\t<div class=\"elementor-widget-container\">\n\t\t\t\t\t\t\t\t\t\t\t\t\t\t\t<img fetchpriority=\"high\" decoding=\"async\" width=\"1024\" height=\"570\" src=\"https:\/\/chkhele.com\/wp-content\/uploads\/2025\/11\/Technical-Parameters-1024x570.webp\" class=\"attachment-large size-large wp-image-83\" alt=\"\" srcset=\"https:\/\/chkhele.com\/wp-content\/uploads\/2025\/11\/Technical-Parameters-1024x570.webp 1024w, https:\/\/chkhele.com\/wp-content\/uploads\/2025\/11\/Technical-Parameters-600x334.webp 600w, https:\/\/chkhele.com\/wp-content\/uploads\/2025\/11\/Technical-Parameters-300x167.webp 300w, https:\/\/chkhele.com\/wp-content\/uploads\/2025\/11\/Technical-Parameters-768x428.webp 768w, https:\/\/chkhele.com\/wp-content\/uploads\/2025\/11\/Technical-Parameters.webp 1200w\" sizes=\"(max-width: 1024px) 100vw, 1024px\" \/>\t\t\t\t\t\t\t\t\t\t\t\t\t\t\t<\/div>\n\t\t\t\t<\/div>\n\t\t\t\t<\/div>\n\t\t<div id=\"e-n-tab-content-1347935054\" role=\"tabpanel\" aria-labelledby=\"e-n-tab-title-1347935054\" data-tab-index=\"4\" style=\"--n-tabs-title-order: 4;\" class=\" elementor-element elementor-element-ba51060 e-flex e-con-boxed e-con e-child\" data-id=\"ba51060\" data-element_type=\"container\">\n\t\t\t\t\t<div class=\"e-con-inner\">\n\t\t\t\t<div class=\"elementor-element elementor-element-c68314e elementor-widget elementor-widget-image\" data-id=\"c68314e\" data-element_type=\"widget\" data-widget_type=\"image.default\">\n\t\t\t\t<div class=\"elementor-widget-container\">\n\t\t\t\t\t\t\t\t\t\t\t\t\t\t\t<img decoding=\"async\" width=\"905\" height=\"1024\" src=\"https:\/\/chkhele.com\/wp-content\/uploads\/2025\/11\/schema-digram-905x1024.webp\" class=\"attachment-large size-large wp-image-86\" alt=\"\" srcset=\"https:\/\/chkhele.com\/wp-content\/uploads\/2025\/11\/schema-digram-905x1024.webp 905w, https:\/\/chkhele.com\/wp-content\/uploads\/2025\/11\/schema-digram-600x679.webp 600w, https:\/\/chkhele.com\/wp-content\/uploads\/2025\/11\/schema-digram-265x300.webp 265w, https:\/\/chkhele.com\/wp-content\/uploads\/2025\/11\/schema-digram-768x869.webp 768w, https:\/\/chkhele.com\/wp-content\/uploads\/2025\/11\/schema-digram.webp 1200w\" sizes=\"(max-width: 905px) 100vw, 905px\" \/>\t\t\t\t\t\t\t\t\t\t\t\t\t\t\t<\/div>\n\t\t\t\t<\/div>\n\t\t\t\t<div class=\"elementor-element elementor-element-2ca0335 elementor-widget elementor-widget-text-editor\" data-id=\"2ca0335\" data-element_type=\"widget\" data-widget_type=\"text-editor.default\">\n\t\t\t\t<div class=\"elementor-widget-container\">\n\t\t\t\t\t\t\t\t\t<p>Illustrate:<br \/>1. The inlet and outlet mode is cable in and out<br \/>2. Reserve the installation position of the metering transformer<\/p>\t\t\t\t\t\t\t\t<\/div>\n\t\t\t\t<\/div>\n\t\t\t\t<div class=\"elementor-element elementor-element-a0f5be0 elementor-widget elementor-widget-image\" data-id=\"a0f5be0\" data-element_type=\"widget\" data-widget_type=\"image.default\">\n\t\t\t\t<div class=\"elementor-widget-container\">\n\t\t\t\t\t\t\t\t\t\t\t\t\t\t\t<img decoding=\"async\" width=\"185\" height=\"232\" src=\"https:\/\/chkhele.com\/wp-content\/uploads\/2025\/11\/CYBWG-PV-Grid-Connected-Cabinet-digram.webp\" class=\"attachment-large size-large wp-image-89\" alt=\"\" \/>\t\t\t\t\t\t\t\t\t\t\t\t\t\t\t<\/div>\n\t\t\t\t<\/div>\n\t\t\t\t<div class=\"elementor-element elementor-element-983b53f elementor-widget elementor-widget-text-editor\" data-id=\"983b53f\" data-element_type=\"widget\" data-widget_type=\"text-editor.default\">\n\t\t\t\t<div class=\"elementor-widget-container\">\n\t\t\t\t\t\t\t\t\t<p><strong>Photovoltaic grid-connected cabinet scheme diagram<\/strong><\/p>\t\t\t\t\t\t\t\t<\/div>\n\t\t\t\t<\/div>\n\t\t\t\t<div class=\"elementor-element elementor-element-1683afd elementor-widget elementor-widget-image\" data-id=\"1683afd\" data-element_type=\"widget\" data-widget_type=\"image.default\">\n\t\t\t\t<div class=\"elementor-widget-container\">\n\t\t\t\t\t\t\t\t\t\t\t\t\t\t\t<img loading=\"lazy\" decoding=\"async\" width=\"911\" height=\"1024\" src=\"https:\/\/chkhele.com\/wp-content\/uploads\/2025\/11\/CYBWG-PV-Grid-Connected-Cabinet-digram-l-911x1024.webp\" class=\"attachment-large size-large wp-image-91\" alt=\"\" srcset=\"https:\/\/chkhele.com\/wp-content\/uploads\/2025\/11\/CYBWG-PV-Grid-Connected-Cabinet-digram-l-911x1024.webp 911w, https:\/\/chkhele.com\/wp-content\/uploads\/2025\/11\/CYBWG-PV-Grid-Connected-Cabinet-digram-l-600x675.webp 600w, https:\/\/chkhele.com\/wp-content\/uploads\/2025\/11\/CYBWG-PV-Grid-Connected-Cabinet-digram-l-267x300.webp 267w, https:\/\/chkhele.com\/wp-content\/uploads\/2025\/11\/CYBWG-PV-Grid-Connected-Cabinet-digram-l-768x863.webp 768w, https:\/\/chkhele.com\/wp-content\/uploads\/2025\/11\/CYBWG-PV-Grid-Connected-Cabinet-digram-l.webp 1200w\" sizes=\"(max-width: 911px) 100vw, 911px\" \/>\t\t\t\t\t\t\t\t\t\t\t\t\t\t\t<\/div>\n\t\t\t\t<\/div>\n\t\t\t\t<div class=\"elementor-element elementor-element-2a80379 elementor-widget elementor-widget-text-editor\" data-id=\"2a80379\" data-element_type=\"widget\" data-widget_type=\"text-editor.default\">\n\t\t\t\t<div class=\"elementor-widget-container\">\n\t\t\t\t\t\t\t\t\t<p>Illustrate:<\/p><p>1. The inlet and outlet mode is cable in and out<br \/>2. Reserve the installation position of the metering transformer<br \/>3. Configure UPS and anti-islanding devices<\/p>\t\t\t\t\t\t\t\t<\/div>\n\t\t\t\t<\/div>\n\t\t\t\t<div class=\"elementor-element elementor-element-33cda1d elementor-widget elementor-widget-image\" data-id=\"33cda1d\" data-element_type=\"widget\" data-widget_type=\"image.default\">\n\t\t\t\t<div class=\"elementor-widget-container\">\n\t\t\t\t\t\t\t\t\t\t\t\t\t\t\t<img loading=\"lazy\" decoding=\"async\" width=\"270\" height=\"233\" src=\"https:\/\/chkhele.com\/wp-content\/uploads\/2025\/11\/CYBWG-PV-Grid-Connected-Cabinet-digram-illustrat.webp\" class=\"attachment-large size-large wp-image-88\" alt=\"\" \/>\t\t\t\t\t\t\t\t\t\t\t\t\t\t\t<\/div>\n\t\t\t\t<\/div>\n\t\t\t\t<div class=\"elementor-element elementor-element-189b662 elementor-widget elementor-widget-text-editor\" data-id=\"189b662\" data-element_type=\"widget\" data-widget_type=\"text-editor.default\">\n\t\t\t\t<div class=\"elementor-widget-container\">\n\t\t\t\t\t\t\t\t\t<p>Photovoltaic grid-connected cabinet scheme diagram<\/p><p>\u00a0<\/p>\t\t\t\t\t\t\t\t<\/div>\n\t\t\t\t<\/div>\n\t\t\t\t<div class=\"elementor-element elementor-element-20ae82d elementor-widget elementor-widget-image\" data-id=\"20ae82d\" data-element_type=\"widget\" data-widget_type=\"image.default\">\n\t\t\t\t<div class=\"elementor-widget-container\">\n\t\t\t\t\t\t\t\t\t\t\t\t\t\t\t<img loading=\"lazy\" decoding=\"async\" width=\"923\" height=\"1024\" src=\"https:\/\/chkhele.com\/wp-content\/uploads\/2025\/11\/CYBWG-PV-Grid-Connected-Cabinet-digram-l-2-923x1024.webp\" class=\"attachment-large size-large wp-image-93\" alt=\"\" srcset=\"https:\/\/chkhele.com\/wp-content\/uploads\/2025\/11\/CYBWG-PV-Grid-Connected-Cabinet-digram-l-2-923x1024.webp 923w, https:\/\/chkhele.com\/wp-content\/uploads\/2025\/11\/CYBWG-PV-Grid-Connected-Cabinet-digram-l-2-600x666.webp 600w, https:\/\/chkhele.com\/wp-content\/uploads\/2025\/11\/CYBWG-PV-Grid-Connected-Cabinet-digram-l-2-270x300.webp 270w, https:\/\/chkhele.com\/wp-content\/uploads\/2025\/11\/CYBWG-PV-Grid-Connected-Cabinet-digram-l-2-768x852.webp 768w, https:\/\/chkhele.com\/wp-content\/uploads\/2025\/11\/CYBWG-PV-Grid-Connected-Cabinet-digram-l-2.webp 1200w\" sizes=\"(max-width: 923px) 100vw, 923px\" \/>\t\t\t\t\t\t\t\t\t\t\t\t\t\t\t<\/div>\n\t\t\t\t<\/div>\n\t\t\t\t<div class=\"elementor-element elementor-element-e3f8f0d elementor-widget elementor-widget-text-editor\" data-id=\"e3f8f0d\" data-element_type=\"widget\" data-widget_type=\"text-editor.default\">\n\t\t\t\t<div class=\"elementor-widget-container\">\n\t\t\t\t\t\t\t\t\t<p>Illustrate:<\/p><p>1. The inlet and outlet mode is cable in and out<br \/>2. Reserve the installation position of the metering transformer<br \/>3 . Configure UPS and anti-islanding devices<\/p>\t\t\t\t\t\t\t\t<\/div>\n\t\t\t\t<\/div>\n\t\t\t\t<div class=\"elementor-element elementor-element-5e49da3 elementor-widget elementor-widget-image\" data-id=\"5e49da3\" data-element_type=\"widget\" data-widget_type=\"image.default\">\n\t\t\t\t<div class=\"elementor-widget-container\">\n\t\t\t\t\t\t\t\t\t\t\t\t\t\t\t<img loading=\"lazy\" decoding=\"async\" width=\"220\" height=\"187\" src=\"https:\/\/chkhele.com\/wp-content\/uploads\/2025\/11\/CYBWG-PV-Grid-Connected-Cabinet-digram-illustrat-2.webp\" class=\"attachment-large size-large wp-image-95\" alt=\"\" \/>\t\t\t\t\t\t\t\t\t\t\t\t\t\t\t<\/div>\n\t\t\t\t<\/div>\n\t\t\t\t\t<\/div>\n\t\t\t\t<\/div>\n\t\t\t\t\t<\/div>\n\t\t<\/div>\n\t\t\t\t\t\t<\/div>\n\t\t\t\t<\/div>\n\t\t\t\t\t<\/div>\n\t\t\t\t<\/div>\n\t\t\t\t<\/div>\n\t\t\n","protected":false},"excerpt":{"rendered":"<p>L&rsquo;armoire photovolta\u00efque CYBWG raccord\u00e9e au r\u00e9seau est un \u00e9l\u00e9ment essentiel des syst\u00e8mes centralis\u00e9s d&rsquo;onduleurs et de transformateurs \u00e9l\u00e9vateurs, ou des coffrets de raccordement CA et des transformateurs \u00e9l\u00e9vateurs. L&rsquo;entr\u00e9e de cette armoire est prot\u00e9g\u00e9e par un disjoncteur ou peut \u00eatre directe, tandis que la sortie est prot\u00e9g\u00e9e par un disjoncteur ou un sectionneur. Les barres omnibus sont \u00e9lectroplaqu\u00e9es ou purifi\u00e9es et assurent une protection secondaire contre la foudre. La tension nominale du syst\u00e8me est de 690 V CA et son indice de protection est IP40 en int\u00e9rieur et IP65 en ext\u00e9rieur. Les c\u00e2bles de mesure et de contr\u00f4le secondaires comprennent des conducteurs de section sup\u00e9rieure \u00e0 2,5 mm\u00b2, des conducteurs de tension sup\u00e9rieure \u00e0 1,5 mm\u00b2 et des conducteurs de commande de section sup\u00e9rieure \u00e0 1,0 mm\u00b2. Des transformateurs de courant de 0,5 \u03a9 sont utilis\u00e9s pour la mesure et de 0,2 \u03a9 pour le comptage. Des fonctions suppl\u00e9mentaires peuvent \u00eatre ajout\u00e9es selon les besoins du client. Ce produit b\u00e9n\u00e9ficie d&rsquo;une conception \u00e9lectrique professionnelle et d&rsquo;une s\u00e9lection rigoureuse des composants, garantissant ainsi une int\u00e9gration optimale.  <\/p>\n","protected":false},"featured_media":81,"comment_status":"open","ping_status":"closed","template":"","meta":{"site-sidebar-layout":"default","site-content-layout":"","ast-site-content-layout":"default","site-content-style":"default","site-sidebar-style":"default","ast-global-header-display":"","ast-banner-title-visibility":"","ast-main-header-display":"","ast-hfb-above-header-display":"","ast-hfb-below-header-display":"","ast-hfb-mobile-header-display":"","site-post-title":"","ast-breadcrumbs-content":"","ast-featured-img":"","footer-sml-layout":"","ast-disable-related-posts":"","theme-transparent-header-meta":"default","adv-header-id-meta":"","stick-header-meta":"","header-above-stick-meta":"","header-main-stick-meta":"","header-below-stick-meta":"","astra-migrate-meta-layouts":"default","ast-page-background-enabled":"default","ast-page-background-meta":{"desktop":{"background-color":"var(--ast-global-color-4)","background-image":"","background-repeat":"repeat","background-position":"center center","background-size":"auto","background-attachment":"scroll","background-type":"","background-media":"","overlay-type":"","overlay-color":"","overlay-opacity":"","overlay-gradient":""},"tablet":{"background-color":"","background-image":"","background-repeat":"repeat","background-position":"center center","background-size":"auto","background-attachment":"scroll","background-type":"","background-media":"","overlay-type":"","overlay-color":"","overlay-opacity":"","overlay-gradient":""},"mobile":{"background-color":"","background-image":"","background-repeat":"repeat","background-position":"center center","background-size":"auto","background-attachment":"scroll","background-type":"","background-media":"","overlay-type":"","overlay-color":"","overlay-opacity":"","overlay-gradient":""}},"ast-content-background-meta":{"desktop":{"background-color":"var(--ast-global-color-5)","background-image":"","background-repeat":"repeat","background-position":"center center","background-size":"auto","background-attachment":"scroll","background-type":"","background-media":"","overlay-type":"","overlay-color":"","overlay-opacity":"","overlay-gradient":""},"tablet":{"background-color":"var(--ast-global-color-5)","background-image":"","background-repeat":"repeat","background-position":"center center","background-size":"auto","background-attachment":"scroll","background-type":"","background-media":"","overlay-type":"","overlay-color":"","overlay-opacity":"","overlay-gradient":""},"mobile":{"background-color":"var(--ast-global-color-5)","background-image":"","background-repeat":"repeat","background-position":"center center","background-size":"auto","background-attachment":"scroll","background-type":"","background-media":"","overlay-type":"","overlay-color":"","overlay-opacity":"","overlay-gradient":""}}},"product_brand":[],"product_cat":[87],"product_tag":[],"class_list":{"0":"post-3485","1":"product","2":"type-product","3":"status-publish","4":"has-post-thumbnail","6":"product_cat-serie-darmoires-photovoltaiques","7":"desktop-align-left","8":"tablet-align-left","9":"mobile-align-left","11":"first","12":"instock","13":"shipping-taxable","14":"product-type-simple"},"_links":{"self":[{"href":"https:\/\/chkhele.com\/fr\/wp-json\/wp\/v2\/product\/3485","targetHints":{"allow":["GET"]}}],"collection":[{"href":"https:\/\/chkhele.com\/fr\/wp-json\/wp\/v2\/product"}],"about":[{"href":"https:\/\/chkhele.com\/fr\/wp-json\/wp\/v2\/types\/product"}],"replies":[{"embeddable":true,"href":"https:\/\/chkhele.com\/fr\/wp-json\/wp\/v2\/comments?post=3485"}],"version-history":[{"count":1,"href":"https:\/\/chkhele.com\/fr\/wp-json\/wp\/v2\/product\/3485\/revisions"}],"predecessor-version":[{"id":3487,"href":"https:\/\/chkhele.com\/fr\/wp-json\/wp\/v2\/product\/3485\/revisions\/3487"}],"wp:featuredmedia":[{"embeddable":true,"href":"https:\/\/chkhele.com\/fr\/wp-json\/wp\/v2\/media\/81"}],"wp:attachment":[{"href":"https:\/\/chkhele.com\/fr\/wp-json\/wp\/v2\/media?parent=3485"}],"wp:term":[{"taxonomy":"product_brand","embeddable":true,"href":"https:\/\/chkhele.com\/fr\/wp-json\/wp\/v2\/product_brand?post=3485"},{"taxonomy":"product_cat","embeddable":true,"href":"https:\/\/chkhele.com\/fr\/wp-json\/wp\/v2\/product_cat?post=3485"},{"taxonomy":"product_tag","embeddable":true,"href":"https:\/\/chkhele.com\/fr\/wp-json\/wp\/v2\/product_tag?post=3485"}],"curies":[{"name":"wp","href":"https:\/\/api.w.org\/{rel}","templated":true}]}}