{"id":3481,"date":"2025-11-23T22:26:32","date_gmt":"2025-11-23T22:26:32","guid":{"rendered":"https:\/\/chkhele.com\/shop\/non class\u00e9\/zgs13-h-pv-meibian\/"},"modified":"2025-11-23T22:26:32","modified_gmt":"2025-11-23T22:26:32","slug":"zgs13-h-pv-meibian","status":"publish","type":"product","link":"https:\/\/chkhele.com\/fr\/shop\/serie-darmoires-photovoltaiques\/zgs13-h-pv-meibian\/","title":{"rendered":"ZGS13-H PV Meibian"},"content":{"rendered":"\t\t<div data-elementor-type=\"section\" data-elementor-id=\"99\" class=\"elementor elementor-99\" data-elementor-post-type=\"elementor_library\">\n\t\t\t<div class=\"elementor-element elementor-element-e76ee2c e-flex e-con-boxed e-con e-parent\" data-id=\"e76ee2c\" data-element_type=\"container\">\n\t\t\t\t\t<div class=\"e-con-inner\">\n\t\t\t\t<div class=\"elementor-element elementor-element-5b355de e-n-tabs-mobile elementor-widget elementor-widget-n-tabs\" data-id=\"5b355de\" data-element_type=\"widget\" data-settings=\"{&quot;horizontal_scroll&quot;:&quot;disable&quot;}\" data-widget_type=\"nested-tabs.default\">\n\t\t\t\t<div class=\"elementor-widget-container\">\n\t\t\t\t\t\t\t<div class=\"e-n-tabs\" data-widget-number=\"95639006\" aria-label=\"Onglets. Ouvrez des \u00e9l\u00e9ments avec Entrer ou Espace, fermez-les avec Echape et naviguez \u00e0 l&#039;aide des touches fl\u00e9ch\u00e9es.\">\n\t\t\t<div class=\"e-n-tabs-heading\" role=\"tablist\">\n\t\t\t\t\t<button id=\"e-n-tab-title-956390061\" data-tab-title-id=\"e-n-tab-title-956390061\" class=\"e-n-tab-title\" aria-selected=\"true\" data-tab-index=\"1\" role=\"tab\" tabindex=\"0\" aria-controls=\"e-n-tab-content-956390061\" style=\"--n-tabs-title-order: 1;\">\n\t\t\t\t\t\t<span class=\"e-n-tab-title-text\">\n\t\t\t\tOverview\t\t\t<\/span>\n\t\t<\/button>\n\t\t\t\t<button id=\"e-n-tab-title-956390062\" data-tab-title-id=\"e-n-tab-title-956390062\" class=\"e-n-tab-title\" aria-selected=\"false\" data-tab-index=\"2\" role=\"tab\" tabindex=\"-1\" aria-controls=\"e-n-tab-content-956390062\" style=\"--n-tabs-title-order: 2;\">\n\t\t\t\t\t\t<span class=\"e-n-tab-title-text\">\n\t\t\t\tTechnical Parameters\t\t\t<\/span>\n\t\t<\/button>\n\t\t\t\t<button id=\"e-n-tab-title-956390063\" data-tab-title-id=\"e-n-tab-title-956390063\" class=\"e-n-tab-title\" aria-selected=\"false\" data-tab-index=\"3\" role=\"tab\" tabindex=\"-1\" aria-controls=\"e-n-tab-content-956390063\" style=\"--n-tabs-title-order: 3;\">\n\t\t\t\t\t\t<span class=\"e-n-tab-title-text\">\n\t\t\t\tUse Environment\t\t\t<\/span>\n\t\t<\/button>\n\t\t\t\t<button id=\"e-n-tab-title-956390064\" data-tab-title-id=\"e-n-tab-title-956390064\" class=\"e-n-tab-title\" aria-selected=\"false\" data-tab-index=\"4\" role=\"tab\" tabindex=\"-1\" aria-controls=\"e-n-tab-content-956390064\" style=\"--n-tabs-title-order: 4;\">\n\t\t\t\t\t\t<span class=\"e-n-tab-title-text\">\n\t\t\t\tShape and installation dimensions\t\t\t<\/span>\n\t\t<\/button>\n\t\t\t\t\t<\/div>\n\t\t\t<div class=\"e-n-tabs-content\">\n\t\t\t\t<div id=\"e-n-tab-content-956390061\" role=\"tabpanel\" aria-labelledby=\"e-n-tab-title-956390061\" data-tab-index=\"1\" style=\"--n-tabs-title-order: 1;\" class=\"e-active elementor-element elementor-element-df4778c e-con-full e-flex e-con e-child\" data-id=\"df4778c\" data-element_type=\"container\">\n\t\t\t\t<div class=\"elementor-element elementor-element-b8ddcf4 elementor-widget elementor-widget-text-editor\" data-id=\"b8ddcf4\" data-element_type=\"widget\" data-widget_type=\"text-editor.default\">\n\t\t\t\t<div class=\"elementor-widget-container\">\n\t\t\t\t\t\t\t\t\t<p>The box transformer is divided into three parts: high-voltage chamber, low-voltage chamber and transformer, which can be arranged according to the \u00ab\u00a0eye\u00a0\u00bb or \u00ab\u00a0product\u00a0\u00bb type.<\/p><p>The inner and outer surfaces of the box are smooth and corrosion-free, the coating peels off and bumps and damages, and the coating layer is firm and uniform, without obvious contrast and reflection.<\/p><p>The base of the box and the exposed metal parts are treated with anti-corrosion and anti-rust treatment, and a durable protective layer is sprayed.<\/p><p>The top cover of the box is equipped with a rainproof sealing cover plate and a square rain eaves, and the top cover of the double-layer structure of the box can prevent heat radiation.<\/p><p>The design size of the box change door is matched with the size of the equipment installed, the box change door adopts an internal hinge, and the door on the box body opens outward, and the opening angle is greater than 90 \u00b0.<\/p><p>The box body is made of stainless steel plate, and the paint is automotive paint, all of which are painted in a flash-paint manner, anti-smoke, anti-damp heat, anti-mildew, and strong outdoor weather resistance. The area where the photovoltaic power station is located has low temperature, large temperature difference, high humidity and windy sand, and the box transformer has a reasonable protective structure, dustproof structure and low temperature resistance, which can meet the requirements of normal and safe operation under harsh environmental conditions.<\/p>\t\t\t\t\t\t\t\t<\/div>\n\t\t\t\t<\/div>\n\t\t\t\t<\/div>\n\t\t<div id=\"e-n-tab-content-956390062\" role=\"tabpanel\" aria-labelledby=\"e-n-tab-title-956390062\" data-tab-index=\"2\" style=\"--n-tabs-title-order: 2;\" class=\" elementor-element elementor-element-c87ce49 e-con-full e-flex e-con e-child\" data-id=\"c87ce49\" data-element_type=\"container\">\n\t\t\t\t<div class=\"elementor-element elementor-element-f2e4bb1 elementor-widget elementor-widget-text-editor\" data-id=\"f2e4bb1\" data-element_type=\"widget\" data-widget_type=\"text-editor.default\">\n\t\t\t\t<div class=\"elementor-widget-container\">\n\t\t\t\t\t\t\t\t\t<ul><li>High-voltage side rated voltage: 6kV, 12kV, 24kV, 35kV, 36.75kV, 38.5kV<\/li><li>Rated voltage on the low voltage side: 0.27kV, 0.3kV, 0.315kV, 0.4kV<\/li><li>Rated frequency: 50Hz<\/li><li>Number of phases: three phases<\/li><\/ul>\t\t\t\t\t\t\t\t<\/div>\n\t\t\t\t<\/div>\n\t\t\t\t<\/div>\n\t\t<div id=\"e-n-tab-content-956390063\" role=\"tabpanel\" aria-labelledby=\"e-n-tab-title-956390063\" data-tab-index=\"3\" style=\"--n-tabs-title-order: 3;\" class=\" elementor-element elementor-element-af4bad7 e-con-full e-flex e-con e-child\" data-id=\"af4bad7\" data-element_type=\"container\">\n\t\t\t\t<div class=\"elementor-element elementor-element-65bd556 elementor-widget elementor-widget-text-editor\" data-id=\"65bd556\" data-element_type=\"widget\" data-widget_type=\"text-editor.default\">\n\t\t\t\t<div class=\"elementor-widget-container\">\n\t\t\t\t\t\t\t\t\t<ul><li>The altitude is generally not more than 3000m;<\/li><li>The ambient temperature range is: -40\u00b0C ~+85\u00b0C;<\/li><li>Installation site: outdoor;<\/li><li>Anti-Pollution Level: Class III;<\/li><li>Outdoor wind speed does not exceed 35m\/s;<\/li><li>Shockproof: horizontal acceleration 0.3m\/s2, vertical acceleration not more than 0.15m\/s2;<\/li><li>When the above normal use environmental conditions are exceeded, the company can make personalized design according to the user&rsquo;s requirements.<\/li><\/ul>\t\t\t\t\t\t\t\t<\/div>\n\t\t\t\t<\/div>\n\t\t\t\t<div class=\"elementor-element elementor-element-0afa0e4 elementor-widget elementor-widget-image\" data-id=\"0afa0e4\" data-element_type=\"widget\" data-widget_type=\"image.default\">\n\t\t\t\t<div class=\"elementor-widget-container\">\n\t\t\t\t\t\t\t\t\t\t\t\t\t\t\t<img fetchpriority=\"high\" decoding=\"async\" width=\"1024\" height=\"137\" src=\"https:\/\/chkhele.com\/wp-content\/uploads\/2025\/11\/ZGS13-H-PV-Meibian-table-1-1024x137.webp\" class=\"attachment-large size-large wp-image-105\" alt=\"\" srcset=\"https:\/\/chkhele.com\/wp-content\/uploads\/2025\/11\/ZGS13-H-PV-Meibian-table-1-1024x137.webp 1024w, https:\/\/chkhele.com\/wp-content\/uploads\/2025\/11\/ZGS13-H-PV-Meibian-table-1-600x81.webp 600w, https:\/\/chkhele.com\/wp-content\/uploads\/2025\/11\/ZGS13-H-PV-Meibian-table-1-300x40.webp 300w, https:\/\/chkhele.com\/wp-content\/uploads\/2025\/11\/ZGS13-H-PV-Meibian-table-1-768x103.webp 768w, https:\/\/chkhele.com\/wp-content\/uploads\/2025\/11\/ZGS13-H-PV-Meibian-table-1.webp 1200w\" sizes=\"(max-width: 1024px) 100vw, 1024px\" \/>\t\t\t\t\t\t\t\t\t\t\t\t\t\t\t<\/div>\n\t\t\t\t<\/div>\n\t\t\t\t<div class=\"elementor-element elementor-element-4e439a6 elementor-widget elementor-widget-text-editor\" data-id=\"4e439a6\" data-element_type=\"widget\" data-widget_type=\"text-editor.default\">\n\t\t\t\t<div class=\"elementor-widget-container\">\n\t\t\t\t\t\t\t\t\t<p><strong>Technical parameters of high-voltage vacuum isolation load switch and fuse combination electrical appliances<\/strong><\/p>\t\t\t\t\t\t\t\t<\/div>\n\t\t\t\t<\/div>\n\t\t\t\t<div class=\"elementor-element elementor-element-33bc92f elementor-widget elementor-widget-image\" data-id=\"33bc92f\" data-element_type=\"widget\" data-widget_type=\"image.default\">\n\t\t\t\t<div class=\"elementor-widget-container\">\n\t\t\t\t\t\t\t\t\t\t\t\t\t\t\t<img decoding=\"async\" width=\"1024\" height=\"332\" src=\"https:\/\/chkhele.com\/wp-content\/uploads\/2025\/11\/ZGS13-H-PV-Meibian-table-2-1024x332.webp\" class=\"attachment-large size-large wp-image-106\" alt=\"\" srcset=\"https:\/\/chkhele.com\/wp-content\/uploads\/2025\/11\/ZGS13-H-PV-Meibian-table-2-1024x332.webp 1024w, https:\/\/chkhele.com\/wp-content\/uploads\/2025\/11\/ZGS13-H-PV-Meibian-table-2-600x195.webp 600w, https:\/\/chkhele.com\/wp-content\/uploads\/2025\/11\/ZGS13-H-PV-Meibian-table-2-300x97.webp 300w, https:\/\/chkhele.com\/wp-content\/uploads\/2025\/11\/ZGS13-H-PV-Meibian-table-2-768x249.webp 768w, https:\/\/chkhele.com\/wp-content\/uploads\/2025\/11\/ZGS13-H-PV-Meibian-table-2.webp 1200w\" sizes=\"(max-width: 1024px) 100vw, 1024px\" \/>\t\t\t\t\t\t\t\t\t\t\t\t\t\t\t<\/div>\n\t\t\t\t<\/div>\n\t\t\t\t<div class=\"elementor-element elementor-element-369d19c elementor-widget elementor-widget-text-editor\" data-id=\"369d19c\" data-element_type=\"widget\" data-widget_type=\"text-editor.default\">\n\t\t\t\t<div class=\"elementor-widget-container\">\n\t\t\t\t\t\t\t\t\t<p><strong>Technical parameters of high-pressure oil-immersed fuse<\/strong><\/p>\t\t\t\t\t\t\t\t<\/div>\n\t\t\t\t<\/div>\n\t\t\t\t<div class=\"elementor-element elementor-element-6278c9c elementor-widget elementor-widget-image\" data-id=\"6278c9c\" data-element_type=\"widget\" data-widget_type=\"image.default\">\n\t\t\t\t<div class=\"elementor-widget-container\">\n\t\t\t\t\t\t\t\t\t\t\t\t\t\t\t<img decoding=\"async\" width=\"1024\" height=\"222\" src=\"https:\/\/chkhele.com\/wp-content\/uploads\/2025\/11\/ZGS13-H-PV-Meibian-table-3-1024x222.webp\" class=\"attachment-large size-large wp-image-107\" alt=\"\" srcset=\"https:\/\/chkhele.com\/wp-content\/uploads\/2025\/11\/ZGS13-H-PV-Meibian-table-3-1024x222.webp 1024w, https:\/\/chkhele.com\/wp-content\/uploads\/2025\/11\/ZGS13-H-PV-Meibian-table-3-600x130.webp 600w, https:\/\/chkhele.com\/wp-content\/uploads\/2025\/11\/ZGS13-H-PV-Meibian-table-3-300x65.webp 300w, https:\/\/chkhele.com\/wp-content\/uploads\/2025\/11\/ZGS13-H-PV-Meibian-table-3-768x166.webp 768w, https:\/\/chkhele.com\/wp-content\/uploads\/2025\/11\/ZGS13-H-PV-Meibian-table-3.webp 1200w\" sizes=\"(max-width: 1024px) 100vw, 1024px\" \/>\t\t\t\t\t\t\t\t\t\t\t\t\t\t\t<\/div>\n\t\t\t\t<\/div>\n\t\t\t\t<div class=\"elementor-element elementor-element-90b217e elementor-widget elementor-widget-text-editor\" data-id=\"90b217e\" data-element_type=\"widget\" data-widget_type=\"text-editor.default\">\n\t\t\t\t<div class=\"elementor-widget-container\">\n\t\t\t\t\t\t\t\t\t<p><strong>Technical parameters of high-voltage arrester<\/strong><\/p>\t\t\t\t\t\t\t\t<\/div>\n\t\t\t\t<\/div>\n\t\t\t\t<div class=\"elementor-element elementor-element-faf283d elementor-widget elementor-widget-image\" data-id=\"faf283d\" data-element_type=\"widget\" data-widget_type=\"image.default\">\n\t\t\t\t<div class=\"elementor-widget-container\">\n\t\t\t\t\t\t\t\t\t\t\t\t\t\t\t<img loading=\"lazy\" decoding=\"async\" width=\"1024\" height=\"267\" src=\"https:\/\/chkhele.com\/wp-content\/uploads\/2025\/11\/ZGS13-H-PV-Meibian-tablen-4-1024x267.webp\" class=\"attachment-large size-large wp-image-108\" alt=\"\" srcset=\"https:\/\/chkhele.com\/wp-content\/uploads\/2025\/11\/ZGS13-H-PV-Meibian-tablen-4-1024x267.webp 1024w, https:\/\/chkhele.com\/wp-content\/uploads\/2025\/11\/ZGS13-H-PV-Meibian-tablen-4-600x157.webp 600w, https:\/\/chkhele.com\/wp-content\/uploads\/2025\/11\/ZGS13-H-PV-Meibian-tablen-4-300x78.webp 300w, https:\/\/chkhele.com\/wp-content\/uploads\/2025\/11\/ZGS13-H-PV-Meibian-tablen-4-768x200.webp 768w, https:\/\/chkhele.com\/wp-content\/uploads\/2025\/11\/ZGS13-H-PV-Meibian-tablen-4.webp 1200w\" sizes=\"(max-width: 1024px) 100vw, 1024px\" \/>\t\t\t\t\t\t\t\t\t\t\t\t\t\t\t<\/div>\n\t\t\t\t<\/div>\n\t\t\t\t<div class=\"elementor-element elementor-element-1d3e3de elementor-widget elementor-widget-text-editor\" data-id=\"1d3e3de\" data-element_type=\"widget\" data-widget_type=\"text-editor.default\">\n\t\t\t\t<div class=\"elementor-widget-container\">\n\t\t\t\t\t\t\t\t\t<p><strong>Lighting overhaul transformers<\/strong><\/p>\t\t\t\t\t\t\t\t<\/div>\n\t\t\t\t<\/div>\n\t\t\t\t<div class=\"elementor-element elementor-element-1cca02d elementor-widget elementor-widget-image\" data-id=\"1cca02d\" data-element_type=\"widget\" data-widget_type=\"image.default\">\n\t\t\t\t<div class=\"elementor-widget-container\">\n\t\t\t\t\t\t\t\t\t\t\t\t\t\t\t<img loading=\"lazy\" decoding=\"async\" width=\"1024\" height=\"108\" src=\"https:\/\/chkhele.com\/wp-content\/uploads\/2025\/11\/ZGS13-H-PV-Meibian-table-5-1024x108.webp\" class=\"attachment-large size-large wp-image-109\" alt=\"\" srcset=\"https:\/\/chkhele.com\/wp-content\/uploads\/2025\/11\/ZGS13-H-PV-Meibian-table-5-1024x108.webp 1024w, https:\/\/chkhele.com\/wp-content\/uploads\/2025\/11\/ZGS13-H-PV-Meibian-table-5-600x64.webp 600w, https:\/\/chkhele.com\/wp-content\/uploads\/2025\/11\/ZGS13-H-PV-Meibian-table-5-300x32.webp 300w, https:\/\/chkhele.com\/wp-content\/uploads\/2025\/11\/ZGS13-H-PV-Meibian-table-5-768x81.webp 768w, https:\/\/chkhele.com\/wp-content\/uploads\/2025\/11\/ZGS13-H-PV-Meibian-table-5.webp 1200w\" sizes=\"(max-width: 1024px) 100vw, 1024px\" \/>\t\t\t\t\t\t\t\t\t\t\t\t\t\t\t<\/div>\n\t\t\t\t<\/div>\n\t\t\t\t<\/div>\n\t\t<div id=\"e-n-tab-content-956390064\" role=\"tabpanel\" aria-labelledby=\"e-n-tab-title-956390064\" data-tab-index=\"4\" style=\"--n-tabs-title-order: 4;\" class=\" elementor-element elementor-element-9c4e2e8 e-flex e-con-boxed e-con e-child\" data-id=\"9c4e2e8\" data-element_type=\"container\">\n\t\t\t\t\t<div class=\"e-con-inner\">\n\t\t\t\t<div class=\"elementor-element elementor-element-0ffd28b elementor-widget elementor-widget-image\" data-id=\"0ffd28b\" data-element_type=\"widget\" data-widget_type=\"image.default\">\n\t\t\t\t<div class=\"elementor-widget-container\">\n\t\t\t\t\t\t\t\t\t\t\t\t\t\t\t<img loading=\"lazy\" decoding=\"async\" width=\"1024\" height=\"451\" src=\"https:\/\/chkhele.com\/wp-content\/uploads\/2025\/11\/ZGS13-H-PV-Meibian-table-6-1024x451.webp\" class=\"attachment-large size-large wp-image-111\" alt=\"\" srcset=\"https:\/\/chkhele.com\/wp-content\/uploads\/2025\/11\/ZGS13-H-PV-Meibian-table-6-1024x451.webp 1024w, https:\/\/chkhele.com\/wp-content\/uploads\/2025\/11\/ZGS13-H-PV-Meibian-table-6-600x264.webp 600w, https:\/\/chkhele.com\/wp-content\/uploads\/2025\/11\/ZGS13-H-PV-Meibian-table-6-300x132.webp 300w, https:\/\/chkhele.com\/wp-content\/uploads\/2025\/11\/ZGS13-H-PV-Meibian-table-6-768x338.webp 768w, https:\/\/chkhele.com\/wp-content\/uploads\/2025\/11\/ZGS13-H-PV-Meibian-table-6.webp 1200w\" sizes=\"(max-width: 1024px) 100vw, 1024px\" \/>\t\t\t\t\t\t\t\t\t\t\t\t\t\t\t<\/div>\n\t\t\t\t<\/div>\n\t\t\t\t<div class=\"elementor-element elementor-element-da17c67 elementor-widget elementor-widget-text-editor\" data-id=\"da17c67\" data-element_type=\"widget\" data-widget_type=\"text-editor.default\">\n\t\t\t\t<div class=\"elementor-widget-container\">\n\t\t\t\t\t\t\t\t\t<p><strong>Typical scheme design and shape<\/strong><\/p><p>Shape and size of the special combined transformer for photovoltaic power generation (reference size)<\/p>\t\t\t\t\t\t\t\t<\/div>\n\t\t\t\t<\/div>\n\t\t\t\t<div class=\"elementor-element elementor-element-319ae93 elementor-widget elementor-widget-image\" data-id=\"319ae93\" data-element_type=\"widget\" data-widget_type=\"image.default\">\n\t\t\t\t<div class=\"elementor-widget-container\">\n\t\t\t\t\t\t\t\t\t\t\t\t\t\t\t<img loading=\"lazy\" decoding=\"async\" width=\"1024\" height=\"451\" src=\"https:\/\/chkhele.com\/wp-content\/uploads\/2025\/11\/ZGS13-H-PV-Meibian-table-7-1024x451.webp\" class=\"attachment-large size-large wp-image-112\" alt=\"\" srcset=\"https:\/\/chkhele.com\/wp-content\/uploads\/2025\/11\/ZGS13-H-PV-Meibian-table-7-1024x451.webp 1024w, https:\/\/chkhele.com\/wp-content\/uploads\/2025\/11\/ZGS13-H-PV-Meibian-table-7-600x264.webp 600w, https:\/\/chkhele.com\/wp-content\/uploads\/2025\/11\/ZGS13-H-PV-Meibian-table-7-300x132.webp 300w, https:\/\/chkhele.com\/wp-content\/uploads\/2025\/11\/ZGS13-H-PV-Meibian-table-7-768x338.webp 768w, https:\/\/chkhele.com\/wp-content\/uploads\/2025\/11\/ZGS13-H-PV-Meibian-table-7.webp 1200w\" sizes=\"(max-width: 1024px) 100vw, 1024px\" \/>\t\t\t\t\t\t\t\t\t\t\t\t\t\t\t<\/div>\n\t\t\t\t<\/div>\n\t\t\t\t<div class=\"elementor-element elementor-element-95bc82f elementor-widget elementor-widget-text-editor\" data-id=\"95bc82f\" data-element_type=\"widget\" data-widget_type=\"text-editor.default\">\n\t\t\t\t<div class=\"elementor-widget-container\">\n\t\t\t\t\t\t\t\t\t<p><strong>Typical scheme design and shape<\/strong><\/p><p>Shape and size of the special combined transformer for photovoltaic power generation (reference size)<\/p>\t\t\t\t\t\t\t\t<\/div>\n\t\t\t\t<\/div>\n\t\t\t\t<div class=\"elementor-element elementor-element-f2c3947 elementor-widget elementor-widget-image\" data-id=\"f2c3947\" data-element_type=\"widget\" data-widget_type=\"image.default\">\n\t\t\t\t<div class=\"elementor-widget-container\">\n\t\t\t\t\t\t\t\t\t\t\t\t\t\t\t<img loading=\"lazy\" decoding=\"async\" width=\"1024\" height=\"556\" src=\"https:\/\/chkhele.com\/wp-content\/uploads\/2025\/11\/ZGS13-H-PV-Meibian-table-8-1024x556.webp\" class=\"attachment-large size-large wp-image-114\" alt=\"\" srcset=\"https:\/\/chkhele.com\/wp-content\/uploads\/2025\/11\/ZGS13-H-PV-Meibian-table-8-1024x556.webp 1024w, https:\/\/chkhele.com\/wp-content\/uploads\/2025\/11\/ZGS13-H-PV-Meibian-table-8-600x326.webp 600w, https:\/\/chkhele.com\/wp-content\/uploads\/2025\/11\/ZGS13-H-PV-Meibian-table-8-300x163.webp 300w, https:\/\/chkhele.com\/wp-content\/uploads\/2025\/11\/ZGS13-H-PV-Meibian-table-8-768x417.webp 768w, https:\/\/chkhele.com\/wp-content\/uploads\/2025\/11\/ZGS13-H-PV-Meibian-table-8.webp 1200w\" sizes=\"(max-width: 1024px) 100vw, 1024px\" \/>\t\t\t\t\t\t\t\t\t\t\t\t\t\t\t<\/div>\n\t\t\t\t<\/div>\n\t\t\t\t\t<\/div>\n\t\t\t\t<\/div>\n\t\t\t\t\t<\/div>\n\t\t<\/div>\n\t\t\t\t\t\t<\/div>\n\t\t\t\t<\/div>\n\t\t\t\t\t<\/div>\n\t\t\t\t<\/div>\n\t\t\t\t<\/div>\n\t\t\n","protected":false},"excerpt":{"rendered":"<p>Le transformateur de bo\u00eetier est divis\u00e9 en trois parties : chambre haute tension, chambre basse tension et transformateur, qui peuvent \u00eatre agenc\u00e9es selon le type \u00ab \u0153il \u00bb ou \u00ab produit \u00bb. Les surfaces int\u00e9rieure et ext\u00e9rieure de la bo\u00eete sont lisses et exemptes de corrosion, le rev\u00eatement ne s&rsquo;\u00e9caille pas et ne pr\u00e9sente aucune asp\u00e9rit\u00e9 ni dommage, et la couche de rev\u00eatement est ferme et uniforme, sans contraste ni r\u00e9flexion notable. Le fond du bo\u00eetier et les parties m\u00e9talliques expos\u00e9es sont trait\u00e9s avec un produit anticorrosion et antirouille, et une couche protectrice durable est pulv\u00e9ris\u00e9e.<\/p>\n","protected":false},"featured_media":116,"comment_status":"open","ping_status":"closed","template":"","meta":{"site-sidebar-layout":"default","site-content-layout":"","ast-site-content-layout":"default","site-content-style":"default","site-sidebar-style":"default","ast-global-header-display":"","ast-banner-title-visibility":"","ast-main-header-display":"","ast-hfb-above-header-display":"","ast-hfb-below-header-display":"","ast-hfb-mobile-header-display":"","site-post-title":"","ast-breadcrumbs-content":"","ast-featured-img":"","footer-sml-layout":"","ast-disable-related-posts":"","theme-transparent-header-meta":"default","adv-header-id-meta":"","stick-header-meta":"","header-above-stick-meta":"","header-main-stick-meta":"","header-below-stick-meta":"","astra-migrate-meta-layouts":"default","ast-page-background-enabled":"default","ast-page-background-meta":{"desktop":{"background-color":"var(--ast-global-color-4)","background-image":"","background-repeat":"repeat","background-position":"center center","background-size":"auto","background-attachment":"scroll","background-type":"","background-media":"","overlay-type":"","overlay-color":"","overlay-opacity":"","overlay-gradient":""},"tablet":{"background-color":"","background-image":"","background-repeat":"repeat","background-position":"center center","background-size":"auto","background-attachment":"scroll","background-type":"","background-media":"","overlay-type":"","overlay-color":"","overlay-opacity":"","overlay-gradient":""},"mobile":{"background-color":"","background-image":"","background-repeat":"repeat","background-position":"center center","background-size":"auto","background-attachment":"scroll","background-type":"","background-media":"","overlay-type":"","overlay-color":"","overlay-opacity":"","overlay-gradient":""}},"ast-content-background-meta":{"desktop":{"background-color":"var(--ast-global-color-5)","background-image":"","background-repeat":"repeat","background-position":"center center","background-size":"auto","background-attachment":"scroll","background-type":"","background-media":"","overlay-type":"","overlay-color":"","overlay-opacity":"","overlay-gradient":""},"tablet":{"background-color":"var(--ast-global-color-5)","background-image":"","background-repeat":"repeat","background-position":"center center","background-size":"auto","background-attachment":"scroll","background-type":"","background-media":"","overlay-type":"","overlay-color":"","overlay-opacity":"","overlay-gradient":""},"mobile":{"background-color":"var(--ast-global-color-5)","background-image":"","background-repeat":"repeat","background-position":"center center","background-size":"auto","background-attachment":"scroll","background-type":"","background-media":"","overlay-type":"","overlay-color":"","overlay-opacity":"","overlay-gradient":""}}},"product_brand":[],"product_cat":[87],"product_tag":[],"class_list":{"0":"post-3481","1":"product","2":"type-product","3":"status-publish","4":"has-post-thumbnail","6":"product_cat-serie-darmoires-photovoltaiques","7":"desktop-align-left","8":"tablet-align-left","9":"mobile-align-left","11":"first","12":"instock","13":"shipping-taxable","14":"product-type-simple"},"_links":{"self":[{"href":"https:\/\/chkhele.com\/fr\/wp-json\/wp\/v2\/product\/3481","targetHints":{"allow":["GET"]}}],"collection":[{"href":"https:\/\/chkhele.com\/fr\/wp-json\/wp\/v2\/product"}],"about":[{"href":"https:\/\/chkhele.com\/fr\/wp-json\/wp\/v2\/types\/product"}],"replies":[{"embeddable":true,"href":"https:\/\/chkhele.com\/fr\/wp-json\/wp\/v2\/comments?post=3481"}],"version-history":[{"count":0,"href":"https:\/\/chkhele.com\/fr\/wp-json\/wp\/v2\/product\/3481\/revisions"}],"wp:featuredmedia":[{"embeddable":true,"href":"https:\/\/chkhele.com\/fr\/wp-json\/wp\/v2\/media\/116"}],"wp:attachment":[{"href":"https:\/\/chkhele.com\/fr\/wp-json\/wp\/v2\/media?parent=3481"}],"wp:term":[{"taxonomy":"product_brand","embeddable":true,"href":"https:\/\/chkhele.com\/fr\/wp-json\/wp\/v2\/product_brand?post=3481"},{"taxonomy":"product_cat","embeddable":true,"href":"https:\/\/chkhele.com\/fr\/wp-json\/wp\/v2\/product_cat?post=3481"},{"taxonomy":"product_tag","embeddable":true,"href":"https:\/\/chkhele.com\/fr\/wp-json\/wp\/v2\/product_tag?post=3481"}],"curies":[{"name":"wp","href":"https:\/\/api.w.org\/{rel}","templated":true}]}}