{"id":3473,"date":"2025-11-25T17:20:08","date_gmt":"2025-11-25T17:20:08","guid":{"rendered":"https:\/\/chkhele.com\/shop\/non%20class\u00e9\/bs-photovoltaique-huabian\/"},"modified":"2026-04-12T01:56:02","modified_gmt":"2026-04-12T01:56:02","slug":"bs-photovoltaique-huabian","status":"publish","type":"product","link":"https:\/\/chkhele.com\/fr\/shop\/serie-darmoires-photovoltaiques\/bs-photovoltaique-huabian\/","title":{"rendered":"BS Photovolta\u00efque Huabian"},"content":{"rendered":"\t\t<div data-elementor-type=\"section\" data-elementor-id=\"121\" class=\"elementor elementor-121\" data-elementor-post-type=\"elementor_library\">\n\t\t\t<div class=\"elementor-element elementor-element-437e057 e-flex e-con-boxed e-con e-parent\" data-id=\"437e057\" data-element_type=\"container\">\n\t\t\t\t\t<div class=\"e-con-inner\">\n\t\t\t\t<div class=\"elementor-element elementor-element-849aca2 e-n-tabs-mobile elementor-widget elementor-widget-n-tabs\" data-id=\"849aca2\" data-element_type=\"widget\" data-settings=\"{&quot;horizontal_scroll&quot;:&quot;disable&quot;}\" data-widget_type=\"nested-tabs.default\">\n\t\t\t\t<div class=\"elementor-widget-container\">\n\t\t\t\t\t\t\t<div class=\"e-n-tabs\" data-widget-number=\"139046050\" aria-label=\"Onglets. Ouvrez des \u00e9l\u00e9ments avec Entrer ou Espace, fermez-les avec Echape et naviguez \u00e0 l&#039;aide des touches fl\u00e9ch\u00e9es.\">\n\t\t\t<div class=\"e-n-tabs-heading\" role=\"tablist\">\n\t\t\t\t\t<button id=\"e-n-tab-title-1390460501\" data-tab-title-id=\"e-n-tab-title-1390460501\" class=\"e-n-tab-title\" aria-selected=\"true\" data-tab-index=\"1\" role=\"tab\" tabindex=\"0\" aria-controls=\"e-n-tab-content-1390460501\" style=\"--n-tabs-title-order: 1;\">\n\t\t\t\t\t\t<span class=\"e-n-tab-title-text\">\n\t\t\t\tOverview\t\t\t<\/span>\n\t\t<\/button>\n\t\t\t\t<button id=\"e-n-tab-title-1390460502\" data-tab-title-id=\"e-n-tab-title-1390460502\" class=\"e-n-tab-title\" aria-selected=\"false\" data-tab-index=\"2\" role=\"tab\" tabindex=\"-1\" aria-controls=\"e-n-tab-content-1390460502\" style=\"--n-tabs-title-order: 2;\">\n\t\t\t\t\t\t<span class=\"e-n-tab-title-text\">\n\t\t\t\tFeatures\t\t\t<\/span>\n\t\t<\/button>\n\t\t\t\t<button id=\"e-n-tab-title-1390460503\" data-tab-title-id=\"e-n-tab-title-1390460503\" class=\"e-n-tab-title\" aria-selected=\"false\" data-tab-index=\"3\" role=\"tab\" tabindex=\"-1\" aria-controls=\"e-n-tab-content-1390460503\" style=\"--n-tabs-title-order: 3;\">\n\t\t\t\t\t\t<span class=\"e-n-tab-title-text\">\n\t\t\t\tMain Technical Parameters\t\t\t<\/span>\n\t\t<\/button>\n\t\t\t\t\t<\/div>\n\t\t\t<div class=\"e-n-tabs-content\">\n\t\t\t\t<div id=\"e-n-tab-content-1390460501\" role=\"tabpanel\" aria-labelledby=\"e-n-tab-title-1390460501\" data-tab-index=\"1\" style=\"--n-tabs-title-order: 1;\" class=\"e-active elementor-element elementor-element-d4e7ee2 e-con-full e-flex e-con e-child\" data-id=\"d4e7ee2\" data-element_type=\"container\">\n\t\t\t\t<div class=\"elementor-element elementor-element-f1970ac elementor-widget elementor-widget-text-editor\" data-id=\"f1970ac\" data-element_type=\"widget\" data-widget_type=\"text-editor.default\">\n\t\t\t\t<div class=\"elementor-widget-container\">\n\t\t\t\t\t\t\t\t\t<p>Huabian is designed by the Chinese people to optimize the compact structure by learning from the excellent heat dissipation performance of the United States and the perfect protection function of the European variant, which solves the problem of lack of protection and poor heat dissipation of the European variant, and the current market promotion prospects.<\/p><p>\u00a0<\/p>\t\t\t\t\t\t\t\t<\/div>\n\t\t\t\t<\/div>\n\t\t\t\t<\/div>\n\t\t<div id=\"e-n-tab-content-1390460502\" role=\"tabpanel\" aria-labelledby=\"e-n-tab-title-1390460502\" data-tab-index=\"2\" style=\"--n-tabs-title-order: 2;\" class=\" elementor-element elementor-element-bc2dc9d e-con-full e-flex e-con e-child\" data-id=\"bc2dc9d\" data-element_type=\"container\">\n\t\t\t\t<div class=\"elementor-element elementor-element-185950b elementor-widget elementor-widget-text-editor\" data-id=\"185950b\" data-element_type=\"widget\" data-widget_type=\"text-editor.default\">\n\t\t\t\t<div class=\"elementor-widget-container\">\n\t\t\t\t\t\t\t\t\t<ul><li>\u00a0Huabian is divided into three parts: high-voltage chamber, low-voltage chamber and transformer, which are arranged according to the \u00ab\u00a0L\u00a0\u00bb shape or \u00ab\u00a0product\u00a0\u00bb shape;<\/li><li>\u00a0Huabianli transformer can only use oil-immersed transformer, not dry-type transformer;<\/li><li>\u00a0The body and heat sink of Huabian transformer are open and exposed outside the box, the heat dissipation effect is good, and the rest of the live intervals are sealed in an independent compartment, each room is isolated into an independent interval with a partition, and there is a lower manhole in the box to facilitate installation and maintenance;<\/li><li>\u00a0The box body is made of cold-rolled steel plate or stainless steel plate, the inner and outer surfaces are smooth, there is no rust, coating peeling and bump damage, and the coating layer is firm and uniform, without obvious contrast and reflection;<\/li><li>\u00a0The top cover of the box is equipped with a rain-proof sealing cover plate and a rain-proof eaves, and the double-layer structure of the box top cover can prevent heat radiation;<\/li><\/ul>\t\t\t\t\t\t\t\t<\/div>\n\t\t\t\t<\/div>\n\t\t\t\t<\/div>\n\t\t<div id=\"e-n-tab-content-1390460503\" role=\"tabpanel\" aria-labelledby=\"e-n-tab-title-1390460503\" data-tab-index=\"3\" style=\"--n-tabs-title-order: 3;\" class=\" elementor-element elementor-element-035380d e-con-full e-flex e-con e-child\" data-id=\"035380d\" data-element_type=\"container\">\n\t\t\t\t<div class=\"elementor-element elementor-element-41ef32c elementor-widget elementor-widget-image\" data-id=\"41ef32c\" data-element_type=\"widget\" data-widget_type=\"image.default\">\n\t\t\t\t<div class=\"elementor-widget-container\">\n\t\t\t\t\t\t\t\t\t\t\t\t\t\t\t<img fetchpriority=\"high\" decoding=\"async\" width=\"1024\" height=\"494\" src=\"https:\/\/chkhele.com\/wp-content\/uploads\/2025\/11\/table-1024x494.webp\" class=\"attachment-large size-large wp-image-122\" alt=\"\" srcset=\"https:\/\/chkhele.com\/wp-content\/uploads\/2025\/11\/table-1024x494.webp 1024w, https:\/\/chkhele.com\/wp-content\/uploads\/2025\/11\/table-600x290.webp 600w, https:\/\/chkhele.com\/wp-content\/uploads\/2025\/11\/table-300x145.webp 300w, https:\/\/chkhele.com\/wp-content\/uploads\/2025\/11\/table-768x371.webp 768w, https:\/\/chkhele.com\/wp-content\/uploads\/2025\/11\/table.webp 1342w\" sizes=\"(max-width: 1024px) 100vw, 1024px\" \/>\t\t\t\t\t\t\t\t\t\t\t\t\t\t\t<\/div>\n\t\t\t\t<\/div>\n\t\t\t\t<div class=\"elementor-element elementor-element-963b488 elementor-widget elementor-widget-text-editor\" data-id=\"963b488\" data-element_type=\"widget\" data-widget_type=\"text-editor.default\">\n\t\t\t\t<div class=\"elementor-widget-container\">\n\t\t\t\t\t\t\t\t\t<p>Exterior Dimension Drawing<\/p><p>\u00a0<\/p>\t\t\t\t\t\t\t\t<\/div>\n\t\t\t\t<\/div>\n\t\t\t\t<div class=\"elementor-element elementor-element-d03751b elementor-widget elementor-widget-image\" data-id=\"d03751b\" data-element_type=\"widget\" data-widget_type=\"image.default\">\n\t\t\t\t<div class=\"elementor-widget-container\">\n\t\t\t\t\t\t\t\t\t\t\t\t\t\t\t<img decoding=\"async\" width=\"829\" height=\"1024\" src=\"https:\/\/chkhele.com\/wp-content\/uploads\/2025\/11\/table-2-829x1024.webp\" class=\"attachment-large size-large wp-image-123\" alt=\"\" srcset=\"https:\/\/chkhele.com\/wp-content\/uploads\/2025\/11\/table-2-829x1024.webp 829w, https:\/\/chkhele.com\/wp-content\/uploads\/2025\/11\/table-2-600x742.webp 600w, https:\/\/chkhele.com\/wp-content\/uploads\/2025\/11\/table-2-243x300.webp 243w, https:\/\/chkhele.com\/wp-content\/uploads\/2025\/11\/table-2-768x949.webp 768w, https:\/\/chkhele.com\/wp-content\/uploads\/2025\/11\/table-2.webp 1200w\" sizes=\"(max-width: 829px) 100vw, 829px\" \/>\t\t\t\t\t\t\t\t\t\t\t\t\t\t\t<\/div>\n\t\t\t\t<\/div>\n\t\t\t\t<\/div>\n\t\t\t\t\t<\/div>\n\t\t<\/div>\n\t\t\t\t\t\t<\/div>\n\t\t\t\t<\/div>\n\t\t\t\t\t<\/div>\n\t\t\t\t<\/div>\n\t\t\t\t<\/div>\n\t\t\n","protected":false},"excerpt":{"rendered":"<p>Huabian est con\u00e7u par les Chinois pour optimiser la structure compacte en s&rsquo;inspirant des excellentes performances de dissipation thermique du mod\u00e8le am\u00e9ricain et de la fonction de protection parfaite du mod\u00e8le europ\u00e9en, ce qui r\u00e9sout le probl\u00e8me du manque de protection et de la mauvaise dissipation thermique du mod\u00e8le europ\u00e9en, et offre des perspectives de promotion sur le march\u00e9 actuel.<\/p>\n","protected":false},"featured_media":120,"comment_status":"open","ping_status":"closed","template":"","meta":{"site-sidebar-layout":"default","site-content-layout":"","ast-site-content-layout":"default","site-content-style":"default","site-sidebar-style":"default","ast-global-header-display":"","ast-banner-title-visibility":"","ast-main-header-display":"","ast-hfb-above-header-display":"","ast-hfb-below-header-display":"","ast-hfb-mobile-header-display":"","site-post-title":"","ast-breadcrumbs-content":"","ast-featured-img":"","footer-sml-layout":"","ast-disable-related-posts":"","theme-transparent-header-meta":"default","adv-header-id-meta":"","stick-header-meta":"","header-above-stick-meta":"","header-main-stick-meta":"","header-below-stick-meta":"","astra-migrate-meta-layouts":"default","ast-page-background-enabled":"default","ast-page-background-meta":{"desktop":{"background-color":"var(--ast-global-color-4)","background-image":"","background-repeat":"repeat","background-position":"center center","background-size":"auto","background-attachment":"scroll","background-type":"","background-media":"","overlay-type":"","overlay-color":"","overlay-opacity":"","overlay-gradient":""},"tablet":{"background-color":"","background-image":"","background-repeat":"repeat","background-position":"center center","background-size":"auto","background-attachment":"scroll","background-type":"","background-media":"","overlay-type":"","overlay-color":"","overlay-opacity":"","overlay-gradient":""},"mobile":{"background-color":"","background-image":"","background-repeat":"repeat","background-position":"center center","background-size":"auto","background-attachment":"scroll","background-type":"","background-media":"","overlay-type":"","overlay-color":"","overlay-opacity":"","overlay-gradient":""}},"ast-content-background-meta":{"desktop":{"background-color":"var(--ast-global-color-5)","background-image":"","background-repeat":"repeat","background-position":"center center","background-size":"auto","background-attachment":"scroll","background-type":"","background-media":"","overlay-type":"","overlay-color":"","overlay-opacity":"","overlay-gradient":""},"tablet":{"background-color":"var(--ast-global-color-5)","background-image":"","background-repeat":"repeat","background-position":"center center","background-size":"auto","background-attachment":"scroll","background-type":"","background-media":"","overlay-type":"","overlay-color":"","overlay-opacity":"","overlay-gradient":""},"mobile":{"background-color":"var(--ast-global-color-5)","background-image":"","background-repeat":"repeat","background-position":"center center","background-size":"auto","background-attachment":"scroll","background-type":"","background-media":"","overlay-type":"","overlay-color":"","overlay-opacity":"","overlay-gradient":""}}},"product_brand":[],"product_cat":[87],"product_tag":[],"class_list":{"0":"post-3473","1":"product","2":"type-product","3":"status-publish","4":"has-post-thumbnail","6":"product_cat-serie-darmoires-photovoltaiques","7":"desktop-align-left","8":"tablet-align-left","9":"mobile-align-left","11":"first","12":"instock","13":"shipping-taxable","14":"product-type-simple"},"_links":{"self":[{"href":"https:\/\/chkhele.com\/fr\/wp-json\/wp\/v2\/product\/3473","targetHints":{"allow":["GET"]}}],"collection":[{"href":"https:\/\/chkhele.com\/fr\/wp-json\/wp\/v2\/product"}],"about":[{"href":"https:\/\/chkhele.com\/fr\/wp-json\/wp\/v2\/types\/product"}],"replies":[{"embeddable":true,"href":"https:\/\/chkhele.com\/fr\/wp-json\/wp\/v2\/comments?post=3473"}],"version-history":[{"count":1,"href":"https:\/\/chkhele.com\/fr\/wp-json\/wp\/v2\/product\/3473\/revisions"}],"predecessor-version":[{"id":3474,"href":"https:\/\/chkhele.com\/fr\/wp-json\/wp\/v2\/product\/3473\/revisions\/3474"}],"wp:featuredmedia":[{"embeddable":true,"href":"https:\/\/chkhele.com\/fr\/wp-json\/wp\/v2\/media\/120"}],"wp:attachment":[{"href":"https:\/\/chkhele.com\/fr\/wp-json\/wp\/v2\/media?parent=3473"}],"wp:term":[{"taxonomy":"product_brand","embeddable":true,"href":"https:\/\/chkhele.com\/fr\/wp-json\/wp\/v2\/product_brand?post=3473"},{"taxonomy":"product_cat","embeddable":true,"href":"https:\/\/chkhele.com\/fr\/wp-json\/wp\/v2\/product_cat?post=3473"},{"taxonomy":"product_tag","embeddable":true,"href":"https:\/\/chkhele.com\/fr\/wp-json\/wp\/v2\/product_tag?post=3473"}],"curies":[{"name":"wp","href":"https:\/\/api.w.org\/{rel}","templated":true}]}}