{"id":3471,"date":"2025-11-25T18:07:36","date_gmt":"2025-11-25T18:07:36","guid":{"rendered":"https:\/\/chkhele.com\/shop\/non%20class\u00e9\/appareillage-de-commutation-a-isolation-solide-cygt\/"},"modified":"2026-04-12T01:55:24","modified_gmt":"2026-04-12T01:55:24","slug":"appareillage-de-commutation-a-isolation-solide-cygt","status":"publish","type":"product","link":"https:\/\/chkhele.com\/fr\/shop\/appareillage-de-commutation-haute-tension\/appareillage-de-commutation-a-isolation-solide-cygt\/","title":{"rendered":"Appareillage de commutation \u00e0 isolation solide CYGT"},"content":{"rendered":"\t\t<div data-elementor-type=\"section\" data-elementor-id=\"132\" class=\"elementor elementor-132\" data-elementor-post-type=\"elementor_library\">\n\t\t\t<div class=\"elementor-element elementor-element-61c775d e-flex e-con-boxed e-con e-parent\" data-id=\"61c775d\" data-element_type=\"container\">\n\t\t\t\t\t<div class=\"e-con-inner\">\n\t\t\t\t<div class=\"elementor-element elementor-element-6e4dd47 e-n-tabs-mobile elementor-widget elementor-widget-n-tabs\" data-id=\"6e4dd47\" data-element_type=\"widget\" data-settings=\"{&quot;horizontal_scroll&quot;:&quot;disable&quot;}\" data-widget_type=\"nested-tabs.default\">\n\t\t\t\t<div class=\"elementor-widget-container\">\n\t\t\t\t\t\t\t<div class=\"e-n-tabs\" data-widget-number=\"115662151\" aria-label=\"Onglets. Ouvrez des \u00e9l\u00e9ments avec Entrer ou Espace, fermez-les avec Echape et naviguez \u00e0 l&#039;aide des touches fl\u00e9ch\u00e9es.\">\n\t\t\t<div class=\"e-n-tabs-heading\" role=\"tablist\">\n\t\t\t\t\t<button id=\"e-n-tab-title-1156621511\" data-tab-title-id=\"e-n-tab-title-1156621511\" class=\"e-n-tab-title\" aria-selected=\"true\" data-tab-index=\"1\" role=\"tab\" tabindex=\"0\" aria-controls=\"e-n-tab-content-1156621511\" style=\"--n-tabs-title-order: 1;\">\n\t\t\t\t\t\t<span class=\"e-n-tab-title-text\">\n\t\t\t\tProduct Introduction\t\t\t<\/span>\n\t\t<\/button>\n\t\t\t\t<button id=\"e-n-tab-title-1156621512\" data-tab-title-id=\"e-n-tab-title-1156621512\" class=\"e-n-tab-title\" aria-selected=\"false\" data-tab-index=\"2\" role=\"tab\" tabindex=\"-1\" aria-controls=\"e-n-tab-content-1156621512\" style=\"--n-tabs-title-order: 2;\">\n\t\t\t\t\t\t<span class=\"e-n-tab-title-text\">\n\t\t\t\tProduct Classification\t\t\t<\/span>\n\t\t<\/button>\n\t\t\t\t<button id=\"e-n-tab-title-1156621513\" data-tab-title-id=\"e-n-tab-title-1156621513\" class=\"e-n-tab-title\" aria-selected=\"false\" data-tab-index=\"3\" role=\"tab\" tabindex=\"-1\" aria-controls=\"e-n-tab-content-1156621513\" style=\"--n-tabs-title-order: 3;\">\n\t\t\t\t\t\t<span class=\"e-n-tab-title-text\">\n\t\t\t\tModel Meaning\t\t\t<\/span>\n\t\t<\/button>\n\t\t\t\t<button id=\"e-n-tab-title-1156621514\" data-tab-title-id=\"e-n-tab-title-1156621514\" class=\"e-n-tab-title\" aria-selected=\"false\" data-tab-index=\"4\" role=\"tab\" tabindex=\"-1\" aria-controls=\"e-n-tab-content-1156621514\" style=\"--n-tabs-title-order: 4;\">\n\t\t\t\t\t\t<span class=\"e-n-tab-title-text\">\n\t\t\t\tWorking Conditions\t\t\t<\/span>\n\t\t<\/button>\n\t\t\t\t<button id=\"e-n-tab-title-1156621515\" data-tab-title-id=\"e-n-tab-title-1156621515\" class=\"e-n-tab-title\" aria-selected=\"false\" data-tab-index=\"5\" role=\"tab\" tabindex=\"-1\" aria-controls=\"e-n-tab-content-1156621515\" style=\"--n-tabs-title-order: 5;\">\n\t\t\t\t\t\t<span class=\"e-n-tab-title-text\">\n\t\t\t\tFunctions and Features\t\t\t<\/span>\n\t\t<\/button>\n\t\t\t\t\t<\/div>\n\t\t\t<div class=\"e-n-tabs-content\">\n\t\t\t\t<div id=\"e-n-tab-content-1156621511\" role=\"tabpanel\" aria-labelledby=\"e-n-tab-title-1156621511\" data-tab-index=\"1\" style=\"--n-tabs-title-order: 1;\" class=\"e-active elementor-element elementor-element-4a926e8 e-con-full e-flex e-con e-child\" data-id=\"4a926e8\" data-element_type=\"container\">\n\t\t\t\t<div class=\"elementor-element elementor-element-09d07a5 elementor-widget elementor-widget-text-editor\" data-id=\"09d07a5\" data-element_type=\"widget\" data-widget_type=\"text-editor.default\">\n\t\t\t\t<div class=\"elementor-widget-container\">\n\t\t\t\t\t\t\t\t\t<p>CYGT solid fully insulated metal-enclosed switchgear is a kind of fully insulated, fully sealed, maintenance-free solid insulated vacuum switchgear. The high-voltage live parts are cast and molded with epoxy resin materials with excellent insulating properties, combining the vacuum interrupter, the dominant electric circuit and the insulating support organically as a whole, and the functional units are connected through the fully-insulated solid converging busbars. Therefore, the whole switchgear is not affected by the external environment, which can ensure the reliability of equipment operation and the safety of operators.<\/p><p>The ring network cabinet has the characteristics of simple structure, flexible operation, reliable interlocking, easy installation, etc. It is suitable for 50Hz, 12kV power system, widely used in industrial and civil cable ring network and distribution network terminal project, as the acceptance and distribution of electric energy, especially suitable for urban residential distribution, small substations, open and close houses, cable branch box, box-type substation, industrial and mining enterprises,<\/p><p>Shopping malls, airports, subways, wind power generation, hospitals, stadiums, railroads, tunnels and other places.<\/p><p>As the product has the advantages of full insulation, full sealing and full shielding, it is especially suitable for use in areas with harsh environments, such as high altitude, high temperature, hot and humid, severe cold, and serious pollution.<\/p>\t\t\t\t\t\t\t\t<\/div>\n\t\t\t\t<\/div>\n\t\t\t\t<\/div>\n\t\t<div id=\"e-n-tab-content-1156621512\" role=\"tabpanel\" aria-labelledby=\"e-n-tab-title-1156621512\" data-tab-index=\"2\" style=\"--n-tabs-title-order: 2;\" class=\" elementor-element elementor-element-bc6b8b3 e-con-full e-flex e-con e-child\" data-id=\"bc6b8b3\" data-element_type=\"container\">\n\t\t\t\t<div class=\"elementor-element elementor-element-8975be3 elementor-widget elementor-widget-text-editor\" data-id=\"8975be3\" data-element_type=\"widget\" data-widget_type=\"text-editor.default\">\n\t\t\t\t<div class=\"elementor-widget-container\">\n\t\t\t\t\t\t\t\t\t<p>According to the type of switch, it is divided into load switch with grounding assembly (referred to as C module), load switch without grounding assembly (referred to as CB module), circuit breaker with grounding assembly (referred to as V module), circuit breaker without grounding assembly (referred to as VB module), circuit breaker contact switch (referred to as VZ module), load switch + fuse combination electrical switch assembly (referred to as F module), disconnector assembly (referred to as G module).<\/p>\t\t\t\t\t\t\t\t<\/div>\n\t\t\t\t<\/div>\n\t\t\t\t<\/div>\n\t\t<div id=\"e-n-tab-content-1156621513\" role=\"tabpanel\" aria-labelledby=\"e-n-tab-title-1156621513\" data-tab-index=\"3\" style=\"--n-tabs-title-order: 3;\" class=\" elementor-element elementor-element-86b37ee e-con-full e-flex e-con e-child\" data-id=\"86b37ee\" data-element_type=\"container\">\n\t\t\t\t<div class=\"elementor-element elementor-element-d5dd01a elementor-widget elementor-widget-image\" data-id=\"d5dd01a\" data-element_type=\"widget\" data-widget_type=\"image.default\">\n\t\t\t\t<div class=\"elementor-widget-container\">\n\t\t\t\t\t\t\t\t\t\t\t\t\t\t\t<img fetchpriority=\"high\" decoding=\"async\" width=\"700\" height=\"208\" src=\"https:\/\/chkhele.com\/wp-content\/uploads\/2025\/11\/CYGT-Solid-Fully-Insulated-Metal.jpg\" class=\"attachment-large size-large wp-image-133\" alt=\"\" srcset=\"https:\/\/chkhele.com\/wp-content\/uploads\/2025\/11\/CYGT-Solid-Fully-Insulated-Metal.jpg 700w, https:\/\/chkhele.com\/wp-content\/uploads\/2025\/11\/CYGT-Solid-Fully-Insulated-Metal-600x178.jpg 600w, https:\/\/chkhele.com\/wp-content\/uploads\/2025\/11\/CYGT-Solid-Fully-Insulated-Metal-300x89.jpg 300w\" sizes=\"(max-width: 700px) 100vw, 700px\" \/>\t\t\t\t\t\t\t\t\t\t\t\t\t\t\t<\/div>\n\t\t\t\t<\/div>\n\t\t\t\t<\/div>\n\t\t<div id=\"e-n-tab-content-1156621514\" role=\"tabpanel\" aria-labelledby=\"e-n-tab-title-1156621514\" data-tab-index=\"4\" style=\"--n-tabs-title-order: 4;\" class=\" elementor-element elementor-element-8275f79 e-flex e-con-boxed e-con e-child\" data-id=\"8275f79\" data-element_type=\"container\">\n\t\t\t\t\t<div class=\"e-con-inner\">\n\t\t\t\t<div class=\"elementor-element elementor-element-6b324ad elementor-widget elementor-widget-text-editor\" data-id=\"6b324ad\" data-element_type=\"widget\" data-widget_type=\"text-editor.default\">\n\t\t\t\t<div class=\"elementor-widget-container\">\n\t\t\t\t\t\t\t\t\t<ul><li>\u00a0Ambient temperature: -45\u00b0C ~+45\u00b0C<\/li><li>\u00a0Humidity: Average relative humidity, daily average \u2264 95%, monthly average \u2264 90%<\/li><li>\u00a0Altitude: \u2264 4000 meters<\/li><li>\u00a0Earthquake resistance: 8 degrees<\/li><li>\u00a0Protection level: live body sealing IP67, fuse barrel IP67, switch cabinet shell IP3X<\/li><\/ul>\t\t\t\t\t\t\t\t<\/div>\n\t\t\t\t<\/div>\n\t\t\t\t\t<\/div>\n\t\t\t\t<\/div>\n\t\t<div id=\"e-n-tab-content-1156621515\" role=\"tabpanel\" aria-labelledby=\"e-n-tab-title-1156621515\" data-tab-index=\"5\" style=\"--n-tabs-title-order: 5;\" class=\" elementor-element elementor-element-2773636 e-flex e-con-boxed e-con e-child\" data-id=\"2773636\" data-element_type=\"container\">\n\t\t\t\t\t<div class=\"e-con-inner\">\n\t\t\t\t<div class=\"elementor-element elementor-element-29b3cc2 elementor-widget elementor-widget-text-editor\" data-id=\"29b3cc2\" data-element_type=\"widget\" data-widget_type=\"text-editor.default\">\n\t\t\t\t<div class=\"elementor-widget-container\">\n\t\t\t\t\t\t\t\t\t<ul><li>\u00a0Eco-friendly<\/li><li>The materials used in the manufacture of the product are all non-toxic and harmless substances, and no toxic and harmful substances will be discharged during use.<\/li><li>Fully insulated, fully sealed, fully shielded, epoxy resin switch barrel, fuse barrel ( Epoxy resin has excellent electrical, mechanical, and thermal properties, and has been used in electrical equipment for a long time, and has achieved good results. The switch barrel and fuse barrel are molded by epoxy resin APG process. The insulating cylinder is the key component of the solid insulated switch, which is both an insulator and a load-bearing part. It is required to meet the technical requirements of heat resistance, weather resistance, crack resistance, high mechanical strength and good dielectric strength at the same time. The cylinder is large in size, with many inserts and different shapes, so it is difficult to manufacture. The company has many years of experience in designing and manufacturing insulating parts, and has made great efforts to ensure the excellent mass production of the parts from the cylinder design, material formulation, and process flow. According to the user&rsquo;s requirements, the outer shield can be provided with a ground that can be touched)<\/li><li>\u00a0Maintenance-free:<\/li><li>In addition to the operating mechanism, the high-voltage switchgear of the solid insulated indoor AC high-voltage vacuum switchgear is in a fully sealed state, so that it can be exempted from cleaning and maintenance, and the cost of operation and maintenance is reduced.<\/li><li>\u00a0Safety:<\/li><li>Due to the shielding measures used in the touchable parts, the occurrence of personal electric shock accidents is eliminated and the safety of use is improved. Perfect interlocking and interlocking system, three-phase isolation fracture is clearly visible, which avoids the occurrence of misoperation accidents. The application of SF6 gas is eliminated, and the explosion accident caused by the reduction of insulation performance and arc extinguishing ability of SF6 ring main unit due to insufficient gas pressure is avoided. Strengthen the interphase isolation structure to avoid the expansion or explosion accident caused by the short circuit of the phase or multi-circuit. A vacuum interrupter with explosion-proof performance is adopted, and the switch sleeve has further protection performance for the switch. Load switch &#8211; the auxiliary grounding switch of the fuse combination appliance is sealed in the fuse barrel by vacuum switch tube.<\/li><li>\u00a0Ease of operation:<\/li><li>There is only one operating handle for the disconnector grounding switch, no need to identify and worry about mistakes, when the circuit breaker is running, the operating handle of the disconnector and the grounding switch can not be operated, the operating procedures are clear at a glance, as long as the personnel with a little electrical knowledge will operate, and the complex technical training will be carried out in disorder. This makes operation extremely easy and eliminates the occurrence of operating errors.<\/li><li>\u00a0Intelligent:<\/li><li>The switch cabinet has intelligent interfaces and sensor installation positions, and can meet the requirements of smart grids after being equipped with intelligent equipment.<\/li><li>\u00a0Variety of operating mechanisms:<\/li><li>The switch can be equipped with two operating mechanisms: spring and permanent magnet, which is convenient for users to choose.<\/li><\/ul>\t\t\t\t\t\t\t\t<\/div>\n\t\t\t\t<\/div>\n\t\t\t\t\t<\/div>\n\t\t\t\t<\/div>\n\t\t\t\t\t<\/div>\n\t\t<\/div>\n\t\t\t\t\t\t<\/div>\n\t\t\t\t<\/div>\n\t\t\t\t\t<\/div>\n\t\t\t\t<\/div>\n\t\t\t\t<\/div>\n\t\t\n","protected":false},"excerpt":{"rendered":"<p>L&rsquo;appareillage de commutation \u00e0 isolation solide CYGT \u00e0 enveloppe m\u00e9tallique est un type d&rsquo;appareillage de commutation sous vide \u00e0 isolation solide enti\u00e8rement isol\u00e9, enti\u00e8rement \u00e9tanche et sans entretien. Les pi\u00e8ces sous tension haute tension sont coul\u00e9es et moul\u00e9es avec des mat\u00e9riaux en r\u00e9sine \u00e9poxy aux excellentes propri\u00e9t\u00e9s isolantes, combinant organiquement l&rsquo;interrupteur \u00e0 vide, le circuit \u00e9lectrique dominant et le support isolant en un tout, et les unit\u00e9s fonctionnelles sont connect\u00e9es par des barres omnibus convergentes solides enti\u00e8rement isol\u00e9es. Par cons\u00e9quent, l&rsquo;ensemble du poste de commutation n&rsquo;est pas affect\u00e9 par l&rsquo;environnement ext\u00e9rieur, ce qui garantit la fiabilit\u00e9 du fonctionnement des \u00e9quipements et la s\u00e9curit\u00e9 des op\u00e9rateurs.<\/p>\n","protected":false},"featured_media":2479,"comment_status":"open","ping_status":"closed","template":"","meta":{"site-sidebar-layout":"default","site-content-layout":"","ast-site-content-layout":"default","site-content-style":"default","site-sidebar-style":"default","ast-global-header-display":"","ast-banner-title-visibility":"","ast-main-header-display":"","ast-hfb-above-header-display":"","ast-hfb-below-header-display":"","ast-hfb-mobile-header-display":"","site-post-title":"","ast-breadcrumbs-content":"","ast-featured-img":"","footer-sml-layout":"","ast-disable-related-posts":"","theme-transparent-header-meta":"default","adv-header-id-meta":"","stick-header-meta":"","header-above-stick-meta":"","header-main-stick-meta":"","header-below-stick-meta":"","astra-migrate-meta-layouts":"default","ast-page-background-enabled":"default","ast-page-background-meta":{"desktop":{"background-color":"var(--ast-global-color-4)","background-image":"","background-repeat":"repeat","background-position":"center center","background-size":"auto","background-attachment":"scroll","background-type":"","background-media":"","overlay-type":"","overlay-color":"","overlay-opacity":"","overlay-gradient":""},"tablet":{"background-color":"","background-image":"","background-repeat":"repeat","background-position":"center center","background-size":"auto","background-attachment":"scroll","background-type":"","background-media":"","overlay-type":"","overlay-color":"","overlay-opacity":"","overlay-gradient":""},"mobile":{"background-color":"","background-image":"","background-repeat":"repeat","background-position":"center center","background-size":"auto","background-attachment":"scroll","background-type":"","background-media":"","overlay-type":"","overlay-color":"","overlay-opacity":"","overlay-gradient":""}},"ast-content-background-meta":{"desktop":{"background-color":"var(--ast-global-color-5)","background-image":"","background-repeat":"repeat","background-position":"center center","background-size":"auto","background-attachment":"scroll","background-type":"","background-media":"","overlay-type":"","overlay-color":"","overlay-opacity":"","overlay-gradient":""},"tablet":{"background-color":"var(--ast-global-color-5)","background-image":"","background-repeat":"repeat","background-position":"center center","background-size":"auto","background-attachment":"scroll","background-type":"","background-media":"","overlay-type":"","overlay-color":"","overlay-opacity":"","overlay-gradient":""},"mobile":{"background-color":"var(--ast-global-color-5)","background-image":"","background-repeat":"repeat","background-position":"center center","background-size":"auto","background-attachment":"scroll","background-type":"","background-media":"","overlay-type":"","overlay-color":"","overlay-opacity":"","overlay-gradient":""}}},"product_brand":[],"product_cat":[85],"product_tag":[],"class_list":{"0":"post-3471","1":"product","2":"type-product","3":"status-publish","4":"has-post-thumbnail","6":"product_cat-appareillage-de-commutation-haute-tension","7":"desktop-align-left","8":"tablet-align-left","9":"mobile-align-left","11":"first","12":"instock","13":"shipping-taxable","14":"product-type-simple"},"_links":{"self":[{"href":"https:\/\/chkhele.com\/fr\/wp-json\/wp\/v2\/product\/3471","targetHints":{"allow":["GET"]}}],"collection":[{"href":"https:\/\/chkhele.com\/fr\/wp-json\/wp\/v2\/product"}],"about":[{"href":"https:\/\/chkhele.com\/fr\/wp-json\/wp\/v2\/types\/product"}],"replies":[{"embeddable":true,"href":"https:\/\/chkhele.com\/fr\/wp-json\/wp\/v2\/comments?post=3471"}],"version-history":[{"count":1,"href":"https:\/\/chkhele.com\/fr\/wp-json\/wp\/v2\/product\/3471\/revisions"}],"predecessor-version":[{"id":3472,"href":"https:\/\/chkhele.com\/fr\/wp-json\/wp\/v2\/product\/3471\/revisions\/3472"}],"wp:featuredmedia":[{"embeddable":true,"href":"https:\/\/chkhele.com\/fr\/wp-json\/wp\/v2\/media\/2479"}],"wp:attachment":[{"href":"https:\/\/chkhele.com\/fr\/wp-json\/wp\/v2\/media?parent=3471"}],"wp:term":[{"taxonomy":"product_brand","embeddable":true,"href":"https:\/\/chkhele.com\/fr\/wp-json\/wp\/v2\/product_brand?post=3471"},{"taxonomy":"product_cat","embeddable":true,"href":"https:\/\/chkhele.com\/fr\/wp-json\/wp\/v2\/product_cat?post=3471"},{"taxonomy":"product_tag","embeddable":true,"href":"https:\/\/chkhele.com\/fr\/wp-json\/wp\/v2\/product_tag?post=3471"}],"curies":[{"name":"wp","href":"https:\/\/api.w.org\/{rel}","templated":true}]}}