{"id":3470,"date":"2025-11-25T17:34:41","date_gmt":"2025-11-25T17:34:41","guid":{"rendered":"https:\/\/chkhele.com\/shop\/non class\u00e9\/poste-de-transformation-prefabrique-de-type-cabine-10-kv-a-405-kv\/"},"modified":"2025-11-25T17:34:41","modified_gmt":"2025-11-25T17:34:41","slug":"poste-de-transformation-prefabrique-de-type-cabine-10-kv-a-405-kv","status":"publish","type":"product","link":"https:\/\/chkhele.com\/fr\/shop\/serie-darmoires-photovoltaiques\/poste-de-transformation-prefabrique-de-type-cabine-10-kv-a-405-kv\/","title":{"rendered":"Poste de transformation pr\u00e9fabriqu\u00e9 de type cabine 10 kV \u00e0 40,5 kV"},"content":{"rendered":"\t\t<div data-elementor-type=\"section\" data-elementor-id=\"128\" class=\"elementor elementor-128\" data-elementor-post-type=\"elementor_library\">\n\t\t\t<div class=\"elementor-element elementor-element-e3b6eda e-flex e-con-boxed e-con e-parent\" data-id=\"e3b6eda\" data-element_type=\"container\">\n\t\t\t\t\t<div class=\"e-con-inner\">\n\t\t\t\t<div class=\"elementor-element elementor-element-b8d428e e-n-tabs-mobile elementor-widget elementor-widget-n-tabs\" data-id=\"b8d428e\" data-element_type=\"widget\" data-settings=\"{&quot;horizontal_scroll&quot;:&quot;disable&quot;}\" data-widget_type=\"nested-tabs.default\">\n\t\t\t\t<div class=\"elementor-widget-container\">\n\t\t\t\t\t\t\t<div class=\"e-n-tabs\" data-widget-number=\"193806990\" aria-label=\"Onglets. Ouvrez des \u00e9l\u00e9ments avec Entrer ou Espace, fermez-les avec Echape et naviguez \u00e0 l&#039;aide des touches fl\u00e9ch\u00e9es.\">\n\t\t\t<div class=\"e-n-tabs-heading\" role=\"tablist\">\n\t\t\t\t\t<button id=\"e-n-tab-title-1938069901\" data-tab-title-id=\"e-n-tab-title-1938069901\" class=\"e-n-tab-title\" aria-selected=\"true\" data-tab-index=\"1\" role=\"tab\" tabindex=\"0\" aria-controls=\"e-n-tab-content-1938069901\" style=\"--n-tabs-title-order: 1;\">\n\t\t\t\t\t\t<span class=\"e-n-tab-title-text\">\n\t\t\t\tOverview\t\t\t<\/span>\n\t\t<\/button>\n\t\t\t\t<button id=\"e-n-tab-title-1938069902\" data-tab-title-id=\"e-n-tab-title-1938069902\" class=\"e-n-tab-title\" aria-selected=\"false\" data-tab-index=\"2\" role=\"tab\" tabindex=\"-1\" aria-controls=\"e-n-tab-content-1938069902\" style=\"--n-tabs-title-order: 2;\">\n\t\t\t\t\t\t<span class=\"e-n-tab-title-text\">\n\t\t\t\tTechnical Parameters\t\t\t<\/span>\n\t\t<\/button>\n\t\t\t\t<button id=\"e-n-tab-title-1938069903\" data-tab-title-id=\"e-n-tab-title-1938069903\" class=\"e-n-tab-title\" aria-selected=\"false\" data-tab-index=\"3\" role=\"tab\" tabindex=\"-1\" aria-controls=\"e-n-tab-content-1938069903\" style=\"--n-tabs-title-order: 3;\">\n\t\t\t\t\t\t<span class=\"e-n-tab-title-text\">\n\t\t\t\tUse Environment\t\t\t<\/span>\n\t\t<\/button>\n\t\t\t\t\t<\/div>\n\t\t\t<div class=\"e-n-tabs-content\">\n\t\t\t\t<div id=\"e-n-tab-content-1938069901\" role=\"tabpanel\" aria-labelledby=\"e-n-tab-title-1938069901\" data-tab-index=\"1\" style=\"--n-tabs-title-order: 1;\" class=\"e-active elementor-element elementor-element-a154d5f e-con-full e-flex e-con e-child\" data-id=\"a154d5f\" data-element_type=\"container\">\n\t\t\t\t<div class=\"elementor-element elementor-element-4227680 elementor-widget elementor-widget-text-editor\" data-id=\"4227680\" data-element_type=\"widget\" data-widget_type=\"text-editor.default\">\n\t\t\t\t<div class=\"elementor-widget-container\">\n\t\t\t\t\t\t\t\t\t<p>Provide fully modular assembly solutions for substations, reducing the floor space by 30% and shortening the system design, installation and commissioning cycle by 70%; The all-metal prefabricated cabin is equipped with an intelligent environmental control system, which can be applied to complex climate and geographical environments such as high temperature, high humidity, sand and dust; It supports the access of the eCloud energy cloud platform, provides remote health diagnosis, fault analysis, maintenance guidance and other functions, and realizes the unattended substation and the full life cycle management of equipment; Reliable operation and quality assurance.<\/p><p>\u00a0<\/p>\t\t\t\t\t\t\t\t<\/div>\n\t\t\t\t<\/div>\n\t\t\t\t<\/div>\n\t\t<div id=\"e-n-tab-content-1938069902\" role=\"tabpanel\" aria-labelledby=\"e-n-tab-title-1938069902\" data-tab-index=\"2\" style=\"--n-tabs-title-order: 2;\" class=\" elementor-element elementor-element-8821692 e-con-full e-flex e-con e-child\" data-id=\"8821692\" data-element_type=\"container\">\n\t\t\t\t<div class=\"elementor-element elementor-element-4819b26 elementor-widget elementor-widget-text-editor\" data-id=\"4819b26\" data-element_type=\"widget\" data-widget_type=\"text-editor.default\">\n\t\t\t\t<div class=\"elementor-widget-container\">\n\t\t\t\t\t\t\t\t\t<ul><li>Wind power generation, photovoltaic power generation, offshore wind power, distributed photovoltaic power generation and other new energy field booster stations<\/li><li>Power grid 10kV ~ 40.5kV substation<\/li><li>Large-scale factories and mining enterprises use substations<\/li><\/ul>\t\t\t\t\t\t\t\t<\/div>\n\t\t\t\t<\/div>\n\t\t\t\t<\/div>\n\t\t<div id=\"e-n-tab-content-1938069903\" role=\"tabpanel\" aria-labelledby=\"e-n-tab-title-1938069903\" data-tab-index=\"3\" style=\"--n-tabs-title-order: 3;\" class=\" elementor-element elementor-element-9a1cf36 e-con-full e-flex e-con e-child\" data-id=\"9a1cf36\" data-element_type=\"container\">\n\t\t\t\t<div class=\"elementor-element elementor-element-02d937a elementor-widget elementor-widget-text-editor\" data-id=\"02d937a\" data-element_type=\"widget\" data-widget_type=\"text-editor.default\">\n\t\t\t\t<div class=\"elementor-widget-container\">\n\t\t\t\t\t\t\t\t\t<ul><li>Ambient temperature range: -40\u00b0C ~+85\u00b0C;<\/li><li>Installation site: outdoor;<\/li><li>The altitude is generally not more than 3000m;<\/li><li>Pollution Resistance Rating: Class I;<\/li><li>Outdoor wind speed does not exceed 35m\/s;<\/li><li>Shockproof: horizontal acceleration 0.3m\/s2;<\/li><li>The vertical acceleration is not more than 0.15m\/s2;<\/li><li>When the above normal use environmental conditions are exceeded, the company can make personalized design according to the user&rsquo;s requirements.<\/li><\/ul>\t\t\t\t\t\t\t\t<\/div>\n\t\t\t\t<\/div>\n\t\t\t\t<\/div>\n\t\t\t\t\t<\/div>\n\t\t<\/div>\n\t\t\t\t\t\t<\/div>\n\t\t\t\t<\/div>\n\t\t\t\t\t<\/div>\n\t\t\t\t<\/div>\n\t\t\t\t<\/div>\n\t\t\n","protected":false},"excerpt":{"rendered":"<p>Fournit des solutions d&rsquo;assemblage enti\u00e8rement modulaires pour les sous-stations, r\u00e9duisant l&rsquo;espace au sol de 30 % et raccourcissant de 70 % le cycle de conception, d&rsquo;installation et de mise en service du syst\u00e8me ; la cabine pr\u00e9fabriqu\u00e9e enti\u00e8rement m\u00e9tallique est \u00e9quip\u00e9e d&rsquo;un syst\u00e8me de contr\u00f4le environnemental intelligent, adapt\u00e9 aux environnements climatiques et g\u00e9ographiques complexes tels que les temp\u00e9ratures et l&rsquo;humidit\u00e9 \u00e9lev\u00e9es, le sable et la poussi\u00e8re ; elle prend en charge l&rsquo;acc\u00e8s \u00e0 la plateforme cloud \u00e9nerg\u00e9tique eCloud, offre des fonctions de diagnostic \u00e0 distance, d&rsquo;analyse des pannes, de guidage de maintenance et autres, et permet le fonctionnement sans surveillance de la sous-station ainsi que la gestion compl\u00e8te du cycle de vie des \u00e9quipements ; fonctionnement fiable et assurance qualit\u00e9.<\/p>\n","protected":false},"featured_media":127,"comment_status":"open","ping_status":"closed","template":"","meta":{"site-sidebar-layout":"default","site-content-layout":"","ast-site-content-layout":"default","site-content-style":"default","site-sidebar-style":"default","ast-global-header-display":"","ast-banner-title-visibility":"","ast-main-header-display":"","ast-hfb-above-header-display":"","ast-hfb-below-header-display":"","ast-hfb-mobile-header-display":"","site-post-title":"","ast-breadcrumbs-content":"","ast-featured-img":"","footer-sml-layout":"","ast-disable-related-posts":"","theme-transparent-header-meta":"default","adv-header-id-meta":"","stick-header-meta":"","header-above-stick-meta":"","header-main-stick-meta":"","header-below-stick-meta":"","astra-migrate-meta-layouts":"default","ast-page-background-enabled":"default","ast-page-background-meta":{"desktop":{"background-color":"var(--ast-global-color-4)","background-image":"","background-repeat":"repeat","background-position":"center center","background-size":"auto","background-attachment":"scroll","background-type":"","background-media":"","overlay-type":"","overlay-color":"","overlay-opacity":"","overlay-gradient":""},"tablet":{"background-color":"","background-image":"","background-repeat":"repeat","background-position":"center center","background-size":"auto","background-attachment":"scroll","background-type":"","background-media":"","overlay-type":"","overlay-color":"","overlay-opacity":"","overlay-gradient":""},"mobile":{"background-color":"","background-image":"","background-repeat":"repeat","background-position":"center center","background-size":"auto","background-attachment":"scroll","background-type":"","background-media":"","overlay-type":"","overlay-color":"","overlay-opacity":"","overlay-gradient":""}},"ast-content-background-meta":{"desktop":{"background-color":"var(--ast-global-color-5)","background-image":"","background-repeat":"repeat","background-position":"center center","background-size":"auto","background-attachment":"scroll","background-type":"","background-media":"","overlay-type":"","overlay-color":"","overlay-opacity":"","overlay-gradient":""},"tablet":{"background-color":"var(--ast-global-color-5)","background-image":"","background-repeat":"repeat","background-position":"center center","background-size":"auto","background-attachment":"scroll","background-type":"","background-media":"","overlay-type":"","overlay-color":"","overlay-opacity":"","overlay-gradient":""},"mobile":{"background-color":"var(--ast-global-color-5)","background-image":"","background-repeat":"repeat","background-position":"center center","background-size":"auto","background-attachment":"scroll","background-type":"","background-media":"","overlay-type":"","overlay-color":"","overlay-opacity":"","overlay-gradient":""}}},"product_brand":[],"product_cat":[87],"product_tag":[],"class_list":{"0":"post-3470","1":"product","2":"type-product","3":"status-publish","4":"has-post-thumbnail","6":"product_cat-serie-darmoires-photovoltaiques","7":"desktop-align-left","8":"tablet-align-left","9":"mobile-align-left","11":"first","12":"instock","13":"shipping-taxable","14":"product-type-simple"},"_links":{"self":[{"href":"https:\/\/chkhele.com\/fr\/wp-json\/wp\/v2\/product\/3470","targetHints":{"allow":["GET"]}}],"collection":[{"href":"https:\/\/chkhele.com\/fr\/wp-json\/wp\/v2\/product"}],"about":[{"href":"https:\/\/chkhele.com\/fr\/wp-json\/wp\/v2\/types\/product"}],"replies":[{"embeddable":true,"href":"https:\/\/chkhele.com\/fr\/wp-json\/wp\/v2\/comments?post=3470"}],"version-history":[{"count":0,"href":"https:\/\/chkhele.com\/fr\/wp-json\/wp\/v2\/product\/3470\/revisions"}],"wp:featuredmedia":[{"embeddable":true,"href":"https:\/\/chkhele.com\/fr\/wp-json\/wp\/v2\/media\/127"}],"wp:attachment":[{"href":"https:\/\/chkhele.com\/fr\/wp-json\/wp\/v2\/media?parent=3470"}],"wp:term":[{"taxonomy":"product_brand","embeddable":true,"href":"https:\/\/chkhele.com\/fr\/wp-json\/wp\/v2\/product_brand?post=3470"},{"taxonomy":"product_cat","embeddable":true,"href":"https:\/\/chkhele.com\/fr\/wp-json\/wp\/v2\/product_cat?post=3470"},{"taxonomy":"product_tag","embeddable":true,"href":"https:\/\/chkhele.com\/fr\/wp-json\/wp\/v2\/product_tag?post=3470"}],"curies":[{"name":"wp","href":"https:\/\/api.w.org\/{rel}","templated":true}]}}