{"id":3468,"date":"2025-11-25T19:42:11","date_gmt":"2025-11-25T19:42:11","guid":{"rendered":"https:\/\/chkhele.com\/shop\/non class\u00e9\/armoire-de-reseau-annulaire-gonflable-entierement-isolee-srm16-40-5-35-kv\/"},"modified":"2025-11-25T19:42:11","modified_gmt":"2025-11-25T19:42:11","slug":"armoire-de-reseau-annulaire-gonflable-entierement-isolee-srm16-40-5-35-kv","status":"publish","type":"product","link":"https:\/\/chkhele.com\/fr\/shop\/appareillage-de-commutation-haute-tension\/armoire-de-reseau-annulaire-gonflable-entierement-isolee-srm16-40-5-35-kv\/","title":{"rendered":"Armoire de r\u00e9seau annulaire gonflable enti\u00e8rement isol\u00e9e SRM16-40.5 (35 kV)"},"content":{"rendered":"\t\t<div data-elementor-type=\"section\" data-elementor-id=\"145\" class=\"elementor elementor-145\" data-elementor-post-type=\"elementor_library\">\n\t\t\t<div class=\"elementor-element elementor-element-54df072 e-flex e-con-boxed e-con e-parent\" data-id=\"54df072\" data-element_type=\"container\">\n\t\t\t\t\t<div class=\"e-con-inner\">\n\t\t\t\t<div class=\"elementor-element elementor-element-5402417 e-n-tabs-mobile elementor-widget elementor-widget-n-tabs\" data-id=\"5402417\" data-element_type=\"widget\" data-settings=\"{&quot;horizontal_scroll&quot;:&quot;disable&quot;}\" data-widget_type=\"nested-tabs.default\">\n\t\t\t\t<div class=\"elementor-widget-container\">\n\t\t\t\t\t\t\t<div class=\"e-n-tabs\" data-widget-number=\"88089623\" aria-label=\"Onglets. Ouvrez des \u00e9l\u00e9ments avec Entrer ou Espace, fermez-les avec Echape et naviguez \u00e0 l&#039;aide des touches fl\u00e9ch\u00e9es.\">\n\t\t\t<div class=\"e-n-tabs-heading\" role=\"tablist\">\n\t\t\t\t\t<button id=\"e-n-tab-title-880896231\" data-tab-title-id=\"e-n-tab-title-880896231\" class=\"e-n-tab-title\" aria-selected=\"true\" data-tab-index=\"1\" role=\"tab\" tabindex=\"0\" aria-controls=\"e-n-tab-content-880896231\" style=\"--n-tabs-title-order: 1;\">\n\t\t\t\t\t\t<span class=\"e-n-tab-title-text\">\n\t\t\t\tProduct Introduction\t\t\t<\/span>\n\t\t<\/button>\n\t\t\t\t<button id=\"e-n-tab-title-880896232\" data-tab-title-id=\"e-n-tab-title-880896232\" class=\"e-n-tab-title\" aria-selected=\"false\" data-tab-index=\"2\" role=\"tab\" tabindex=\"-1\" aria-controls=\"e-n-tab-content-880896232\" style=\"--n-tabs-title-order: 2;\">\n\t\t\t\t\t\t<span class=\"e-n-tab-title-text\">\n\t\t\t\tPlace of Use\t\t\t<\/span>\n\t\t<\/button>\n\t\t\t\t<button id=\"e-n-tab-title-880896233\" data-tab-title-id=\"e-n-tab-title-880896233\" class=\"e-n-tab-title\" aria-selected=\"false\" data-tab-index=\"3\" role=\"tab\" tabindex=\"-1\" aria-controls=\"e-n-tab-content-880896233\" style=\"--n-tabs-title-order: 3;\">\n\t\t\t\t\t\t<span class=\"e-n-tab-title-text\">\n\t\t\t\tSRM16-40.5(35kV) Application\t\t\t<\/span>\n\t\t<\/button>\n\t\t\t\t\t<\/div>\n\t\t\t<div class=\"e-n-tabs-content\">\n\t\t\t\t<div id=\"e-n-tab-content-880896231\" role=\"tabpanel\" aria-labelledby=\"e-n-tab-title-880896231\" data-tab-index=\"1\" style=\"--n-tabs-title-order: 1;\" class=\"e-active elementor-element elementor-element-fa3971f e-con-full e-flex e-con e-child\" data-id=\"fa3971f\" data-element_type=\"container\">\n\t\t\t\t<div class=\"elementor-element elementor-element-0767262 elementor-widget elementor-widget-text-editor\" data-id=\"0767262\" data-element_type=\"widget\" data-widget_type=\"text-editor.default\">\n\t\t\t\t<div class=\"elementor-widget-container\">\n\t\t\t\t\t\t\t\t\t<p>The SRM16-40.5(35kV) fully enclosed and fully insulated insulated ring main unit provides 10 standard combinations, which can meet the application requirements of most 35~40.5kV power distribution networks. The SRM16-40.5 (35kV) is a compact switchgear that offers almost any combination of selected function units.<\/p><p>The SRM16-40.5(35kV) fully enclosed and fully insulated inflatable ring main unit with interface and user interface provides a complete switching application solution in the 35~40.5kV secondary distribution network.<\/p><p>The stainless steel air chamber of the SRM16-40.5 (35kV) fully enclosed and fully insulated insulated ring main unit is filled with SF6 gas, which seals the live parts from the switch and isolates them from the outside world. This hermetically sealed system makes the internal switches and live parts unaffected by changes in the external environment, resulting in high reliability, personnel safety and virtually maintenance-free.<\/p>\t\t\t\t\t\t\t\t<\/div>\n\t\t\t\t<\/div>\n\t\t\t\t<\/div>\n\t\t<div id=\"e-n-tab-content-880896232\" role=\"tabpanel\" aria-labelledby=\"e-n-tab-title-880896232\" data-tab-index=\"2\" style=\"--n-tabs-title-order: 2;\" class=\" elementor-element elementor-element-b9391e2 e-con-full e-flex e-con e-child\" data-id=\"b9391e2\" data-element_type=\"container\">\n\t\t\t\t<div class=\"elementor-element elementor-element-0e36e5c elementor-widget elementor-widget-text-editor\" data-id=\"0e36e5c\" data-element_type=\"widget\" data-widget_type=\"text-editor.default\">\n\t\t\t\t<div class=\"elementor-widget-container\">\n\t\t\t\t\t\t\t\t\t<ul><li>\u00a0Compact secondary substation<\/li><li>\u00a0Small industrial and mining enterprises<\/li><li>\u00a0Wind power plants<\/li><li>\u00a0Hotels, shopping malls, office buildings, commercial centers, etc<\/li><li>\u00a0C- Load switch unit<\/li><li>\u00a0D- Direct cable connection unit<\/li><li>\u00a0De- Direct cable connection unit with grounding switch<\/li><li>\u00a0F- Load Switch- Fuse Combined Electrical Unit<\/li><li>\u00a0V- Vacuum circuit breaker unit<\/li><\/ul>\t\t\t\t\t\t\t\t<\/div>\n\t\t\t\t<\/div>\n\t\t\t\t<\/div>\n\t\t<div id=\"e-n-tab-content-880896233\" role=\"tabpanel\" aria-labelledby=\"e-n-tab-title-880896233\" data-tab-index=\"3\" style=\"--n-tabs-title-order: 3;\" class=\" elementor-element elementor-element-067fbe8 e-con-full e-flex e-con e-child\" data-id=\"067fbe8\" data-element_type=\"container\">\n\t\t\t\t<div class=\"elementor-element elementor-element-f2da6c4 elementor-widget elementor-widget-image\" data-id=\"f2da6c4\" data-element_type=\"widget\" data-widget_type=\"image.default\">\n\t\t\t\t<div class=\"elementor-widget-container\">\n\t\t\t\t\t\t\t\t\t\t\t\t\t\t\t<img fetchpriority=\"high\" decoding=\"async\" width=\"1024\" height=\"553\" src=\"https:\/\/chkhele.com\/wp-content\/uploads\/2025\/11\/SRM16-40.535kV-Fully-insulated-Inflatable-Ring-Network-Cabinet-1-1024x553.webp\" class=\"attachment-large size-large wp-image-146\" alt=\"\" srcset=\"https:\/\/chkhele.com\/wp-content\/uploads\/2025\/11\/SRM16-40.535kV-Fully-insulated-Inflatable-Ring-Network-Cabinet-1-1024x553.webp 1024w, https:\/\/chkhele.com\/wp-content\/uploads\/2025\/11\/SRM16-40.535kV-Fully-insulated-Inflatable-Ring-Network-Cabinet-1-600x324.webp 600w, https:\/\/chkhele.com\/wp-content\/uploads\/2025\/11\/SRM16-40.535kV-Fully-insulated-Inflatable-Ring-Network-Cabinet-1-300x162.webp 300w, https:\/\/chkhele.com\/wp-content\/uploads\/2025\/11\/SRM16-40.535kV-Fully-insulated-Inflatable-Ring-Network-Cabinet-1-768x415.webp 768w, https:\/\/chkhele.com\/wp-content\/uploads\/2025\/11\/SRM16-40.535kV-Fully-insulated-Inflatable-Ring-Network-Cabinet-1.webp 1200w\" sizes=\"(max-width: 1024px) 100vw, 1024px\" \/>\t\t\t\t\t\t\t\t\t\t\t\t\t\t\t<\/div>\n\t\t\t\t<\/div>\n\t\t\t\t<\/div>\n\t\t\t\t\t<\/div>\n\t\t<\/div>\n\t\t\t\t\t\t<\/div>\n\t\t\t\t<\/div>\n\t\t\t\t\t<\/div>\n\t\t\t\t<\/div>\n\t\t\t\t<\/div>\n\t\t\n","protected":false},"excerpt":{"rendered":"<p>L&rsquo;unit\u00e9 principale en anneau isol\u00e9e SRM16-40.5 (35 kV), enti\u00e8rement ferm\u00e9e et isol\u00e9e, offre 10 combinaisons standard, qui peuvent r\u00e9pondre aux exigences d&rsquo;application de la plupart des r\u00e9seaux de distribution d&rsquo;\u00e9nergie de 35 \u00e0 40,5 kV. Le SRM16-40.5 (35kV) est un appareillage de commutation compact qui offre presque n&rsquo;importe quelle combinaison d&rsquo;unit\u00e9s fonctionnelles s\u00e9lectionn\u00e9es.<\/p>\n","protected":false},"featured_media":144,"comment_status":"open","ping_status":"closed","template":"","meta":{"site-sidebar-layout":"default","site-content-layout":"","ast-site-content-layout":"default","site-content-style":"default","site-sidebar-style":"default","ast-global-header-display":"","ast-banner-title-visibility":"","ast-main-header-display":"","ast-hfb-above-header-display":"","ast-hfb-below-header-display":"","ast-hfb-mobile-header-display":"","site-post-title":"","ast-breadcrumbs-content":"","ast-featured-img":"","footer-sml-layout":"","ast-disable-related-posts":"","theme-transparent-header-meta":"default","adv-header-id-meta":"","stick-header-meta":"","header-above-stick-meta":"","header-main-stick-meta":"","header-below-stick-meta":"","astra-migrate-meta-layouts":"default","ast-page-background-enabled":"default","ast-page-background-meta":{"desktop":{"background-color":"var(--ast-global-color-4)","background-image":"","background-repeat":"repeat","background-position":"center center","background-size":"auto","background-attachment":"scroll","background-type":"","background-media":"","overlay-type":"","overlay-color":"","overlay-opacity":"","overlay-gradient":""},"tablet":{"background-color":"","background-image":"","background-repeat":"repeat","background-position":"center center","background-size":"auto","background-attachment":"scroll","background-type":"","background-media":"","overlay-type":"","overlay-color":"","overlay-opacity":"","overlay-gradient":""},"mobile":{"background-color":"","background-image":"","background-repeat":"repeat","background-position":"center center","background-size":"auto","background-attachment":"scroll","background-type":"","background-media":"","overlay-type":"","overlay-color":"","overlay-opacity":"","overlay-gradient":""}},"ast-content-background-meta":{"desktop":{"background-color":"var(--ast-global-color-5)","background-image":"","background-repeat":"repeat","background-position":"center center","background-size":"auto","background-attachment":"scroll","background-type":"","background-media":"","overlay-type":"","overlay-color":"","overlay-opacity":"","overlay-gradient":""},"tablet":{"background-color":"var(--ast-global-color-5)","background-image":"","background-repeat":"repeat","background-position":"center center","background-size":"auto","background-attachment":"scroll","background-type":"","background-media":"","overlay-type":"","overlay-color":"","overlay-opacity":"","overlay-gradient":""},"mobile":{"background-color":"var(--ast-global-color-5)","background-image":"","background-repeat":"repeat","background-position":"center center","background-size":"auto","background-attachment":"scroll","background-type":"","background-media":"","overlay-type":"","overlay-color":"","overlay-opacity":"","overlay-gradient":""}}},"product_brand":[],"product_cat":[85],"product_tag":[],"class_list":{"0":"post-3468","1":"product","2":"type-product","3":"status-publish","4":"has-post-thumbnail","6":"product_cat-appareillage-de-commutation-haute-tension","7":"desktop-align-left","8":"tablet-align-left","9":"mobile-align-left","11":"first","12":"instock","13":"shipping-taxable","14":"product-type-simple"},"_links":{"self":[{"href":"https:\/\/chkhele.com\/fr\/wp-json\/wp\/v2\/product\/3468","targetHints":{"allow":["GET"]}}],"collection":[{"href":"https:\/\/chkhele.com\/fr\/wp-json\/wp\/v2\/product"}],"about":[{"href":"https:\/\/chkhele.com\/fr\/wp-json\/wp\/v2\/types\/product"}],"replies":[{"embeddable":true,"href":"https:\/\/chkhele.com\/fr\/wp-json\/wp\/v2\/comments?post=3468"}],"version-history":[{"count":0,"href":"https:\/\/chkhele.com\/fr\/wp-json\/wp\/v2\/product\/3468\/revisions"}],"wp:featuredmedia":[{"embeddable":true,"href":"https:\/\/chkhele.com\/fr\/wp-json\/wp\/v2\/media\/144"}],"wp:attachment":[{"href":"https:\/\/chkhele.com\/fr\/wp-json\/wp\/v2\/media?parent=3468"}],"wp:term":[{"taxonomy":"product_brand","embeddable":true,"href":"https:\/\/chkhele.com\/fr\/wp-json\/wp\/v2\/product_brand?post=3468"},{"taxonomy":"product_cat","embeddable":true,"href":"https:\/\/chkhele.com\/fr\/wp-json\/wp\/v2\/product_cat?post=3468"},{"taxonomy":"product_tag","embeddable":true,"href":"https:\/\/chkhele.com\/fr\/wp-json\/wp\/v2\/product_tag?post=3468"}],"curies":[{"name":"wp","href":"https:\/\/api.w.org\/{rel}","templated":true}]}}