{"id":3467,"date":"2025-11-25T19:50:30","date_gmt":"2025-11-25T19:50:30","guid":{"rendered":"https:\/\/chkhele.com\/shop\/non class\u00e9\/armoire-reseau-annulaire-gonflable-entierement-isolee-srm16-12-24\/"},"modified":"2025-11-25T19:50:30","modified_gmt":"2025-11-25T19:50:30","slug":"armoire-reseau-annulaire-gonflable-entierement-isolee-srm16-12-24","status":"publish","type":"product","link":"https:\/\/chkhele.com\/fr\/shop\/appareillage-de-commutation-haute-tension\/armoire-reseau-annulaire-gonflable-entierement-isolee-srm16-12-24\/","title":{"rendered":"Armoire r\u00e9seau annulaire gonflable enti\u00e8rement isol\u00e9e SRM16-12\/24"},"content":{"rendered":"\t\t<div data-elementor-type=\"section\" data-elementor-id=\"151\" class=\"elementor elementor-151\" data-elementor-post-type=\"elementor_library\">\n\t\t\t<div class=\"elementor-element elementor-element-3dd46f1 e-flex e-con-boxed e-con e-parent\" data-id=\"3dd46f1\" data-element_type=\"container\">\n\t\t\t\t\t<div class=\"e-con-inner\">\n\t\t\t\t<div class=\"elementor-element elementor-element-a464719 e-n-tabs-mobile elementor-widget elementor-widget-n-tabs\" data-id=\"a464719\" data-element_type=\"widget\" data-settings=\"{&quot;horizontal_scroll&quot;:&quot;disable&quot;}\" data-widget_type=\"nested-tabs.default\">\n\t\t\t\t<div class=\"elementor-widget-container\">\n\t\t\t\t\t\t\t<div class=\"e-n-tabs\" data-widget-number=\"172377881\" aria-label=\"Onglets. Ouvrez des \u00e9l\u00e9ments avec Entrer ou Espace, fermez-les avec Echape et naviguez \u00e0 l&#039;aide des touches fl\u00e9ch\u00e9es.\">\n\t\t\t<div class=\"e-n-tabs-heading\" role=\"tablist\">\n\t\t\t\t\t<button id=\"e-n-tab-title-1723778811\" data-tab-title-id=\"e-n-tab-title-1723778811\" class=\"e-n-tab-title\" aria-selected=\"true\" data-tab-index=\"1\" role=\"tab\" tabindex=\"0\" aria-controls=\"e-n-tab-content-1723778811\" style=\"--n-tabs-title-order: 1;\">\n\t\t\t\t\t\t<span class=\"e-n-tab-title-text\">\n\t\t\t\tProduct Introduction\t\t\t<\/span>\n\t\t<\/button>\n\t\t\t\t<button id=\"e-n-tab-title-1723778812\" data-tab-title-id=\"e-n-tab-title-1723778812\" class=\"e-n-tab-title\" aria-selected=\"false\" data-tab-index=\"2\" role=\"tab\" tabindex=\"-1\" aria-controls=\"e-n-tab-content-1723778812\" style=\"--n-tabs-title-order: 2;\">\n\t\t\t\t\t\t<span class=\"e-n-tab-title-text\">\n\t\t\t\tUnit Definition\t\t\t<\/span>\n\t\t<\/button>\n\t\t\t\t<button id=\"e-n-tab-title-1723778813\" data-tab-title-id=\"e-n-tab-title-1723778813\" class=\"e-n-tab-title\" aria-selected=\"false\" data-tab-index=\"3\" role=\"tab\" tabindex=\"-1\" aria-controls=\"e-n-tab-content-1723778813\" style=\"--n-tabs-title-order: 3;\">\n\t\t\t\t\t\t<span class=\"e-n-tab-title-text\">\n\t\t\t\tFeatures\t\t\t<\/span>\n\t\t<\/button>\n\t\t\t\t\t<\/div>\n\t\t\t<div class=\"e-n-tabs-content\">\n\t\t\t\t<div id=\"e-n-tab-content-1723778811\" role=\"tabpanel\" aria-labelledby=\"e-n-tab-title-1723778811\" data-tab-index=\"1\" style=\"--n-tabs-title-order: 1;\" class=\"e-active elementor-element elementor-element-81f0423 e-con-full e-flex e-con e-child\" data-id=\"81f0423\" data-element_type=\"container\">\n\t\t\t\t<div class=\"elementor-element elementor-element-7650883 elementor-widget elementor-widget-text-editor\" data-id=\"7650883\" data-element_type=\"widget\" data-widget_type=\"text-editor.default\">\n\t\t\t\t<div class=\"elementor-widget-container\">\n\t\t\t\t\t\t\t\t\t<p>SRM16-12\/24 fully enclosed and fully insulated inflatable ring main unit is SF6 gas-insulated metal common box enclosed switchgear, which can be composed of load switch unit, load switch fuse combination electrical unit, vacuum circuit breaker unit, bus inlet unit. Using a series of excellent technologies and materials, it has excellent electrical and mechanical properties, is less affected by the environment and climate, is small in size, easy to install, easy to operate, no maintenance, and has a flexible combination mode, clear and intuitive design, simple and direct operation, large feeder wiring capacity, suitable for a variety of wiring systems.<\/p>\t\t\t\t\t\t\t\t<\/div>\n\t\t\t\t<\/div>\n\t\t\t\t<\/div>\n\t\t<div id=\"e-n-tab-content-1723778812\" role=\"tabpanel\" aria-labelledby=\"e-n-tab-title-1723778812\" data-tab-index=\"2\" style=\"--n-tabs-title-order: 2;\" class=\" elementor-element elementor-element-8465e94 e-con-full e-flex e-con e-child\" data-id=\"8465e94\" data-element_type=\"container\">\n\t\t\t\t<div class=\"elementor-element elementor-element-85ee937 elementor-widget elementor-widget-image\" data-id=\"85ee937\" data-element_type=\"widget\" data-widget_type=\"image.default\">\n\t\t\t\t<div class=\"elementor-widget-container\">\n\t\t\t\t\t\t\t\t\t\t\t\t\t\t\t<img fetchpriority=\"high\" decoding=\"async\" width=\"1024\" height=\"399\" src=\"https:\/\/chkhele.com\/wp-content\/uploads\/2025\/11\/SRM16-1224-Fully-insulated-Inflatable-Ring-Network-Cabinet-2-1024x399.webp\" class=\"attachment-large size-large wp-image-152\" alt=\"\" srcset=\"https:\/\/chkhele.com\/wp-content\/uploads\/2025\/11\/SRM16-1224-Fully-insulated-Inflatable-Ring-Network-Cabinet-2-1024x399.webp 1024w, https:\/\/chkhele.com\/wp-content\/uploads\/2025\/11\/SRM16-1224-Fully-insulated-Inflatable-Ring-Network-Cabinet-2-600x234.webp 600w, https:\/\/chkhele.com\/wp-content\/uploads\/2025\/11\/SRM16-1224-Fully-insulated-Inflatable-Ring-Network-Cabinet-2-300x117.webp 300w, https:\/\/chkhele.com\/wp-content\/uploads\/2025\/11\/SRM16-1224-Fully-insulated-Inflatable-Ring-Network-Cabinet-2-768x299.webp 768w, https:\/\/chkhele.com\/wp-content\/uploads\/2025\/11\/SRM16-1224-Fully-insulated-Inflatable-Ring-Network-Cabinet-2.webp 1200w\" sizes=\"(max-width: 1024px) 100vw, 1024px\" \/>\t\t\t\t\t\t\t\t\t\t\t\t\t\t\t<\/div>\n\t\t\t\t<\/div>\n\t\t\t\t<\/div>\n\t\t<div id=\"e-n-tab-content-1723778813\" role=\"tabpanel\" aria-labelledby=\"e-n-tab-title-1723778813\" data-tab-index=\"3\" style=\"--n-tabs-title-order: 3;\" class=\" elementor-element elementor-element-6d972ad e-con-full e-flex e-con e-child\" data-id=\"6d972ad\" data-element_type=\"container\">\n\t\t\t\t<div class=\"elementor-element elementor-element-8de2474 elementor-widget elementor-widget-text-editor\" data-id=\"8de2474\" data-element_type=\"widget\" data-widget_type=\"text-editor.default\">\n\t\t\t\t<div class=\"elementor-widget-container\">\n\t\t\t\t\t\t\t\t\t<ul><li>Operational safety:<\/li><li>We offer our users special security through the following security measures:<\/li><li>Integrated three-station load switch<\/li><li>The circuit breaker uses a load switch instead of an isolation switch, which is more safe and reliable, and the fully enclosed design on the primary side provides protection from accidental contact, and the mechanical interlock meets the requirements of the five preventions, and the live display can be lifted<\/li><li>For the incoming and outgoing lines, the live indication is reliable, the fully enclosed design, the 10kV switch and the bus live body are sealed in the gas box welded into 3mm stainless steel plate, and the silicone rubber cable plug is matched.<\/li><li>The cable head is fully insulated and fully sealed, so that it is not affected by the external environment such as dust, moisture, small animals, etc., and the spring energy storage operating mechanism can be manually or electrically operated to provide a simulated line diagram of the panel<\/li><li>The position indicator cabinet is made of galvanized sheet, the surface is electrostatically sprayed to enhance the corrosion resistance, and the pressure gauge monitors the SF6 gas safety pressure range in the box.<\/li><li>Economical:<\/li><li>Maintenance-free<\/li><li>Highly reliable<\/li><li>The service life can be up to 20 years<\/li><li>Flexible solutions:<\/li><li>A variety of wire entry methods, which can realize left, right, up or forward lines<\/li><li>A variety of combinations, any combination between each unit can be realized<\/li><li>The insulated bus bar can be used to realize the front and rear cabinets or the left and right cabinets<\/li><li>Flexible design options<\/li><li>Wide range of applications:<\/li><li>The feeder line has a large capacity and a small footprint, which is suitable for a variety of application needs.<\/li><\/ul>\t\t\t\t\t\t\t\t<\/div>\n\t\t\t\t<\/div>\n\t\t\t\t<\/div>\n\t\t\t\t\t<\/div>\n\t\t<\/div>\n\t\t\t\t\t\t<\/div>\n\t\t\t\t<\/div>\n\t\t\t\t\t<\/div>\n\t\t\t\t<\/div>\n\t\t\t\t<\/div>\n\t\t\n","protected":false},"excerpt":{"rendered":"<p>Le tableau de distribution SRM16-12\/24, enti\u00e8rement clos et isol\u00e9, est un appareillage de commutation en coffret m\u00e9tallique \u00e0 isolation SF6. Il peut \u00eatre compos\u00e9 d&rsquo;un sectionneur, d&rsquo;un bloc de fusibles, d&rsquo;un disjoncteur \u00e0 vide et d&rsquo;un poste d&rsquo;entr\u00e9e de jeu de barres. Gr\u00e2ce \u00e0 l&rsquo;utilisation de technologies et de mat\u00e9riaux de pointe, il pr\u00e9sente d&rsquo;excellentes propri\u00e9t\u00e9s \u00e9lectriques et m\u00e9caniques, une faible sensibilit\u00e9 aux variations environnementales et climatiques, des dimensions compactes, une installation et une utilisation ais\u00e9es, un entretien minimal, une grande flexibilit\u00e9 d&rsquo;assemblage, une conception claire et intuitive, une capacit\u00e9 de c\u00e2blage \u00e9lev\u00e9e et convient \u00e0 divers r\u00e9seaux \u00e9lectriques. <\/p>\n","protected":false},"featured_media":150,"comment_status":"open","ping_status":"closed","template":"","meta":{"site-sidebar-layout":"default","site-content-layout":"","ast-site-content-layout":"default","site-content-style":"default","site-sidebar-style":"default","ast-global-header-display":"","ast-banner-title-visibility":"","ast-main-header-display":"","ast-hfb-above-header-display":"","ast-hfb-below-header-display":"","ast-hfb-mobile-header-display":"","site-post-title":"","ast-breadcrumbs-content":"","ast-featured-img":"","footer-sml-layout":"","ast-disable-related-posts":"","theme-transparent-header-meta":"default","adv-header-id-meta":"","stick-header-meta":"","header-above-stick-meta":"","header-main-stick-meta":"","header-below-stick-meta":"","astra-migrate-meta-layouts":"default","ast-page-background-enabled":"default","ast-page-background-meta":{"desktop":{"background-color":"var(--ast-global-color-4)","background-image":"","background-repeat":"repeat","background-position":"center center","background-size":"auto","background-attachment":"scroll","background-type":"","background-media":"","overlay-type":"","overlay-color":"","overlay-opacity":"","overlay-gradient":""},"tablet":{"background-color":"","background-image":"","background-repeat":"repeat","background-position":"center center","background-size":"auto","background-attachment":"scroll","background-type":"","background-media":"","overlay-type":"","overlay-color":"","overlay-opacity":"","overlay-gradient":""},"mobile":{"background-color":"","background-image":"","background-repeat":"repeat","background-position":"center center","background-size":"auto","background-attachment":"scroll","background-type":"","background-media":"","overlay-type":"","overlay-color":"","overlay-opacity":"","overlay-gradient":""}},"ast-content-background-meta":{"desktop":{"background-color":"var(--ast-global-color-5)","background-image":"","background-repeat":"repeat","background-position":"center center","background-size":"auto","background-attachment":"scroll","background-type":"","background-media":"","overlay-type":"","overlay-color":"","overlay-opacity":"","overlay-gradient":""},"tablet":{"background-color":"var(--ast-global-color-5)","background-image":"","background-repeat":"repeat","background-position":"center center","background-size":"auto","background-attachment":"scroll","background-type":"","background-media":"","overlay-type":"","overlay-color":"","overlay-opacity":"","overlay-gradient":""},"mobile":{"background-color":"var(--ast-global-color-5)","background-image":"","background-repeat":"repeat","background-position":"center center","background-size":"auto","background-attachment":"scroll","background-type":"","background-media":"","overlay-type":"","overlay-color":"","overlay-opacity":"","overlay-gradient":""}}},"product_brand":[],"product_cat":[85],"product_tag":[],"class_list":{"0":"post-3467","1":"product","2":"type-product","3":"status-publish","4":"has-post-thumbnail","6":"product_cat-appareillage-de-commutation-haute-tension","7":"desktop-align-left","8":"tablet-align-left","9":"mobile-align-left","11":"first","12":"instock","13":"shipping-taxable","14":"product-type-simple"},"_links":{"self":[{"href":"https:\/\/chkhele.com\/fr\/wp-json\/wp\/v2\/product\/3467","targetHints":{"allow":["GET"]}}],"collection":[{"href":"https:\/\/chkhele.com\/fr\/wp-json\/wp\/v2\/product"}],"about":[{"href":"https:\/\/chkhele.com\/fr\/wp-json\/wp\/v2\/types\/product"}],"replies":[{"embeddable":true,"href":"https:\/\/chkhele.com\/fr\/wp-json\/wp\/v2\/comments?post=3467"}],"version-history":[{"count":0,"href":"https:\/\/chkhele.com\/fr\/wp-json\/wp\/v2\/product\/3467\/revisions"}],"wp:featuredmedia":[{"embeddable":true,"href":"https:\/\/chkhele.com\/fr\/wp-json\/wp\/v2\/media\/150"}],"wp:attachment":[{"href":"https:\/\/chkhele.com\/fr\/wp-json\/wp\/v2\/media?parent=3467"}],"wp:term":[{"taxonomy":"product_brand","embeddable":true,"href":"https:\/\/chkhele.com\/fr\/wp-json\/wp\/v2\/product_brand?post=3467"},{"taxonomy":"product_cat","embeddable":true,"href":"https:\/\/chkhele.com\/fr\/wp-json\/wp\/v2\/product_cat?post=3467"},{"taxonomy":"product_tag","embeddable":true,"href":"https:\/\/chkhele.com\/fr\/wp-json\/wp\/v2\/product_tag?post=3467"}],"curies":[{"name":"wp","href":"https:\/\/api.w.org\/{rel}","templated":true}]}}