{"id":3466,"date":"2025-11-25T20:33:59","date_gmt":"2025-11-25T20:33:59","guid":{"rendered":"https:\/\/chkhele.com\/shop\/non class\u00e9\/appareillage-de-commutation-fixe-ferme-xgn66-12\/"},"modified":"2025-11-25T20:33:59","modified_gmt":"2025-11-25T20:33:59","slug":"appareillage-de-commutation-fixe-ferme-xgn66-12","status":"publish","type":"product","link":"https:\/\/chkhele.com\/fr\/shop\/appareillage-de-commutation-haute-tension\/appareillage-de-commutation-fixe-ferme-xgn66-12\/","title":{"rendered":"Appareillage de commutation fixe ferm\u00e9 XGN66-12"},"content":{"rendered":"\t\t<div data-elementor-type=\"section\" data-elementor-id=\"157\" class=\"elementor elementor-157\" data-elementor-post-type=\"elementor_library\">\n\t\t\t<div class=\"elementor-element elementor-element-359a11d e-flex e-con-boxed e-con e-parent\" data-id=\"359a11d\" data-element_type=\"container\">\n\t\t\t\t\t<div class=\"e-con-inner\">\n\t\t\t\t<div class=\"elementor-element elementor-element-20dbdf0 e-n-tabs-mobile elementor-widget elementor-widget-n-tabs\" data-id=\"20dbdf0\" data-element_type=\"widget\" data-settings=\"{&quot;horizontal_scroll&quot;:&quot;disable&quot;}\" data-widget_type=\"nested-tabs.default\">\n\t\t\t\t<div class=\"elementor-widget-container\">\n\t\t\t\t\t\t\t<div class=\"e-n-tabs\" data-widget-number=\"34455024\" aria-label=\"Onglets. Ouvrez des \u00e9l\u00e9ments avec Entrer ou Espace, fermez-les avec Echape et naviguez \u00e0 l&#039;aide des touches fl\u00e9ch\u00e9es.\">\n\t\t\t<div class=\"e-n-tabs-heading\" role=\"tablist\">\n\t\t\t\t\t<button id=\"e-n-tab-title-344550241\" data-tab-title-id=\"e-n-tab-title-344550241\" class=\"e-n-tab-title\" aria-selected=\"true\" data-tab-index=\"1\" role=\"tab\" tabindex=\"0\" aria-controls=\"e-n-tab-content-344550241\" style=\"--n-tabs-title-order: 1;\">\n\t\t\t\t\t\t<span class=\"e-n-tab-title-text\">\n\t\t\t\tProduct Introduction\t\t\t<\/span>\n\t\t<\/button>\n\t\t\t\t<button id=\"e-n-tab-title-344550242\" data-tab-title-id=\"e-n-tab-title-344550242\" class=\"e-n-tab-title\" aria-selected=\"false\" data-tab-index=\"2\" role=\"tab\" tabindex=\"-1\" aria-controls=\"e-n-tab-content-344550242\" style=\"--n-tabs-title-order: 2;\">\n\t\t\t\t\t\t<span class=\"e-n-tab-title-text\">\n\t\t\t\tModel Meaning\t\t\t<\/span>\n\t\t<\/button>\n\t\t\t\t<button id=\"e-n-tab-title-344550243\" data-tab-title-id=\"e-n-tab-title-344550243\" class=\"e-n-tab-title\" aria-selected=\"false\" data-tab-index=\"3\" role=\"tab\" tabindex=\"-1\" aria-controls=\"e-n-tab-content-344550243\" style=\"--n-tabs-title-order: 3;\">\n\t\t\t\t\t\t<span class=\"e-n-tab-title-text\">\n\t\t\t\tWorking Conditions\t\t\t<\/span>\n\t\t<\/button>\n\t\t\t\t<button id=\"e-n-tab-title-344550244\" data-tab-title-id=\"e-n-tab-title-344550244\" class=\"e-n-tab-title\" aria-selected=\"false\" data-tab-index=\"4\" role=\"tab\" tabindex=\"-1\" aria-controls=\"e-n-tab-content-344550244\" style=\"--n-tabs-title-order: 4;\">\n\t\t\t\t\t\t<span class=\"e-n-tab-title-text\">\n\t\t\t\tStructural Features\t\t\t<\/span>\n\t\t<\/button>\n\t\t\t\t\t<\/div>\n\t\t\t<div class=\"e-n-tabs-content\">\n\t\t\t\t<div id=\"e-n-tab-content-344550241\" role=\"tabpanel\" aria-labelledby=\"e-n-tab-title-344550241\" data-tab-index=\"1\" style=\"--n-tabs-title-order: 1;\" class=\"e-active elementor-element elementor-element-ae44397 e-con-full e-flex e-con e-child\" data-id=\"ae44397\" data-element_type=\"container\">\n\t\t\t\t<div class=\"elementor-element elementor-element-e9c97ab elementor-widget elementor-widget-text-editor\" data-id=\"e9c97ab\" data-element_type=\"widget\" data-widget_type=\"text-editor.default\">\n\t\t\t\t<div class=\"elementor-widget-container\">\n\t\t\t\t\t\t\t\t\t<p>XGN66-12 fixed enclosed switchgear (hereinafter referred to as switchgear) is a complete set of high-voltage electrical appliances of our company, which meets the requirements of the national standard GB3906 \u00ab\u00a03-35kV AC metal-enclosed switchgear\u00a0\u00bb and the Ministry of Electric Power DLT404 \u00ab\u00a0Technical Conditions for Indoor AC High-voltage Switchgear Ordering\u00a0\u00bb, and also meets the standard IEC60298 \u00ab\u00a0Requirements for AC metal-enclosed switchgear and control equipment above 1kV and below 52kV\u00a0\u00bb.<\/p><p>The product absorbs foreign professional technology, it is small in size, only 50% of the volume of ordinary switch cabinet, circuit breaker has high reliability, good performance, \u00ab\u00a0five proof\u00a0\u00bb interlocking mechanism is reliable, simple and so on. The switchgear is a complete set of indoor devices with 3.6, 7.2 and 12kV three-phase alternating current 50Hz single bus segments, which is used for receiving and distributing electric energy. It can be used in various types of power plants, substations, industrial and mining enterprises, high-rise buildings and other places, and can also be used in combination with ring main units in opening and closing stations.<\/p>\t\t\t\t\t\t\t\t<\/div>\n\t\t\t\t<\/div>\n\t\t\t\t<\/div>\n\t\t<div id=\"e-n-tab-content-344550242\" role=\"tabpanel\" aria-labelledby=\"e-n-tab-title-344550242\" data-tab-index=\"2\" style=\"--n-tabs-title-order: 2;\" class=\" elementor-element elementor-element-4d02998 e-con-full e-flex e-con e-child\" data-id=\"4d02998\" data-element_type=\"container\">\n\t\t\t\t<div class=\"elementor-element elementor-element-5ba432f elementor-widget elementor-widget-image\" data-id=\"5ba432f\" data-element_type=\"widget\" data-widget_type=\"image.default\">\n\t\t\t\t<div class=\"elementor-widget-container\">\n\t\t\t\t\t\t\t\t\t\t\t\t\t\t\t<img fetchpriority=\"high\" decoding=\"async\" width=\"700\" height=\"208\" src=\"https:\/\/chkhele.com\/wp-content\/uploads\/2025\/11\/XGN66-12-Fixed-Enclosed-Switchgear-t.webp\" class=\"attachment-large size-large wp-image-158\" alt=\"\" srcset=\"https:\/\/chkhele.com\/wp-content\/uploads\/2025\/11\/XGN66-12-Fixed-Enclosed-Switchgear-t.webp 700w, https:\/\/chkhele.com\/wp-content\/uploads\/2025\/11\/XGN66-12-Fixed-Enclosed-Switchgear-t-600x178.webp 600w, https:\/\/chkhele.com\/wp-content\/uploads\/2025\/11\/XGN66-12-Fixed-Enclosed-Switchgear-t-300x89.webp 300w\" sizes=\"(max-width: 700px) 100vw, 700px\" \/>\t\t\t\t\t\t\t\t\t\t\t\t\t\t\t<\/div>\n\t\t\t\t<\/div>\n\t\t\t\t<\/div>\n\t\t<div id=\"e-n-tab-content-344550243\" role=\"tabpanel\" aria-labelledby=\"e-n-tab-title-344550243\" data-tab-index=\"3\" style=\"--n-tabs-title-order: 3;\" class=\" elementor-element elementor-element-33fb57a e-con-full e-flex e-con e-child\" data-id=\"33fb57a\" data-element_type=\"container\">\n\t\t\t\t<div class=\"elementor-element elementor-element-aa2b480 elementor-widget elementor-widget-text-editor\" data-id=\"aa2b480\" data-element_type=\"widget\" data-widget_type=\"text-editor.default\">\n\t\t\t\t<div class=\"elementor-widget-container\">\n\t\t\t\t\t\t\t\t\t<ul><li>The altitude does not exceed 1000m;<\/li><li>\u00a0Ambient temperature: -25\u00b0C ~+40\u00b0C, the average temperature within 24 hours does not exceed +35\u00b0C;<\/li><li>\u00a0The horizontal inclination is not more than 3 degrees;<\/li><li>\u00a0The seismic intensity does not exceed 8;<\/li><li>\u00a0No violent vibration, impact and explosion hazard places.<\/li><\/ul>\t\t\t\t\t\t\t\t<\/div>\n\t\t\t\t<\/div>\n\t\t\t\t<\/div>\n\t\t<div id=\"e-n-tab-content-344550244\" role=\"tabpanel\" aria-labelledby=\"e-n-tab-title-344550244\" data-tab-index=\"4\" style=\"--n-tabs-title-order: 4;\" class=\" elementor-element elementor-element-67e0edf e-flex e-con-boxed e-con e-child\" data-id=\"67e0edf\" data-element_type=\"container\">\n\t\t\t\t\t<div class=\"e-con-inner\">\n\t\t\t\t<div class=\"elementor-element elementor-element-fd593dc elementor-widget elementor-widget-text-editor\" data-id=\"fd593dc\" data-element_type=\"widget\" data-widget_type=\"text-editor.default\">\n\t\t\t\t<div class=\"elementor-widget-container\">\n\t\t\t\t\t\t\t\t\t<ul><li>The cabinet body is welded with excellent angle steel;<\/li><li>The circuit breaker room is located in the middle (lower) part of the cabinet, which is convenient for installation, debugging and maintenance. VS1 circuit breaker is equipped as standard, and there is a pressure release channel for personal safety;<\/li><li>Adopt professional and reliable rotary isolation switch, which can safely enter the circuit breaker room for maintenance under the live power of the main bus;<\/li><li>\u25c7The whole cabinet protection level is IP2X;<\/li><li>Equipped with a reliable and fully functional mandatory mechanical locking device, which is simple and effective to meet the requirements of \u00ab\u00a0five prevention\u00a0\u00bb;<\/li><li>\u00a0Reliable grounding system;<\/li><li>The door is equipped with an observation window, which can clearly observe the working status of the components in the cabinet;<\/li><li>The operating mechanism is locked by XGN locking mechanism with XGN2-12 cabinet, which is simple, reliable, convenient and practical;<\/li><li>The inlet and outlet cables are lower than the front of the cabinet, which is convenient for users to connect.<\/li><\/ul>\t\t\t\t\t\t\t\t<\/div>\n\t\t\t\t<\/div>\n\t\t\t\t\t<\/div>\n\t\t\t\t<\/div>\n\t\t\t\t\t<\/div>\n\t\t<\/div>\n\t\t\t\t\t\t<\/div>\n\t\t\t\t<\/div>\n\t\t\t\t\t<\/div>\n\t\t\t\t<\/div>\n\t\t\t\t<\/div>\n\t\t\n","protected":false},"excerpt":{"rendered":"<article class=\"text-token-text-primary w-full focus:outline-none [--shadow-height:45px] has-data-writing-block:pointer-events-none has-data-writing-block:-mt-(--shadow-height) has-data-writing-block:pt-(--shadow-height) [&amp;:has([data-writing-block])&gt;*]:pointer-events-auto [content-visibility:auto] supports-[content-visibility:auto]:[contain-intrinsic-size:auto_100lvh] scroll-mt-[calc(var(--header-height)+min(200px,max(70px,20svh)))]\" dir=\"auto\" tabindex=\"-1\" data-turn-id=\"633b30f4-af89-4435-a3a0-dbdb0b623536\" data-testid=\"conversation-turn-2\" data-scroll-anchor=\"true\" data-turn=\"assistant\">\n<div class=\"text-base my-auto mx-auto pb-10 [--thread-content-margin:--spacing(4)] thread-sm:[--thread-content-margin:--spacing(6)] thread-lg:[--thread-content-margin:--spacing(16)] px-(--thread-content-margin)\">\n<div class=\"[--thread-content-max-width:40rem] thread-lg:[--thread-content-max-width:48rem] mx-auto max-w-(--thread-content-max-width) flex-1 group\/turn-messages focus-visible:outline-hidden relative flex w-full min-w-0 flex-col agent-turn\" tabindex=\"-1\">\n<div class=\"flex max-w-full flex-col grow\">\n<div class=\"min-h-8 text-message relative flex w-full flex-col items-end gap-2 text-start break-words whitespace-normal [.text-message+&amp;]:mt-1\" dir=\"auto\" data-message-author-role=\"assistant\" data-message-id=\"647a44a9-f65b-4d26-ad6f-59077b25202c\" data-message-model-slug=\"gpt-5-1\">\n<div class=\"flex w-full flex-col gap-1 empty:hidden first:pt-[1px]\">\n<div class=\"markdown prose dark:prose-invert w-full break-words light markdown-new-styling\">\n<p data-start=\"51\" data-end=\"577\" data-is-last-node=\"\" data-is-only-node=\"\">Le tableau de distribution fixe \u00e0 enveloppe m\u00e9tallique XGN66-12 (ci-apr\u00e8s d\u00e9nomm\u00e9 \u00ab le tableau de distribution \u00bb) est un produit complet d&rsquo;\u00e9quipement \u00e9lectrique haute tension d\u00e9velopp\u00e9 par notre soci\u00e9t\u00e9. Il est conforme \u00e0 la norme nationale GB3906 \u00ab Appareillage de commutation \u00e0 enveloppe m\u00e9tallique 3\u201335 kV CA \u00bb, \u00e0 la norme du minist\u00e8re de l&rsquo;\u00c9nergie \u00e9lectrique DLT404 \u00ab Conditions techniques de commande d&rsquo;appareillage de commutation haute tension CA int\u00e9rieur \u00bb et r\u00e9pond \u00e9galement aux exigences de la norme IEC60298 \u00ab Appareillage de commutation et de commande \u00e0 enveloppe m\u00e9tallique CA pour des tensions sup\u00e9rieures \u00e0 1 kV et jusqu&rsquo;\u00e0 52 kV inclus \u00bb.<\/p>\n<\/div>\n<\/div>\n<\/div>\n<\/div>\n<div class=\"z-0 flex min-h-[46px] justify-start\"><\/div>\n<div class=\"mt-3 w-full empty:hidden\">\n<div class=\"text-center\"><\/div>\n<\/div>\n<\/div>\n<\/div>\n<\/article>\n<div class=\"pointer-events-none h-px w-px\" aria-hidden=\"true\" data-edge=\"true\"><\/div>\n","protected":false},"featured_media":156,"comment_status":"open","ping_status":"closed","template":"","meta":{"site-sidebar-layout":"default","site-content-layout":"","ast-site-content-layout":"default","site-content-style":"default","site-sidebar-style":"default","ast-global-header-display":"","ast-banner-title-visibility":"","ast-main-header-display":"","ast-hfb-above-header-display":"","ast-hfb-below-header-display":"","ast-hfb-mobile-header-display":"","site-post-title":"","ast-breadcrumbs-content":"","ast-featured-img":"","footer-sml-layout":"","ast-disable-related-posts":"","theme-transparent-header-meta":"default","adv-header-id-meta":"","stick-header-meta":"","header-above-stick-meta":"","header-main-stick-meta":"","header-below-stick-meta":"","astra-migrate-meta-layouts":"default","ast-page-background-enabled":"default","ast-page-background-meta":{"desktop":{"background-color":"var(--ast-global-color-4)","background-image":"","background-repeat":"repeat","background-position":"center center","background-size":"auto","background-attachment":"scroll","background-type":"","background-media":"","overlay-type":"","overlay-color":"","overlay-opacity":"","overlay-gradient":""},"tablet":{"background-color":"","background-image":"","background-repeat":"repeat","background-position":"center center","background-size":"auto","background-attachment":"scroll","background-type":"","background-media":"","overlay-type":"","overlay-color":"","overlay-opacity":"","overlay-gradient":""},"mobile":{"background-color":"","background-image":"","background-repeat":"repeat","background-position":"center center","background-size":"auto","background-attachment":"scroll","background-type":"","background-media":"","overlay-type":"","overlay-color":"","overlay-opacity":"","overlay-gradient":""}},"ast-content-background-meta":{"desktop":{"background-color":"var(--ast-global-color-5)","background-image":"","background-repeat":"repeat","background-position":"center center","background-size":"auto","background-attachment":"scroll","background-type":"","background-media":"","overlay-type":"","overlay-color":"","overlay-opacity":"","overlay-gradient":""},"tablet":{"background-color":"var(--ast-global-color-5)","background-image":"","background-repeat":"repeat","background-position":"center center","background-size":"auto","background-attachment":"scroll","background-type":"","background-media":"","overlay-type":"","overlay-color":"","overlay-opacity":"","overlay-gradient":""},"mobile":{"background-color":"var(--ast-global-color-5)","background-image":"","background-repeat":"repeat","background-position":"center center","background-size":"auto","background-attachment":"scroll","background-type":"","background-media":"","overlay-type":"","overlay-color":"","overlay-opacity":"","overlay-gradient":""}}},"product_brand":[],"product_cat":[85],"product_tag":[],"class_list":{"0":"post-3466","1":"product","2":"type-product","3":"status-publish","4":"has-post-thumbnail","6":"product_cat-appareillage-de-commutation-haute-tension","7":"desktop-align-left","8":"tablet-align-left","9":"mobile-align-left","11":"first","12":"instock","13":"shipping-taxable","14":"product-type-simple"},"_links":{"self":[{"href":"https:\/\/chkhele.com\/fr\/wp-json\/wp\/v2\/product\/3466","targetHints":{"allow":["GET"]}}],"collection":[{"href":"https:\/\/chkhele.com\/fr\/wp-json\/wp\/v2\/product"}],"about":[{"href":"https:\/\/chkhele.com\/fr\/wp-json\/wp\/v2\/types\/product"}],"replies":[{"embeddable":true,"href":"https:\/\/chkhele.com\/fr\/wp-json\/wp\/v2\/comments?post=3466"}],"version-history":[{"count":0,"href":"https:\/\/chkhele.com\/fr\/wp-json\/wp\/v2\/product\/3466\/revisions"}],"wp:featuredmedia":[{"embeddable":true,"href":"https:\/\/chkhele.com\/fr\/wp-json\/wp\/v2\/media\/156"}],"wp:attachment":[{"href":"https:\/\/chkhele.com\/fr\/wp-json\/wp\/v2\/media?parent=3466"}],"wp:term":[{"taxonomy":"product_brand","embeddable":true,"href":"https:\/\/chkhele.com\/fr\/wp-json\/wp\/v2\/product_brand?post=3466"},{"taxonomy":"product_cat","embeddable":true,"href":"https:\/\/chkhele.com\/fr\/wp-json\/wp\/v2\/product_cat?post=3466"},{"taxonomy":"product_tag","embeddable":true,"href":"https:\/\/chkhele.com\/fr\/wp-json\/wp\/v2\/product_tag?post=3466"}],"curies":[{"name":"wp","href":"https:\/\/api.w.org\/{rel}","templated":true}]}}