{"id":3465,"date":"2025-11-25T20:49:23","date_gmt":"2025-11-25T20:49:23","guid":{"rendered":"https:\/\/chkhele.com\/shop\/non class\u00e9\/hxgn17-12-appareillage-de-commutation-fixe-ca-a-enveloppe-metallique\/"},"modified":"2025-11-25T20:49:23","modified_gmt":"2025-11-25T20:49:23","slug":"hxgn17-12-appareillage-de-commutation-fixe-ca-a-enveloppe-metallique","status":"publish","type":"product","link":"https:\/\/chkhele.com\/fr\/shop\/appareillage-de-commutation-haute-tension\/hxgn17-12-appareillage-de-commutation-fixe-ca-a-enveloppe-metallique\/","title":{"rendered":"HXGN17-12 Appareillage de commutation fixe CA \u00e0 enveloppe m\u00e9tallique"},"content":{"rendered":"\t\t<div data-elementor-type=\"section\" data-elementor-id=\"163\" class=\"elementor elementor-163\" data-elementor-post-type=\"elementor_library\">\n\t\t\t<div class=\"elementor-element elementor-element-53f2b34 e-flex e-con-boxed e-con e-parent\" data-id=\"53f2b34\" data-element_type=\"container\">\n\t\t\t\t\t<div class=\"e-con-inner\">\n\t\t\t\t<div class=\"elementor-element elementor-element-35efc6b e-n-tabs-mobile elementor-widget elementor-widget-n-tabs\" data-id=\"35efc6b\" data-element_type=\"widget\" data-settings=\"{&quot;horizontal_scroll&quot;:&quot;disable&quot;}\" data-widget_type=\"nested-tabs.default\">\n\t\t\t\t<div class=\"elementor-widget-container\">\n\t\t\t\t\t\t\t<div class=\"e-n-tabs\" data-widget-number=\"56556651\" aria-label=\"Onglets. Ouvrez des \u00e9l\u00e9ments avec Entrer ou Espace, fermez-les avec Echape et naviguez \u00e0 l&#039;aide des touches fl\u00e9ch\u00e9es.\">\n\t\t\t<div class=\"e-n-tabs-heading\" role=\"tablist\">\n\t\t\t\t\t<button id=\"e-n-tab-title-565566511\" data-tab-title-id=\"e-n-tab-title-565566511\" class=\"e-n-tab-title\" aria-selected=\"true\" data-tab-index=\"1\" role=\"tab\" tabindex=\"0\" aria-controls=\"e-n-tab-content-565566511\" style=\"--n-tabs-title-order: 1;\">\n\t\t\t\t\t\t<span class=\"e-n-tab-title-text\">\n\t\t\t\tOverview\t\t\t<\/span>\n\t\t<\/button>\n\t\t\t\t<button id=\"e-n-tab-title-565566512\" data-tab-title-id=\"e-n-tab-title-565566512\" class=\"e-n-tab-title\" aria-selected=\"false\" data-tab-index=\"2\" role=\"tab\" tabindex=\"-1\" aria-controls=\"e-n-tab-content-565566512\" style=\"--n-tabs-title-order: 2;\">\n\t\t\t\t\t\t<span class=\"e-n-tab-title-text\">\n\t\t\t\tModel Meaning\t\t\t<\/span>\n\t\t<\/button>\n\t\t\t\t<button id=\"e-n-tab-title-565566513\" data-tab-title-id=\"e-n-tab-title-565566513\" class=\"e-n-tab-title\" aria-selected=\"false\" data-tab-index=\"3\" role=\"tab\" tabindex=\"-1\" aria-controls=\"e-n-tab-content-565566513\" style=\"--n-tabs-title-order: 3;\">\n\t\t\t\t\t\t<span class=\"e-n-tab-title-text\">\n\t\t\t\tWorking Conditions\t\t\t<\/span>\n\t\t<\/button>\n\t\t\t\t\t<\/div>\n\t\t\t<div class=\"e-n-tabs-content\">\n\t\t\t\t<div id=\"e-n-tab-content-565566511\" role=\"tabpanel\" aria-labelledby=\"e-n-tab-title-565566511\" data-tab-index=\"1\" style=\"--n-tabs-title-order: 1;\" class=\"e-active elementor-element elementor-element-033a96c e-con-full e-flex e-con e-child\" data-id=\"033a96c\" data-element_type=\"container\">\n\t\t\t\t<div class=\"elementor-element elementor-element-5d08fe9 elementor-widget elementor-widget-text-editor\" data-id=\"5d08fe9\" data-element_type=\"widget\" data-widget_type=\"text-editor.default\">\n\t\t\t\t<div class=\"elementor-widget-container\">\n\t\t\t\t\t\t\t\t\t<p>HXGN17-12 box-type fixed AC metal-enclosed switchgear (referred to as ring main unit) is rated at 12kv. The rated frequency of 50Hz AC high-voltage complete sets of electrical devices are mainly used for three-phase AC ring network, terminal distribution network and industrial electrical equipment, which play the role of receiving and distributing electric energy, and it is also suitable for equipping box-type substations.<\/p>\t\t\t\t\t\t\t\t<\/div>\n\t\t\t\t<\/div>\n\t\t\t\t<\/div>\n\t\t<div id=\"e-n-tab-content-565566512\" role=\"tabpanel\" aria-labelledby=\"e-n-tab-title-565566512\" data-tab-index=\"2\" style=\"--n-tabs-title-order: 2;\" class=\" elementor-element elementor-element-4d87c6f e-con-full e-flex e-con e-child\" data-id=\"4d87c6f\" data-element_type=\"container\">\n\t\t\t\t<div class=\"elementor-element elementor-element-37bf039 elementor-widget elementor-widget-image\" data-id=\"37bf039\" data-element_type=\"widget\" data-widget_type=\"image.default\">\n\t\t\t\t<div class=\"elementor-widget-container\">\n\t\t\t\t\t\t\t\t\t\t\t\t\t\t\t<img fetchpriority=\"high\" decoding=\"async\" width=\"700\" height=\"385\" src=\"https:\/\/chkhele.com\/wp-content\/uploads\/2025\/11\/HXGN17-12-Box-type-Fixed-AC-Metal-enclosed-Switchgear-2.webp\" class=\"attachment-large size-large wp-image-164\" alt=\"\" srcset=\"https:\/\/chkhele.com\/wp-content\/uploads\/2025\/11\/HXGN17-12-Box-type-Fixed-AC-Metal-enclosed-Switchgear-2.webp 700w, https:\/\/chkhele.com\/wp-content\/uploads\/2025\/11\/HXGN17-12-Box-type-Fixed-AC-Metal-enclosed-Switchgear-2-600x330.webp 600w, https:\/\/chkhele.com\/wp-content\/uploads\/2025\/11\/HXGN17-12-Box-type-Fixed-AC-Metal-enclosed-Switchgear-2-300x165.webp 300w\" sizes=\"(max-width: 700px) 100vw, 700px\" \/>\t\t\t\t\t\t\t\t\t\t\t\t\t\t\t<\/div>\n\t\t\t\t<\/div>\n\t\t\t\t<\/div>\n\t\t<div id=\"e-n-tab-content-565566513\" role=\"tabpanel\" aria-labelledby=\"e-n-tab-title-565566513\" data-tab-index=\"3\" style=\"--n-tabs-title-order: 3;\" class=\" elementor-element elementor-element-54a60e3 e-con-full e-flex e-con e-child\" data-id=\"54a60e3\" data-element_type=\"container\">\n\t\t\t\t<div class=\"elementor-element elementor-element-ce38706 elementor-widget elementor-widget-text-editor\" data-id=\"ce38706\" data-element_type=\"widget\" data-widget_type=\"text-editor.default\">\n\t\t\t\t<div class=\"elementor-widget-container\">\n\t\t\t\t\t\t\t\t\t<ul><li>\u00a0Ambient air temperature: -15\u00b0C ~+40\u00b0C;<\/li><li>\u00a0Altitude: 1000m and below;<\/li><li>\u00a0Humidity conditions: the daily average value is not more than 95%, and the daily average water vapor pressure is not more than 2.2kPa; The monthly average value is not more than 90%, and the monthly average water vapor pressure is not more than 1.8kPa;<\/li><li>Seismic intensity: no more than 8 degrees;<\/li><li>\u00a0No corrosive or flammable gases and other obvious polluted places;<\/li><li>Note: If the above normal use conditions are exceeded, the user may negotiate with the Company.<\/li><\/ul>\t\t\t\t\t\t\t\t<\/div>\n\t\t\t\t<\/div>\n\t\t\t\t<\/div>\n\t\t\t\t\t<\/div>\n\t\t<\/div>\n\t\t\t\t\t\t<\/div>\n\t\t\t\t<\/div>\n\t\t\t\t\t<\/div>\n\t\t\t\t<\/div>\n\t\t\t\t<\/div>\n\t\t\n","protected":false},"excerpt":{"rendered":"<div class=\"keyword-text _ngcontent-hyz-109\" aria-label=\"fixed type switchgear. This is a keyword you provided.\">L&rsquo;appareillage de commutation fixe HXGN17-12 AC \u00e0 enveloppe m\u00e9tallique (appel\u00e9 unit\u00e9 principale en anneau) est \u00e9valu\u00e9 \u00e0 12 kV. Les ensembles complets d&rsquo;appareils \u00e9lectriques haute tension \u00e0 fr\u00e9quence nominale de 50 Hz sont principalement utilis\u00e9s pour les r\u00e9seaux en anneau triphas\u00e9s, les r\u00e9seaux de distribution terminaux et les \u00e9quipements \u00e9lectriques industriels, qui jouent le r\u00f4le de r\u00e9ception et de distribution de l&rsquo;\u00e9nergie \u00e9lectrique, et conviennent \u00e9galement \u00e0 l&rsquo;\u00e9quipement des sous-stations de type bo\u00eete.<\/div>\n","protected":false},"featured_media":162,"comment_status":"open","ping_status":"closed","template":"","meta":{"site-sidebar-layout":"default","site-content-layout":"","ast-site-content-layout":"default","site-content-style":"default","site-sidebar-style":"default","ast-global-header-display":"","ast-banner-title-visibility":"","ast-main-header-display":"","ast-hfb-above-header-display":"","ast-hfb-below-header-display":"","ast-hfb-mobile-header-display":"","site-post-title":"","ast-breadcrumbs-content":"","ast-featured-img":"","footer-sml-layout":"","ast-disable-related-posts":"","theme-transparent-header-meta":"default","adv-header-id-meta":"","stick-header-meta":"","header-above-stick-meta":"","header-main-stick-meta":"","header-below-stick-meta":"","astra-migrate-meta-layouts":"default","ast-page-background-enabled":"default","ast-page-background-meta":{"desktop":{"background-color":"var(--ast-global-color-4)","background-image":"","background-repeat":"repeat","background-position":"center center","background-size":"auto","background-attachment":"scroll","background-type":"","background-media":"","overlay-type":"","overlay-color":"","overlay-opacity":"","overlay-gradient":""},"tablet":{"background-color":"","background-image":"","background-repeat":"repeat","background-position":"center center","background-size":"auto","background-attachment":"scroll","background-type":"","background-media":"","overlay-type":"","overlay-color":"","overlay-opacity":"","overlay-gradient":""},"mobile":{"background-color":"","background-image":"","background-repeat":"repeat","background-position":"center center","background-size":"auto","background-attachment":"scroll","background-type":"","background-media":"","overlay-type":"","overlay-color":"","overlay-opacity":"","overlay-gradient":""}},"ast-content-background-meta":{"desktop":{"background-color":"var(--ast-global-color-5)","background-image":"","background-repeat":"repeat","background-position":"center center","background-size":"auto","background-attachment":"scroll","background-type":"","background-media":"","overlay-type":"","overlay-color":"","overlay-opacity":"","overlay-gradient":""},"tablet":{"background-color":"var(--ast-global-color-5)","background-image":"","background-repeat":"repeat","background-position":"center center","background-size":"auto","background-attachment":"scroll","background-type":"","background-media":"","overlay-type":"","overlay-color":"","overlay-opacity":"","overlay-gradient":""},"mobile":{"background-color":"var(--ast-global-color-5)","background-image":"","background-repeat":"repeat","background-position":"center center","background-size":"auto","background-attachment":"scroll","background-type":"","background-media":"","overlay-type":"","overlay-color":"","overlay-opacity":"","overlay-gradient":""}}},"product_brand":[],"product_cat":[85],"product_tag":[],"class_list":{"0":"post-3465","1":"product","2":"type-product","3":"status-publish","4":"has-post-thumbnail","6":"product_cat-appareillage-de-commutation-haute-tension","7":"desktop-align-left","8":"tablet-align-left","9":"mobile-align-left","11":"first","12":"instock","13":"shipping-taxable","14":"product-type-simple"},"_links":{"self":[{"href":"https:\/\/chkhele.com\/fr\/wp-json\/wp\/v2\/product\/3465","targetHints":{"allow":["GET"]}}],"collection":[{"href":"https:\/\/chkhele.com\/fr\/wp-json\/wp\/v2\/product"}],"about":[{"href":"https:\/\/chkhele.com\/fr\/wp-json\/wp\/v2\/types\/product"}],"replies":[{"embeddable":true,"href":"https:\/\/chkhele.com\/fr\/wp-json\/wp\/v2\/comments?post=3465"}],"version-history":[{"count":0,"href":"https:\/\/chkhele.com\/fr\/wp-json\/wp\/v2\/product\/3465\/revisions"}],"wp:featuredmedia":[{"embeddable":true,"href":"https:\/\/chkhele.com\/fr\/wp-json\/wp\/v2\/media\/162"}],"wp:attachment":[{"href":"https:\/\/chkhele.com\/fr\/wp-json\/wp\/v2\/media?parent=3465"}],"wp:term":[{"taxonomy":"product_brand","embeddable":true,"href":"https:\/\/chkhele.com\/fr\/wp-json\/wp\/v2\/product_brand?post=3465"},{"taxonomy":"product_cat","embeddable":true,"href":"https:\/\/chkhele.com\/fr\/wp-json\/wp\/v2\/product_cat?post=3465"},{"taxonomy":"product_tag","embeddable":true,"href":"https:\/\/chkhele.com\/fr\/wp-json\/wp\/v2\/product_tag?post=3465"}],"curies":[{"name":"wp","href":"https:\/\/api.w.org\/{rel}","templated":true}]}}