{"id":3453,"date":"2025-11-25T22:00:22","date_gmt":"2025-11-25T22:00:22","guid":{"rendered":"https:\/\/chkhele.com\/shop\/non%20class\u00e9\/kyn61-40-5-appareillage-de-commutation-blinde-en-boitier-metallique\/"},"modified":"2026-04-12T01:45:34","modified_gmt":"2026-04-12T01:45:34","slug":"kyn61-40-5-appareillage-de-commutation-blinde-en-boitier-metallique","status":"publish","type":"product","link":"https:\/\/chkhele.com\/fr\/shop\/appareillage-de-commutation-haute-tension\/kyn61-40-5-appareillage-de-commutation-blinde-en-boitier-metallique\/","title":{"rendered":"KYN61-40.5 Appareillage de commutation blind\u00e9 en bo\u00eetier m\u00e9tallique"},"content":{"rendered":"\t\t<div data-elementor-type=\"section\" data-elementor-id=\"181\" class=\"elementor elementor-181\" data-elementor-post-type=\"elementor_library\">\n\t\t\t<div class=\"elementor-element elementor-element-12e0160 e-flex e-con-boxed e-con e-parent\" data-id=\"12e0160\" data-element_type=\"container\">\n\t\t\t\t\t<div class=\"e-con-inner\">\n\t\t\t\t<div class=\"elementor-element elementor-element-8abdbe2 e-n-tabs-mobile elementor-widget elementor-widget-n-tabs\" data-id=\"8abdbe2\" data-element_type=\"widget\" data-settings=\"{&quot;horizontal_scroll&quot;:&quot;disable&quot;}\" data-widget_type=\"nested-tabs.default\">\n\t\t\t\t<div class=\"elementor-widget-container\">\n\t\t\t\t\t\t\t<div class=\"e-n-tabs\" data-widget-number=\"145480674\" aria-label=\"Onglets. Ouvrez des \u00e9l\u00e9ments avec Entrer ou Espace, fermez-les avec Echape et naviguez \u00e0 l&#039;aide des touches fl\u00e9ch\u00e9es.\">\n\t\t\t<div class=\"e-n-tabs-heading\" role=\"tablist\">\n\t\t\t\t\t<button id=\"e-n-tab-title-1454806741\" data-tab-title-id=\"e-n-tab-title-1454806741\" class=\"e-n-tab-title\" aria-selected=\"true\" data-tab-index=\"1\" role=\"tab\" tabindex=\"0\" aria-controls=\"e-n-tab-content-1454806741\" style=\"--n-tabs-title-order: 1;\">\n\t\t\t\t\t\t<span class=\"e-n-tab-title-text\">\n\t\t\t\tProduct Introduction\t\t\t<\/span>\n\t\t<\/button>\n\t\t\t\t<button id=\"e-n-tab-title-1454806742\" data-tab-title-id=\"e-n-tab-title-1454806742\" class=\"e-n-tab-title\" aria-selected=\"false\" data-tab-index=\"2\" role=\"tab\" tabindex=\"-1\" aria-controls=\"e-n-tab-content-1454806742\" style=\"--n-tabs-title-order: 2;\">\n\t\t\t\t\t\t<span class=\"e-n-tab-title-text\">\n\t\t\t\tModel Meaning\t\t\t<\/span>\n\t\t<\/button>\n\t\t\t\t<button id=\"e-n-tab-title-1454806743\" data-tab-title-id=\"e-n-tab-title-1454806743\" class=\"e-n-tab-title\" aria-selected=\"false\" data-tab-index=\"3\" role=\"tab\" tabindex=\"-1\" aria-controls=\"e-n-tab-content-1454806743\" style=\"--n-tabs-title-order: 3;\">\n\t\t\t\t\t\t<span class=\"e-n-tab-title-text\">\n\t\t\t\tWorking Conditions\t\t\t<\/span>\n\t\t<\/button>\n\t\t\t\t<button id=\"e-n-tab-title-1454806744\" data-tab-title-id=\"e-n-tab-title-1454806744\" class=\"e-n-tab-title\" aria-selected=\"false\" data-tab-index=\"4\" role=\"tab\" tabindex=\"-1\" aria-controls=\"e-n-tab-content-1454806744\" style=\"--n-tabs-title-order: 4;\">\n\t\t\t\t\t\t<span class=\"e-n-tab-title-text\">\n\t\t\t\tStructural Features\t\t\t<\/span>\n\t\t<\/button>\n\t\t\t\t\t<\/div>\n\t\t\t<div class=\"e-n-tabs-content\">\n\t\t\t\t<div id=\"e-n-tab-content-1454806741\" role=\"tabpanel\" aria-labelledby=\"e-n-tab-title-1454806741\" data-tab-index=\"1\" style=\"--n-tabs-title-order: 1;\" class=\"e-active elementor-element elementor-element-b439605 e-con-full e-flex e-con e-child\" data-id=\"b439605\" data-element_type=\"container\">\n\t\t\t\t<div class=\"elementor-element elementor-element-a7c4f2e elementor-widget elementor-widget-text-editor\" data-id=\"a7c4f2e\" data-element_type=\"widget\" data-widget_type=\"text-editor.default\">\n\t\t\t\t<div class=\"elementor-widget-container\">\n\t\t\t\t\t\t\t\t\t<p>KYN61-40.5 Armored Removable AC Metal-enclosed Switchgear (hereinafter referred to as Switchgear) is a three-phase AC 50Hz indoor power distribution device with a rated voltage of 40.5kV. It is used for the reception and distribution of electric energy in power plants, substations and industrial and mining enterprises. It can be used for control, protection, and detection of circuits, and can also be used in places where frequent operations are frequent.<\/p><p>This switchgear conforms to GB\/T11022-1999, GB3906-1991 and DL404-1997 standards.<\/p>\t\t\t\t\t\t\t\t<\/div>\n\t\t\t\t<\/div>\n\t\t\t\t<\/div>\n\t\t<div id=\"e-n-tab-content-1454806742\" role=\"tabpanel\" aria-labelledby=\"e-n-tab-title-1454806742\" data-tab-index=\"2\" style=\"--n-tabs-title-order: 2;\" class=\" elementor-element elementor-element-85b2f17 e-con-full e-flex e-con e-child\" data-id=\"85b2f17\" data-element_type=\"container\">\n\t\t\t\t<div class=\"elementor-element elementor-element-9ce5f4f elementor-widget elementor-widget-image\" data-id=\"9ce5f4f\" data-element_type=\"widget\" data-widget_type=\"image.default\">\n\t\t\t\t<div class=\"elementor-widget-container\">\n\t\t\t\t\t\t\t\t\t\t\t\t\t\t\t<img fetchpriority=\"high\" decoding=\"async\" width=\"536\" height=\"251\" src=\"https:\/\/chkhele.com\/wp-content\/uploads\/2025\/11\/KYN61.webp\" class=\"attachment-large size-large wp-image-182\" alt=\"\" srcset=\"https:\/\/chkhele.com\/wp-content\/uploads\/2025\/11\/KYN61.webp 536w, https:\/\/chkhele.com\/wp-content\/uploads\/2025\/11\/KYN61-300x140.webp 300w\" sizes=\"(max-width: 536px) 100vw, 536px\" \/>\t\t\t\t\t\t\t\t\t\t\t\t\t\t\t<\/div>\n\t\t\t\t<\/div>\n\t\t\t\t<\/div>\n\t\t<div id=\"e-n-tab-content-1454806743\" role=\"tabpanel\" aria-labelledby=\"e-n-tab-title-1454806743\" data-tab-index=\"3\" style=\"--n-tabs-title-order: 3;\" class=\" elementor-element elementor-element-88de917 e-con-full e-flex e-con e-child\" data-id=\"88de917\" data-element_type=\"container\">\n\t\t\t\t<div class=\"elementor-element elementor-element-febc66f elementor-widget elementor-widget-text-editor\" data-id=\"febc66f\" data-element_type=\"widget\" data-widget_type=\"text-editor.default\">\n\t\t\t\t<div class=\"elementor-widget-container\">\n\t\t\t\t\t\t\t\t\t<ul><li>Ambient air temperature: +40\u00b0C, -15\u00b0C;<\/li><li>\u00a0Relative humidity: daily average relative humidity\u2264 95%;<\/li><li>\u00a0Daily average water vapor pressure: \u2264 2.2kPa;<\/li><li>\u00a0Monthly average relative humidity: \u2264 90%;<\/li><li>\u00a0Monthly average water vapor pressure: \u2264 1.8kPa;<\/li><li>\u25c7 Altitude: below 1000m;<\/li><li>\u00a0Seismic intensity: no more than 8 degrees;<\/li><li>The surrounding air should not be obviously polluted by corrosive or flammable gases, water vapors, etc.;<\/li><li>\u00a0No place of severe vibration;<\/li><li>\u00a0When it is used under normal conditions beyond the normal conditions specified in GB3906, it shall be negotiated between the user and the manufacturer.<\/li><\/ul>\t\t\t\t\t\t\t\t<\/div>\n\t\t\t\t<\/div>\n\t\t\t\t<\/div>\n\t\t<div id=\"e-n-tab-content-1454806744\" role=\"tabpanel\" aria-labelledby=\"e-n-tab-title-1454806744\" data-tab-index=\"4\" style=\"--n-tabs-title-order: 4;\" class=\" elementor-element elementor-element-fb51d97 e-flex e-con-boxed e-con e-child\" data-id=\"fb51d97\" data-element_type=\"container\">\n\t\t\t\t\t<div class=\"e-con-inner\">\n\t\t\t\t<div class=\"elementor-element elementor-element-7ae4444 elementor-widget elementor-widget-text-editor\" data-id=\"7ae4444\" data-element_type=\"widget\" data-widget_type=\"text-editor.default\">\n\t\t\t\t<div class=\"elementor-widget-container\">\n\t\t\t\t\t\t\t\t\t<ul><li>The cabinet structure adopts the assembly type, and the circuit breaker adopts the handcart floor structure;<\/li><li>\u00a0Equipped with fully composite insulated vacuum circuit breaker, and has the characteristics of good interchangeability and simple replacement;<\/li><li>\u00a0The frame of the handcart is equipped with a screw nut propulsion mechanism, which can easily move the handcart and prevent damage to the propulsion structure due to misoperation;<\/li><li>\u00a0The operation can be carried out in the closed state of the cabinet door;<\/li><li>\u00a0The interlocking between the main switch, the handcart and the switch cabinet door adopts the mandatory mechanical locking mode to meet the \u00ab\u00a0five prevention\u00a0\u00bb function;<\/li><li>\u00a0The cable room has plenty of space and can be connected to multiple cables;<\/li><li>\u00a0Quick grounding switch is used for grounding and loop short circuit;<\/li><li>\u00a0IP3X enclosure protection level, IP2X protection level when the door of the handcar compartment is open;<\/li><li>\u00a0The product conforms to GB3906-1991, DL404-1997 and IEC-298 standard.<\/li><\/ul>\t\t\t\t\t\t\t\t<\/div>\n\t\t\t\t<\/div>\n\t\t\t\t\t<\/div>\n\t\t\t\t<\/div>\n\t\t\t\t\t<\/div>\n\t\t<\/div>\n\t\t\t\t\t\t<\/div>\n\t\t\t\t<\/div>\n\t\t\t\t\t<\/div>\n\t\t\t\t<\/div>\n\t\t\t\t<\/div>\n\t\t\n","protected":false},"excerpt":{"rendered":"<p>Le poste de distribution m\u00e9tallique KYN61-40.5 (ci-apr\u00e8s d\u00e9nomm\u00e9 \u00ab poste de distribution \u00bb) est un appareil de distribution d&rsquo;\u00e9nergie triphas\u00e9 \u00e0 courant alternatif de 50 Hz destin\u00e9 \u00e0 une utilisation int\u00e9rieure et d&rsquo;une tension nominale de 40,5 kV. Il est utilis\u00e9 pour la r\u00e9ception et la distribution d&rsquo;\u00e9nergie \u00e9lectrique dans les centrales \u00e9lectriques, les sous-stations et les entreprises industrielles et mini\u00e8res. Il permet la commande, la protection et la d\u00e9tection des circuits et convient aux environnements \u00e0 forte activit\u00e9.  <\/p>\n","protected":false},"featured_media":180,"comment_status":"open","ping_status":"closed","template":"","meta":{"site-sidebar-layout":"default","site-content-layout":"","ast-site-content-layout":"default","site-content-style":"default","site-sidebar-style":"default","ast-global-header-display":"","ast-banner-title-visibility":"","ast-main-header-display":"","ast-hfb-above-header-display":"","ast-hfb-below-header-display":"","ast-hfb-mobile-header-display":"","site-post-title":"","ast-breadcrumbs-content":"","ast-featured-img":"","footer-sml-layout":"","ast-disable-related-posts":"","theme-transparent-header-meta":"default","adv-header-id-meta":"","stick-header-meta":"","header-above-stick-meta":"","header-main-stick-meta":"","header-below-stick-meta":"","astra-migrate-meta-layouts":"default","ast-page-background-enabled":"default","ast-page-background-meta":{"desktop":{"background-color":"var(--ast-global-color-4)","background-image":"","background-repeat":"repeat","background-position":"center center","background-size":"auto","background-attachment":"scroll","background-type":"","background-media":"","overlay-type":"","overlay-color":"","overlay-opacity":"","overlay-gradient":""},"tablet":{"background-color":"","background-image":"","background-repeat":"repeat","background-position":"center center","background-size":"auto","background-attachment":"scroll","background-type":"","background-media":"","overlay-type":"","overlay-color":"","overlay-opacity":"","overlay-gradient":""},"mobile":{"background-color":"","background-image":"","background-repeat":"repeat","background-position":"center center","background-size":"auto","background-attachment":"scroll","background-type":"","background-media":"","overlay-type":"","overlay-color":"","overlay-opacity":"","overlay-gradient":""}},"ast-content-background-meta":{"desktop":{"background-color":"var(--ast-global-color-5)","background-image":"","background-repeat":"repeat","background-position":"center center","background-size":"auto","background-attachment":"scroll","background-type":"","background-media":"","overlay-type":"","overlay-color":"","overlay-opacity":"","overlay-gradient":""},"tablet":{"background-color":"var(--ast-global-color-5)","background-image":"","background-repeat":"repeat","background-position":"center center","background-size":"auto","background-attachment":"scroll","background-type":"","background-media":"","overlay-type":"","overlay-color":"","overlay-opacity":"","overlay-gradient":""},"mobile":{"background-color":"var(--ast-global-color-5)","background-image":"","background-repeat":"repeat","background-position":"center center","background-size":"auto","background-attachment":"scroll","background-type":"","background-media":"","overlay-type":"","overlay-color":"","overlay-opacity":"","overlay-gradient":""}}},"product_brand":[],"product_cat":[85],"product_tag":[],"class_list":{"0":"post-3453","1":"product","2":"type-product","3":"status-publish","4":"has-post-thumbnail","6":"product_cat-appareillage-de-commutation-haute-tension","7":"desktop-align-left","8":"tablet-align-left","9":"mobile-align-left","11":"first","12":"instock","13":"shipping-taxable","14":"product-type-simple"},"_links":{"self":[{"href":"https:\/\/chkhele.com\/fr\/wp-json\/wp\/v2\/product\/3453","targetHints":{"allow":["GET"]}}],"collection":[{"href":"https:\/\/chkhele.com\/fr\/wp-json\/wp\/v2\/product"}],"about":[{"href":"https:\/\/chkhele.com\/fr\/wp-json\/wp\/v2\/types\/product"}],"replies":[{"embeddable":true,"href":"https:\/\/chkhele.com\/fr\/wp-json\/wp\/v2\/comments?post=3453"}],"version-history":[{"count":1,"href":"https:\/\/chkhele.com\/fr\/wp-json\/wp\/v2\/product\/3453\/revisions"}],"predecessor-version":[{"id":3454,"href":"https:\/\/chkhele.com\/fr\/wp-json\/wp\/v2\/product\/3453\/revisions\/3454"}],"wp:featuredmedia":[{"embeddable":true,"href":"https:\/\/chkhele.com\/fr\/wp-json\/wp\/v2\/media\/180"}],"wp:attachment":[{"href":"https:\/\/chkhele.com\/fr\/wp-json\/wp\/v2\/media?parent=3453"}],"wp:term":[{"taxonomy":"product_brand","embeddable":true,"href":"https:\/\/chkhele.com\/fr\/wp-json\/wp\/v2\/product_brand?post=3453"},{"taxonomy":"product_cat","embeddable":true,"href":"https:\/\/chkhele.com\/fr\/wp-json\/wp\/v2\/product_cat?post=3453"},{"taxonomy":"product_tag","embeddable":true,"href":"https:\/\/chkhele.com\/fr\/wp-json\/wp\/v2\/product_tag?post=3453"}],"curies":[{"name":"wp","href":"https:\/\/api.w.org\/{rel}","templated":true}]}}