{"id":3452,"date":"2025-11-25T22:34:43","date_gmt":"2025-11-25T22:34:43","guid":{"rendered":"https:\/\/chkhele.com\/shop\/non class\u00e9\/armoire-debrochable-basse-tension-gck-pour-appareillage-de-commutation\/"},"modified":"2025-11-25T22:34:43","modified_gmt":"2025-11-25T22:34:43","slug":"armoire-debrochable-basse-tension-gck-pour-appareillage-de-commutation","status":"publish","type":"product","link":"https:\/\/chkhele.com\/fr\/shop\/appareillage-de-commutation-basse-tension\/armoire-debrochable-basse-tension-gck-pour-appareillage-de-commutation\/","title":{"rendered":"Armoire d\u00e9brochable basse tension GCK pour appareillage de commutation"},"content":{"rendered":"\t\t<div data-elementor-type=\"section\" data-elementor-id=\"188\" class=\"elementor elementor-188\" data-elementor-post-type=\"elementor_library\">\n\t\t\t<div class=\"elementor-element elementor-element-9e6aad6 e-flex e-con-boxed e-con e-parent\" data-id=\"9e6aad6\" data-element_type=\"container\">\n\t\t\t\t\t<div class=\"e-con-inner\">\n\t\t\t\t<div class=\"elementor-element elementor-element-ceaf64d e-n-tabs-mobile elementor-widget elementor-widget-n-tabs\" data-id=\"ceaf64d\" data-element_type=\"widget\" data-settings=\"{&quot;horizontal_scroll&quot;:&quot;disable&quot;}\" data-widget_type=\"nested-tabs.default\">\n\t\t\t\t<div class=\"elementor-widget-container\">\n\t\t\t\t\t\t\t<div class=\"e-n-tabs\" data-widget-number=\"216725069\" aria-label=\"Onglets. Ouvrez des \u00e9l\u00e9ments avec Entrer ou Espace, fermez-les avec Echape et naviguez \u00e0 l&#039;aide des touches fl\u00e9ch\u00e9es.\">\n\t\t\t<div class=\"e-n-tabs-heading\" role=\"tablist\">\n\t\t\t\t\t<button id=\"e-n-tab-title-2167250691\" data-tab-title-id=\"e-n-tab-title-2167250691\" class=\"e-n-tab-title\" aria-selected=\"true\" data-tab-index=\"1\" role=\"tab\" tabindex=\"0\" aria-controls=\"e-n-tab-content-2167250691\" style=\"--n-tabs-title-order: 1;\">\n\t\t\t\t\t\t<span class=\"e-n-tab-title-text\">\n\t\t\t\tOverview\t\t\t<\/span>\n\t\t<\/button>\n\t\t\t\t<button id=\"e-n-tab-title-2167250692\" data-tab-title-id=\"e-n-tab-title-2167250692\" class=\"e-n-tab-title\" aria-selected=\"false\" data-tab-index=\"2\" role=\"tab\" tabindex=\"-1\" aria-controls=\"e-n-tab-content-2167250692\" style=\"--n-tabs-title-order: 2;\">\n\t\t\t\t\t\t<span class=\"e-n-tab-title-text\">\n\t\t\t\tModel Meaning\t\t\t<\/span>\n\t\t<\/button>\n\t\t\t\t<button id=\"e-n-tab-title-2167250693\" data-tab-title-id=\"e-n-tab-title-2167250693\" class=\"e-n-tab-title\" aria-selected=\"false\" data-tab-index=\"3\" role=\"tab\" tabindex=\"-1\" aria-controls=\"e-n-tab-content-2167250693\" style=\"--n-tabs-title-order: 3;\">\n\t\t\t\t\t\t<span class=\"e-n-tab-title-text\">\n\t\t\t\tConditions of Normal Use\t\t\t<\/span>\n\t\t<\/button>\n\t\t\t\t<button id=\"e-n-tab-title-2167250694\" data-tab-title-id=\"e-n-tab-title-2167250694\" class=\"e-n-tab-title\" aria-selected=\"false\" data-tab-index=\"4\" role=\"tab\" tabindex=\"-1\" aria-controls=\"e-n-tab-content-2167250694\" style=\"--n-tabs-title-order: 4;\">\n\t\t\t\t\t\t<span class=\"e-n-tab-title-text\">\n\t\t\t\tMain Technical Parameters:\t\t\t<\/span>\n\t\t<\/button>\n\t\t\t\t\t<\/div>\n\t\t\t<div class=\"e-n-tabs-content\">\n\t\t\t\t<div id=\"e-n-tab-content-2167250691\" role=\"tabpanel\" aria-labelledby=\"e-n-tab-title-2167250691\" data-tab-index=\"1\" style=\"--n-tabs-title-order: 1;\" class=\"e-active elementor-element elementor-element-0a4b10b e-con-full e-flex e-con e-child\" data-id=\"0a4b10b\" data-element_type=\"container\">\n\t\t\t\t<div class=\"elementor-element elementor-element-fc69f86 elementor-widget elementor-widget-text-editor\" data-id=\"fc69f86\" data-element_type=\"widget\" data-widget_type=\"text-editor.default\">\n\t\t\t\t<div class=\"elementor-widget-container\">\n\t\t\t\t\t\t\t\t\t<p>GCK low-voltage withdrawable switchgear is widely used in power plants, metallurgical steel rolling, petrochemical industry, light industry and textiles, ports and terminals, buildings and hotels and other places as AC three-phase four-wire or five-wire system, voltage 380V, 660V, frequency of 50Hz, rated current of 5000A and below power supply system for power distribution and motor centralized control.<\/p><p>The GCK is type-tested is assembled as a low-voltage switchgear designed to meet the following standards:<br \/>National Standard GB7251.1-2005 \u00ab\u00a0Low-voltage Switchgear\u00a0\u00bb<br \/>Standard IEC60439.1-1992 \u00ab\u00a0Low-voltage switchgear and control equipment\u00a0\u00bb<\/p>\t\t\t\t\t\t\t\t<\/div>\n\t\t\t\t<\/div>\n\t\t\t\t<div class=\"elementor-element elementor-element-fbcf4c7 elementor-widget elementor-widget-image\" data-id=\"fbcf4c7\" data-element_type=\"widget\" data-widget_type=\"image.default\">\n\t\t\t\t<div class=\"elementor-widget-container\">\n\t\t\t\t\t\t\t\t\t\t\t\t\t\t\t<img fetchpriority=\"high\" decoding=\"async\" width=\"1024\" height=\"251\" src=\"https:\/\/chkhele.com\/wp-content\/uploads\/2025\/11\/GCK-Low-voltage-Withdrawable-Switchgear-1-1024x251.webp\" class=\"attachment-large size-large wp-image-191\" alt=\"\" srcset=\"https:\/\/chkhele.com\/wp-content\/uploads\/2025\/11\/GCK-Low-voltage-Withdrawable-Switchgear-1-1024x251.webp 1024w, https:\/\/chkhele.com\/wp-content\/uploads\/2025\/11\/GCK-Low-voltage-Withdrawable-Switchgear-1-600x147.webp 600w, https:\/\/chkhele.com\/wp-content\/uploads\/2025\/11\/GCK-Low-voltage-Withdrawable-Switchgear-1-300x74.webp 300w, https:\/\/chkhele.com\/wp-content\/uploads\/2025\/11\/GCK-Low-voltage-Withdrawable-Switchgear-1-768x188.webp 768w, https:\/\/chkhele.com\/wp-content\/uploads\/2025\/11\/GCK-Low-voltage-Withdrawable-Switchgear-1.webp 1200w\" sizes=\"(max-width: 1024px) 100vw, 1024px\" \/>\t\t\t\t\t\t\t\t\t\t\t\t\t\t\t<\/div>\n\t\t\t\t<\/div>\n\t\t\t\t<\/div>\n\t\t<div id=\"e-n-tab-content-2167250692\" role=\"tabpanel\" aria-labelledby=\"e-n-tab-title-2167250692\" data-tab-index=\"2\" style=\"--n-tabs-title-order: 2;\" class=\" elementor-element elementor-element-13b66ba e-con-full e-flex e-con e-child\" data-id=\"13b66ba\" data-element_type=\"container\">\n\t\t\t\t<div class=\"elementor-element elementor-element-708052c elementor-widget elementor-widget-image\" data-id=\"708052c\" data-element_type=\"widget\" data-widget_type=\"image.default\">\n\t\t\t\t<div class=\"elementor-widget-container\">\n\t\t\t\t\t\t\t\t\t\t\t\t\t\t\t<img decoding=\"async\" width=\"600\" height=\"189\" src=\"https:\/\/chkhele.com\/wp-content\/uploads\/2025\/11\/GCK-Low-voltage-Withdrawable-Switchgear-2.webp\" class=\"attachment-large size-large wp-image-192\" alt=\"\" srcset=\"https:\/\/chkhele.com\/wp-content\/uploads\/2025\/11\/GCK-Low-voltage-Withdrawable-Switchgear-2.webp 600w, https:\/\/chkhele.com\/wp-content\/uploads\/2025\/11\/GCK-Low-voltage-Withdrawable-Switchgear-2-300x95.webp 300w\" sizes=\"(max-width: 600px) 100vw, 600px\" \/>\t\t\t\t\t\t\t\t\t\t\t\t\t\t\t<\/div>\n\t\t\t\t<\/div>\n\t\t\t\t<\/div>\n\t\t<div id=\"e-n-tab-content-2167250693\" role=\"tabpanel\" aria-labelledby=\"e-n-tab-title-2167250693\" data-tab-index=\"3\" style=\"--n-tabs-title-order: 3;\" class=\" elementor-element elementor-element-1a1a8e0 e-con-full e-flex e-con e-child\" data-id=\"1a1a8e0\" data-element_type=\"container\">\n\t\t\t\t<div class=\"elementor-element elementor-element-e312074 elementor-widget elementor-widget-text-editor\" data-id=\"e312074\" data-element_type=\"widget\" data-widget_type=\"text-editor.default\">\n\t\t\t\t<div class=\"elementor-widget-container\">\n\t\t\t\t\t\t\t\t\t<ul><li>The ambient air temperature is not higher than +40\u00b0C and not lower than -5\u00b0C, and the average temperature is not higher than +35\u00b0C within 24 hours;<\/li><li>The relative temperature is not more than 50% at +40\u00b0C, and a higher relative temperature is allowed at lower temperature, such as 90% at +20\u00b0C;<\/li><li>Clean air, no corrosive and explosive gases, no conductive and insulation-destroying dust:<\/li><li>When there is no shaking and shock vibration, the inclination should not be greater than 5 degrees for vertical installation;<\/li><li>The altitude does not exceed 2000 meters;<\/li><li>The switch cabinet is suitable for transportation and storage at the following temperatures: -25\u00b0C to +55\u00b0C, and not more than +70\u00b0C in a short time (no more than 24 hours);<\/li><li>If the user cannot meet the above conditions, he or she shall negotiate with the manufacturer.<\/li><\/ul>\t\t\t\t\t\t\t\t<\/div>\n\t\t\t\t<\/div>\n\t\t\t\t<\/div>\n\t\t<div id=\"e-n-tab-content-2167250694\" role=\"tabpanel\" aria-labelledby=\"e-n-tab-title-2167250694\" data-tab-index=\"4\" style=\"--n-tabs-title-order: 4;\" class=\" elementor-element elementor-element-aa8fc6c e-flex e-con-boxed e-con e-child\" data-id=\"aa8fc6c\" data-element_type=\"container\">\n\t\t\t\t\t<div class=\"e-con-inner\">\n\t\t\t\t<div class=\"elementor-element elementor-element-b13ff68 elementor-widget elementor-widget-text-editor\" data-id=\"b13ff68\" data-element_type=\"widget\" data-widget_type=\"text-editor.default\">\n\t\t\t\t<div class=\"elementor-widget-container\">\n\t\t\t\t\t\t\t\t\t<ul><li>Rated insulation voltage: 660V\/1000V<\/li><li>Rated working voltage: 400V\/660V<\/li><li>Rated working voltage of auxiliary circuit: AC 380V, 220V, DC 110V, 220V<\/li><li>Bus rated current: 1000A, 1250A, 1600A, 2000A, 2500A, 3200A, 4000A, 5000A<\/li><li>Rated short-time withstand current of bus: 50kA, 80kA (effective value) for 1 second<\/li><li>Rated peak withstand current of bus: 105kA\/0.1s, 140kA\/0.1s, 176kA\/0.1s<\/li><li>Branch bus rated current: 630A, 1000A, 1250A, 1600A<\/li><li>Rated short-time withstand current of branch bus: 30kA, 50kA (effective value) for 1 second<\/li><li>Rated peak withstand current of branch bus: 63kA, 105kA\/0.1s<\/li><li>Enclosure protection level: IP30, IP40<\/li><li>Bus setting: three-phase four-wire system, three-phase five-wire system<\/li><li>Operation mode: local, remote, automatic<\/li><\/ul>\t\t\t\t\t\t\t\t<\/div>\n\t\t\t\t<\/div>\n\t\t\t\t\t<\/div>\n\t\t\t\t<\/div>\n\t\t\t\t\t<\/div>\n\t\t<\/div>\n\t\t\t\t\t\t<\/div>\n\t\t\t\t<\/div>\n\t\t\t\t\t<\/div>\n\t\t\t\t<\/div>\n\t\t\t\t<\/div>\n\t\t\n","protected":false},"excerpt":{"rendered":"<p>Le tableau de distribution GCK \u00e0 basse tension d\u00e9brochable est largement utilis\u00e9 dans les centrales \u00e9lectriques, les aci\u00e9ries m\u00e9tallurgiques, l&rsquo;industrie p\u00e9trochimique, l&rsquo;industrie l\u00e9g\u00e8re et textile, les ports et terminaux, les b\u00e2timents et h\u00f4tels et autres lieux en tant que syst\u00e8me d&rsquo;alimentation \u00e9lectrique triphas\u00e9 \u00e0 quatre ou cinq fils, tension 380 V, 660 V, fr\u00e9quence 50 Hz, courant nominal de 5000 A et moins pour la distribution d&rsquo;\u00e9nergie et la commande centralis\u00e9e des moteurs.<\/p>\n","protected":false},"featured_media":187,"comment_status":"open","ping_status":"closed","template":"","meta":{"site-sidebar-layout":"default","site-content-layout":"","ast-site-content-layout":"default","site-content-style":"default","site-sidebar-style":"default","ast-global-header-display":"","ast-banner-title-visibility":"","ast-main-header-display":"","ast-hfb-above-header-display":"","ast-hfb-below-header-display":"","ast-hfb-mobile-header-display":"","site-post-title":"","ast-breadcrumbs-content":"","ast-featured-img":"","footer-sml-layout":"","ast-disable-related-posts":"","theme-transparent-header-meta":"default","adv-header-id-meta":"","stick-header-meta":"","header-above-stick-meta":"","header-main-stick-meta":"","header-below-stick-meta":"","astra-migrate-meta-layouts":"default","ast-page-background-enabled":"default","ast-page-background-meta":{"desktop":{"background-color":"var(--ast-global-color-4)","background-image":"","background-repeat":"repeat","background-position":"center center","background-size":"auto","background-attachment":"scroll","background-type":"","background-media":"","overlay-type":"","overlay-color":"","overlay-opacity":"","overlay-gradient":""},"tablet":{"background-color":"","background-image":"","background-repeat":"repeat","background-position":"center center","background-size":"auto","background-attachment":"scroll","background-type":"","background-media":"","overlay-type":"","overlay-color":"","overlay-opacity":"","overlay-gradient":""},"mobile":{"background-color":"","background-image":"","background-repeat":"repeat","background-position":"center center","background-size":"auto","background-attachment":"scroll","background-type":"","background-media":"","overlay-type":"","overlay-color":"","overlay-opacity":"","overlay-gradient":""}},"ast-content-background-meta":{"desktop":{"background-color":"var(--ast-global-color-5)","background-image":"","background-repeat":"repeat","background-position":"center center","background-size":"auto","background-attachment":"scroll","background-type":"","background-media":"","overlay-type":"","overlay-color":"","overlay-opacity":"","overlay-gradient":""},"tablet":{"background-color":"var(--ast-global-color-5)","background-image":"","background-repeat":"repeat","background-position":"center center","background-size":"auto","background-attachment":"scroll","background-type":"","background-media":"","overlay-type":"","overlay-color":"","overlay-opacity":"","overlay-gradient":""},"mobile":{"background-color":"var(--ast-global-color-5)","background-image":"","background-repeat":"repeat","background-position":"center center","background-size":"auto","background-attachment":"scroll","background-type":"","background-media":"","overlay-type":"","overlay-color":"","overlay-opacity":"","overlay-gradient":""}}},"product_brand":[],"product_cat":[86],"product_tag":[],"class_list":{"0":"post-3452","1":"product","2":"type-product","3":"status-publish","4":"has-post-thumbnail","6":"product_cat-appareillage-de-commutation-basse-tension","7":"desktop-align-left","8":"tablet-align-left","9":"mobile-align-left","11":"first","12":"instock","13":"shipping-taxable","14":"product-type-simple"},"_links":{"self":[{"href":"https:\/\/chkhele.com\/fr\/wp-json\/wp\/v2\/product\/3452","targetHints":{"allow":["GET"]}}],"collection":[{"href":"https:\/\/chkhele.com\/fr\/wp-json\/wp\/v2\/product"}],"about":[{"href":"https:\/\/chkhele.com\/fr\/wp-json\/wp\/v2\/types\/product"}],"replies":[{"embeddable":true,"href":"https:\/\/chkhele.com\/fr\/wp-json\/wp\/v2\/comments?post=3452"}],"version-history":[{"count":0,"href":"https:\/\/chkhele.com\/fr\/wp-json\/wp\/v2\/product\/3452\/revisions"}],"wp:featuredmedia":[{"embeddable":true,"href":"https:\/\/chkhele.com\/fr\/wp-json\/wp\/v2\/media\/187"}],"wp:attachment":[{"href":"https:\/\/chkhele.com\/fr\/wp-json\/wp\/v2\/media?parent=3452"}],"wp:term":[{"taxonomy":"product_brand","embeddable":true,"href":"https:\/\/chkhele.com\/fr\/wp-json\/wp\/v2\/product_brand?post=3452"},{"taxonomy":"product_cat","embeddable":true,"href":"https:\/\/chkhele.com\/fr\/wp-json\/wp\/v2\/product_cat?post=3452"},{"taxonomy":"product_tag","embeddable":true,"href":"https:\/\/chkhele.com\/fr\/wp-json\/wp\/v2\/product_tag?post=3452"}],"curies":[{"name":"wp","href":"https:\/\/api.w.org\/{rel}","templated":true}]}}