{"id":3450,"date":"2025-11-25T22:46:50","date_gmt":"2025-11-25T22:46:50","guid":{"rendered":"https:\/\/chkhele.com\/shop\/non%20class\u00e9\/armoire-basse-tension-debrochable-gcs\/"},"modified":"2026-04-12T01:44:22","modified_gmt":"2026-04-12T01:44:22","slug":"armoire-basse-tension-debrochable-gcs","status":"publish","type":"product","link":"https:\/\/chkhele.com\/fr\/shop\/appareillage-de-commutation-basse-tension\/armoire-basse-tension-debrochable-gcs\/","title":{"rendered":"Armoire basse tension d\u00e9brochable GCS"},"content":{"rendered":"\t\t<div data-elementor-type=\"section\" data-elementor-id=\"197\" class=\"elementor elementor-197\" data-elementor-post-type=\"elementor_library\">\n\t\t\t<div class=\"elementor-element elementor-element-0c90c2e e-flex e-con-boxed e-con e-parent\" data-id=\"0c90c2e\" data-element_type=\"container\">\n\t\t\t\t\t<div class=\"e-con-inner\">\n\t\t\t\t<div class=\"elementor-element elementor-element-741fdde e-n-tabs-mobile elementor-widget elementor-widget-n-tabs\" data-id=\"741fdde\" data-element_type=\"widget\" data-settings=\"{&quot;horizontal_scroll&quot;:&quot;disable&quot;}\" data-widget_type=\"nested-tabs.default\">\n\t\t\t\t<div class=\"elementor-widget-container\">\n\t\t\t\t\t\t\t<div class=\"e-n-tabs\" data-widget-number=\"121765342\" aria-label=\"Onglets. Ouvrez des \u00e9l\u00e9ments avec Entrer ou Espace, fermez-les avec Echape et naviguez \u00e0 l&#039;aide des touches fl\u00e9ch\u00e9es.\">\n\t\t\t<div class=\"e-n-tabs-heading\" role=\"tablist\">\n\t\t\t\t\t<button id=\"e-n-tab-title-1217653421\" data-tab-title-id=\"e-n-tab-title-1217653421\" class=\"e-n-tab-title\" aria-selected=\"true\" data-tab-index=\"1\" role=\"tab\" tabindex=\"0\" aria-controls=\"e-n-tab-content-1217653421\" style=\"--n-tabs-title-order: 1;\">\n\t\t\t\t\t\t<span class=\"e-n-tab-title-text\">\n\t\t\t\tProduct Introduction\t\t\t<\/span>\n\t\t<\/button>\n\t\t\t\t<button id=\"e-n-tab-title-1217653422\" data-tab-title-id=\"e-n-tab-title-1217653422\" class=\"e-n-tab-title\" aria-selected=\"false\" data-tab-index=\"2\" role=\"tab\" tabindex=\"-1\" aria-controls=\"e-n-tab-content-1217653422\" style=\"--n-tabs-title-order: 2;\">\n\t\t\t\t\t\t<span class=\"e-n-tab-title-text\">\n\t\t\t\tModel Meaning\t\t\t<\/span>\n\t\t<\/button>\n\t\t\t\t<button id=\"e-n-tab-title-1217653423\" data-tab-title-id=\"e-n-tab-title-1217653423\" class=\"e-n-tab-title\" aria-selected=\"false\" data-tab-index=\"3\" role=\"tab\" tabindex=\"-1\" aria-controls=\"e-n-tab-content-1217653423\" style=\"--n-tabs-title-order: 3;\">\n\t\t\t\t\t\t<span class=\"e-n-tab-title-text\">\n\t\t\t\tWorking Conditions\t\t\t<\/span>\n\t\t<\/button>\n\t\t\t\t<button id=\"e-n-tab-title-1217653424\" data-tab-title-id=\"e-n-tab-title-1217653424\" class=\"e-n-tab-title\" aria-selected=\"false\" data-tab-index=\"4\" role=\"tab\" tabindex=\"-1\" aria-controls=\"e-n-tab-content-1217653424\" style=\"--n-tabs-title-order: 4;\">\n\t\t\t\t\t\t<span class=\"e-n-tab-title-text\">\n\t\t\t\tMain Technical Parameters\t\t\t<\/span>\n\t\t<\/button>\n\t\t\t\t<button id=\"e-n-tab-title-1217653425\" data-tab-title-id=\"e-n-tab-title-1217653425\" class=\"e-n-tab-title\" aria-selected=\"false\" data-tab-index=\"5\" role=\"tab\" tabindex=\"-1\" aria-controls=\"e-n-tab-content-1217653425\" style=\"--n-tabs-title-order: 5;\">\n\t\t\t\t\t\t<span class=\"e-n-tab-title-text\">\n\t\t\t\t Main circuit scheme\t\t\t<\/span>\n\t\t<\/button>\n\t\t\t\t<button id=\"e-n-tab-title-1217653426\" data-tab-title-id=\"e-n-tab-title-1217653426\" class=\"e-n-tab-title\" aria-selected=\"false\" data-tab-index=\"6\" role=\"tab\" tabindex=\"-1\" aria-controls=\"e-n-tab-content-1217653426\" style=\"--n-tabs-title-order: 6;\">\n\t\t\t\t\t\t<span class=\"e-n-tab-title-text\">\n\t\t\t\tAuxiliary circuit scheme\t\t\t<\/span>\n\t\t<\/button>\n\t\t\t\t\t<\/div>\n\t\t\t<div class=\"e-n-tabs-content\">\n\t\t\t\t<div id=\"e-n-tab-content-1217653421\" role=\"tabpanel\" aria-labelledby=\"e-n-tab-title-1217653421\" data-tab-index=\"1\" style=\"--n-tabs-title-order: 1;\" class=\"e-active elementor-element elementor-element-6afb882 e-con-full e-flex e-con e-child\" data-id=\"6afb882\" data-element_type=\"container\">\n\t\t\t\t<div class=\"elementor-element elementor-element-c401b08 elementor-widget elementor-widget-text-editor\" data-id=\"c401b08\" data-element_type=\"widget\" data-widget_type=\"text-editor.default\">\n\t\t\t\t<div class=\"elementor-widget-container\">\n\t\t\t\t\t\t\t\t\t<p>GCS low-voltage withdrawable switchgear is suitable for power distribution systems in power plants, petroleum, chemical, metallurgy, textiles, high-rise buildings and other industries. In large power plants, petrochemical systems and other places with a high degree of automation and computer interface, as a three-phase AC frequency of 50 (60) Hz, rated working voltage of 400V, 660V, rated current of 5000A and below in the power generation and power supply system of power distribution, motor centralized control, reactive power compensation used in the low-voltage complete set of power distribution devices.<\/p><p>The design of the device complies with the following standards: IEC439-1 \u00ab\u00a0Low-voltage switchgear and control equipment\u00a0\u00bb GB7251 \u00ab\u00a0Low-voltage switchgear\u00a0\u00bb.<\/p>\t\t\t\t\t\t\t\t<\/div>\n\t\t\t\t<\/div>\n\t\t\t\t<\/div>\n\t\t<div id=\"e-n-tab-content-1217653422\" role=\"tabpanel\" aria-labelledby=\"e-n-tab-title-1217653422\" data-tab-index=\"2\" style=\"--n-tabs-title-order: 2;\" class=\" elementor-element elementor-element-8b5a6d2 e-con-full e-flex e-con e-child\" data-id=\"8b5a6d2\" data-element_type=\"container\">\n\t\t\t\t<div class=\"elementor-element elementor-element-8a0e9bd elementor-widget elementor-widget-image\" data-id=\"8a0e9bd\" data-element_type=\"widget\" data-widget_type=\"image.default\">\n\t\t\t\t<div class=\"elementor-widget-container\">\n\t\t\t\t\t\t\t\t\t\t\t\t\t\t\t<img fetchpriority=\"high\" decoding=\"async\" width=\"600\" height=\"189\" src=\"https:\/\/chkhele.com\/wp-content\/uploads\/2025\/11\/GCS-Low-Voltage-Withdrawable-Switch-Cabinet-1.webp\" class=\"attachment-large size-large wp-image-198\" alt=\"\" srcset=\"https:\/\/chkhele.com\/wp-content\/uploads\/2025\/11\/GCS-Low-Voltage-Withdrawable-Switch-Cabinet-1.webp 600w, https:\/\/chkhele.com\/wp-content\/uploads\/2025\/11\/GCS-Low-Voltage-Withdrawable-Switch-Cabinet-1-300x95.webp 300w\" sizes=\"(max-width: 600px) 100vw, 600px\" \/>\t\t\t\t\t\t\t\t\t\t\t\t\t\t\t<\/div>\n\t\t\t\t<\/div>\n\t\t\t\t<\/div>\n\t\t<div id=\"e-n-tab-content-1217653423\" role=\"tabpanel\" aria-labelledby=\"e-n-tab-title-1217653423\" data-tab-index=\"3\" style=\"--n-tabs-title-order: 3;\" class=\" elementor-element elementor-element-0157fbc e-con-full e-flex e-con e-child\" data-id=\"0157fbc\" data-element_type=\"container\">\n\t\t\t\t<div class=\"elementor-element elementor-element-6ed5fd8 elementor-widget elementor-widget-text-editor\" data-id=\"6ed5fd8\" data-element_type=\"widget\" data-widget_type=\"text-editor.default\">\n\t\t\t\t<div class=\"elementor-widget-container\">\n\t\t\t\t\t\t\t\t\t<ul><li>\u00a0The ambient air temperature shall not be higher than +40\u00b0C, not lower than -5\u00b0C, and the average temperature shall not be higher than +35\u00b0C in 24 hours. When exceeded, the capacity needs to be reduced according to the actual situation.<\/li><li>\u00a0For indoor use, the altitude of the place of use shall not exceed 2000m;<\/li><li>\u00a0The relative humidity of the surrounding air should not exceed 50% at +40\u00b0C, and a large relative humidity is allowed at lower temperatures, such as 90% at +20\u00b0C.<\/li><li>\u00a0When the device is installed, the inclination with the vertical plane does not exceed 5\u00b0, and the whole group of cabinets is relatively flat (in line with GBJ232-82 standard);<\/li><li>\u00a0The device should be installed in a place where there is no violent vibration and impact and it is not enough to corrode the electrical components;<\/li><li>\u00a0When the user has requirements, they can negotiate with the manufacturer to solve the problem.<\/li><\/ul>\t\t\t\t\t\t\t\t<\/div>\n\t\t\t\t<\/div>\n\t\t\t\t<\/div>\n\t\t<div id=\"e-n-tab-content-1217653424\" role=\"tabpanel\" aria-labelledby=\"e-n-tab-title-1217653424\" data-tab-index=\"4\" style=\"--n-tabs-title-order: 4;\" class=\" elementor-element elementor-element-3c540eb e-flex e-con-boxed e-con e-child\" data-id=\"3c540eb\" data-element_type=\"container\">\n\t\t\t\t\t<div class=\"e-con-inner\">\n\t\t\t\t<div class=\"elementor-element elementor-element-29abf4e elementor-widget elementor-widget-text-editor\" data-id=\"29abf4e\" data-element_type=\"widget\" data-widget_type=\"text-editor.default\">\n\t\t\t\t<div class=\"elementor-widget-container\">\n\t\t\t\t\t\t\t\t\t<p>The basic technical parameters are shown in Table 1<\/p>\t\t\t\t\t\t\t\t<\/div>\n\t\t\t\t<\/div>\n\t\t\t\t<div class=\"elementor-element elementor-element-e6ce5cc elementor-widget elementor-widget-image\" data-id=\"e6ce5cc\" data-element_type=\"widget\" data-widget_type=\"image.default\">\n\t\t\t\t<div class=\"elementor-widget-container\">\n\t\t\t\t\t\t\t\t\t\t\t\t\t\t\t<img decoding=\"async\" width=\"1024\" height=\"323\" src=\"https:\/\/chkhele.com\/wp-content\/uploads\/2025\/11\/GCS-Low-Voltage-Withdrawable-Switch-Cabinet-2-1024x323.webp\" class=\"attachment-large size-large wp-image-199\" alt=\"\" srcset=\"https:\/\/chkhele.com\/wp-content\/uploads\/2025\/11\/GCS-Low-Voltage-Withdrawable-Switch-Cabinet-2-1024x323.webp 1024w, https:\/\/chkhele.com\/wp-content\/uploads\/2025\/11\/GCS-Low-Voltage-Withdrawable-Switch-Cabinet-2-600x190.webp 600w, https:\/\/chkhele.com\/wp-content\/uploads\/2025\/11\/GCS-Low-Voltage-Withdrawable-Switch-Cabinet-2-300x95.webp 300w, https:\/\/chkhele.com\/wp-content\/uploads\/2025\/11\/GCS-Low-Voltage-Withdrawable-Switch-Cabinet-2-768x243.webp 768w, https:\/\/chkhele.com\/wp-content\/uploads\/2025\/11\/GCS-Low-Voltage-Withdrawable-Switch-Cabinet-2.webp 1200w\" sizes=\"(max-width: 1024px) 100vw, 1024px\" \/>\t\t\t\t\t\t\t\t\t\t\t\t\t\t\t<\/div>\n\t\t\t\t<\/div>\n\t\t\t\t\t<\/div>\n\t\t\t\t<\/div>\n\t\t<div id=\"e-n-tab-content-1217653425\" role=\"tabpanel\" aria-labelledby=\"e-n-tab-title-1217653425\" data-tab-index=\"5\" style=\"--n-tabs-title-order: 5;\" class=\" elementor-element elementor-element-797d527 e-flex e-con-boxed e-con e-child\" data-id=\"797d527\" data-element_type=\"container\">\n\t\t\t\t\t<div class=\"e-con-inner\">\n\t\t\t\t<div class=\"elementor-element elementor-element-e63fcc0 elementor-widget elementor-widget-text-editor\" data-id=\"e63fcc0\" data-element_type=\"widget\" data-widget_type=\"text-editor.default\">\n\t\t\t\t<div class=\"elementor-widget-container\">\n\t\t\t\t\t\t\t\t\t<p>There are a total of 32 groups and 118 specifications of the main circuit scheme of the GCS cabinet, excluding the scheme and specifications derived due to the change of control and protection of the auxiliary circuit. Including the needs of power generation, power supply and other power users, the rated working current is 5000A, suitable for distribution transformers of 2500kVA and below. In addition, a capacitor compensation cabinet is designed to meet the needs of improving the power factor of power supply and consumption, and a reactor cabinet is designed to consider the needs of comprehensive investment.<\/p>\t\t\t\t\t\t\t\t<\/div>\n\t\t\t\t<\/div>\n\t\t\t\t\t<\/div>\n\t\t\t\t<\/div>\n\t\t<div id=\"e-n-tab-content-1217653426\" role=\"tabpanel\" aria-labelledby=\"e-n-tab-title-1217653426\" data-tab-index=\"6\" style=\"--n-tabs-title-order: 6;\" class=\" elementor-element elementor-element-567d054 e-flex e-con-boxed e-con e-child\" data-id=\"567d054\" data-element_type=\"container\">\n\t\t\t\t\t<div class=\"e-con-inner\">\n\t\t\t\t<div class=\"elementor-element elementor-element-45a36bb elementor-widget elementor-widget-text-editor\" data-id=\"45a36bb\" data-element_type=\"widget\" data-widget_type=\"text-editor.default\">\n\t\t\t\t<div class=\"elementor-widget-container\">\n\t\t\t\t\t\t\t\t\t<p>There are a total of 120 auxiliary circuit schemes in the GCS auxiliary circuit diagram, which is divided into two volumes. The first volume of \u00ab\u00a0AC Operation Part\u00a0\u00bb is divided into 63 schemes, and the second volume of \u00ab\u00a0DC Operation Part\u00a0\u00bb has a total of 57 schemes. The auxiliary circuit scheme of the DC operation part is mainly used for the low-voltage plant (place) system of the power plant substation. It is suitable for the general control mode of low-voltage plant systems of 200MW and below and 300MW and above capacity units, working (standby) power supply inlet, power feeder and motor feeder.<\/p><p>The auxiliary scheme of the AC operation part is mainly used for the low-voltage system of the substation of factories and mining enterprises and high-rise buildings. There are 6 combinations for dual-power operation control. And it is equipped with control circuits such as self-throwing and self-recovery for operation electrical interlocking, which can be directly adopted in engineering design.<\/p><p>DC control power supply is DC 220V or 110V, AC control power supply is AC 380V or 220V, and a complete set of cabinets composed of drawer units. The 220V control power supply is drawn from the public control power supply of the special control transformer in this cabinet, and the public control power supply adopts the non-grounded control transformer, and the 24V power supply is reserved for the use of weak current signal lights.<\/p><p>The installation location of the watt-hour meter, the introduction method of the voltage signal and other installation and use requirements are detailed in the \u00ab\u00a0Preparation Instructions\u00a0\u00bb of the auxiliary circuit diagram.<\/p>\t\t\t\t\t\t\t\t<\/div>\n\t\t\t\t<\/div>\n\t\t\t\t\t<\/div>\n\t\t\t\t<\/div>\n\t\t\t\t\t<\/div>\n\t\t<\/div>\n\t\t\t\t\t\t<\/div>\n\t\t\t\t<\/div>\n\t\t\t\t\t<\/div>\n\t\t\t\t<\/div>\n\t\t\t\t<\/div>\n\t\t\n","protected":false},"excerpt":{"rendered":"<p>Le tableau de distribution d\u00e9brochable GCS convient aux syst\u00e8mes de distribution d&rsquo;\u00e9nergie dans les centrales \u00e9lectriques, les industries p\u00e9troli\u00e8res, chimiques, m\u00e9tallurgiques, textiles, les immeubles de grande hauteur et autres industries. Dans les grandes centrales \u00e9lectriques, les syst\u00e8mes p\u00e9trochimiques et autres lieux pr\u00e9sentant un degr\u00e9 \u00e9lev\u00e9 d&rsquo;automatisation et d&rsquo;interface informatique, comme une fr\u00e9quence CA triphas\u00e9e de 50 (60) Hz, une tension de fonctionnement nominale de 400 V, 660 V, un courant nominal de 5000 A et moins dans le syst\u00e8me de production et d&rsquo;alimentation \u00e9lectrique de la distribution d&rsquo;\u00e9nergie, la commande centralis\u00e9e des moteurs, la compensation de puissance r\u00e9active utilis\u00e9e dans l&rsquo;ensemble complet des dispositifs de distribution d&rsquo;\u00e9nergie basse tension.<\/p>\n","protected":false},"featured_media":196,"comment_status":"open","ping_status":"closed","template":"","meta":{"site-sidebar-layout":"default","site-content-layout":"","ast-site-content-layout":"default","site-content-style":"default","site-sidebar-style":"default","ast-global-header-display":"","ast-banner-title-visibility":"","ast-main-header-display":"","ast-hfb-above-header-display":"","ast-hfb-below-header-display":"","ast-hfb-mobile-header-display":"","site-post-title":"","ast-breadcrumbs-content":"","ast-featured-img":"","footer-sml-layout":"","ast-disable-related-posts":"","theme-transparent-header-meta":"default","adv-header-id-meta":"","stick-header-meta":"","header-above-stick-meta":"","header-main-stick-meta":"","header-below-stick-meta":"","astra-migrate-meta-layouts":"default","ast-page-background-enabled":"default","ast-page-background-meta":{"desktop":{"background-color":"var(--ast-global-color-4)","background-image":"","background-repeat":"repeat","background-position":"center center","background-size":"auto","background-attachment":"scroll","background-type":"","background-media":"","overlay-type":"","overlay-color":"","overlay-opacity":"","overlay-gradient":""},"tablet":{"background-color":"","background-image":"","background-repeat":"repeat","background-position":"center center","background-size":"auto","background-attachment":"scroll","background-type":"","background-media":"","overlay-type":"","overlay-color":"","overlay-opacity":"","overlay-gradient":""},"mobile":{"background-color":"","background-image":"","background-repeat":"repeat","background-position":"center center","background-size":"auto","background-attachment":"scroll","background-type":"","background-media":"","overlay-type":"","overlay-color":"","overlay-opacity":"","overlay-gradient":""}},"ast-content-background-meta":{"desktop":{"background-color":"var(--ast-global-color-5)","background-image":"","background-repeat":"repeat","background-position":"center center","background-size":"auto","background-attachment":"scroll","background-type":"","background-media":"","overlay-type":"","overlay-color":"","overlay-opacity":"","overlay-gradient":""},"tablet":{"background-color":"var(--ast-global-color-5)","background-image":"","background-repeat":"repeat","background-position":"center center","background-size":"auto","background-attachment":"scroll","background-type":"","background-media":"","overlay-type":"","overlay-color":"","overlay-opacity":"","overlay-gradient":""},"mobile":{"background-color":"var(--ast-global-color-5)","background-image":"","background-repeat":"repeat","background-position":"center center","background-size":"auto","background-attachment":"scroll","background-type":"","background-media":"","overlay-type":"","overlay-color":"","overlay-opacity":"","overlay-gradient":""}}},"product_brand":[],"product_cat":[86],"product_tag":[],"class_list":{"0":"post-3450","1":"product","2":"type-product","3":"status-publish","4":"has-post-thumbnail","6":"product_cat-appareillage-de-commutation-basse-tension","7":"desktop-align-left","8":"tablet-align-left","9":"mobile-align-left","11":"first","12":"instock","13":"shipping-taxable","14":"product-type-simple"},"_links":{"self":[{"href":"https:\/\/chkhele.com\/fr\/wp-json\/wp\/v2\/product\/3450","targetHints":{"allow":["GET"]}}],"collection":[{"href":"https:\/\/chkhele.com\/fr\/wp-json\/wp\/v2\/product"}],"about":[{"href":"https:\/\/chkhele.com\/fr\/wp-json\/wp\/v2\/types\/product"}],"replies":[{"embeddable":true,"href":"https:\/\/chkhele.com\/fr\/wp-json\/wp\/v2\/comments?post=3450"}],"version-history":[{"count":1,"href":"https:\/\/chkhele.com\/fr\/wp-json\/wp\/v2\/product\/3450\/revisions"}],"predecessor-version":[{"id":3451,"href":"https:\/\/chkhele.com\/fr\/wp-json\/wp\/v2\/product\/3450\/revisions\/3451"}],"wp:featuredmedia":[{"embeddable":true,"href":"https:\/\/chkhele.com\/fr\/wp-json\/wp\/v2\/media\/196"}],"wp:attachment":[{"href":"https:\/\/chkhele.com\/fr\/wp-json\/wp\/v2\/media?parent=3450"}],"wp:term":[{"taxonomy":"product_brand","embeddable":true,"href":"https:\/\/chkhele.com\/fr\/wp-json\/wp\/v2\/product_brand?post=3450"},{"taxonomy":"product_cat","embeddable":true,"href":"https:\/\/chkhele.com\/fr\/wp-json\/wp\/v2\/product_cat?post=3450"},{"taxonomy":"product_tag","embeddable":true,"href":"https:\/\/chkhele.com\/fr\/wp-json\/wp\/v2\/product_tag?post=3450"}],"curies":[{"name":"wp","href":"https:\/\/api.w.org\/{rel}","templated":true}]}}