{"id":3446,"date":"2025-11-25T23:07:06","date_gmt":"2025-11-25T23:07:06","guid":{"rendered":"https:\/\/chkhele.com\/shop\/non%20class\u00e9\/appareillage-de-commutation-basse-tension-mns-debrochable\/"},"modified":"2026-04-12T01:41:37","modified_gmt":"2026-04-12T01:41:37","slug":"appareillage-de-commutation-basse-tension-mns-debrochable","status":"publish","type":"product","link":"https:\/\/chkhele.com\/fr\/shop\/appareillage-de-commutation-basse-tension\/appareillage-de-commutation-basse-tension-mns-debrochable\/","title":{"rendered":"Appareillage de commutation basse tension MNS d\u00e9brochable"},"content":{"rendered":"\t\t<div data-elementor-type=\"section\" data-elementor-id=\"204\" class=\"elementor elementor-204\" data-elementor-post-type=\"elementor_library\">\n\t\t\t<div class=\"elementor-element elementor-element-f549971 e-flex e-con-boxed e-con e-parent\" data-id=\"f549971\" data-element_type=\"container\">\n\t\t\t\t\t<div class=\"e-con-inner\">\n\t\t\t\t<div class=\"elementor-element elementor-element-cdb4ec5 e-n-tabs-mobile elementor-widget elementor-widget-n-tabs\" data-id=\"cdb4ec5\" data-element_type=\"widget\" data-settings=\"{&quot;horizontal_scroll&quot;:&quot;disable&quot;}\" data-widget_type=\"nested-tabs.default\">\n\t\t\t\t<div class=\"elementor-widget-container\">\n\t\t\t\t\t\t\t<div class=\"e-n-tabs\" data-widget-number=\"215699141\" aria-label=\"Onglets. Ouvrez des \u00e9l\u00e9ments avec Entrer ou Espace, fermez-les avec Echape et naviguez \u00e0 l&#039;aide des touches fl\u00e9ch\u00e9es.\">\n\t\t\t<div class=\"e-n-tabs-heading\" role=\"tablist\">\n\t\t\t\t\t<button id=\"e-n-tab-title-2156991411\" data-tab-title-id=\"e-n-tab-title-2156991411\" class=\"e-n-tab-title\" aria-selected=\"true\" data-tab-index=\"1\" role=\"tab\" tabindex=\"0\" aria-controls=\"e-n-tab-content-2156991411\" style=\"--n-tabs-title-order: 1;\">\n\t\t\t\t\t\t<span class=\"e-n-tab-title-text\">\n\t\t\t\tProduct Introduction\t\t\t<\/span>\n\t\t<\/button>\n\t\t\t\t<button id=\"e-n-tab-title-2156991412\" data-tab-title-id=\"e-n-tab-title-2156991412\" class=\"e-n-tab-title\" aria-selected=\"false\" data-tab-index=\"2\" role=\"tab\" tabindex=\"-1\" aria-controls=\"e-n-tab-content-2156991412\" style=\"--n-tabs-title-order: 2;\">\n\t\t\t\t\t\t<span class=\"e-n-tab-title-text\">\n\t\t\t\tModel Meaning\t\t\t<\/span>\n\t\t<\/button>\n\t\t\t\t<button id=\"e-n-tab-title-2156991413\" data-tab-title-id=\"e-n-tab-title-2156991413\" class=\"e-n-tab-title\" aria-selected=\"false\" data-tab-index=\"3\" role=\"tab\" tabindex=\"-1\" aria-controls=\"e-n-tab-content-2156991413\" style=\"--n-tabs-title-order: 3;\">\n\t\t\t\t\t\t<span class=\"e-n-tab-title-text\">\n\t\t\t\tWorking Conditions\t\t\t<\/span>\n\t\t<\/button>\n\t\t\t\t<button id=\"e-n-tab-title-2156991414\" data-tab-title-id=\"e-n-tab-title-2156991414\" class=\"e-n-tab-title\" aria-selected=\"false\" data-tab-index=\"4\" role=\"tab\" tabindex=\"-1\" aria-controls=\"e-n-tab-content-2156991414\" style=\"--n-tabs-title-order: 4;\">\n\t\t\t\t\t\t<span class=\"e-n-tab-title-text\">\n\t\t\t\tMain Technical Parameters\t\t\t<\/span>\n\t\t<\/button>\n\t\t\t\t\t<\/div>\n\t\t\t<div class=\"e-n-tabs-content\">\n\t\t\t\t<div id=\"e-n-tab-content-2156991411\" role=\"tabpanel\" aria-labelledby=\"e-n-tab-title-2156991411\" data-tab-index=\"1\" style=\"--n-tabs-title-order: 1;\" class=\"e-active elementor-element elementor-element-0c7a146 e-con-full e-flex e-con e-child\" data-id=\"0c7a146\" data-element_type=\"container\">\n\t\t\t\t<div class=\"elementor-element elementor-element-a90c431 elementor-widget elementor-widget-text-editor\" data-id=\"a90c431\" data-element_type=\"widget\" data-widget_type=\"text-editor.default\">\n\t\t\t\t<div class=\"elementor-widget-container\">\n\t\t\t\t\t\t\t\t\t<p>MNS type low-voltage withdrawable switchgear (hereinafter referred to as switchgear) is developed by our company after referring to the MNS series low-voltage switchgear of ABB company in Switzerland and comprehensively improved, and it is currently the most complete low-voltage withdrawable switchgear in China. The products are all made up of standardized, series of modules, and the drawers have reliable mechanical interlocks, making them safer and more reliable for users to use.<\/p><p>This switch cabinet is suitable for AC 50 (60) Hz, rated working voltage 400V, 660V, rated current 5000A and below three-phase five-wire power supply system, can be used in power plants, substations, industrial and mining enterprises, buildings, hotels, airports, docks and radio and television and other communication centers, as power generation, transmission and distribution, power conversion and power consumption equipment control, and through the capacitance compensation cabinet for its main bus reactive power compensation. Conform to the standard: GB7251.1 \u00ab\u00a0low-voltage switchgear\u00a0\u00bb IEC60439 \u00ab\u00a0low-voltage switchgear and control equipment\u00a0\u00bb<\/p>\t\t\t\t\t\t\t\t<\/div>\n\t\t\t\t<\/div>\n\t\t\t\t<\/div>\n\t\t<div id=\"e-n-tab-content-2156991412\" role=\"tabpanel\" aria-labelledby=\"e-n-tab-title-2156991412\" data-tab-index=\"2\" style=\"--n-tabs-title-order: 2;\" class=\" elementor-element elementor-element-3730b5e e-con-full e-flex e-con e-child\" data-id=\"3730b5e\" data-element_type=\"container\">\n\t\t\t\t<div class=\"elementor-element elementor-element-92f6fed elementor-widget elementor-widget-image\" data-id=\"92f6fed\" data-element_type=\"widget\" data-widget_type=\"image.default\">\n\t\t\t\t<div class=\"elementor-widget-container\">\n\t\t\t\t\t\t\t\t\t\t\t\t\t\t\t<img fetchpriority=\"high\" decoding=\"async\" width=\"600\" height=\"242\" src=\"https:\/\/chkhele.com\/wp-content\/uploads\/2025\/11\/MNS-Low-Voltage-Withdrawable-Switch-Cabinet-1.webp\" class=\"attachment-large size-large wp-image-205\" alt=\"\" srcset=\"https:\/\/chkhele.com\/wp-content\/uploads\/2025\/11\/MNS-Low-Voltage-Withdrawable-Switch-Cabinet-1.webp 600w, https:\/\/chkhele.com\/wp-content\/uploads\/2025\/11\/MNS-Low-Voltage-Withdrawable-Switch-Cabinet-1-300x121.webp 300w\" sizes=\"(max-width: 600px) 100vw, 600px\" \/>\t\t\t\t\t\t\t\t\t\t\t\t\t\t\t<\/div>\n\t\t\t\t<\/div>\n\t\t\t\t<\/div>\n\t\t<div id=\"e-n-tab-content-2156991413\" role=\"tabpanel\" aria-labelledby=\"e-n-tab-title-2156991413\" data-tab-index=\"3\" style=\"--n-tabs-title-order: 3;\" class=\" elementor-element elementor-element-d322ffd e-con-full e-flex e-con e-child\" data-id=\"d322ffd\" data-element_type=\"container\">\n\t\t\t\t<div class=\"elementor-element elementor-element-4f81b65 elementor-widget elementor-widget-text-editor\" data-id=\"4f81b65\" data-element_type=\"widget\" data-widget_type=\"text-editor.default\">\n\t\t\t\t<div class=\"elementor-widget-container\">\n\t\t\t\t\t\t\t\t\t<ul><li>\u00a0The ambient air temperature is not higher than +40\u00b0C, not lower than -5\u00b0C, and the average temperature is not higher than +35\u00b0C within 24h;<\/li><li>\u00a0The relative humidity of the surrounding air does not exceed 50% at +40\u00b0C, and there is a higher relative humidity at lower temperatures, such as 90% at +20\u00b0C, but considering that moderate condensation may occasionally occur due to temperature changes;<\/li><li>\u00a0For indoor use, the altitude of the place of use shall not exceed 2000m;<\/li><li>It should be installed in a place where there is no violent vibration and impact, and where electrical components are not corroded without use.<\/li><\/ul>\t\t\t\t\t\t\t\t<\/div>\n\t\t\t\t<\/div>\n\t\t\t\t<\/div>\n\t\t<div id=\"e-n-tab-content-2156991414\" role=\"tabpanel\" aria-labelledby=\"e-n-tab-title-2156991414\" data-tab-index=\"4\" style=\"--n-tabs-title-order: 4;\" class=\" elementor-element elementor-element-0c2b7b3 e-flex e-con-boxed e-con e-child\" data-id=\"0c2b7b3\" data-element_type=\"container\">\n\t\t\t\t\t<div class=\"e-con-inner\">\n\t\t\t\t<div class=\"elementor-element elementor-element-63e5c17 elementor-widget elementor-widget-image\" data-id=\"63e5c17\" data-element_type=\"widget\" data-widget_type=\"image.default\">\n\t\t\t\t<div class=\"elementor-widget-container\">\n\t\t\t\t\t\t\t\t\t\t\t\t\t\t\t<img decoding=\"async\" width=\"1024\" height=\"425\" src=\"https:\/\/chkhele.com\/wp-content\/uploads\/2025\/11\/MNS-Low-Voltage-Withdrawable-Switch-Cabinet-2-1024x425.webp\" class=\"attachment-large size-large wp-image-206\" alt=\"\" srcset=\"https:\/\/chkhele.com\/wp-content\/uploads\/2025\/11\/MNS-Low-Voltage-Withdrawable-Switch-Cabinet-2-1024x425.webp 1024w, https:\/\/chkhele.com\/wp-content\/uploads\/2025\/11\/MNS-Low-Voltage-Withdrawable-Switch-Cabinet-2-600x249.webp 600w, https:\/\/chkhele.com\/wp-content\/uploads\/2025\/11\/MNS-Low-Voltage-Withdrawable-Switch-Cabinet-2-300x125.webp 300w, https:\/\/chkhele.com\/wp-content\/uploads\/2025\/11\/MNS-Low-Voltage-Withdrawable-Switch-Cabinet-2-768x319.webp 768w, https:\/\/chkhele.com\/wp-content\/uploads\/2025\/11\/MNS-Low-Voltage-Withdrawable-Switch-Cabinet-2.webp 1200w\" sizes=\"(max-width: 1024px) 100vw, 1024px\" \/>\t\t\t\t\t\t\t\t\t\t\t\t\t\t\t<\/div>\n\t\t\t\t<\/div>\n\t\t\t\t\t<\/div>\n\t\t\t\t<\/div>\n\t\t\t\t\t<\/div>\n\t\t<\/div>\n\t\t\t\t\t\t<\/div>\n\t\t\t\t<\/div>\n\t\t\t\t\t<\/div>\n\t\t\t\t<\/div>\n\t\t\t\t<\/div>\n\t\t\n","protected":false},"excerpt":{"rendered":"<p>L&rsquo;appareillage de commutation basse tension extractible MNS (ci-apr\u00e8s d\u00e9nomm\u00e9 \u00ab appareillage \u00bb) a \u00e9t\u00e9 d\u00e9velopp\u00e9 par notre soci\u00e9t\u00e9 en s&rsquo;inspirant de l&rsquo;appareillage basse tension de la s\u00e9rie MNS d&rsquo;ABB (Suisse) et en l&rsquo;am\u00e9liorant consid\u00e9rablement. Il s&rsquo;agit actuellement de l&rsquo;appareillage de commutation extractible basse tension le plus complet en Chine. Compos\u00e9 de modules standardis\u00e9s, il est dot\u00e9 de tiroirs \u00e9quip\u00e9s de verrouillages m\u00e9caniques fiables, ce qui le rend plus s\u00fbr et plus fiable \u00e0 utiliser. <\/p>\n","protected":false},"featured_media":203,"comment_status":"open","ping_status":"closed","template":"","meta":{"site-sidebar-layout":"default","site-content-layout":"","ast-site-content-layout":"default","site-content-style":"default","site-sidebar-style":"default","ast-global-header-display":"","ast-banner-title-visibility":"","ast-main-header-display":"","ast-hfb-above-header-display":"","ast-hfb-below-header-display":"","ast-hfb-mobile-header-display":"","site-post-title":"","ast-breadcrumbs-content":"","ast-featured-img":"","footer-sml-layout":"","ast-disable-related-posts":"","theme-transparent-header-meta":"default","adv-header-id-meta":"","stick-header-meta":"","header-above-stick-meta":"","header-main-stick-meta":"","header-below-stick-meta":"","astra-migrate-meta-layouts":"default","ast-page-background-enabled":"default","ast-page-background-meta":{"desktop":{"background-color":"var(--ast-global-color-4)","background-image":"","background-repeat":"repeat","background-position":"center center","background-size":"auto","background-attachment":"scroll","background-type":"","background-media":"","overlay-type":"","overlay-color":"","overlay-opacity":"","overlay-gradient":""},"tablet":{"background-color":"","background-image":"","background-repeat":"repeat","background-position":"center center","background-size":"auto","background-attachment":"scroll","background-type":"","background-media":"","overlay-type":"","overlay-color":"","overlay-opacity":"","overlay-gradient":""},"mobile":{"background-color":"","background-image":"","background-repeat":"repeat","background-position":"center center","background-size":"auto","background-attachment":"scroll","background-type":"","background-media":"","overlay-type":"","overlay-color":"","overlay-opacity":"","overlay-gradient":""}},"ast-content-background-meta":{"desktop":{"background-color":"var(--ast-global-color-5)","background-image":"","background-repeat":"repeat","background-position":"center center","background-size":"auto","background-attachment":"scroll","background-type":"","background-media":"","overlay-type":"","overlay-color":"","overlay-opacity":"","overlay-gradient":""},"tablet":{"background-color":"var(--ast-global-color-5)","background-image":"","background-repeat":"repeat","background-position":"center center","background-size":"auto","background-attachment":"scroll","background-type":"","background-media":"","overlay-type":"","overlay-color":"","overlay-opacity":"","overlay-gradient":""},"mobile":{"background-color":"var(--ast-global-color-5)","background-image":"","background-repeat":"repeat","background-position":"center center","background-size":"auto","background-attachment":"scroll","background-type":"","background-media":"","overlay-type":"","overlay-color":"","overlay-opacity":"","overlay-gradient":""}}},"product_brand":[],"product_cat":[86],"product_tag":[],"class_list":{"0":"post-3446","1":"product","2":"type-product","3":"status-publish","4":"has-post-thumbnail","6":"product_cat-appareillage-de-commutation-basse-tension","7":"desktop-align-left","8":"tablet-align-left","9":"mobile-align-left","11":"first","12":"instock","13":"shipping-taxable","14":"product-type-simple"},"_links":{"self":[{"href":"https:\/\/chkhele.com\/fr\/wp-json\/wp\/v2\/product\/3446","targetHints":{"allow":["GET"]}}],"collection":[{"href":"https:\/\/chkhele.com\/fr\/wp-json\/wp\/v2\/product"}],"about":[{"href":"https:\/\/chkhele.com\/fr\/wp-json\/wp\/v2\/types\/product"}],"replies":[{"embeddable":true,"href":"https:\/\/chkhele.com\/fr\/wp-json\/wp\/v2\/comments?post=3446"}],"version-history":[{"count":1,"href":"https:\/\/chkhele.com\/fr\/wp-json\/wp\/v2\/product\/3446\/revisions"}],"predecessor-version":[{"id":3447,"href":"https:\/\/chkhele.com\/fr\/wp-json\/wp\/v2\/product\/3446\/revisions\/3447"}],"wp:featuredmedia":[{"embeddable":true,"href":"https:\/\/chkhele.com\/fr\/wp-json\/wp\/v2\/media\/203"}],"wp:attachment":[{"href":"https:\/\/chkhele.com\/fr\/wp-json\/wp\/v2\/media?parent=3446"}],"wp:term":[{"taxonomy":"product_brand","embeddable":true,"href":"https:\/\/chkhele.com\/fr\/wp-json\/wp\/v2\/product_brand?post=3446"},{"taxonomy":"product_cat","embeddable":true,"href":"https:\/\/chkhele.com\/fr\/wp-json\/wp\/v2\/product_cat?post=3446"},{"taxonomy":"product_tag","embeddable":true,"href":"https:\/\/chkhele.com\/fr\/wp-json\/wp\/v2\/product_tag?post=3446"}],"curies":[{"name":"wp","href":"https:\/\/api.w.org\/{rel}","templated":true}]}}