{"id":3443,"date":"2025-11-25T23:46:50","date_gmt":"2025-11-25T23:46:50","guid":{"rendered":"https:\/\/chkhele.com\/shop\/non class\u00e9\/dispositif-de-compensation-de-puissance-reactive-ggj-lv\/"},"modified":"2025-11-25T23:46:50","modified_gmt":"2025-11-25T23:46:50","slug":"dispositif-de-compensation-de-puissance-reactive-ggj-lv","status":"publish","type":"product","link":"https:\/\/chkhele.com\/fr\/shop\/appareillage-de-commutation-basse-tension\/dispositif-de-compensation-de-puissance-reactive-ggj-lv\/","title":{"rendered":"Dispositif de compensation de puissance r\u00e9active GGJ LV"},"content":{"rendered":"\t\t<div data-elementor-type=\"section\" data-elementor-id=\"214\" class=\"elementor elementor-214\" data-elementor-post-type=\"elementor_library\">\n\t\t\t<div class=\"elementor-element elementor-element-269a2f9 e-flex e-con-boxed e-con e-parent\" data-id=\"269a2f9\" data-element_type=\"container\">\n\t\t\t\t\t<div class=\"e-con-inner\">\n\t\t\t\t<div class=\"elementor-element elementor-element-26cfecb e-n-tabs-mobile elementor-widget elementor-widget-n-tabs\" data-id=\"26cfecb\" data-element_type=\"widget\" data-settings=\"{&quot;horizontal_scroll&quot;:&quot;disable&quot;}\" data-widget_type=\"nested-tabs.default\">\n\t\t\t\t<div class=\"elementor-widget-container\">\n\t\t\t\t\t\t\t<div class=\"e-n-tabs\" data-widget-number=\"40697547\" aria-label=\"Onglets. Ouvrez des \u00e9l\u00e9ments avec Entrer ou Espace, fermez-les avec Echape et naviguez \u00e0 l&#039;aide des touches fl\u00e9ch\u00e9es.\">\n\t\t\t<div class=\"e-n-tabs-heading\" role=\"tablist\">\n\t\t\t\t\t<button id=\"e-n-tab-title-406975471\" data-tab-title-id=\"e-n-tab-title-406975471\" class=\"e-n-tab-title\" aria-selected=\"true\" data-tab-index=\"1\" role=\"tab\" tabindex=\"0\" aria-controls=\"e-n-tab-content-406975471\" style=\"--n-tabs-title-order: 1;\">\n\t\t\t\t\t\t<span class=\"e-n-tab-title-text\">\n\t\t\t\tProduct Introduction\t\t\t<\/span>\n\t\t<\/button>\n\t\t\t\t<button id=\"e-n-tab-title-406975472\" data-tab-title-id=\"e-n-tab-title-406975472\" class=\"e-n-tab-title\" aria-selected=\"false\" data-tab-index=\"2\" role=\"tab\" tabindex=\"-1\" aria-controls=\"e-n-tab-content-406975472\" style=\"--n-tabs-title-order: 2;\">\n\t\t\t\t\t\t<span class=\"e-n-tab-title-text\">\n\t\t\t\tModel Meaning\t\t\t<\/span>\n\t\t<\/button>\n\t\t\t\t<button id=\"e-n-tab-title-406975473\" data-tab-title-id=\"e-n-tab-title-406975473\" class=\"e-n-tab-title\" aria-selected=\"false\" data-tab-index=\"3\" role=\"tab\" tabindex=\"-1\" aria-controls=\"e-n-tab-content-406975473\" style=\"--n-tabs-title-order: 3;\">\n\t\t\t\t\t\t<span class=\"e-n-tab-title-text\">\n\t\t\t\tWorking Conditions\t\t\t<\/span>\n\t\t<\/button>\n\t\t\t\t<button id=\"e-n-tab-title-406975474\" data-tab-title-id=\"e-n-tab-title-406975474\" class=\"e-n-tab-title\" aria-selected=\"false\" data-tab-index=\"4\" role=\"tab\" tabindex=\"-1\" aria-controls=\"e-n-tab-content-406975474\" style=\"--n-tabs-title-order: 4;\">\n\t\t\t\t\t\t<span class=\"e-n-tab-title-text\">\n\t\t\t\tStructural Features\t\t\t<\/span>\n\t\t<\/button>\n\t\t\t\t<button id=\"e-n-tab-title-406975475\" data-tab-title-id=\"e-n-tab-title-406975475\" class=\"e-n-tab-title\" aria-selected=\"false\" data-tab-index=\"5\" role=\"tab\" tabindex=\"-1\" aria-controls=\"e-n-tab-content-406975475\" style=\"--n-tabs-title-order: 5;\">\n\t\t\t\t\t\t<span class=\"e-n-tab-title-text\">\n\t\t\t\tMain Technical Parameters\t\t\t<\/span>\n\t\t<\/button>\n\t\t\t\t\t<\/div>\n\t\t\t<div class=\"e-n-tabs-content\">\n\t\t\t\t<div id=\"e-n-tab-content-406975471\" role=\"tabpanel\" aria-labelledby=\"e-n-tab-title-406975471\" data-tab-index=\"1\" style=\"--n-tabs-title-order: 1;\" class=\"e-active elementor-element elementor-element-8a3bb71 e-con-full e-flex e-con e-child\" data-id=\"8a3bb71\" data-element_type=\"container\">\n\t\t\t\t<div class=\"elementor-element elementor-element-0df4a2f elementor-widget elementor-widget-text-editor\" data-id=\"0df4a2f\" data-element_type=\"widget\" data-widget_type=\"text-editor.default\">\n\t\t\t\t<div class=\"elementor-widget-container\">\n\t\t\t\t\t\t\t\t\t<p>GGJ low-voltage reactive power intelligent compensation device adopts computer-aided design (CAD), introduces microcomputer control, implements intelligent tracking and compensation of reactive power, its structure is reasonable, the technology is perfect, and it is widely used in low-voltage power grid, improve power factor, reduce reactive power loss, improve power supply quality, and is a power-saving product. Dedicated to reactive power compensation for 130-600kVA three-phase transformers.<\/p>\t\t\t\t\t\t\t\t<\/div>\n\t\t\t\t<\/div>\n\t\t\t\t<\/div>\n\t\t<div id=\"e-n-tab-content-406975472\" role=\"tabpanel\" aria-labelledby=\"e-n-tab-title-406975472\" data-tab-index=\"2\" style=\"--n-tabs-title-order: 2;\" class=\" elementor-element elementor-element-83b0f65 e-con-full e-flex e-con e-child\" data-id=\"83b0f65\" data-element_type=\"container\">\n\t\t\t\t<div class=\"elementor-element elementor-element-de6cc5b elementor-widget elementor-widget-image\" data-id=\"de6cc5b\" data-element_type=\"widget\" data-widget_type=\"image.default\">\n\t\t\t\t<div class=\"elementor-widget-container\">\n\t\t\t\t\t\t\t\t\t\t\t\t\t\t\t<img fetchpriority=\"high\" decoding=\"async\" width=\"1000\" height=\"225\" src=\"https:\/\/chkhele.com\/wp-content\/uploads\/2025\/11\/GGJ-Low-voltage-Reactive.webp\" class=\"attachment-large size-large wp-image-215\" alt=\"\" srcset=\"https:\/\/chkhele.com\/wp-content\/uploads\/2025\/11\/GGJ-Low-voltage-Reactive.webp 1000w, https:\/\/chkhele.com\/wp-content\/uploads\/2025\/11\/GGJ-Low-voltage-Reactive-600x135.webp 600w, https:\/\/chkhele.com\/wp-content\/uploads\/2025\/11\/GGJ-Low-voltage-Reactive-300x68.webp 300w, https:\/\/chkhele.com\/wp-content\/uploads\/2025\/11\/GGJ-Low-voltage-Reactive-768x173.webp 768w\" sizes=\"(max-width: 1000px) 100vw, 1000px\" \/>\t\t\t\t\t\t\t\t\t\t\t\t\t\t\t<\/div>\n\t\t\t\t<\/div>\n\t\t\t\t<\/div>\n\t\t<div id=\"e-n-tab-content-406975473\" role=\"tabpanel\" aria-labelledby=\"e-n-tab-title-406975473\" data-tab-index=\"3\" style=\"--n-tabs-title-order: 3;\" class=\" elementor-element elementor-element-859eff1 e-con-full e-flex e-con e-child\" data-id=\"859eff1\" data-element_type=\"container\">\n\t\t\t\t<div class=\"elementor-element elementor-element-35011b6 elementor-widget elementor-widget-text-editor\" data-id=\"35011b6\" data-element_type=\"widget\" data-widget_type=\"text-editor.default\">\n\t\t\t\t<div class=\"elementor-widget-container\">\n\t\t\t\t\t\t\t\t\t<ul><li>\u00a0Altitude: \u2264 2000m;<\/li><li>\u00a0Ambient temperature: -20\u00b0C~ +45\u00b0C;<\/li><li>\u00a0Relative humidity: 90% at 20\u00b0C\u2264<\/li><li>\u00a0Installation environment: no harmful gases and vapors, no conductive or explosive dust particles and serious mold.<\/li><\/ul>\t\t\t\t\t\t\t\t<\/div>\n\t\t\t\t<\/div>\n\t\t\t\t<\/div>\n\t\t<div id=\"e-n-tab-content-406975474\" role=\"tabpanel\" aria-labelledby=\"e-n-tab-title-406975474\" data-tab-index=\"4\" style=\"--n-tabs-title-order: 4;\" class=\" elementor-element elementor-element-9794004 e-flex e-con-boxed e-con e-child\" data-id=\"9794004\" data-element_type=\"container\">\n\t\t\t\t\t<div class=\"e-con-inner\">\n\t\t\t\t<div class=\"elementor-element elementor-element-3d71813 elementor-widget elementor-widget-text-editor\" data-id=\"3d71813\" data-element_type=\"widget\" data-widget_type=\"text-editor.default\">\n\t\t\t\t<div class=\"elementor-widget-container\">\n\t\t\t\t\t\t\t\t\t<ul><li>\u00a0Intelligent controller control, complete functions, reliable performance, automatic compensation mode: the power factor can be increased to more than 0.9;<\/li><li>\u00a0Real-time display of power factor of power grid, display range: lag (0.00-0.99), ahead (0.00-0.99);<\/li><li>\u00a0It has a variety of comprehensive protection functions such as overvoltage, overharmonic, overcompensation, system fault, phase loss, overload, etc.;<\/li><li>\u00a0Memorize the set parameters, the system will not lose the parameters after the power failure, and after the power grid returns to normal, it will automatically enter the operation state without personnel on duty;<\/li><li>\u00a0According to the load balance of the power grid, split-phase compensation or mixed compensation can be adopted;<\/li><li>\u00a0Strong anti-interference ability, can resist the amplitude of 2000V interference pulse directly input from the power grid, which is higher than the national professional standard.<\/li><\/ul>\t\t\t\t\t\t\t\t<\/div>\n\t\t\t\t<\/div>\n\t\t\t\t\t<\/div>\n\t\t\t\t<\/div>\n\t\t<div id=\"e-n-tab-content-406975475\" role=\"tabpanel\" aria-labelledby=\"e-n-tab-title-406975475\" data-tab-index=\"5\" style=\"--n-tabs-title-order: 5;\" class=\" elementor-element elementor-element-78b3327 e-flex e-con-boxed e-con e-child\" data-id=\"78b3327\" data-element_type=\"container\">\n\t\t\t\t\t<div class=\"e-con-inner\">\n\t\t\t\t<div class=\"elementor-element elementor-element-ae92014 elementor-widget elementor-widget-text-editor\" data-id=\"ae92014\" data-element_type=\"widget\" data-widget_type=\"text-editor.default\">\n\t\t\t\t<div class=\"elementor-widget-container\">\n\t\t\t\t\t\t\t\t\t<ul><li>\u00a0Rated voltage: 0.38-0.66kV;<\/li><li>\u00a0Rated frequency: 50Hz;<\/li><li>\u00a0Rated capacity: 1-600kvar;<\/li><li>\u00a0Applicable voltage range: (0.85-1.1) times the rated voltage;<\/li><li>\u00a0Allowable current: 1.3 times the rated current;<\/li><li>\u00a0Control circuit: 1-16 circuits;<\/li><li>\u00a0Switching time: 1-150s\/time, adjustable;<\/li><li>\u00a0Working mode: automatic, continuous operation.<\/li><\/ul><p><strong>It can be used for distribution network detection<\/strong><\/p><ul><li>\u00a0Real-time measurement and hourly recording of three-phase voltage, current, frequency, active power, reactive power, power factor, active electricity and reactive power on the low-voltage side of the transformer; total distortion rate of voltage and current and 2-25th harmonic content;<\/li><li>\u00a0With RS-232 and RS-485 interfaces, it can be used for handheld computer data transcription, and can also realize wireless meter reading, device testing, parameter setting and real-time measurement data and record data reading through remote communication function;<\/li><li>\u00a0Data analysis function: it can analyze, process and statistically query the operating load data, comprehensively analyze the power supply quality, calculate the voltage qualification rate, power supply load rate, reliability rate and load rate, query the power factor, active power and reactive power in different time periods, draw the curve chart of voltage, current and power factor of each phase, print comprehensive analysis and statistical report.<br \/><br \/><p><strong>Ordering instructions<\/strong><\/p><p>\u25c7 Main circuit diagram;<\/p><p>\u25c7 Compensation capacity and compensation method;<\/p><p>\u25c7 If it is inconsistent with the normal use conditions of the product, it must be explained in advance.<\/p><\/li><\/ul>\t\t\t\t\t\t\t\t<\/div>\n\t\t\t\t<\/div>\n\t\t\t\t\t<\/div>\n\t\t\t\t<\/div>\n\t\t\t\t\t<\/div>\n\t\t<\/div>\n\t\t\t\t\t\t<\/div>\n\t\t\t\t<\/div>\n\t\t\t\t\t<\/div>\n\t\t\t\t<\/div>\n\t\t\t\t<\/div>\n\t\t\n","protected":false},"excerpt":{"rendered":"<p>Le dispositif de compensation de puissance r\u00e9active GGJ adopte une conception assist\u00e9e par ordinateur (CAO), introduit un contr\u00f4le par micro-ordinateur, met en \u0153uvre un suivi et une compensation intelligents de la puissance r\u00e9active, sa structure est raisonnable, sa technologie est parfaite et il est largement utilis\u00e9 dans les r\u00e9seaux \u00e9lectriques basse tension, am\u00e9liore le facteur de puissance, r\u00e9duit les pertes de puissance r\u00e9active, am\u00e9liore la qualit\u00e9 de l&rsquo;alimentation \u00e9lectrique et constitue un produit \u00e9conome en \u00e9nergie. Con\u00e7u pour la compensation de la puissance r\u00e9active des transformateurs triphas\u00e9s de 130 \u00e0 600 kVA.<\/p>\n","protected":false},"featured_media":222,"comment_status":"open","ping_status":"closed","template":"","meta":{"site-sidebar-layout":"default","site-content-layout":"","ast-site-content-layout":"default","site-content-style":"default","site-sidebar-style":"default","ast-global-header-display":"","ast-banner-title-visibility":"","ast-main-header-display":"","ast-hfb-above-header-display":"","ast-hfb-below-header-display":"","ast-hfb-mobile-header-display":"","site-post-title":"","ast-breadcrumbs-content":"","ast-featured-img":"","footer-sml-layout":"","ast-disable-related-posts":"","theme-transparent-header-meta":"default","adv-header-id-meta":"","stick-header-meta":"","header-above-stick-meta":"","header-main-stick-meta":"","header-below-stick-meta":"","astra-migrate-meta-layouts":"default","ast-page-background-enabled":"default","ast-page-background-meta":{"desktop":{"background-color":"var(--ast-global-color-4)","background-image":"","background-repeat":"repeat","background-position":"center center","background-size":"auto","background-attachment":"scroll","background-type":"","background-media":"","overlay-type":"","overlay-color":"","overlay-opacity":"","overlay-gradient":""},"tablet":{"background-color":"","background-image":"","background-repeat":"repeat","background-position":"center center","background-size":"auto","background-attachment":"scroll","background-type":"","background-media":"","overlay-type":"","overlay-color":"","overlay-opacity":"","overlay-gradient":""},"mobile":{"background-color":"","background-image":"","background-repeat":"repeat","background-position":"center center","background-size":"auto","background-attachment":"scroll","background-type":"","background-media":"","overlay-type":"","overlay-color":"","overlay-opacity":"","overlay-gradient":""}},"ast-content-background-meta":{"desktop":{"background-color":"var(--ast-global-color-5)","background-image":"","background-repeat":"repeat","background-position":"center center","background-size":"auto","background-attachment":"scroll","background-type":"","background-media":"","overlay-type":"","overlay-color":"","overlay-opacity":"","overlay-gradient":""},"tablet":{"background-color":"var(--ast-global-color-5)","background-image":"","background-repeat":"repeat","background-position":"center center","background-size":"auto","background-attachment":"scroll","background-type":"","background-media":"","overlay-type":"","overlay-color":"","overlay-opacity":"","overlay-gradient":""},"mobile":{"background-color":"var(--ast-global-color-5)","background-image":"","background-repeat":"repeat","background-position":"center center","background-size":"auto","background-attachment":"scroll","background-type":"","background-media":"","overlay-type":"","overlay-color":"","overlay-opacity":"","overlay-gradient":""}}},"product_brand":[],"product_cat":[86],"product_tag":[],"class_list":{"0":"post-3443","1":"product","2":"type-product","3":"status-publish","4":"has-post-thumbnail","6":"product_cat-appareillage-de-commutation-basse-tension","7":"desktop-align-left","8":"tablet-align-left","9":"mobile-align-left","11":"first","12":"instock","13":"shipping-taxable","14":"product-type-simple"},"_links":{"self":[{"href":"https:\/\/chkhele.com\/fr\/wp-json\/wp\/v2\/product\/3443","targetHints":{"allow":["GET"]}}],"collection":[{"href":"https:\/\/chkhele.com\/fr\/wp-json\/wp\/v2\/product"}],"about":[{"href":"https:\/\/chkhele.com\/fr\/wp-json\/wp\/v2\/types\/product"}],"replies":[{"embeddable":true,"href":"https:\/\/chkhele.com\/fr\/wp-json\/wp\/v2\/comments?post=3443"}],"version-history":[{"count":0,"href":"https:\/\/chkhele.com\/fr\/wp-json\/wp\/v2\/product\/3443\/revisions"}],"wp:featuredmedia":[{"embeddable":true,"href":"https:\/\/chkhele.com\/fr\/wp-json\/wp\/v2\/media\/222"}],"wp:attachment":[{"href":"https:\/\/chkhele.com\/fr\/wp-json\/wp\/v2\/media?parent=3443"}],"wp:term":[{"taxonomy":"product_brand","embeddable":true,"href":"https:\/\/chkhele.com\/fr\/wp-json\/wp\/v2\/product_brand?post=3443"},{"taxonomy":"product_cat","embeddable":true,"href":"https:\/\/chkhele.com\/fr\/wp-json\/wp\/v2\/product_cat?post=3443"},{"taxonomy":"product_tag","embeddable":true,"href":"https:\/\/chkhele.com\/fr\/wp-json\/wp\/v2\/product_tag?post=3443"}],"curies":[{"name":"wp","href":"https:\/\/api.w.org\/{rel}","templated":true}]}}