{"id":3439,"date":"2025-11-26T01:48:58","date_gmt":"2025-11-26T01:48:58","guid":{"rendered":"https:\/\/chkhele.com\/shop\/non%20class\u00e9\/sous-station-prefabriquee-exterieure-yb-12-0-4-style-europeen\/"},"modified":"2026-04-12T01:31:03","modified_gmt":"2026-04-12T01:31:03","slug":"sous-station-prefabriquee-exterieure-yb-12-0-4-style-europeen","status":"publish","type":"product","link":"https:\/\/chkhele.com\/fr\/shop\/sous-station-compacte\/sous-station-prefabriquee-exterieure-yb-12-0-4-style-europeen\/","title":{"rendered":"Sous-station pr\u00e9fabriqu\u00e9e ext\u00e9rieure YB-12\/0.4 (style europ\u00e9en)"},"content":{"rendered":"\t\t<div data-elementor-type=\"section\" data-elementor-id=\"229\" class=\"elementor elementor-229\" data-elementor-post-type=\"elementor_library\">\n\t\t\t<div class=\"elementor-element elementor-element-ad92012 e-flex e-con-boxed e-con e-parent\" data-id=\"ad92012\" data-element_type=\"container\">\n\t\t\t\t\t<div class=\"e-con-inner\">\n\t\t\t\t<div class=\"elementor-element elementor-element-02e9351 e-n-tabs-mobile elementor-widget elementor-widget-n-tabs\" data-id=\"02e9351\" data-element_type=\"widget\" data-settings=\"{&quot;horizontal_scroll&quot;:&quot;disable&quot;}\" data-widget_type=\"nested-tabs.default\">\n\t\t\t\t<div class=\"elementor-widget-container\">\n\t\t\t\t\t\t\t<div class=\"e-n-tabs\" data-widget-number=\"3052369\" aria-label=\"Onglets. Ouvrez des \u00e9l\u00e9ments avec Entrer ou Espace, fermez-les avec Echape et naviguez \u00e0 l&#039;aide des touches fl\u00e9ch\u00e9es.\">\n\t\t\t<div class=\"e-n-tabs-heading\" role=\"tablist\">\n\t\t\t\t\t<button id=\"e-n-tab-title-30523691\" data-tab-title-id=\"e-n-tab-title-30523691\" class=\"e-n-tab-title\" aria-selected=\"true\" data-tab-index=\"1\" role=\"tab\" tabindex=\"0\" aria-controls=\"e-n-tab-content-30523691\" style=\"--n-tabs-title-order: 1;\">\n\t\t\t\t\t\t<span class=\"e-n-tab-title-text\">\n\t\t\t\tProduct Introduction\t\t\t<\/span>\n\t\t<\/button>\n\t\t\t\t<button id=\"e-n-tab-title-30523692\" data-tab-title-id=\"e-n-tab-title-30523692\" class=\"e-n-tab-title\" aria-selected=\"false\" data-tab-index=\"2\" role=\"tab\" tabindex=\"-1\" aria-controls=\"e-n-tab-content-30523692\" style=\"--n-tabs-title-order: 2;\">\n\t\t\t\t\t\t<span class=\"e-n-tab-title-text\">\n\t\t\t\tModel Meaning\t\t\t<\/span>\n\t\t<\/button>\n\t\t\t\t<button id=\"e-n-tab-title-30523693\" data-tab-title-id=\"e-n-tab-title-30523693\" class=\"e-n-tab-title\" aria-selected=\"false\" data-tab-index=\"3\" role=\"tab\" tabindex=\"-1\" aria-controls=\"e-n-tab-content-30523693\" style=\"--n-tabs-title-order: 3;\">\n\t\t\t\t\t\t<span class=\"e-n-tab-title-text\">\n\t\t\t\tFeatures\t\t\t<\/span>\n\t\t<\/button>\n\t\t\t\t<button id=\"e-n-tab-title-30523694\" data-tab-title-id=\"e-n-tab-title-30523694\" class=\"e-n-tab-title\" aria-selected=\"false\" data-tab-index=\"4\" role=\"tab\" tabindex=\"-1\" aria-controls=\"e-n-tab-content-30523694\" style=\"--n-tabs-title-order: 4;\">\n\t\t\t\t\t\t<span class=\"e-n-tab-title-text\">\n\t\t\t\tWorking Conditions\t\t\t<\/span>\n\t\t<\/button>\n\t\t\t\t\t<\/div>\n\t\t\t<div class=\"e-n-tabs-content\">\n\t\t\t\t<div id=\"e-n-tab-content-30523691\" role=\"tabpanel\" aria-labelledby=\"e-n-tab-title-30523691\" data-tab-index=\"1\" style=\"--n-tabs-title-order: 1;\" class=\"e-active elementor-element elementor-element-cce226c e-con-full e-flex e-con e-child\" data-id=\"cce226c\" data-element_type=\"container\">\n\t\t\t\t<div class=\"elementor-element elementor-element-ff2d797 elementor-widget elementor-widget-text-editor\" data-id=\"ff2d797\" data-element_type=\"widget\" data-widget_type=\"text-editor.default\">\n\t\t\t\t<div class=\"elementor-widget-container\">\n\t\t\t\t\t\t\t\t\t<p>It is widely used in urban power grid transformation, residential quarters, high-rise buildings, industrial and mining, hotels, shopping malls, airports, railways, oil fields, docks, highways and temporary power facilities and other indoor and outdoor places.<\/p>\t\t\t\t\t\t\t\t<\/div>\n\t\t\t\t<\/div>\n\t\t\t\t<\/div>\n\t\t<div id=\"e-n-tab-content-30523692\" role=\"tabpanel\" aria-labelledby=\"e-n-tab-title-30523692\" data-tab-index=\"2\" style=\"--n-tabs-title-order: 2;\" class=\" elementor-element elementor-element-dc42b82 e-con-full e-flex e-con e-child\" data-id=\"dc42b82\" data-element_type=\"container\">\n\t\t\t\t<div class=\"elementor-element elementor-element-1ebc16e elementor-widget elementor-widget-image\" data-id=\"1ebc16e\" data-element_type=\"widget\" data-widget_type=\"image.default\">\n\t\t\t\t<div class=\"elementor-widget-container\">\n\t\t\t\t\t\t\t\t\t\t\t\t\t\t\t<img fetchpriority=\"high\" decoding=\"async\" width=\"600\" height=\"230\" src=\"https:\/\/chkhele.com\/wp-content\/uploads\/2025\/11\/YB-120.4-Outdoor-Prefabricated-Substation-European-Style.webp\" class=\"attachment-large size-large wp-image-230\" alt=\"\" srcset=\"https:\/\/chkhele.com\/wp-content\/uploads\/2025\/11\/YB-120.4-Outdoor-Prefabricated-Substation-European-Style.webp 600w, https:\/\/chkhele.com\/wp-content\/uploads\/2025\/11\/YB-120.4-Outdoor-Prefabricated-Substation-European-Style-300x115.webp 300w\" sizes=\"(max-width: 600px) 100vw, 600px\" \/>\t\t\t\t\t\t\t\t\t\t\t\t\t\t\t<\/div>\n\t\t\t\t<\/div>\n\t\t\t\t<\/div>\n\t\t<div id=\"e-n-tab-content-30523693\" role=\"tabpanel\" aria-labelledby=\"e-n-tab-title-30523693\" data-tab-index=\"3\" style=\"--n-tabs-title-order: 3;\" class=\" elementor-element elementor-element-8e06693 e-con-full e-flex e-con e-child\" data-id=\"8e06693\" data-element_type=\"container\">\n\t\t\t\t<div class=\"elementor-element elementor-element-da02367 elementor-widget elementor-widget-text-editor\" data-id=\"da02367\" data-element_type=\"widget\" data-widget_type=\"text-editor.default\">\n\t\t\t\t<div class=\"elementor-widget-container\">\n\t\t\t\t\t\t\t\t\t<ul><li>\u00a0High-voltage switchgear, transformer, low-voltage switchgear trinity, strong completeness;<\/li><li>\u00a0Perfect high and low voltage protection, safe and reliable operation, simple maintenance;<\/li><li>\u00a0Occupy less land, save investment, short production cycle, and easy to move;<\/li><li>\u00a0Flexible and diverse wiring schemes;<\/li><li>\u00a0Structure: honeycomb structure double-layer (composite plate) The shell is firm, heat insulation, heat dissipation and ventilation, beautiful, high protection level, and the shell materials are stainless steel alloy, aluminum alloy, cold-rolled plate, color steel plate are optional;<\/li><li>\u00a0Various types: general-purpose, villa-type, compact and other styles;<\/li><li>\u00a0The automatic terminal (FTU) of the assembly network in the high-voltage ring main unit realizes the reliable detection of short circuit and single-phase grounding fault, and has the function of \u00ab\u00a0four remotes\u00a0\u00bb, which is convenient for the automatic upgrade of distribution network.<\/li><\/ul>\t\t\t\t\t\t\t\t<\/div>\n\t\t\t\t<\/div>\n\t\t\t\t<\/div>\n\t\t<div id=\"e-n-tab-content-30523694\" role=\"tabpanel\" aria-labelledby=\"e-n-tab-title-30523694\" data-tab-index=\"4\" style=\"--n-tabs-title-order: 4;\" class=\" elementor-element elementor-element-0f54eb7 e-flex e-con-boxed e-con e-child\" data-id=\"0f54eb7\" data-element_type=\"container\">\n\t\t\t\t\t<div class=\"e-con-inner\">\n\t\t\t\t<div class=\"elementor-element elementor-element-085f9a2 elementor-widget elementor-widget-text-editor\" data-id=\"085f9a2\" data-element_type=\"widget\" data-widget_type=\"text-editor.default\">\n\t\t\t\t<div class=\"elementor-widget-container\">\n\t\t\t\t\t\t\t\t\t<ul><li>\u00a0The altitude does not exceed 1000m;<\/li><li>\u00a0Ambient temperature: -25\u00b0C ~+40\u00b0C;<\/li><li>\u00a0Relative humidity: the daily average value is not more than 95%, the monthly average value is not more than 90%;<\/li><li>\u00a0Installation site: no fire, explosion hazard, conductive dust, chemical corrosive gas and violent vibration place, if the above conditions are exceeded, the user can negotiate with our company.<\/li><\/ul><p><strong>Transformer<\/strong><\/p><p>The intelligent integrated substation can choose low-loss, oil-immersed, fully sealed S9, S10, S11 series transformers, or resin insulated or NOMEX paper insulated environmentally friendly dry-type transformers, and the bottom can be equipped with a trolley, and the transformer can be easily entered and exited.<\/p><p><strong>High Pressure Side<\/strong><\/p><p>Intelligent integrated substation high voltage generally adopts load switch and fuse combined electrical protection, after the fuse is blown in one phase, the three-phase linkage trips, and the load switch has compressed gas type, vacuum, sulfur hexafluoride and other types are optional, and can be equipped with an electric operating mechanism to achieve automatic upgrading; the fuse is a high-voltage current limiting fuse, with an impactor, reliable action, large breaking capacity, and the main technical parameters are shown in the following table. For transformers above 800kVA, QCE4, QCE2, QCE1 and other vacuum circuit breakers can be selected.<\/p>\t\t\t\t\t\t\t\t<\/div>\n\t\t\t\t<\/div>\n\t\t\t\t\t<\/div>\n\t\t\t\t<\/div>\n\t\t\t\t\t<\/div>\n\t\t<\/div>\n\t\t\t\t\t\t<\/div>\n\t\t\t\t<\/div>\n\t\t\t\t\t<\/div>\n\t\t\t\t<\/div>\n\t\t\t\t<\/div>\n\t\t\n","protected":false},"excerpt":{"rendered":"<p>Il est largement utilis\u00e9 dans la transformation des r\u00e9seaux \u00e9lectriques urbains, les quartiers r\u00e9sidentiels, les immeubles de grande hauteur, les sites industriels et miniers, les h\u00f4tels, les centres commerciaux, les a\u00e9roports, les chemins de fer, les champs p\u00e9trolif\u00e8res, les docks, les autoroutes et les installations \u00e9lectriques temporaires, ainsi que dans d&rsquo;autres lieux int\u00e9rieurs et ext\u00e9rieurs.<\/p>\n","protected":false},"featured_media":228,"comment_status":"open","ping_status":"closed","template":"","meta":{"site-sidebar-layout":"default","site-content-layout":"","ast-site-content-layout":"default","site-content-style":"default","site-sidebar-style":"default","ast-global-header-display":"","ast-banner-title-visibility":"","ast-main-header-display":"","ast-hfb-above-header-display":"","ast-hfb-below-header-display":"","ast-hfb-mobile-header-display":"","site-post-title":"","ast-breadcrumbs-content":"","ast-featured-img":"","footer-sml-layout":"","ast-disable-related-posts":"","theme-transparent-header-meta":"default","adv-header-id-meta":"","stick-header-meta":"","header-above-stick-meta":"","header-main-stick-meta":"","header-below-stick-meta":"","astra-migrate-meta-layouts":"default","ast-page-background-enabled":"default","ast-page-background-meta":{"desktop":{"background-color":"var(--ast-global-color-4)","background-image":"","background-repeat":"repeat","background-position":"center center","background-size":"auto","background-attachment":"scroll","background-type":"","background-media":"","overlay-type":"","overlay-color":"","overlay-opacity":"","overlay-gradient":""},"tablet":{"background-color":"","background-image":"","background-repeat":"repeat","background-position":"center center","background-size":"auto","background-attachment":"scroll","background-type":"","background-media":"","overlay-type":"","overlay-color":"","overlay-opacity":"","overlay-gradient":""},"mobile":{"background-color":"","background-image":"","background-repeat":"repeat","background-position":"center center","background-size":"auto","background-attachment":"scroll","background-type":"","background-media":"","overlay-type":"","overlay-color":"","overlay-opacity":"","overlay-gradient":""}},"ast-content-background-meta":{"desktop":{"background-color":"var(--ast-global-color-5)","background-image":"","background-repeat":"repeat","background-position":"center center","background-size":"auto","background-attachment":"scroll","background-type":"","background-media":"","overlay-type":"","overlay-color":"","overlay-opacity":"","overlay-gradient":""},"tablet":{"background-color":"var(--ast-global-color-5)","background-image":"","background-repeat":"repeat","background-position":"center center","background-size":"auto","background-attachment":"scroll","background-type":"","background-media":"","overlay-type":"","overlay-color":"","overlay-opacity":"","overlay-gradient":""},"mobile":{"background-color":"var(--ast-global-color-5)","background-image":"","background-repeat":"repeat","background-position":"center center","background-size":"auto","background-attachment":"scroll","background-type":"","background-media":"","overlay-type":"","overlay-color":"","overlay-opacity":"","overlay-gradient":""}}},"product_brand":[],"product_cat":[88],"product_tag":[],"class_list":{"0":"post-3439","1":"product","2":"type-product","3":"status-publish","4":"has-post-thumbnail","6":"product_cat-sous-station-compacte","7":"desktop-align-left","8":"tablet-align-left","9":"mobile-align-left","11":"first","12":"instock","13":"shipping-taxable","14":"product-type-simple"},"_links":{"self":[{"href":"https:\/\/chkhele.com\/fr\/wp-json\/wp\/v2\/product\/3439","targetHints":{"allow":["GET"]}}],"collection":[{"href":"https:\/\/chkhele.com\/fr\/wp-json\/wp\/v2\/product"}],"about":[{"href":"https:\/\/chkhele.com\/fr\/wp-json\/wp\/v2\/types\/product"}],"replies":[{"embeddable":true,"href":"https:\/\/chkhele.com\/fr\/wp-json\/wp\/v2\/comments?post=3439"}],"version-history":[{"count":1,"href":"https:\/\/chkhele.com\/fr\/wp-json\/wp\/v2\/product\/3439\/revisions"}],"predecessor-version":[{"id":3440,"href":"https:\/\/chkhele.com\/fr\/wp-json\/wp\/v2\/product\/3439\/revisions\/3440"}],"wp:featuredmedia":[{"embeddable":true,"href":"https:\/\/chkhele.com\/fr\/wp-json\/wp\/v2\/media\/228"}],"wp:attachment":[{"href":"https:\/\/chkhele.com\/fr\/wp-json\/wp\/v2\/media?parent=3439"}],"wp:term":[{"taxonomy":"product_brand","embeddable":true,"href":"https:\/\/chkhele.com\/fr\/wp-json\/wp\/v2\/product_brand?post=3439"},{"taxonomy":"product_cat","embeddable":true,"href":"https:\/\/chkhele.com\/fr\/wp-json\/wp\/v2\/product_cat?post=3439"},{"taxonomy":"product_tag","embeddable":true,"href":"https:\/\/chkhele.com\/fr\/wp-json\/wp\/v2\/product_tag?post=3439"}],"curies":[{"name":"wp","href":"https:\/\/api.w.org\/{rel}","templated":true}]}}