{"id":3436,"date":"2025-11-26T01:57:39","date_gmt":"2025-11-26T01:57:39","guid":{"rendered":"https:\/\/chkhele.com\/shop\/non class\u00e9\/sous-station-prefabriquee-americaine-zgs-12\/"},"modified":"2025-11-26T01:57:39","modified_gmt":"2025-11-26T01:57:39","slug":"sous-station-prefabriquee-americaine-zgs-12","status":"publish","type":"product","link":"https:\/\/chkhele.com\/fr\/shop\/sous-station-compacte\/sous-station-prefabriquee-americaine-zgs-12\/","title":{"rendered":"Sous-station pr\u00e9fabriqu\u00e9e am\u00e9ricaine ZGS-12"},"content":{"rendered":"\t\t<div data-elementor-type=\"section\" data-elementor-id=\"235\" class=\"elementor elementor-235\" data-elementor-post-type=\"elementor_library\">\n\t\t\t<div class=\"elementor-element elementor-element-800fa33 e-flex e-con-boxed e-con e-parent\" data-id=\"800fa33\" data-element_type=\"container\">\n\t\t\t\t\t<div class=\"e-con-inner\">\n\t\t\t\t<div class=\"elementor-element elementor-element-75380ed e-n-tabs-mobile elementor-widget elementor-widget-n-tabs\" data-id=\"75380ed\" data-element_type=\"widget\" data-settings=\"{&quot;horizontal_scroll&quot;:&quot;disable&quot;}\" data-widget_type=\"nested-tabs.default\">\n\t\t\t\t<div class=\"elementor-widget-container\">\n\t\t\t\t\t\t\t<div class=\"e-n-tabs\" data-widget-number=\"122913005\" aria-label=\"Onglets. Ouvrez des \u00e9l\u00e9ments avec Entrer ou Espace, fermez-les avec Echape et naviguez \u00e0 l&#039;aide des touches fl\u00e9ch\u00e9es.\">\n\t\t\t<div class=\"e-n-tabs-heading\" role=\"tablist\">\n\t\t\t\t\t<button id=\"e-n-tab-title-1229130051\" data-tab-title-id=\"e-n-tab-title-1229130051\" class=\"e-n-tab-title\" aria-selected=\"true\" data-tab-index=\"1\" role=\"tab\" tabindex=\"0\" aria-controls=\"e-n-tab-content-1229130051\" style=\"--n-tabs-title-order: 1;\">\n\t\t\t\t\t\t<span class=\"e-n-tab-title-text\">\n\t\t\t\tProduct Introduction\t\t\t<\/span>\n\t\t<\/button>\n\t\t\t\t<button id=\"e-n-tab-title-1229130052\" data-tab-title-id=\"e-n-tab-title-1229130052\" class=\"e-n-tab-title\" aria-selected=\"false\" data-tab-index=\"2\" role=\"tab\" tabindex=\"-1\" aria-controls=\"e-n-tab-content-1229130052\" style=\"--n-tabs-title-order: 2;\">\n\t\t\t\t\t\t<span class=\"e-n-tab-title-text\">\n\t\t\t\tModel Meaning\t\t\t<\/span>\n\t\t<\/button>\n\t\t\t\t<button id=\"e-n-tab-title-1229130053\" data-tab-title-id=\"e-n-tab-title-1229130053\" class=\"e-n-tab-title\" aria-selected=\"false\" data-tab-index=\"3\" role=\"tab\" tabindex=\"-1\" aria-controls=\"e-n-tab-content-1229130053\" style=\"--n-tabs-title-order: 3;\">\n\t\t\t\t\t\t<span class=\"e-n-tab-title-text\">\n\t\t\t\tFeatures\t\t\t<\/span>\n\t\t<\/button>\n\t\t\t\t<button id=\"e-n-tab-title-1229130054\" data-tab-title-id=\"e-n-tab-title-1229130054\" class=\"e-n-tab-title\" aria-selected=\"false\" data-tab-index=\"4\" role=\"tab\" tabindex=\"-1\" aria-controls=\"e-n-tab-content-1229130054\" style=\"--n-tabs-title-order: 4;\">\n\t\t\t\t\t\t<span class=\"e-n-tab-title-text\">\n\t\t\t\tWorking Conditions\t\t\t<\/span>\n\t\t<\/button>\n\t\t\t\t\t<\/div>\n\t\t\t<div class=\"e-n-tabs-content\">\n\t\t\t\t<div id=\"e-n-tab-content-1229130051\" role=\"tabpanel\" aria-labelledby=\"e-n-tab-title-1229130051\" data-tab-index=\"1\" style=\"--n-tabs-title-order: 1;\" class=\"e-active elementor-element elementor-element-1b10b5d e-con-full e-flex e-con e-child\" data-id=\"1b10b5d\" data-element_type=\"container\">\n\t\t\t\t<div class=\"elementor-element elementor-element-a090e25 elementor-widget elementor-widget-text-editor\" data-id=\"a090e25\" data-element_type=\"widget\" data-widget_type=\"text-editor.default\">\n\t\t\t\t<div class=\"elementor-widget-container\">\n\t\t\t\t\t\t\t\t\t<p>This product is to absorb foreign professional technology, combined with the actual situation in China research and development, the whole product has the characteristics of small size, easy installation and maintenance, low noise, low loss, anti-theft, strong overload capacity, full protection and so on. It is suitable for new residential areas, green belts, parks, station hotels, construction sites, airports and other places.<\/p><p>ZGS-12 series American-style pre-installed box-type substation is suitable for 10kV ring network power supply, dual power supply or terminal power supply system, as a substation, metering, compensation control and protection device. This product meets the following standards: GB\/T17467-1998 \u00ab\u00a0High Voltage and Low Voltage Prefabricated Substation\u00a0\u00bb, DL\/T537-93 \u00ab\u00a0Technical Conditions for Ordering 6-35kV Box-type Substation\u00a0\u00bb<\/p>\t\t\t\t\t\t\t\t<\/div>\n\t\t\t\t<\/div>\n\t\t\t\t<\/div>\n\t\t<div id=\"e-n-tab-content-1229130052\" role=\"tabpanel\" aria-labelledby=\"e-n-tab-title-1229130052\" data-tab-index=\"2\" style=\"--n-tabs-title-order: 2;\" class=\" elementor-element elementor-element-536a367 e-con-full e-flex e-con e-child\" data-id=\"536a367\" data-element_type=\"container\">\n\t\t\t\t<div class=\"elementor-element elementor-element-63e7c53 elementor-widget elementor-widget-image\" data-id=\"63e7c53\" data-element_type=\"widget\" data-widget_type=\"image.default\">\n\t\t\t\t<div class=\"elementor-widget-container\">\n\t\t\t\t\t\t\t\t\t\t\t\t\t\t\t<img fetchpriority=\"high\" decoding=\"async\" width=\"800\" height=\"259\" src=\"https:\/\/chkhele.com\/wp-content\/uploads\/2025\/11\/ZGS-12-American-Prefabricated-Box-Type-Substation-1.webp\" class=\"attachment-large size-large wp-image-236\" alt=\"\" srcset=\"https:\/\/chkhele.com\/wp-content\/uploads\/2025\/11\/ZGS-12-American-Prefabricated-Box-Type-Substation-1.webp 800w, https:\/\/chkhele.com\/wp-content\/uploads\/2025\/11\/ZGS-12-American-Prefabricated-Box-Type-Substation-1-600x194.webp 600w, https:\/\/chkhele.com\/wp-content\/uploads\/2025\/11\/ZGS-12-American-Prefabricated-Box-Type-Substation-1-300x97.webp 300w, https:\/\/chkhele.com\/wp-content\/uploads\/2025\/11\/ZGS-12-American-Prefabricated-Box-Type-Substation-1-768x249.webp 768w\" sizes=\"(max-width: 800px) 100vw, 800px\" \/>\t\t\t\t\t\t\t\t\t\t\t\t\t\t\t<\/div>\n\t\t\t\t<\/div>\n\t\t\t\t<\/div>\n\t\t<div id=\"e-n-tab-content-1229130053\" role=\"tabpanel\" aria-labelledby=\"e-n-tab-title-1229130053\" data-tab-index=\"3\" style=\"--n-tabs-title-order: 3;\" class=\" elementor-element elementor-element-6f485a4 e-con-full e-flex e-con e-child\" data-id=\"6f485a4\" data-element_type=\"container\">\n\t\t\t\t<div class=\"elementor-element elementor-element-ae02236 elementor-widget elementor-widget-text-editor\" data-id=\"ae02236\" data-element_type=\"widget\" data-widget_type=\"text-editor.default\">\n\t\t\t\t<div class=\"elementor-widget-container\">\n\t\t\t\t\t\t\t\t\t<ul><li>\u00a0Fully insulated, fully sealed, maintenance-free, reliable to ensure personal safety;<\/li><li>\u00a0Compact structure, only 1\/3-1\/5 of the same capacity of the European variant, low height;<\/li><li>\u00a0Split-box structure can be adopted to avoid the pollution of oil in the transformer tank;<\/li><li>\u00a0The high-voltage side adopts double-fuse full-range protection, which greatly reduces the cost:<\/li><li>\u00a0It can be used for both ring network and terminal, and the cable head can be urgently plugged and unplugged when the load current is 200A;<\/li><li>\u00a0The cabinet body adopts honeycomb double-sandwich composite panel, which has the functions of temperature insulation and heat dissipation;<\/li><li>\u00a0The electronic phase loss protector is installed on the low-voltage side, which can quickly break the main switch when there is abnormal voltage in the system;<\/li><li>\u00a0The oil-immersed load switch or SF6 load switch on the high voltage side can be upgraded electrically, laying the foundation for the realization of distribution network automation.<\/li><li>\u00a0Oil-immersed S9 or S11 series transformer with better performance is adopted.<\/li><\/ul>\t\t\t\t\t\t\t\t<\/div>\n\t\t\t\t<\/div>\n\t\t\t\t<\/div>\n\t\t<div id=\"e-n-tab-content-1229130054\" role=\"tabpanel\" aria-labelledby=\"e-n-tab-title-1229130054\" data-tab-index=\"4\" style=\"--n-tabs-title-order: 4;\" class=\" elementor-element elementor-element-db02089 e-flex e-con-boxed e-con e-child\" data-id=\"db02089\" data-element_type=\"container\">\n\t\t\t\t\t<div class=\"e-con-inner\">\n\t\t\t\t<div class=\"elementor-element elementor-element-9b7dc79 elementor-widget elementor-widget-text-editor\" data-id=\"9b7dc79\" data-element_type=\"widget\" data-widget_type=\"text-editor.default\">\n\t\t\t\t<div class=\"elementor-widget-container\">\n\t\t\t\t\t\t\t\t\t<ul><li>The altitude does not exceed 1000m;<\/li><li>\u00a0Ambient temperature: -35\u00b0C ~+40\u00b0C;<\/li><li>\u00a0Relative humidity: the daily average value is not more than 95%, and the monthly average value is not more than 90%;<\/li><li>\u00a0Installation site: no fire, explosion hazard, chemical corrosive gas and well-ventilated place, the ground inclination angle is not more than 3\u00b0.<\/li><\/ul>\t\t\t\t\t\t\t\t<\/div>\n\t\t\t\t<\/div>\n\t\t\t\t\t<\/div>\n\t\t\t\t<\/div>\n\t\t\t\t\t<\/div>\n\t\t<\/div>\n\t\t\t\t\t\t<\/div>\n\t\t\t\t<\/div>\n\t\t\t\t\t<\/div>\n\t\t\t\t<\/div>\n\t\t\t\t<\/div>\n\t\t\n","protected":false},"excerpt":{"rendered":"<p>Ce produit, fruit de l&rsquo;int\u00e9gration de technologies \u00e9trang\u00e8res de pointe et de l&rsquo;expertise chinoise en recherche et d\u00e9veloppement, se caract\u00e9rise par sa compacit\u00e9, sa facilit\u00e9 d&rsquo;installation et de maintenance, son faible niveau sonore, ses faibles pertes, sa protection antivol, sa forte capacit\u00e9 de surcharge et sa protection compl\u00e8te. Il est particuli\u00e8rement adapt\u00e9 aux nouveaux quartiers r\u00e9sidentiels, aux espaces verts, aux parcs, aux h\u00f4tels de gare, aux chantiers de construction, aux a\u00e9roports et autres lieux similaires. <\/p>\n","protected":false},"featured_media":234,"comment_status":"open","ping_status":"closed","template":"","meta":{"site-sidebar-layout":"default","site-content-layout":"","ast-site-content-layout":"default","site-content-style":"default","site-sidebar-style":"default","ast-global-header-display":"","ast-banner-title-visibility":"","ast-main-header-display":"","ast-hfb-above-header-display":"","ast-hfb-below-header-display":"","ast-hfb-mobile-header-display":"","site-post-title":"","ast-breadcrumbs-content":"","ast-featured-img":"","footer-sml-layout":"","ast-disable-related-posts":"","theme-transparent-header-meta":"default","adv-header-id-meta":"","stick-header-meta":"","header-above-stick-meta":"","header-main-stick-meta":"","header-below-stick-meta":"","astra-migrate-meta-layouts":"default","ast-page-background-enabled":"default","ast-page-background-meta":{"desktop":{"background-color":"var(--ast-global-color-4)","background-image":"","background-repeat":"repeat","background-position":"center center","background-size":"auto","background-attachment":"scroll","background-type":"","background-media":"","overlay-type":"","overlay-color":"","overlay-opacity":"","overlay-gradient":""},"tablet":{"background-color":"","background-image":"","background-repeat":"repeat","background-position":"center center","background-size":"auto","background-attachment":"scroll","background-type":"","background-media":"","overlay-type":"","overlay-color":"","overlay-opacity":"","overlay-gradient":""},"mobile":{"background-color":"","background-image":"","background-repeat":"repeat","background-position":"center center","background-size":"auto","background-attachment":"scroll","background-type":"","background-media":"","overlay-type":"","overlay-color":"","overlay-opacity":"","overlay-gradient":""}},"ast-content-background-meta":{"desktop":{"background-color":"var(--ast-global-color-5)","background-image":"","background-repeat":"repeat","background-position":"center center","background-size":"auto","background-attachment":"scroll","background-type":"","background-media":"","overlay-type":"","overlay-color":"","overlay-opacity":"","overlay-gradient":""},"tablet":{"background-color":"var(--ast-global-color-5)","background-image":"","background-repeat":"repeat","background-position":"center center","background-size":"auto","background-attachment":"scroll","background-type":"","background-media":"","overlay-type":"","overlay-color":"","overlay-opacity":"","overlay-gradient":""},"mobile":{"background-color":"var(--ast-global-color-5)","background-image":"","background-repeat":"repeat","background-position":"center center","background-size":"auto","background-attachment":"scroll","background-type":"","background-media":"","overlay-type":"","overlay-color":"","overlay-opacity":"","overlay-gradient":""}}},"product_brand":[],"product_cat":[88],"product_tag":[],"class_list":{"0":"post-3436","1":"product","2":"type-product","3":"status-publish","4":"has-post-thumbnail","6":"product_cat-sous-station-compacte","7":"desktop-align-left","8":"tablet-align-left","9":"mobile-align-left","11":"first","12":"instock","13":"shipping-taxable","14":"product-type-simple"},"_links":{"self":[{"href":"https:\/\/chkhele.com\/fr\/wp-json\/wp\/v2\/product\/3436","targetHints":{"allow":["GET"]}}],"collection":[{"href":"https:\/\/chkhele.com\/fr\/wp-json\/wp\/v2\/product"}],"about":[{"href":"https:\/\/chkhele.com\/fr\/wp-json\/wp\/v2\/types\/product"}],"replies":[{"embeddable":true,"href":"https:\/\/chkhele.com\/fr\/wp-json\/wp\/v2\/comments?post=3436"}],"version-history":[{"count":0,"href":"https:\/\/chkhele.com\/fr\/wp-json\/wp\/v2\/product\/3436\/revisions"}],"wp:featuredmedia":[{"embeddable":true,"href":"https:\/\/chkhele.com\/fr\/wp-json\/wp\/v2\/media\/234"}],"wp:attachment":[{"href":"https:\/\/chkhele.com\/fr\/wp-json\/wp\/v2\/media?parent=3436"}],"wp:term":[{"taxonomy":"product_brand","embeddable":true,"href":"https:\/\/chkhele.com\/fr\/wp-json\/wp\/v2\/product_brand?post=3436"},{"taxonomy":"product_cat","embeddable":true,"href":"https:\/\/chkhele.com\/fr\/wp-json\/wp\/v2\/product_cat?post=3436"},{"taxonomy":"product_tag","embeddable":true,"href":"https:\/\/chkhele.com\/fr\/wp-json\/wp\/v2\/product_tag?post=3436"}],"curies":[{"name":"wp","href":"https:\/\/api.w.org\/{rel}","templated":true}]}}