{"id":3427,"date":"2025-11-26T19:49:53","date_gmt":"2025-11-26T19:49:53","guid":{"rendered":"https:\/\/chkhele.com\/shop\/non%20class\u00e9\/dispositif-de-compensation-locale-de-puissance-reactive-haute-tension-tbbj\/"},"modified":"2026-04-12T00:55:38","modified_gmt":"2026-04-12T00:55:38","slug":"dispositif-de-compensation-locale-de-puissance-reactive-haute-tension-tbbj","status":"publish","type":"product","link":"https:\/\/chkhele.com\/fr\/shop\/equipement-de-commande-electrique\/dispositif-de-compensation-locale-de-puissance-reactive-haute-tension-tbbj\/","title":{"rendered":"Dispositif de compensation locale de puissance r\u00e9active haute tension TBBJ"},"content":{"rendered":"\t\t<div data-elementor-type=\"section\" data-elementor-id=\"284\" class=\"elementor elementor-284\" data-elementor-post-type=\"elementor_library\">\n\t\t\t<div class=\"elementor-element elementor-element-e76de2b e-flex e-con-boxed e-con e-parent\" data-id=\"e76de2b\" data-element_type=\"container\">\n\t\t\t\t\t<div class=\"e-con-inner\">\n\t\t\t\t<div class=\"elementor-element elementor-element-1373e9d e-n-tabs-mobile elementor-widget elementor-widget-n-tabs\" data-id=\"1373e9d\" data-element_type=\"widget\" data-settings=\"{&quot;horizontal_scroll&quot;:&quot;disable&quot;}\" data-widget_type=\"nested-tabs.default\">\n\t\t\t\t<div class=\"elementor-widget-container\">\n\t\t\t\t\t\t\t<div class=\"e-n-tabs\" data-widget-number=\"20397725\" aria-label=\"Onglets. Ouvrez des \u00e9l\u00e9ments avec Entrer ou Espace, fermez-les avec Echape et naviguez \u00e0 l&#039;aide des touches fl\u00e9ch\u00e9es.\">\n\t\t\t<div class=\"e-n-tabs-heading\" role=\"tablist\">\n\t\t\t\t\t<button id=\"e-n-tab-title-203977251\" data-tab-title-id=\"e-n-tab-title-203977251\" class=\"e-n-tab-title\" aria-selected=\"true\" data-tab-index=\"1\" role=\"tab\" tabindex=\"0\" aria-controls=\"e-n-tab-content-203977251\" style=\"--n-tabs-title-order: 1;\">\n\t\t\t\t\t\t<span class=\"e-n-tab-title-text\">\n\t\t\t\tProduct Introduction\t\t\t<\/span>\n\t\t<\/button>\n\t\t\t\t<button id=\"e-n-tab-title-203977252\" data-tab-title-id=\"e-n-tab-title-203977252\" class=\"e-n-tab-title\" aria-selected=\"false\" data-tab-index=\"2\" role=\"tab\" tabindex=\"-1\" aria-controls=\"e-n-tab-content-203977252\" style=\"--n-tabs-title-order: 2;\">\n\t\t\t\t\t\t<span class=\"e-n-tab-title-text\">\n\t\t\t\tModel Meaning\t\t\t<\/span>\n\t\t<\/button>\n\t\t\t\t<button id=\"e-n-tab-title-203977253\" data-tab-title-id=\"e-n-tab-title-203977253\" class=\"e-n-tab-title\" aria-selected=\"false\" data-tab-index=\"3\" role=\"tab\" tabindex=\"-1\" aria-controls=\"e-n-tab-content-203977253\" style=\"--n-tabs-title-order: 3;\">\n\t\t\t\t\t\t<span class=\"e-n-tab-title-text\">\n\t\t\t\tConditions of Normal Use\t\t\t<\/span>\n\t\t<\/button>\n\t\t\t\t<button id=\"e-n-tab-title-203977254\" data-tab-title-id=\"e-n-tab-title-203977254\" class=\"e-n-tab-title\" aria-selected=\"false\" data-tab-index=\"4\" role=\"tab\" tabindex=\"-1\" aria-controls=\"e-n-tab-content-203977254\" style=\"--n-tabs-title-order: 4;\">\n\t\t\t\t\t\t<span class=\"e-n-tab-title-text\">\n\t\t\t\tStructure and Dimensions\t\t\t<\/span>\n\t\t<\/button>\n\t\t\t\t\t<\/div>\n\t\t\t<div class=\"e-n-tabs-content\">\n\t\t\t\t<div id=\"e-n-tab-content-203977251\" role=\"tabpanel\" aria-labelledby=\"e-n-tab-title-203977251\" data-tab-index=\"1\" style=\"--n-tabs-title-order: 1;\" class=\"e-active elementor-element elementor-element-0d34dbf e-con-full e-flex e-con e-child\" data-id=\"0d34dbf\" data-element_type=\"container\">\n\t\t\t\t<div class=\"elementor-element elementor-element-9266859 elementor-widget elementor-widget-text-editor\" data-id=\"9266859\" data-element_type=\"widget\" data-widget_type=\"text-editor.default\">\n\t\t\t\t<div class=\"elementor-widget-container\">\n\t\t\t\t\t\t\t\t\t<p>TBBJ high-voltage reactive power on-site compensation device (hereinafter referred to as the compensation device) is an indoor type, rated voltage of 6-10kV, frequency of 50Hz, used for three-phase AC motor with rated voltage of 6-10V for on-site reactive power compensation, reduce power loss, improve grid voltage quality and improve the starting performance of the motor. The capacitor in the compensating device is put in when the motor starts, and when it stops, it is removed. It is a novel energy-saving product with a compensation effect much better than centralized compensation.<\/p><p>The products are divided into simple type and vacuum contactor switching type. The capacitor of the simple product is directly connected to the motor terminal through the fuse, and the current of the compensation device does not exceed 90% of the no-load current of the motor to avoid overvoltage damage to the motor caused by self-excitation after shutdown, and the power factor may not be too high after compensation, generally about 0.9. Using vacuum contactor switching, the compensation capacity can be larger, and the power factor can be more than 0.95 after compensation.<\/p>\t\t\t\t\t\t\t\t<\/div>\n\t\t\t\t<\/div>\n\t\t\t\t<\/div>\n\t\t<div id=\"e-n-tab-content-203977252\" role=\"tabpanel\" aria-labelledby=\"e-n-tab-title-203977252\" data-tab-index=\"2\" style=\"--n-tabs-title-order: 2;\" class=\" elementor-element elementor-element-f4c359d e-con-full e-flex e-con e-child\" data-id=\"f4c359d\" data-element_type=\"container\">\n\t\t\t\t<div class=\"elementor-element elementor-element-5e05efb elementor-widget elementor-widget-image\" data-id=\"5e05efb\" data-element_type=\"widget\" data-widget_type=\"image.default\">\n\t\t\t\t<div class=\"elementor-widget-container\">\n\t\t\t\t\t\t\t\t\t\t\t\t\t\t\t<img fetchpriority=\"high\" decoding=\"async\" width=\"600\" height=\"307\" src=\"https:\/\/chkhele.com\/wp-content\/uploads\/2025\/11\/TBBJ-High-Voltage-Reactive-Power-Local-Compensation-Device-1.webp\" class=\"attachment-large size-large wp-image-285\" alt=\"\" srcset=\"https:\/\/chkhele.com\/wp-content\/uploads\/2025\/11\/TBBJ-High-Voltage-Reactive-Power-Local-Compensation-Device-1.webp 600w, https:\/\/chkhele.com\/wp-content\/uploads\/2025\/11\/TBBJ-High-Voltage-Reactive-Power-Local-Compensation-Device-1-300x154.webp 300w\" sizes=\"(max-width: 600px) 100vw, 600px\" \/>\t\t\t\t\t\t\t\t\t\t\t\t\t\t\t<\/div>\n\t\t\t\t<\/div>\n\t\t\t\t<\/div>\n\t\t<div id=\"e-n-tab-content-203977253\" role=\"tabpanel\" aria-labelledby=\"e-n-tab-title-203977253\" data-tab-index=\"3\" style=\"--n-tabs-title-order: 3;\" class=\" elementor-element elementor-element-04c4a3f e-con-full e-flex e-con e-child\" data-id=\"04c4a3f\" data-element_type=\"container\">\n\t\t\t\t<div class=\"elementor-element elementor-element-4acfe68 elementor-widget elementor-widget-text-editor\" data-id=\"4acfe68\" data-element_type=\"widget\" data-widget_type=\"text-editor.default\">\n\t\t\t\t<div class=\"elementor-widget-container\">\n\t\t\t\t\t\t\t\t\t<p>&#8211; Indoor use;<br \/>&#8211; The altitude does not exceed 2000m;<br \/>&#8211; Ambient air temperature: -10\u00b0C ~+40\u00b0C;<br \/>&#8211; No serious mold, no corrosive gas, no serious dust, no electric dust, no serious vibration at the installation site;<br \/>&#8211; Relative humidity: the daily average is not more than 95%, and the monthly average is not more than 90%;<br \/>&#8211; The device is only suitable for the motor to work continuously, and there is no large impact load. And shall not bear the reverse braking, shall not be used on the motor load of regulation control.<\/p>\t\t\t\t\t\t\t\t<\/div>\n\t\t\t\t<\/div>\n\t\t\t\t<\/div>\n\t\t<div id=\"e-n-tab-content-203977254\" role=\"tabpanel\" aria-labelledby=\"e-n-tab-title-203977254\" data-tab-index=\"4\" style=\"--n-tabs-title-order: 4;\" class=\" elementor-element elementor-element-7398679 e-flex e-con-boxed e-con e-child\" data-id=\"7398679\" data-element_type=\"container\">\n\t\t\t\t\t<div class=\"e-con-inner\">\n\t\t\t\t<div class=\"elementor-element elementor-element-effcd5a elementor-widget elementor-widget-image\" data-id=\"effcd5a\" data-element_type=\"widget\" data-widget_type=\"image.default\">\n\t\t\t\t<div class=\"elementor-widget-container\">\n\t\t\t\t\t\t\t\t\t\t\t\t\t\t\t<img decoding=\"async\" width=\"1024\" height=\"547\" src=\"https:\/\/chkhele.com\/wp-content\/uploads\/2025\/11\/TBBJ-High-Voltage-Reactive-Power-Local-Compensation-Device-2-1024x547.webp\" class=\"attachment-large size-large wp-image-286\" alt=\"\" srcset=\"https:\/\/chkhele.com\/wp-content\/uploads\/2025\/11\/TBBJ-High-Voltage-Reactive-Power-Local-Compensation-Device-2-1024x547.webp 1024w, https:\/\/chkhele.com\/wp-content\/uploads\/2025\/11\/TBBJ-High-Voltage-Reactive-Power-Local-Compensation-Device-2-600x321.webp 600w, https:\/\/chkhele.com\/wp-content\/uploads\/2025\/11\/TBBJ-High-Voltage-Reactive-Power-Local-Compensation-Device-2-300x160.webp 300w, https:\/\/chkhele.com\/wp-content\/uploads\/2025\/11\/TBBJ-High-Voltage-Reactive-Power-Local-Compensation-Device-2-768x410.webp 768w, https:\/\/chkhele.com\/wp-content\/uploads\/2025\/11\/TBBJ-High-Voltage-Reactive-Power-Local-Compensation-Device-2.webp 1200w\" sizes=\"(max-width: 1024px) 100vw, 1024px\" \/>\t\t\t\t\t\t\t\t\t\t\t\t\t\t\t<\/div>\n\t\t\t\t<\/div>\n\t\t\t\t<div class=\"elementor-element elementor-element-738c6f3 elementor-widget elementor-widget-text-editor\" data-id=\"738c6f3\" data-element_type=\"widget\" data-widget_type=\"text-editor.default\">\n\t\t\t\t<div class=\"elementor-widget-container\">\n\t\t\t\t\t\t\t\t\t<p>Selection Method<br \/>1. The rated voltage of the compensation device is consistent with the system voltage;<br \/>2. The rated current of the simple product shall not be greater than 90% of the no-load current of the motor;<br \/>3. Calculation of compensation capacity: The calculation of compensation capacity is the same as that of the automatic compensation device for low-voltage reactive power.<\/p>\t\t\t\t\t\t\t\t<\/div>\n\t\t\t\t<\/div>\n\t\t\t\t\t<\/div>\n\t\t\t\t<\/div>\n\t\t\t\t\t<\/div>\n\t\t<\/div>\n\t\t\t\t\t\t<\/div>\n\t\t\t\t<\/div>\n\t\t\t\t\t<\/div>\n\t\t\t\t<\/div>\n\t\t\t\t<\/div>\n\t\t\n","protected":false},"excerpt":{"rendered":"<p>Le dispositif de compensation de puissance r\u00e9active haute tension TBBJ (ci-apr\u00e8s d\u00e9nomm\u00e9 \u00ab dispositif de compensation \u00bb) est un dispositif d&rsquo;int\u00e9rieur, de tension nominale de 6 \u00e0 10 kV et de fr\u00e9quence de 50 Hz, utilis\u00e9 pour les moteurs triphas\u00e9s \u00e0 courant alternatif de 6 \u00e0 10 V afin de compenser la puissance r\u00e9active sur site, de r\u00e9duire les pertes de puissance, d&rsquo;am\u00e9liorer la qualit\u00e9 de la tension du r\u00e9seau et d&rsquo;am\u00e9liorer les performances de d\u00e9marrage du moteur. Le condensateur du dispositif de compensation est ins\u00e9r\u00e9 au d\u00e9marrage du moteur et retir\u00e9 \u00e0 son arr\u00eat. Il s&rsquo;agit d&rsquo;un nouveau produit \u00e9conome en \u00e9nergie dont l&rsquo;effet de compensation est bien meilleur que celui d&rsquo;une compensation centralis\u00e9e.<\/p>\n","protected":false},"featured_media":283,"comment_status":"open","ping_status":"closed","template":"","meta":{"site-sidebar-layout":"default","site-content-layout":"","ast-site-content-layout":"default","site-content-style":"default","site-sidebar-style":"default","ast-global-header-display":"","ast-banner-title-visibility":"","ast-main-header-display":"","ast-hfb-above-header-display":"","ast-hfb-below-header-display":"","ast-hfb-mobile-header-display":"","site-post-title":"","ast-breadcrumbs-content":"","ast-featured-img":"","footer-sml-layout":"","ast-disable-related-posts":"","theme-transparent-header-meta":"default","adv-header-id-meta":"","stick-header-meta":"","header-above-stick-meta":"","header-main-stick-meta":"","header-below-stick-meta":"","astra-migrate-meta-layouts":"default","ast-page-background-enabled":"default","ast-page-background-meta":{"desktop":{"background-color":"var(--ast-global-color-4)","background-image":"","background-repeat":"repeat","background-position":"center center","background-size":"auto","background-attachment":"scroll","background-type":"","background-media":"","overlay-type":"","overlay-color":"","overlay-opacity":"","overlay-gradient":""},"tablet":{"background-color":"","background-image":"","background-repeat":"repeat","background-position":"center center","background-size":"auto","background-attachment":"scroll","background-type":"","background-media":"","overlay-type":"","overlay-color":"","overlay-opacity":"","overlay-gradient":""},"mobile":{"background-color":"","background-image":"","background-repeat":"repeat","background-position":"center center","background-size":"auto","background-attachment":"scroll","background-type":"","background-media":"","overlay-type":"","overlay-color":"","overlay-opacity":"","overlay-gradient":""}},"ast-content-background-meta":{"desktop":{"background-color":"var(--ast-global-color-5)","background-image":"","background-repeat":"repeat","background-position":"center center","background-size":"auto","background-attachment":"scroll","background-type":"","background-media":"","overlay-type":"","overlay-color":"","overlay-opacity":"","overlay-gradient":""},"tablet":{"background-color":"var(--ast-global-color-5)","background-image":"","background-repeat":"repeat","background-position":"center center","background-size":"auto","background-attachment":"scroll","background-type":"","background-media":"","overlay-type":"","overlay-color":"","overlay-opacity":"","overlay-gradient":""},"mobile":{"background-color":"var(--ast-global-color-5)","background-image":"","background-repeat":"repeat","background-position":"center center","background-size":"auto","background-attachment":"scroll","background-type":"","background-media":"","overlay-type":"","overlay-color":"","overlay-opacity":"","overlay-gradient":""}}},"product_brand":[],"product_cat":[84],"product_tag":[],"class_list":{"0":"post-3427","1":"product","2":"type-product","3":"status-publish","4":"has-post-thumbnail","6":"product_cat-equipement-de-commande-electrique","7":"desktop-align-left","8":"tablet-align-left","9":"mobile-align-left","11":"first","12":"instock","13":"shipping-taxable","14":"product-type-simple"},"_links":{"self":[{"href":"https:\/\/chkhele.com\/fr\/wp-json\/wp\/v2\/product\/3427","targetHints":{"allow":["GET"]}}],"collection":[{"href":"https:\/\/chkhele.com\/fr\/wp-json\/wp\/v2\/product"}],"about":[{"href":"https:\/\/chkhele.com\/fr\/wp-json\/wp\/v2\/types\/product"}],"replies":[{"embeddable":true,"href":"https:\/\/chkhele.com\/fr\/wp-json\/wp\/v2\/comments?post=3427"}],"version-history":[{"count":1,"href":"https:\/\/chkhele.com\/fr\/wp-json\/wp\/v2\/product\/3427\/revisions"}],"predecessor-version":[{"id":3429,"href":"https:\/\/chkhele.com\/fr\/wp-json\/wp\/v2\/product\/3427\/revisions\/3429"}],"wp:featuredmedia":[{"embeddable":true,"href":"https:\/\/chkhele.com\/fr\/wp-json\/wp\/v2\/media\/283"}],"wp:attachment":[{"href":"https:\/\/chkhele.com\/fr\/wp-json\/wp\/v2\/media?parent=3427"}],"wp:term":[{"taxonomy":"product_brand","embeddable":true,"href":"https:\/\/chkhele.com\/fr\/wp-json\/wp\/v2\/product_brand?post=3427"},{"taxonomy":"product_cat","embeddable":true,"href":"https:\/\/chkhele.com\/fr\/wp-json\/wp\/v2\/product_cat?post=3427"},{"taxonomy":"product_tag","embeddable":true,"href":"https:\/\/chkhele.com\/fr\/wp-json\/wp\/v2\/product_tag?post=3427"}],"curies":[{"name":"wp","href":"https:\/\/api.w.org\/{rel}","templated":true}]}}