{"id":3424,"date":"2025-11-26T15:51:52","date_gmt":"2025-11-26T15:51:52","guid":{"rendered":"https:\/\/chkhele.com\/shop\/non%20class\u00e9\/boite-de-derivation-de-cables-de-style-europeen-xgw-12\/"},"modified":"2026-04-12T00:54:14","modified_gmt":"2026-04-12T00:54:14","slug":"boite-de-derivation-de-cables-de-style-europeen-xgw-12","status":"publish","type":"product","link":"https:\/\/chkhele.com\/fr\/shop\/boite-de-derivation-de-cable\/boite-de-derivation-de-cables-de-style-europeen-xgw-12\/","title":{"rendered":"Bo\u00eete de d\u00e9rivation de c\u00e2bles de style europ\u00e9en XGW-12"},"content":{"rendered":"\t\t<div data-elementor-type=\"section\" data-elementor-id=\"242\" class=\"elementor elementor-242\" data-elementor-post-type=\"elementor_library\">\n\t\t\t<div class=\"elementor-element elementor-element-ff9b503 e-flex e-con-boxed e-con e-parent\" data-id=\"ff9b503\" data-element_type=\"container\">\n\t\t\t\t\t<div class=\"e-con-inner\">\n\t\t\t\t<div class=\"elementor-element elementor-element-3f6308a e-n-tabs-mobile elementor-widget elementor-widget-n-tabs\" data-id=\"3f6308a\" data-element_type=\"widget\" data-settings=\"{&quot;horizontal_scroll&quot;:&quot;disable&quot;}\" data-widget_type=\"nested-tabs.default\">\n\t\t\t\t<div class=\"elementor-widget-container\">\n\t\t\t\t\t\t\t<div class=\"e-n-tabs\" data-widget-number=\"66465930\" aria-label=\"Onglets. Ouvrez des \u00e9l\u00e9ments avec Entrer ou Espace, fermez-les avec Echape et naviguez \u00e0 l&#039;aide des touches fl\u00e9ch\u00e9es.\">\n\t\t\t<div class=\"e-n-tabs-heading\" role=\"tablist\">\n\t\t\t\t\t<button id=\"e-n-tab-title-664659301\" data-tab-title-id=\"e-n-tab-title-664659301\" class=\"e-n-tab-title\" aria-selected=\"true\" data-tab-index=\"1\" role=\"tab\" tabindex=\"0\" aria-controls=\"e-n-tab-content-664659301\" style=\"--n-tabs-title-order: 1;\">\n\t\t\t\t\t\t<span class=\"e-n-tab-title-text\">\n\t\t\t\tProduct Introduction\t\t\t<\/span>\n\t\t<\/button>\n\t\t\t\t<button id=\"e-n-tab-title-664659302\" data-tab-title-id=\"e-n-tab-title-664659302\" class=\"e-n-tab-title\" aria-selected=\"false\" data-tab-index=\"2\" role=\"tab\" tabindex=\"-1\" aria-controls=\"e-n-tab-content-664659302\" style=\"--n-tabs-title-order: 2;\">\n\t\t\t\t\t\t<span class=\"e-n-tab-title-text\">\n\t\t\t\tModel Meaning\t\t\t<\/span>\n\t\t<\/button>\n\t\t\t\t<button id=\"e-n-tab-title-664659303\" data-tab-title-id=\"e-n-tab-title-664659303\" class=\"e-n-tab-title\" aria-selected=\"false\" data-tab-index=\"3\" role=\"tab\" tabindex=\"-1\" aria-controls=\"e-n-tab-content-664659303\" style=\"--n-tabs-title-order: 3;\">\n\t\t\t\t\t\t<span class=\"e-n-tab-title-text\">\n\t\t\t\tNormal Use Environment\t\t\t<\/span>\n\t\t<\/button>\n\t\t\t\t<button id=\"e-n-tab-title-664659304\" data-tab-title-id=\"e-n-tab-title-664659304\" class=\"e-n-tab-title\" aria-selected=\"false\" data-tab-index=\"4\" role=\"tab\" tabindex=\"-1\" aria-controls=\"e-n-tab-content-664659304\" style=\"--n-tabs-title-order: 4;\">\n\t\t\t\t\t\t<span class=\"e-n-tab-title-text\">\n\t\t\t\tMain Technical Parameters\t\t\t<\/span>\n\t\t<\/button>\n\t\t\t\t\t<\/div>\n\t\t\t<div class=\"e-n-tabs-content\">\n\t\t\t\t<div id=\"e-n-tab-content-664659301\" role=\"tabpanel\" aria-labelledby=\"e-n-tab-title-664659301\" data-tab-index=\"1\" style=\"--n-tabs-title-order: 1;\" class=\"e-active elementor-element elementor-element-c5c05c0 e-con-full e-flex e-con e-child\" data-id=\"c5c05c0\" data-element_type=\"container\">\n\t\t\t\t<div class=\"elementor-element elementor-element-8df2e30 elementor-widget elementor-widget-text-editor\" data-id=\"8df2e30\" data-element_type=\"widget\" data-widget_type=\"text-editor.default\">\n\t\t\t\t<div class=\"elementor-widget-container\">\n\t\t\t\t\t\t\t\t\t<p>European-style cable branch box is widely used in the power distribution network system in recent years in the cable engineering equipment, its main characteristics are two-way door opening, the use of butt bushing as the connection busbar, with the advantages of small length, clear cable arrangement, three-core cable does not need a large span crossing, etc. The cable glands used comply with DIN47636 standards.<\/p><p>Generally, the rated current of 630A bolt is used to fix the connection cable gland.<\/p>\t\t\t\t\t\t\t\t<\/div>\n\t\t\t\t<\/div>\n\t\t\t\t<\/div>\n\t\t<div id=\"e-n-tab-content-664659302\" role=\"tabpanel\" aria-labelledby=\"e-n-tab-title-664659302\" data-tab-index=\"2\" style=\"--n-tabs-title-order: 2;\" class=\" elementor-element elementor-element-d8dc864 e-con-full e-flex e-con e-child\" data-id=\"d8dc864\" data-element_type=\"container\">\n\t\t\t\t<div class=\"elementor-element elementor-element-08712f4 elementor-widget elementor-widget-image\" data-id=\"08712f4\" data-element_type=\"widget\" data-widget_type=\"image.default\">\n\t\t\t\t<div class=\"elementor-widget-container\">\n\t\t\t\t\t\t\t\t\t\t\t\t\t\t\t<img fetchpriority=\"high\" decoding=\"async\" width=\"600\" height=\"171\" src=\"https:\/\/chkhele.com\/wp-content\/uploads\/2025\/11\/XGW-12-European-Style-Cable-Branch-Box-1.webp\" class=\"attachment-large size-large wp-image-243\" alt=\"\" srcset=\"https:\/\/chkhele.com\/wp-content\/uploads\/2025\/11\/XGW-12-European-Style-Cable-Branch-Box-1.webp 600w, https:\/\/chkhele.com\/wp-content\/uploads\/2025\/11\/XGW-12-European-Style-Cable-Branch-Box-1-300x86.webp 300w\" sizes=\"(max-width: 600px) 100vw, 600px\" \/>\t\t\t\t\t\t\t\t\t\t\t\t\t\t\t<\/div>\n\t\t\t\t<\/div>\n\t\t\t\t<\/div>\n\t\t<div id=\"e-n-tab-content-664659303\" role=\"tabpanel\" aria-labelledby=\"e-n-tab-title-664659303\" data-tab-index=\"3\" style=\"--n-tabs-title-order: 3;\" class=\" elementor-element elementor-element-6d9132e e-con-full e-flex e-con e-child\" data-id=\"6d9132e\" data-element_type=\"container\">\n\t\t\t\t<div class=\"elementor-element elementor-element-92d5868 elementor-widget elementor-widget-text-editor\" data-id=\"92d5868\" data-element_type=\"widget\" data-widget_type=\"text-editor.default\">\n\t\t\t\t<div class=\"elementor-widget-container\">\n\t\t\t\t\t\t\t\t\t<ul><li>\u00a0Ambient temperature: air temperature: +40\u00b0C, low temperature -30\u00b0C;<\/li><li>\u00a0Wind speed: equivalent to 34m\/s (not more than 700Pa);<\/li><li>\u00a0Humidity: the average daily relative humidity is not more than 95%, and the average monthly relative humidity is not more than 95%;<\/li><li>\u00a0Shockproof: horizontal acceleration is not more than 0.4m\/s2, vertical acceleration is not more than 0.15m\/s2;<\/li><li>\u00a0Installation site inclination: no more than 3\u00b0;<\/li><li>\u00a0Installation environment: The surrounding air should not be obviously polluted by corrosive and flammable gases, water vapor, etc., and there should be no violent vibration at the installation site;<\/li><li>\u00a0If you order this product beyond the above conditions, please consult with our company.<\/li><\/ul>\t\t\t\t\t\t\t\t<\/div>\n\t\t\t\t<\/div>\n\t\t\t\t<\/div>\n\t\t<div id=\"e-n-tab-content-664659304\" role=\"tabpanel\" aria-labelledby=\"e-n-tab-title-664659304\" data-tab-index=\"4\" style=\"--n-tabs-title-order: 4;\" class=\" elementor-element elementor-element-04b8911 e-flex e-con-boxed e-con e-child\" data-id=\"04b8911\" data-element_type=\"container\">\n\t\t\t\t\t<div class=\"e-con-inner\">\n\t\t\t\t<div class=\"elementor-element elementor-element-b2f1a55 elementor-widget elementor-widget-image\" data-id=\"b2f1a55\" data-element_type=\"widget\" data-widget_type=\"image.default\">\n\t\t\t\t<div class=\"elementor-widget-container\">\n\t\t\t\t\t\t\t\t\t\t\t\t\t\t\t<img decoding=\"async\" width=\"700\" height=\"374\" src=\"https:\/\/chkhele.com\/wp-content\/uploads\/2025\/11\/XGW-12-European-Style-Cable-Branch-Box-2.webp\" class=\"attachment-large size-large wp-image-244\" alt=\"\" srcset=\"https:\/\/chkhele.com\/wp-content\/uploads\/2025\/11\/XGW-12-European-Style-Cable-Branch-Box-2.webp 700w, https:\/\/chkhele.com\/wp-content\/uploads\/2025\/11\/XGW-12-European-Style-Cable-Branch-Box-2-600x321.webp 600w, https:\/\/chkhele.com\/wp-content\/uploads\/2025\/11\/XGW-12-European-Style-Cable-Branch-Box-2-300x160.webp 300w\" sizes=\"(max-width: 700px) 100vw, 700px\" \/>\t\t\t\t\t\t\t\t\t\t\t\t\t\t\t<\/div>\n\t\t\t\t<\/div>\n\t\t\t\t<div class=\"elementor-element elementor-element-6af36e8 elementor-widget elementor-widget-text-editor\" data-id=\"6af36e8\" data-element_type=\"widget\" data-widget_type=\"text-editor.default\">\n\t\t\t\t<div class=\"elementor-widget-container\">\n\t\t\t\t\t\t\t\t\t<p><strong>Installation Dimension Drawing<\/strong><\/p>\t\t\t\t\t\t\t\t<\/div>\n\t\t\t\t<\/div>\n\t\t\t\t<div class=\"elementor-element elementor-element-0a58cf5 elementor-widget elementor-widget-image\" data-id=\"0a58cf5\" data-element_type=\"widget\" data-widget_type=\"image.default\">\n\t\t\t\t<div class=\"elementor-widget-container\">\n\t\t\t\t\t\t\t\t\t\t\t\t\t\t\t<img decoding=\"async\" width=\"1024\" height=\"511\" src=\"https:\/\/chkhele.com\/wp-content\/uploads\/2025\/11\/XGW-12-European-Style-Cable-Branch-Box-3-1024x511.webp\" class=\"attachment-large size-large wp-image-245\" alt=\"\" srcset=\"https:\/\/chkhele.com\/wp-content\/uploads\/2025\/11\/XGW-12-European-Style-Cable-Branch-Box-3-1024x511.webp 1024w, https:\/\/chkhele.com\/wp-content\/uploads\/2025\/11\/XGW-12-European-Style-Cable-Branch-Box-3-600x300.webp 600w, https:\/\/chkhele.com\/wp-content\/uploads\/2025\/11\/XGW-12-European-Style-Cable-Branch-Box-3-300x150.webp 300w, https:\/\/chkhele.com\/wp-content\/uploads\/2025\/11\/XGW-12-European-Style-Cable-Branch-Box-3-768x383.webp 768w, https:\/\/chkhele.com\/wp-content\/uploads\/2025\/11\/XGW-12-European-Style-Cable-Branch-Box-3.webp 1260w\" sizes=\"(max-width: 1024px) 100vw, 1024px\" \/>\t\t\t\t\t\t\t\t\t\t\t\t\t\t\t<\/div>\n\t\t\t\t<\/div>\n\t\t\t\t<div class=\"elementor-element elementor-element-dd14f24 elementor-widget elementor-widget-text-editor\" data-id=\"dd14f24\" data-element_type=\"widget\" data-widget_type=\"text-editor.default\">\n\t\t\t\t<div class=\"elementor-widget-container\">\n\t\t\t\t\t\t\t\t\t<p><strong>Structural Description<\/strong><\/p>\t\t\t\t\t\t\t\t<\/div>\n\t\t\t\t<\/div>\n\t\t\t\t<div class=\"elementor-element elementor-element-c88f21b elementor-widget elementor-widget-image\" data-id=\"c88f21b\" data-element_type=\"widget\" data-widget_type=\"image.default\">\n\t\t\t\t<div class=\"elementor-widget-container\">\n\t\t\t\t\t\t\t\t\t\t\t\t\t\t\t<img loading=\"lazy\" decoding=\"async\" width=\"1024\" height=\"399\" src=\"https:\/\/chkhele.com\/wp-content\/uploads\/2025\/11\/XGW-12-European-Style-Cable-Branch-Box-4-1024x399.webp\" class=\"attachment-large size-large wp-image-246\" alt=\"\" srcset=\"https:\/\/chkhele.com\/wp-content\/uploads\/2025\/11\/XGW-12-European-Style-Cable-Branch-Box-4-1024x399.webp 1024w, https:\/\/chkhele.com\/wp-content\/uploads\/2025\/11\/XGW-12-European-Style-Cable-Branch-Box-4-600x234.webp 600w, https:\/\/chkhele.com\/wp-content\/uploads\/2025\/11\/XGW-12-European-Style-Cable-Branch-Box-4-300x117.webp 300w, https:\/\/chkhele.com\/wp-content\/uploads\/2025\/11\/XGW-12-European-Style-Cable-Branch-Box-4-768x299.webp 768w, https:\/\/chkhele.com\/wp-content\/uploads\/2025\/11\/XGW-12-European-Style-Cable-Branch-Box-4.webp 1200w\" sizes=\"(max-width: 1024px) 100vw, 1024px\" \/>\t\t\t\t\t\t\t\t\t\t\t\t\t\t\t<\/div>\n\t\t\t\t<\/div>\n\t\t\t\t<div class=\"elementor-element elementor-element-22900bd elementor-widget elementor-widget-text-editor\" data-id=\"22900bd\" data-element_type=\"widget\" data-widget_type=\"text-editor.default\">\n\t\t\t\t<div class=\"elementor-widget-container\">\n\t\t\t\t\t\t\t\t\t<p>XGW-12 European cable branch box is outdoor design, fully sealed structure, fully insulated, dustproof, moisture-proof, flood-resistant, corrosion-resistant, and environmentally adaptable. The cabinet is protected by IP33. The cable gland bracket is made of stainless steel, and the shell is made of stainless steel plate or cold-rolled plate spraying.<\/p><p>The cable gland bracket is located in the upper part of the breakout box and is used to support the sleeve, which is used to secure the cable gland or, in the case of surge arresters, at the end of the cable glands. In addition, a short-circuit fault indicator and a live indicator are housed in the distribution box. The live parts of the main circuit in the box are insulated by prefabricated plug-in cable terminations. The cable partition is located in the lower part of the box and has a cable retaining clip and a ground terminal. The box layout is reasonable, the size is small, the structure is compact, the appearance is beautiful and generous, the installation is simple, and the maintenance is free.<\/p>\t\t\t\t\t\t\t\t<\/div>\n\t\t\t\t<\/div>\n\t\t\t\t\t<\/div>\n\t\t\t\t<\/div>\n\t\t\t\t\t<\/div>\n\t\t<\/div>\n\t\t\t\t\t\t<\/div>\n\t\t\t\t<\/div>\n\t\t\t\t\t<\/div>\n\t\t\t\t<\/div>\n\t\t\t\t<\/div>\n\t\t\n","protected":false},"excerpt":{"rendered":"<p>Le bo\u00eetier de d\u00e9rivation de c\u00e2bles de style europ\u00e9en est largement utilis\u00e9 ces derni\u00e8res ann\u00e9es dans les syst\u00e8mes de distribution d&rsquo;\u00e9nergie, notamment dans les \u00e9quipements de c\u00e2blage. Ses principales caract\u00e9ristiques sont l&rsquo;ouverture de porte \u00e0 deux voies, l&rsquo;utilisation de douilles bout \u00e0 bout comme barre omnibus de connexion, et ses avantages tels que sa faible longueur, la clart\u00e9 de l&rsquo;agencement des c\u00e2bles et le fait que les c\u00e2bles \u00e0 trois conducteurs ne n\u00e9cessitent pas de grand croisement. Les presse-\u00e9toupes utilis\u00e9s sont conformes \u00e0 la norme DIN47636.<\/p>\n","protected":false},"featured_media":241,"comment_status":"open","ping_status":"closed","template":"","meta":{"site-sidebar-layout":"default","site-content-layout":"","ast-site-content-layout":"default","site-content-style":"default","site-sidebar-style":"default","ast-global-header-display":"","ast-banner-title-visibility":"","ast-main-header-display":"","ast-hfb-above-header-display":"","ast-hfb-below-header-display":"","ast-hfb-mobile-header-display":"","site-post-title":"","ast-breadcrumbs-content":"","ast-featured-img":"","footer-sml-layout":"","ast-disable-related-posts":"","theme-transparent-header-meta":"default","adv-header-id-meta":"","stick-header-meta":"","header-above-stick-meta":"","header-main-stick-meta":"","header-below-stick-meta":"","astra-migrate-meta-layouts":"default","ast-page-background-enabled":"default","ast-page-background-meta":{"desktop":{"background-color":"var(--ast-global-color-4)","background-image":"","background-repeat":"repeat","background-position":"center center","background-size":"auto","background-attachment":"scroll","background-type":"","background-media":"","overlay-type":"","overlay-color":"","overlay-opacity":"","overlay-gradient":""},"tablet":{"background-color":"","background-image":"","background-repeat":"repeat","background-position":"center center","background-size":"auto","background-attachment":"scroll","background-type":"","background-media":"","overlay-type":"","overlay-color":"","overlay-opacity":"","overlay-gradient":""},"mobile":{"background-color":"","background-image":"","background-repeat":"repeat","background-position":"center center","background-size":"auto","background-attachment":"scroll","background-type":"","background-media":"","overlay-type":"","overlay-color":"","overlay-opacity":"","overlay-gradient":""}},"ast-content-background-meta":{"desktop":{"background-color":"var(--ast-global-color-5)","background-image":"","background-repeat":"repeat","background-position":"center center","background-size":"auto","background-attachment":"scroll","background-type":"","background-media":"","overlay-type":"","overlay-color":"","overlay-opacity":"","overlay-gradient":""},"tablet":{"background-color":"var(--ast-global-color-5)","background-image":"","background-repeat":"repeat","background-position":"center center","background-size":"auto","background-attachment":"scroll","background-type":"","background-media":"","overlay-type":"","overlay-color":"","overlay-opacity":"","overlay-gradient":""},"mobile":{"background-color":"var(--ast-global-color-5)","background-image":"","background-repeat":"repeat","background-position":"center center","background-size":"auto","background-attachment":"scroll","background-type":"","background-media":"","overlay-type":"","overlay-color":"","overlay-opacity":"","overlay-gradient":""}}},"product_brand":[],"product_cat":[83],"product_tag":[],"class_list":{"0":"post-3424","1":"product","2":"type-product","3":"status-publish","4":"has-post-thumbnail","6":"product_cat-boite-de-derivation-de-cable","7":"desktop-align-left","8":"tablet-align-left","9":"mobile-align-left","11":"first","12":"instock","13":"shipping-taxable","14":"product-type-simple"},"_links":{"self":[{"href":"https:\/\/chkhele.com\/fr\/wp-json\/wp\/v2\/product\/3424","targetHints":{"allow":["GET"]}}],"collection":[{"href":"https:\/\/chkhele.com\/fr\/wp-json\/wp\/v2\/product"}],"about":[{"href":"https:\/\/chkhele.com\/fr\/wp-json\/wp\/v2\/types\/product"}],"replies":[{"embeddable":true,"href":"https:\/\/chkhele.com\/fr\/wp-json\/wp\/v2\/comments?post=3424"}],"version-history":[{"count":1,"href":"https:\/\/chkhele.com\/fr\/wp-json\/wp\/v2\/product\/3424\/revisions"}],"predecessor-version":[{"id":3425,"href":"https:\/\/chkhele.com\/fr\/wp-json\/wp\/v2\/product\/3424\/revisions\/3425"}],"wp:featuredmedia":[{"embeddable":true,"href":"https:\/\/chkhele.com\/fr\/wp-json\/wp\/v2\/media\/241"}],"wp:attachment":[{"href":"https:\/\/chkhele.com\/fr\/wp-json\/wp\/v2\/media?parent=3424"}],"wp:term":[{"taxonomy":"product_brand","embeddable":true,"href":"https:\/\/chkhele.com\/fr\/wp-json\/wp\/v2\/product_brand?post=3424"},{"taxonomy":"product_cat","embeddable":true,"href":"https:\/\/chkhele.com\/fr\/wp-json\/wp\/v2\/product_cat?post=3424"},{"taxonomy":"product_tag","embeddable":true,"href":"https:\/\/chkhele.com\/fr\/wp-json\/wp\/v2\/product_tag?post=3424"}],"curies":[{"name":"wp","href":"https:\/\/api.w.org\/{rel}","templated":true}]}}