{"id":3422,"date":"2025-11-26T16:06:49","date_gmt":"2025-11-26T16:06:49","guid":{"rendered":"https:\/\/chkhele.com\/shop\/non%20class\u00e9\/boitier-de-distribution-de-cables-exterieur-dwf-35-ca\/"},"modified":"2026-04-12T00:54:19","modified_gmt":"2026-04-12T00:54:19","slug":"boitier-de-distribution-de-cables-exterieur-dwf-35-ca","status":"publish","type":"product","link":"https:\/\/chkhele.com\/fr\/shop\/boite-de-derivation-de-cable\/boitier-de-distribution-de-cables-exterieur-dwf-35-ca\/","title":{"rendered":"Bo\u00eetier de distribution de c\u00e2bles ext\u00e9rieur DWF-35 CA"},"content":{"rendered":"\t\t<div data-elementor-type=\"section\" data-elementor-id=\"251\" class=\"elementor elementor-251\" data-elementor-post-type=\"elementor_library\">\n\t\t\t<div class=\"elementor-element elementor-element-5a1b07f e-flex e-con-boxed e-con e-parent\" data-id=\"5a1b07f\" data-element_type=\"container\">\n\t\t\t\t\t<div class=\"e-con-inner\">\n\t\t\t\t<div class=\"elementor-element elementor-element-3c207c2 e-n-tabs-mobile elementor-widget elementor-widget-n-tabs\" data-id=\"3c207c2\" data-element_type=\"widget\" data-settings=\"{&quot;horizontal_scroll&quot;:&quot;disable&quot;}\" data-widget_type=\"nested-tabs.default\">\n\t\t\t\t<div class=\"elementor-widget-container\">\n\t\t\t\t\t\t\t<div class=\"e-n-tabs\" data-widget-number=\"63047618\" aria-label=\"Onglets. Ouvrez des \u00e9l\u00e9ments avec Entrer ou Espace, fermez-les avec Echape et naviguez \u00e0 l&#039;aide des touches fl\u00e9ch\u00e9es.\">\n\t\t\t<div class=\"e-n-tabs-heading\" role=\"tablist\">\n\t\t\t\t\t<button id=\"e-n-tab-title-630476181\" data-tab-title-id=\"e-n-tab-title-630476181\" class=\"e-n-tab-title\" aria-selected=\"true\" data-tab-index=\"1\" role=\"tab\" tabindex=\"0\" aria-controls=\"e-n-tab-content-630476181\" style=\"--n-tabs-title-order: 1;\">\n\t\t\t\t\t\t<span class=\"e-n-tab-title-text\">\n\t\t\t\tOverview\t\t\t<\/span>\n\t\t<\/button>\n\t\t\t\t<button id=\"e-n-tab-title-630476182\" data-tab-title-id=\"e-n-tab-title-630476182\" class=\"e-n-tab-title\" aria-selected=\"false\" data-tab-index=\"2\" role=\"tab\" tabindex=\"-1\" aria-controls=\"e-n-tab-content-630476182\" style=\"--n-tabs-title-order: 2;\">\n\t\t\t\t\t\t<span class=\"e-n-tab-title-text\">\n\t\t\t\tModel Meaning\t\t\t<\/span>\n\t\t<\/button>\n\t\t\t\t<button id=\"e-n-tab-title-630476183\" data-tab-title-id=\"e-n-tab-title-630476183\" class=\"e-n-tab-title\" aria-selected=\"false\" data-tab-index=\"3\" role=\"tab\" tabindex=\"-1\" aria-controls=\"e-n-tab-content-630476183\" style=\"--n-tabs-title-order: 3;\">\n\t\t\t\t\t\t<span class=\"e-n-tab-title-text\">\n\t\t\t\tNormal Use Environment\t\t\t<\/span>\n\t\t<\/button>\n\t\t\t\t<button id=\"e-n-tab-title-630476184\" data-tab-title-id=\"e-n-tab-title-630476184\" class=\"e-n-tab-title\" aria-selected=\"false\" data-tab-index=\"4\" role=\"tab\" tabindex=\"-1\" aria-controls=\"e-n-tab-content-630476184\" style=\"--n-tabs-title-order: 4;\">\n\t\t\t\t\t\t<span class=\"e-n-tab-title-text\">\n\t\t\t\tTechnical Parameters\t\t\t<\/span>\n\t\t<\/button>\n\t\t\t\t\t<\/div>\n\t\t\t<div class=\"e-n-tabs-content\">\n\t\t\t\t<div id=\"e-n-tab-content-630476181\" role=\"tabpanel\" aria-labelledby=\"e-n-tab-title-630476181\" data-tab-index=\"1\" style=\"--n-tabs-title-order: 1;\" class=\"e-active elementor-element elementor-element-59ead07 e-con-full e-flex e-con e-child\" data-id=\"59ead07\" data-element_type=\"container\">\n\t\t\t\t<div class=\"elementor-element elementor-element-dc72c8a elementor-widget elementor-widget-text-editor\" data-id=\"dc72c8a\" data-element_type=\"widget\" data-widget_type=\"text-editor.default\">\n\t\t\t\t<div class=\"elementor-widget-container\">\n\t\t\t\t\t\t\t\t\t<p>DWF-35 outdoor AC cable distribution box is widely used in the power distribution network system in recent years in the cable engineering equipment, its main characteristics are two-way door, the use of butt bushing as the connection busbar, with the advantages of small length, clear cable arrangement, three-core cable does not need a large span crossing, etc. The cable glands used comply with DIN47636 standards.<\/p><p>Generally, the rated current of 630A bolt is used to fix the connected cable gland.<\/p>\t\t\t\t\t\t\t\t<\/div>\n\t\t\t\t<\/div>\n\t\t\t\t<\/div>\n\t\t<div id=\"e-n-tab-content-630476182\" role=\"tabpanel\" aria-labelledby=\"e-n-tab-title-630476182\" data-tab-index=\"2\" style=\"--n-tabs-title-order: 2;\" class=\" elementor-element elementor-element-9542b5e e-con-full e-flex e-con e-child\" data-id=\"9542b5e\" data-element_type=\"container\">\n\t\t\t\t<div class=\"elementor-element elementor-element-2f0a788 elementor-widget elementor-widget-image\" data-id=\"2f0a788\" data-element_type=\"widget\" data-widget_type=\"image.default\">\n\t\t\t\t<div class=\"elementor-widget-container\">\n\t\t\t\t\t\t\t\t\t\t\t\t\t\t\t<img fetchpriority=\"high\" decoding=\"async\" width=\"586\" height=\"146\" src=\"https:\/\/chkhele.com\/wp-content\/uploads\/2025\/11\/DWF-35-Outdoor-AC-Cable-Distribution-Box-1.webp\" class=\"attachment-large size-large wp-image-252\" alt=\"\" srcset=\"https:\/\/chkhele.com\/wp-content\/uploads\/2025\/11\/DWF-35-Outdoor-AC-Cable-Distribution-Box-1.webp 586w, https:\/\/chkhele.com\/wp-content\/uploads\/2025\/11\/DWF-35-Outdoor-AC-Cable-Distribution-Box-1-300x75.webp 300w\" sizes=\"(max-width: 586px) 100vw, 586px\" \/>\t\t\t\t\t\t\t\t\t\t\t\t\t\t\t<\/div>\n\t\t\t\t<\/div>\n\t\t\t\t<\/div>\n\t\t<div id=\"e-n-tab-content-630476183\" role=\"tabpanel\" aria-labelledby=\"e-n-tab-title-630476183\" data-tab-index=\"3\" style=\"--n-tabs-title-order: 3;\" class=\" elementor-element elementor-element-6739dd5 e-con-full e-flex e-con e-child\" data-id=\"6739dd5\" data-element_type=\"container\">\n\t\t\t\t<div class=\"elementor-element elementor-element-eccfb02 elementor-widget elementor-widget-text-editor\" data-id=\"eccfb02\" data-element_type=\"widget\" data-widget_type=\"text-editor.default\">\n\t\t\t\t<div class=\"elementor-widget-container\">\n\t\t\t\t\t\t\t\t\t<ul><li>Ambient temperature: Air temperature: +40\u00b0C, low temperature -30\u00b0C<\/li><li>Wind speed: equivalent to 34m\/s (not more than 700Pa)<\/li><li>Humidity: The average daily relative humidity is not more than 95%, and the average monthly relative humidity is not more than 95%<\/li><li>Shockproof: Horizontal acceleration is not more than 0.4m\/s, vertical acceleration is not more than 0.15m\/s<\/li><li>Installation site inclination: not more than 3\u00b0<\/li><li>Installation environment: The surrounding air should not be obviously polluted by corrosive and flammable gases, water vapor, etc.,<\/li><li>There is no violent vibration at the installation site.<\/li><li>If you order this product beyond the above conditions, please consult with us.<\/li><\/ul>\t\t\t\t\t\t\t\t<\/div>\n\t\t\t\t<\/div>\n\t\t\t\t<\/div>\n\t\t<div id=\"e-n-tab-content-630476184\" role=\"tabpanel\" aria-labelledby=\"e-n-tab-title-630476184\" data-tab-index=\"4\" style=\"--n-tabs-title-order: 4;\" class=\" elementor-element elementor-element-60dd5aa e-flex e-con-boxed e-con e-child\" data-id=\"60dd5aa\" data-element_type=\"container\">\n\t\t\t\t\t<div class=\"e-con-inner\">\n\t\t\t\t<div class=\"elementor-element elementor-element-a9ba48e elementor-widget elementor-widget-image\" data-id=\"a9ba48e\" data-element_type=\"widget\" data-widget_type=\"image.default\">\n\t\t\t\t<div class=\"elementor-widget-container\">\n\t\t\t\t\t\t\t\t\t\t\t\t\t\t\t<img decoding=\"async\" width=\"1000\" height=\"230\" src=\"https:\/\/chkhele.com\/wp-content\/uploads\/2025\/11\/DWF-35-Outdoor-AC-Cable-Distribution-Box-2.webp\" class=\"attachment-large size-large wp-image-253\" alt=\"\" srcset=\"https:\/\/chkhele.com\/wp-content\/uploads\/2025\/11\/DWF-35-Outdoor-AC-Cable-Distribution-Box-2.webp 1000w, https:\/\/chkhele.com\/wp-content\/uploads\/2025\/11\/DWF-35-Outdoor-AC-Cable-Distribution-Box-2-600x138.webp 600w, https:\/\/chkhele.com\/wp-content\/uploads\/2025\/11\/DWF-35-Outdoor-AC-Cable-Distribution-Box-2-300x69.webp 300w, https:\/\/chkhele.com\/wp-content\/uploads\/2025\/11\/DWF-35-Outdoor-AC-Cable-Distribution-Box-2-768x177.webp 768w\" sizes=\"(max-width: 1000px) 100vw, 1000px\" \/>\t\t\t\t\t\t\t\t\t\t\t\t\t\t\t<\/div>\n\t\t\t\t<\/div>\n\t\t\t\t\t<\/div>\n\t\t\t\t<\/div>\n\t\t\t\t\t<\/div>\n\t\t<\/div>\n\t\t\t\t\t\t<\/div>\n\t\t\t\t<\/div>\n\t\t\t\t\t<\/div>\n\t\t\t\t<\/div>\n\t\t\t\t<\/div>\n\t\t\n","protected":false},"excerpt":{"rendered":"<p>Le bo\u00eetier de distribution de c\u00e2bles ext\u00e9rieur DWF-35 est largement utilis\u00e9 ces derni\u00e8res ann\u00e9es dans les syst\u00e8mes de r\u00e9seaux de distribution d&rsquo;\u00e9nergie, notamment dans les \u00e9quipements de c\u00e2blage. Ses principales caract\u00e9ristiques sont une porte \u00e0 deux voies, l&rsquo;utilisation de douilles bout \u00e0 bout comme barre omnibus de connexion, et ses avantages tels qu&rsquo;une faible longueur, un agencement clair des c\u00e2bles et le fait que les c\u00e2bles \u00e0 trois conducteurs ne n\u00e9cessitent pas de grand croisement. Les presse-\u00e9toupes utilis\u00e9s sont conformes \u00e0 la norme DIN47636.<\/p>\n","protected":false},"featured_media":250,"comment_status":"open","ping_status":"closed","template":"","meta":{"site-sidebar-layout":"default","site-content-layout":"","ast-site-content-layout":"default","site-content-style":"default","site-sidebar-style":"default","ast-global-header-display":"","ast-banner-title-visibility":"","ast-main-header-display":"","ast-hfb-above-header-display":"","ast-hfb-below-header-display":"","ast-hfb-mobile-header-display":"","site-post-title":"","ast-breadcrumbs-content":"","ast-featured-img":"","footer-sml-layout":"","ast-disable-related-posts":"","theme-transparent-header-meta":"default","adv-header-id-meta":"","stick-header-meta":"","header-above-stick-meta":"","header-main-stick-meta":"","header-below-stick-meta":"","astra-migrate-meta-layouts":"default","ast-page-background-enabled":"default","ast-page-background-meta":{"desktop":{"background-color":"var(--ast-global-color-4)","background-image":"","background-repeat":"repeat","background-position":"center center","background-size":"auto","background-attachment":"scroll","background-type":"","background-media":"","overlay-type":"","overlay-color":"","overlay-opacity":"","overlay-gradient":""},"tablet":{"background-color":"","background-image":"","background-repeat":"repeat","background-position":"center center","background-size":"auto","background-attachment":"scroll","background-type":"","background-media":"","overlay-type":"","overlay-color":"","overlay-opacity":"","overlay-gradient":""},"mobile":{"background-color":"","background-image":"","background-repeat":"repeat","background-position":"center center","background-size":"auto","background-attachment":"scroll","background-type":"","background-media":"","overlay-type":"","overlay-color":"","overlay-opacity":"","overlay-gradient":""}},"ast-content-background-meta":{"desktop":{"background-color":"var(--ast-global-color-5)","background-image":"","background-repeat":"repeat","background-position":"center center","background-size":"auto","background-attachment":"scroll","background-type":"","background-media":"","overlay-type":"","overlay-color":"","overlay-opacity":"","overlay-gradient":""},"tablet":{"background-color":"var(--ast-global-color-5)","background-image":"","background-repeat":"repeat","background-position":"center center","background-size":"auto","background-attachment":"scroll","background-type":"","background-media":"","overlay-type":"","overlay-color":"","overlay-opacity":"","overlay-gradient":""},"mobile":{"background-color":"var(--ast-global-color-5)","background-image":"","background-repeat":"repeat","background-position":"center center","background-size":"auto","background-attachment":"scroll","background-type":"","background-media":"","overlay-type":"","overlay-color":"","overlay-opacity":"","overlay-gradient":""}}},"product_brand":[],"product_cat":[83],"product_tag":[],"class_list":{"0":"post-3422","1":"product","2":"type-product","3":"status-publish","4":"has-post-thumbnail","6":"product_cat-boite-de-derivation-de-cable","7":"desktop-align-left","8":"tablet-align-left","9":"mobile-align-left","11":"first","12":"instock","13":"shipping-taxable","14":"product-type-simple"},"_links":{"self":[{"href":"https:\/\/chkhele.com\/fr\/wp-json\/wp\/v2\/product\/3422","targetHints":{"allow":["GET"]}}],"collection":[{"href":"https:\/\/chkhele.com\/fr\/wp-json\/wp\/v2\/product"}],"about":[{"href":"https:\/\/chkhele.com\/fr\/wp-json\/wp\/v2\/types\/product"}],"replies":[{"embeddable":true,"href":"https:\/\/chkhele.com\/fr\/wp-json\/wp\/v2\/comments?post=3422"}],"version-history":[{"count":1,"href":"https:\/\/chkhele.com\/fr\/wp-json\/wp\/v2\/product\/3422\/revisions"}],"predecessor-version":[{"id":3423,"href":"https:\/\/chkhele.com\/fr\/wp-json\/wp\/v2\/product\/3422\/revisions\/3423"}],"wp:featuredmedia":[{"embeddable":true,"href":"https:\/\/chkhele.com\/fr\/wp-json\/wp\/v2\/media\/250"}],"wp:attachment":[{"href":"https:\/\/chkhele.com\/fr\/wp-json\/wp\/v2\/media?parent=3422"}],"wp:term":[{"taxonomy":"product_brand","embeddable":true,"href":"https:\/\/chkhele.com\/fr\/wp-json\/wp\/v2\/product_brand?post=3422"},{"taxonomy":"product_cat","embeddable":true,"href":"https:\/\/chkhele.com\/fr\/wp-json\/wp\/v2\/product_cat?post=3422"},{"taxonomy":"product_tag","embeddable":true,"href":"https:\/\/chkhele.com\/fr\/wp-json\/wp\/v2\/product_tag?post=3422"}],"curies":[{"name":"wp","href":"https:\/\/api.w.org\/{rel}","templated":true}]}}