{"id":3419,"date":"2025-11-26T18:19:47","date_gmt":"2025-11-26T18:19:47","guid":{"rendered":"https:\/\/chkhele.com\/shop\/non class\u00e9\/unite-principale-de-boucle-exterieure-xgw-poste-douverture-et-de-fermeture\/"},"modified":"2025-11-26T18:19:47","modified_gmt":"2025-11-26T18:19:47","slug":"unite-principale-de-boucle-exterieure-xgw-poste-douverture-et-de-fermeture","status":"publish","type":"product","link":"https:\/\/chkhele.com\/fr\/shop\/boite-de-derivation-de-cable\/unite-principale-de-boucle-exterieure-xgw-poste-douverture-et-de-fermeture\/","title":{"rendered":"Unit\u00e9 principale de boucle ext\u00e9rieure XGW (poste d&rsquo;ouverture et de fermeture)"},"content":{"rendered":"\t\t<div data-elementor-type=\"section\" data-elementor-id=\"263\" class=\"elementor elementor-263\" data-elementor-post-type=\"elementor_library\">\n\t\t\t<div class=\"elementor-element elementor-element-70f3bec e-flex e-con-boxed e-con e-parent\" data-id=\"70f3bec\" data-element_type=\"container\">\n\t\t\t\t\t<div class=\"e-con-inner\">\n\t\t\t\t<div class=\"elementor-element elementor-element-6a8bfa7 e-n-tabs-mobile elementor-widget elementor-widget-n-tabs\" data-id=\"6a8bfa7\" data-element_type=\"widget\" data-settings=\"{&quot;horizontal_scroll&quot;:&quot;disable&quot;}\" data-widget_type=\"nested-tabs.default\">\n\t\t\t\t<div class=\"elementor-widget-container\">\n\t\t\t\t\t\t\t<div class=\"e-n-tabs\" data-widget-number=\"111722407\" aria-label=\"Onglets. Ouvrez des \u00e9l\u00e9ments avec Entrer ou Espace, fermez-les avec Echape et naviguez \u00e0 l&#039;aide des touches fl\u00e9ch\u00e9es.\">\n\t\t\t<div class=\"e-n-tabs-heading\" role=\"tablist\">\n\t\t\t\t\t<button id=\"e-n-tab-title-1117224071\" data-tab-title-id=\"e-n-tab-title-1117224071\" class=\"e-n-tab-title\" aria-selected=\"true\" data-tab-index=\"1\" role=\"tab\" tabindex=\"0\" aria-controls=\"e-n-tab-content-1117224071\" style=\"--n-tabs-title-order: 1;\">\n\t\t\t\t\t\t<span class=\"e-n-tab-title-text\">\n\t\t\t\tProduct Introduction\t\t\t<\/span>\n\t\t<\/button>\n\t\t\t\t<button id=\"e-n-tab-title-1117224072\" data-tab-title-id=\"e-n-tab-title-1117224072\" class=\"e-n-tab-title\" aria-selected=\"false\" data-tab-index=\"2\" role=\"tab\" tabindex=\"-1\" aria-controls=\"e-n-tab-content-1117224072\" style=\"--n-tabs-title-order: 2;\">\n\t\t\t\t\t\t<span class=\"e-n-tab-title-text\">\n\t\t\t\tWorking Conditions\t\t\t<\/span>\n\t\t<\/button>\n\t\t\t\t<button id=\"e-n-tab-title-1117224073\" data-tab-title-id=\"e-n-tab-title-1117224073\" class=\"e-n-tab-title\" aria-selected=\"false\" data-tab-index=\"3\" role=\"tab\" tabindex=\"-1\" aria-controls=\"e-n-tab-content-1117224073\" style=\"--n-tabs-title-order: 3;\">\n\t\t\t\t\t\t<span class=\"e-n-tab-title-text\">\n\t\t\t\tFeatures\t\t\t<\/span>\n\t\t<\/button>\n\t\t\t\t\t<\/div>\n\t\t\t<div class=\"e-n-tabs-content\">\n\t\t\t\t<div id=\"e-n-tab-content-1117224071\" role=\"tabpanel\" aria-labelledby=\"e-n-tab-title-1117224071\" data-tab-index=\"1\" style=\"--n-tabs-title-order: 1;\" class=\"e-active elementor-element elementor-element-b34c395 e-con-full e-flex e-con e-child\" data-id=\"b34c395\" data-element_type=\"container\">\n\t\t\t\t<div class=\"elementor-element elementor-element-bfed03a elementor-widget elementor-widget-text-editor\" data-id=\"bfed03a\" data-element_type=\"widget\" data-widget_type=\"text-editor.default\">\n\t\t\t\t<div class=\"elementor-widget-container\">\n\t\t\t\t\t\t\t\t\t<p>XGW Outdoor High Voltage Ring Main Cell (Opening and Closing Station) is an inflatable outdoor ring main unit with professional standards developed and produced by the company using foreign professional technology, according to the characteristics of China&rsquo;s regional distribution network and the actual situation of urban distribution network cable transformation.<\/p><p>XGW Outdoor High Voltage Ring Main Cell (Opening and Closing Station) adopts SF6 fully sealed and fully insulated ring network switchgear, which has the advantages of modularity, scalability, full insulation, full sealing, safety and reliability, maintenance-free, etc., suitable for any harsh environment, and is widely used in industrial parks, residential areas, streets, airports, various buildings, bustling commercial centers and other places.<\/p><p>XGW Outdoor High Voltage Ring Main Cell (Opening and Closing Station) The standard voltage level is 12kV and 24kV, which can expand the distribution network automation function, realize the intelligence of the ring main unit, and make the power grid stronger and smarter.<\/p>\t\t\t\t\t\t\t\t<\/div>\n\t\t\t\t<\/div>\n\t\t\t\t<\/div>\n\t\t<div id=\"e-n-tab-content-1117224072\" role=\"tabpanel\" aria-labelledby=\"e-n-tab-title-1117224072\" data-tab-index=\"2\" style=\"--n-tabs-title-order: 2;\" class=\" elementor-element elementor-element-139f799 e-con-full e-flex e-con e-child\" data-id=\"139f799\" data-element_type=\"container\">\n\t\t\t\t<div class=\"elementor-element elementor-element-83c6be6 elementor-widget elementor-widget-text-editor\" data-id=\"83c6be6\" data-element_type=\"widget\" data-widget_type=\"text-editor.default\">\n\t\t\t\t<div class=\"elementor-widget-container\">\n\t\t\t\t\t\t\t\t\t<ul><li>\u00a0Ambient temperature: temperature +50\u00b0C, low temperature -40\u00b0C, daily average temperature not more than 35\u00b0C;<\/li><li>\u00a0Relative humidity: the daily average value does not exceed 95%, and the monthly average value does not exceed 90%;<\/li><li>\u00a0Wind speed: no more than 35m\/s;<\/li><li>\u00a0Pollution level: Class III;<\/li><li>\u00a0Seismic intensity: 8 degrees;<\/li><li>\u00a0Ground inclination: no more than 3 degrees;<\/li><li>\u00a0Installation location: Installed in a place where there is no fire, explosion or violent vibration, good ventilation and no corrosive gas.<br \/><br \/>&#8212;&#8212;&#8212;&#8212;&#8212;&#8212;&#8212;&#8212;&#8211;<br \/><p><strong>Condition<\/strong><\/p><\/li><li><p>\u00a0When the equipment is installed at an altitude of more than 1000 meters, it should be specially indicated, so that the company can adjust the SF6 pressure during manufacturing.<\/p><\/li><li><p>\u00a0If harsh conditions are involved, please be sure to consult with the company.<\/p><\/li><\/ul>\t\t\t\t\t\t\t\t<\/div>\n\t\t\t\t<\/div>\n\t\t\t\t<\/div>\n\t\t<div id=\"e-n-tab-content-1117224073\" role=\"tabpanel\" aria-labelledby=\"e-n-tab-title-1117224073\" data-tab-index=\"3\" style=\"--n-tabs-title-order: 3;\" class=\" elementor-element elementor-element-4330f3c e-con-full e-flex e-con e-child\" data-id=\"4330f3c\" data-element_type=\"container\">\n\t\t\t\t<div class=\"elementor-element elementor-element-11d33fa elementor-widget elementor-widget-text-editor\" data-id=\"11d33fa\" data-element_type=\"widget\" data-widget_type=\"text-editor.default\">\n\t\t\t\t<div class=\"elementor-widget-container\">\n\t\t\t\t\t\t\t\t\t<ul><li>\u00a0High security<br \/>The live part is enclosed in the SF6 gas box to achieve full sealing and full insulation;<br \/>It has a mechanical interlock that meets the requirements of five preventions to prevent the occurrence of misoperation;<br \/>The incoming and outgoing cables are fully insulated and fully sealed touchable to ensure personal safety;<br \/>The box is equipped with an air pressure monitoring device to realize real-time monitoring of air pressure during operation;<br \/>There is an explosion-proof pressure relief device under the rear of the gas box, which has passed the internal combustion arc test of the authoritative organization.<\/li><li>\u00a0Flexible scheme<br \/>The inlet and outlet lines are flexible, and the left, right and lower inlet (out) lines can be realized;<br \/>The combination mode is flexible, and any combination between units can be realized, and there is no limit to expansion;<br \/>Built-in bus expansion mode is adopted to meet the requirements of usability, economy and aesthetics;<br \/>The design scheme is flexible and can meet the requirements of the user&rsquo;s site.<\/li><li>\u00a0Compact and reasonable structure<br \/>The unit modules are the same size (except for the metering module), and the compact size does not affect the convenience of construction.<\/li><li>\u00a0Economical<br \/>Maintenance-free, small footprint, cost-effective, service life of more than 30 years.<\/li><li>\u00a0Wide range of applications<br \/>The stainless steel plate of the air box is sealed and welded by the robot with a fully automatic TIG seal, and the protection level reaches IP67, which can be installed in wet, dusty, salty, mine and any place with dirty air without taking special precautions.<\/li><li>\u00a0Intelligent<br \/>It can be equipped with electric operating devices and distribution automation terminal equipment to realize intelligent switchgear with the function of \u00ab\u00a0four remotes\u00a0\u00bb and meet the requirements of smart grid for this type of equipment<\/li><\/ul>\t\t\t\t\t\t\t\t<\/div>\n\t\t\t\t<\/div>\n\t\t\t\t<\/div>\n\t\t\t\t\t<\/div>\n\t\t<\/div>\n\t\t\t\t\t\t<\/div>\n\t\t\t\t<\/div>\n\t\t\t\t\t<\/div>\n\t\t\t\t<\/div>\n\t\t\t\t<\/div>\n\t\t\n","protected":false},"excerpt":{"rendered":"<p>L&rsquo;unit\u00e9 principale annulaire ext\u00e9rieure XGW est une unit\u00e9 principale annulaire ext\u00e9rieure gonflable r\u00e9pondant aux normes professionnelles, d\u00e9velopp\u00e9e et produite par la soci\u00e9t\u00e9 \u00e0 l&rsquo;aide d&rsquo;une technologie professionnelle \u00e9trang\u00e8re, en fonction des caract\u00e9ristiques du r\u00e9seau de distribution r\u00e9gional chinois et de la situation r\u00e9elle de la transformation des c\u00e2bles du r\u00e9seau de distribution urbain.<\/p>\n","protected":false},"featured_media":262,"comment_status":"open","ping_status":"closed","template":"","meta":{"site-sidebar-layout":"default","site-content-layout":"","ast-site-content-layout":"default","site-content-style":"default","site-sidebar-style":"default","ast-global-header-display":"","ast-banner-title-visibility":"","ast-main-header-display":"","ast-hfb-above-header-display":"","ast-hfb-below-header-display":"","ast-hfb-mobile-header-display":"","site-post-title":"","ast-breadcrumbs-content":"","ast-featured-img":"","footer-sml-layout":"","ast-disable-related-posts":"","theme-transparent-header-meta":"default","adv-header-id-meta":"","stick-header-meta":"","header-above-stick-meta":"","header-main-stick-meta":"","header-below-stick-meta":"","astra-migrate-meta-layouts":"default","ast-page-background-enabled":"default","ast-page-background-meta":{"desktop":{"background-color":"var(--ast-global-color-4)","background-image":"","background-repeat":"repeat","background-position":"center center","background-size":"auto","background-attachment":"scroll","background-type":"","background-media":"","overlay-type":"","overlay-color":"","overlay-opacity":"","overlay-gradient":""},"tablet":{"background-color":"","background-image":"","background-repeat":"repeat","background-position":"center center","background-size":"auto","background-attachment":"scroll","background-type":"","background-media":"","overlay-type":"","overlay-color":"","overlay-opacity":"","overlay-gradient":""},"mobile":{"background-color":"","background-image":"","background-repeat":"repeat","background-position":"center center","background-size":"auto","background-attachment":"scroll","background-type":"","background-media":"","overlay-type":"","overlay-color":"","overlay-opacity":"","overlay-gradient":""}},"ast-content-background-meta":{"desktop":{"background-color":"var(--ast-global-color-5)","background-image":"","background-repeat":"repeat","background-position":"center center","background-size":"auto","background-attachment":"scroll","background-type":"","background-media":"","overlay-type":"","overlay-color":"","overlay-opacity":"","overlay-gradient":""},"tablet":{"background-color":"var(--ast-global-color-5)","background-image":"","background-repeat":"repeat","background-position":"center center","background-size":"auto","background-attachment":"scroll","background-type":"","background-media":"","overlay-type":"","overlay-color":"","overlay-opacity":"","overlay-gradient":""},"mobile":{"background-color":"var(--ast-global-color-5)","background-image":"","background-repeat":"repeat","background-position":"center center","background-size":"auto","background-attachment":"scroll","background-type":"","background-media":"","overlay-type":"","overlay-color":"","overlay-opacity":"","overlay-gradient":""}}},"product_brand":[],"product_cat":[83],"product_tag":[],"class_list":{"0":"post-3419","1":"product","2":"type-product","3":"status-publish","4":"has-post-thumbnail","6":"product_cat-boite-de-derivation-de-cable","7":"desktop-align-left","8":"tablet-align-left","9":"mobile-align-left","11":"first","12":"instock","13":"shipping-taxable","14":"product-type-simple"},"_links":{"self":[{"href":"https:\/\/chkhele.com\/fr\/wp-json\/wp\/v2\/product\/3419","targetHints":{"allow":["GET"]}}],"collection":[{"href":"https:\/\/chkhele.com\/fr\/wp-json\/wp\/v2\/product"}],"about":[{"href":"https:\/\/chkhele.com\/fr\/wp-json\/wp\/v2\/types\/product"}],"replies":[{"embeddable":true,"href":"https:\/\/chkhele.com\/fr\/wp-json\/wp\/v2\/comments?post=3419"}],"version-history":[{"count":0,"href":"https:\/\/chkhele.com\/fr\/wp-json\/wp\/v2\/product\/3419\/revisions"}],"wp:featuredmedia":[{"embeddable":true,"href":"https:\/\/chkhele.com\/fr\/wp-json\/wp\/v2\/media\/262"}],"wp:attachment":[{"href":"https:\/\/chkhele.com\/fr\/wp-json\/wp\/v2\/media?parent=3419"}],"wp:term":[{"taxonomy":"product_brand","embeddable":true,"href":"https:\/\/chkhele.com\/fr\/wp-json\/wp\/v2\/product_brand?post=3419"},{"taxonomy":"product_cat","embeddable":true,"href":"https:\/\/chkhele.com\/fr\/wp-json\/wp\/v2\/product_cat?post=3419"},{"taxonomy":"product_tag","embeddable":true,"href":"https:\/\/chkhele.com\/fr\/wp-json\/wp\/v2\/product_tag?post=3419"}],"curies":[{"name":"wp","href":"https:\/\/api.w.org\/{rel}","templated":true}]}}