{"id":3417,"date":"2025-11-26T18:48:12","date_gmt":"2025-11-26T18:48:12","guid":{"rendered":"https:\/\/chkhele.com\/shop\/non%20class\u00e9\/boite-de-distribution-dfw-smc-branche-de-cable-basse-tension\/"},"modified":"2026-04-12T00:40:39","modified_gmt":"2026-04-12T00:40:39","slug":"boite-de-distribution-dfw-smc-branche-de-cable-basse-tension","status":"publish","type":"product","link":"https:\/\/chkhele.com\/fr\/shop\/boite-de-derivation-de-cable\/boite-de-distribution-dfw-smc-branche-de-cable-basse-tension\/","title":{"rendered":"Bo\u00eete de distribution DFW SMC Branche de c\u00e2ble basse tension"},"content":{"rendered":"\t\t<div data-elementor-type=\"section\" data-elementor-id=\"270\" class=\"elementor elementor-270\" data-elementor-post-type=\"elementor_library\">\n\t\t\t<div class=\"elementor-element elementor-element-410bdaf e-flex e-con-boxed e-con e-parent\" data-id=\"410bdaf\" data-element_type=\"container\">\n\t\t\t\t\t<div class=\"e-con-inner\">\n\t\t\t\t<div class=\"elementor-element elementor-element-62e3aab e-n-tabs-mobile elementor-widget elementor-widget-n-tabs\" data-id=\"62e3aab\" data-element_type=\"widget\" data-settings=\"{&quot;horizontal_scroll&quot;:&quot;disable&quot;}\" data-widget_type=\"nested-tabs.default\">\n\t\t\t\t<div class=\"elementor-widget-container\">\n\t\t\t\t\t\t\t<div class=\"e-n-tabs\" data-widget-number=\"103692971\" aria-label=\"Onglets. Ouvrez des \u00e9l\u00e9ments avec Entrer ou Espace, fermez-les avec Echape et naviguez \u00e0 l&#039;aide des touches fl\u00e9ch\u00e9es.\">\n\t\t\t<div class=\"e-n-tabs-heading\" role=\"tablist\">\n\t\t\t\t\t<button id=\"e-n-tab-title-1036929711\" data-tab-title-id=\"e-n-tab-title-1036929711\" class=\"e-n-tab-title\" aria-selected=\"true\" data-tab-index=\"1\" role=\"tab\" tabindex=\"0\" aria-controls=\"e-n-tab-content-1036929711\" style=\"--n-tabs-title-order: 1;\">\n\t\t\t\t\t\t<span class=\"e-n-tab-title-text\">\n\t\t\t\tOverview\t\t\t<\/span>\n\t\t<\/button>\n\t\t\t\t<button id=\"e-n-tab-title-1036929712\" data-tab-title-id=\"e-n-tab-title-1036929712\" class=\"e-n-tab-title\" aria-selected=\"false\" data-tab-index=\"2\" role=\"tab\" tabindex=\"-1\" aria-controls=\"e-n-tab-content-1036929712\" style=\"--n-tabs-title-order: 2;\">\n\t\t\t\t\t\t<span class=\"e-n-tab-title-text\">\n\t\t\t\tTechnical Parameters\t\t\t<\/span>\n\t\t<\/button>\n\t\t\t\t<button id=\"e-n-tab-title-1036929713\" data-tab-title-id=\"e-n-tab-title-1036929713\" class=\"e-n-tab-title\" aria-selected=\"false\" data-tab-index=\"3\" role=\"tab\" tabindex=\"-1\" aria-controls=\"e-n-tab-content-1036929713\" style=\"--n-tabs-title-order: 3;\">\n\t\t\t\t\t\t<span class=\"e-n-tab-title-text\">\n\t\t\t\tMain Technical Parameters\t\t\t<\/span>\n\t\t<\/button>\n\t\t\t\t\t<\/div>\n\t\t\t<div class=\"e-n-tabs-content\">\n\t\t\t\t<div id=\"e-n-tab-content-1036929711\" role=\"tabpanel\" aria-labelledby=\"e-n-tab-title-1036929711\" data-tab-index=\"1\" style=\"--n-tabs-title-order: 1;\" class=\"e-active elementor-element elementor-element-6ee29e9 e-con-full e-flex e-con e-child\" data-id=\"6ee29e9\" data-element_type=\"container\">\n\t\t\t\t<div class=\"elementor-element elementor-element-64e08e1 elementor-widget elementor-widget-text-editor\" data-id=\"64e08e1\" data-element_type=\"widget\" data-widget_type=\"text-editor.default\">\n\t\t\t\t<div class=\"elementor-widget-container\">\n\t\t\t\t\t\t\t\t\t<p>DFW type low-voltage cable branch box box is only made of SMC material by high temperature compression molding; it has the advantages of good impact resistance, bending strength, aging resistance, friction resistance, corrosion resistance, beautiful and durable, convenient installation, high dielectric strength, arc resistance, high flame retardancy, etc.; it can meet the needs of various harsh environments and places in outdoor engineering projects; it can be equipped with knife melt switches, molded case circuit breakers, bar switches and bus systems, etc.; it is suitable for urban and rural power grid transformation, municipal engineering, The transmission and distribution of electricity in public places such as residential areas and high-rise buildings is only used for the control and protection of cable dry distribution lines and branch lines.<\/p>\t\t\t\t\t\t\t\t<\/div>\n\t\t\t\t<\/div>\n\t\t\t\t<div class=\"elementor-element elementor-element-928623c elementor-widget elementor-widget-image\" data-id=\"928623c\" data-element_type=\"widget\" data-widget_type=\"image.default\">\n\t\t\t\t<div class=\"elementor-widget-container\">\n\t\t\t\t\t\t\t\t\t\t\t\t\t\t\t<img fetchpriority=\"high\" decoding=\"async\" width=\"800\" height=\"345\" src=\"https:\/\/chkhele.com\/wp-content\/uploads\/2025\/11\/DFW-SMC-Low-Voltage-Cable-Branch-Box-1.webp\" class=\"attachment-large size-large wp-image-271\" alt=\"\" srcset=\"https:\/\/chkhele.com\/wp-content\/uploads\/2025\/11\/DFW-SMC-Low-Voltage-Cable-Branch-Box-1.webp 800w, https:\/\/chkhele.com\/wp-content\/uploads\/2025\/11\/DFW-SMC-Low-Voltage-Cable-Branch-Box-1-600x259.webp 600w, https:\/\/chkhele.com\/wp-content\/uploads\/2025\/11\/DFW-SMC-Low-Voltage-Cable-Branch-Box-1-300x129.webp 300w, https:\/\/chkhele.com\/wp-content\/uploads\/2025\/11\/DFW-SMC-Low-Voltage-Cable-Branch-Box-1-768x331.webp 768w\" sizes=\"(max-width: 800px) 100vw, 800px\" \/>\t\t\t\t\t\t\t\t\t\t\t\t\t\t\t<\/div>\n\t\t\t\t<\/div>\n\t\t\t\t<\/div>\n\t\t<div id=\"e-n-tab-content-1036929712\" role=\"tabpanel\" aria-labelledby=\"e-n-tab-title-1036929712\" data-tab-index=\"2\" style=\"--n-tabs-title-order: 2;\" class=\" elementor-element elementor-element-7d7186e e-con-full e-flex e-con e-child\" data-id=\"7d7186e\" data-element_type=\"container\">\n\t\t\t\t<div class=\"elementor-element elementor-element-2e9e8e3 elementor-widget elementor-widget-text-editor\" data-id=\"2e9e8e3\" data-element_type=\"widget\" data-widget_type=\"text-editor.default\">\n\t\t\t\t<div class=\"elementor-widget-container\">\n\t\t\t\t\t\t\t\t\t<p>1. Rated working voltage: AC3800V<br \/>2. Rated working frequency: 50Hz(60Hz)<br \/>3. Rated insulation voltage: AC800V<br \/>4. Rated working current: 100A, 200A, 400A, 630A, 800A, 1000A<br \/>5. Rated short circuit strength: 50 KA<br \/>6. Enclosure protection level: IP44<br \/>7. The busbar in the box is made of copper bar, and the insulation is made of special bracket formed by resin pressing<br \/>8. The distribution box adopts copper bar and supporting insulating bracket, and the specifications are as follows:<br \/>200A copper bar 30*3 with special insulating bracket<br \/>400A copper bar 40*4 with special insulating bracket<br \/>630A copper bar 50*5 with special insulating bracket<br \/>800A copper bar 60*6 with special insulating bracket<\/p>\t\t\t\t\t\t\t\t<\/div>\n\t\t\t\t<\/div>\n\t\t\t\t<\/div>\n\t\t<div id=\"e-n-tab-content-1036929713\" role=\"tabpanel\" aria-labelledby=\"e-n-tab-title-1036929713\" data-tab-index=\"3\" style=\"--n-tabs-title-order: 3;\" class=\" elementor-element elementor-element-98ea411 e-con-full e-flex e-con e-child\" data-id=\"98ea411\" data-element_type=\"container\">\n\t\t\t\t<div class=\"elementor-element elementor-element-bc47792 elementor-widget elementor-widget-image\" data-id=\"bc47792\" data-element_type=\"widget\" data-widget_type=\"image.default\">\n\t\t\t\t<div class=\"elementor-widget-container\">\n\t\t\t\t\t\t\t\t\t\t\t\t\t\t\t<img decoding=\"async\" width=\"1000\" height=\"363\" src=\"https:\/\/chkhele.com\/wp-content\/uploads\/2025\/11\/DFW-SMC-Low-Voltage-Cable-Branch-Box-2.webp\" class=\"attachment-large size-large wp-image-272\" alt=\"\" srcset=\"https:\/\/chkhele.com\/wp-content\/uploads\/2025\/11\/DFW-SMC-Low-Voltage-Cable-Branch-Box-2.webp 1000w, https:\/\/chkhele.com\/wp-content\/uploads\/2025\/11\/DFW-SMC-Low-Voltage-Cable-Branch-Box-2-600x218.webp 600w, https:\/\/chkhele.com\/wp-content\/uploads\/2025\/11\/DFW-SMC-Low-Voltage-Cable-Branch-Box-2-300x109.webp 300w, https:\/\/chkhele.com\/wp-content\/uploads\/2025\/11\/DFW-SMC-Low-Voltage-Cable-Branch-Box-2-768x279.webp 768w\" sizes=\"(max-width: 1000px) 100vw, 1000px\" \/>\t\t\t\t\t\t\t\t\t\t\t\t\t\t\t<\/div>\n\t\t\t\t<\/div>\n\t\t\t\t<div class=\"elementor-element elementor-element-cc11cce elementor-widget elementor-widget-text-editor\" data-id=\"cc11cce\" data-element_type=\"widget\" data-widget_type=\"text-editor.default\">\n\t\t\t\t<div class=\"elementor-widget-container\">\n\t\t\t\t\t\t\t\t\t<p><strong>Product Shape and Size<\/strong><\/p>\t\t\t\t\t\t\t\t<\/div>\n\t\t\t\t<\/div>\n\t\t\t\t<div class=\"elementor-element elementor-element-d257cd7 elementor-widget elementor-widget-image\" data-id=\"d257cd7\" data-element_type=\"widget\" data-widget_type=\"image.default\">\n\t\t\t\t<div class=\"elementor-widget-container\">\n\t\t\t\t\t\t\t\t\t\t\t\t\t\t\t<img decoding=\"async\" width=\"1024\" height=\"638\" src=\"https:\/\/chkhele.com\/wp-content\/uploads\/2025\/11\/DFW-SMC-Low-Voltage-Cable-Branch-Box-3-1024x638.webp\" class=\"attachment-large size-large wp-image-273\" alt=\"\" srcset=\"https:\/\/chkhele.com\/wp-content\/uploads\/2025\/11\/DFW-SMC-Low-Voltage-Cable-Branch-Box-3-1024x638.webp 1024w, https:\/\/chkhele.com\/wp-content\/uploads\/2025\/11\/DFW-SMC-Low-Voltage-Cable-Branch-Box-3-600x374.webp 600w, https:\/\/chkhele.com\/wp-content\/uploads\/2025\/11\/DFW-SMC-Low-Voltage-Cable-Branch-Box-3-300x187.webp 300w, https:\/\/chkhele.com\/wp-content\/uploads\/2025\/11\/DFW-SMC-Low-Voltage-Cable-Branch-Box-3-768x479.webp 768w, https:\/\/chkhele.com\/wp-content\/uploads\/2025\/11\/DFW-SMC-Low-Voltage-Cable-Branch-Box-3.webp 1200w\" sizes=\"(max-width: 1024px) 100vw, 1024px\" \/>\t\t\t\t\t\t\t\t\t\t\t\t\t\t\t<\/div>\n\t\t\t\t<\/div>\n\t\t\t\t<\/div>\n\t\t\t\t\t<\/div>\n\t\t<\/div>\n\t\t\t\t\t\t<\/div>\n\t\t\t\t<\/div>\n\t\t\t\t\t<\/div>\n\t\t\t\t<\/div>\n\t\t\t\t<\/div>\n\t\t\n","protected":false},"excerpt":{"rendered":"<div class=\"keyword-text _ngcontent-abr-104\" aria-label=\"smc distribution box. This is a keyword you provided.\">Le coffret de distribution SMC de type DFW, destin\u00e9 aux d\u00e9rivations de c\u00e2bles basse tension, est fabriqu\u00e9 exclusivement en SMC par moulage par compression \u00e0 haute temp\u00e9rature. Il pr\u00e9sente de nombreux avantages : excellente r\u00e9sistance aux chocs, \u00e0 la flexion, au vieillissement, au frottement et \u00e0 la corrosion ; esth\u00e9tique et durable ; installation ais\u00e9e ; rigidit\u00e9 di\u00e9lectrique \u00e9lev\u00e9e ; r\u00e9sistance \u00e0 l\u2019arc \u00e9lectrique ; et haute r\u00e9sistance au feu. Il r\u00e9pond aux exigences des environnements difficiles et des sites d\u2019installation ext\u00e9rieurs. Il peut \u00eatre \u00e9quip\u00e9 d\u2019interrupteurs \u00e0 lame, de disjoncteurs moul\u00e9s, de barres de sectionnement et de syst\u00e8mes de barres omnibus. Il est adapt\u00e9 \u00e0 la transformation des r\u00e9seaux \u00e9lectriques urbains et ruraux, aux travaux publics, ainsi qu\u2019au transport et \u00e0 la distribution d\u2019\u00e9lectricit\u00e9 dans les lieux publics tels que les zones r\u00e9sidentielles et les immeubles de grande hauteur. Il est exclusivement utilis\u00e9 pour le contr\u00f4le et la protection des lignes de distribution s\u00e8ches et des d\u00e9rivations par c\u00e2ble.<\/div>\n","protected":false},"featured_media":269,"comment_status":"open","ping_status":"closed","template":"","meta":{"site-sidebar-layout":"default","site-content-layout":"","ast-site-content-layout":"default","site-content-style":"default","site-sidebar-style":"default","ast-global-header-display":"","ast-banner-title-visibility":"","ast-main-header-display":"","ast-hfb-above-header-display":"","ast-hfb-below-header-display":"","ast-hfb-mobile-header-display":"","site-post-title":"","ast-breadcrumbs-content":"","ast-featured-img":"","footer-sml-layout":"","ast-disable-related-posts":"","theme-transparent-header-meta":"default","adv-header-id-meta":"","stick-header-meta":"","header-above-stick-meta":"","header-main-stick-meta":"","header-below-stick-meta":"","astra-migrate-meta-layouts":"default","ast-page-background-enabled":"default","ast-page-background-meta":{"desktop":{"background-color":"var(--ast-global-color-4)","background-image":"","background-repeat":"repeat","background-position":"center center","background-size":"auto","background-attachment":"scroll","background-type":"","background-media":"","overlay-type":"","overlay-color":"","overlay-opacity":"","overlay-gradient":""},"tablet":{"background-color":"","background-image":"","background-repeat":"repeat","background-position":"center center","background-size":"auto","background-attachment":"scroll","background-type":"","background-media":"","overlay-type":"","overlay-color":"","overlay-opacity":"","overlay-gradient":""},"mobile":{"background-color":"","background-image":"","background-repeat":"repeat","background-position":"center center","background-size":"auto","background-attachment":"scroll","background-type":"","background-media":"","overlay-type":"","overlay-color":"","overlay-opacity":"","overlay-gradient":""}},"ast-content-background-meta":{"desktop":{"background-color":"var(--ast-global-color-5)","background-image":"","background-repeat":"repeat","background-position":"center center","background-size":"auto","background-attachment":"scroll","background-type":"","background-media":"","overlay-type":"","overlay-color":"","overlay-opacity":"","overlay-gradient":""},"tablet":{"background-color":"var(--ast-global-color-5)","background-image":"","background-repeat":"repeat","background-position":"center center","background-size":"auto","background-attachment":"scroll","background-type":"","background-media":"","overlay-type":"","overlay-color":"","overlay-opacity":"","overlay-gradient":""},"mobile":{"background-color":"var(--ast-global-color-5)","background-image":"","background-repeat":"repeat","background-position":"center center","background-size":"auto","background-attachment":"scroll","background-type":"","background-media":"","overlay-type":"","overlay-color":"","overlay-opacity":"","overlay-gradient":""}}},"product_brand":[],"product_cat":[83],"product_tag":[],"class_list":{"0":"post-3417","1":"product","2":"type-product","3":"status-publish","4":"has-post-thumbnail","6":"product_cat-boite-de-derivation-de-cable","7":"desktop-align-left","8":"tablet-align-left","9":"mobile-align-left","11":"first","12":"instock","13":"shipping-taxable","14":"product-type-simple"},"_links":{"self":[{"href":"https:\/\/chkhele.com\/fr\/wp-json\/wp\/v2\/product\/3417","targetHints":{"allow":["GET"]}}],"collection":[{"href":"https:\/\/chkhele.com\/fr\/wp-json\/wp\/v2\/product"}],"about":[{"href":"https:\/\/chkhele.com\/fr\/wp-json\/wp\/v2\/types\/product"}],"replies":[{"embeddable":true,"href":"https:\/\/chkhele.com\/fr\/wp-json\/wp\/v2\/comments?post=3417"}],"version-history":[{"count":1,"href":"https:\/\/chkhele.com\/fr\/wp-json\/wp\/v2\/product\/3417\/revisions"}],"predecessor-version":[{"id":3418,"href":"https:\/\/chkhele.com\/fr\/wp-json\/wp\/v2\/product\/3417\/revisions\/3418"}],"wp:featuredmedia":[{"embeddable":true,"href":"https:\/\/chkhele.com\/fr\/wp-json\/wp\/v2\/media\/269"}],"wp:attachment":[{"href":"https:\/\/chkhele.com\/fr\/wp-json\/wp\/v2\/media?parent=3417"}],"wp:term":[{"taxonomy":"product_brand","embeddable":true,"href":"https:\/\/chkhele.com\/fr\/wp-json\/wp\/v2\/product_brand?post=3417"},{"taxonomy":"product_cat","embeddable":true,"href":"https:\/\/chkhele.com\/fr\/wp-json\/wp\/v2\/product_cat?post=3417"},{"taxonomy":"product_tag","embeddable":true,"href":"https:\/\/chkhele.com\/fr\/wp-json\/wp\/v2\/product_tag?post=3417"}],"curies":[{"name":"wp","href":"https:\/\/api.w.org\/{rel}","templated":true}]}}