{"id":3415,"date":"2025-11-26T19:34:38","date_gmt":"2025-11-26T19:34:38","guid":{"rendered":"https:\/\/chkhele.com\/shop\/non%20class\u00e9\/boite-de-cables-basse-tension-dfw-en-acier-inoxydable\/"},"modified":"2026-04-12T00:40:27","modified_gmt":"2026-04-12T00:40:27","slug":"boite-de-cables-basse-tension-dfw-en-acier-inoxydable","status":"publish","type":"product","link":"https:\/\/chkhele.com\/fr\/shop\/boite-de-derivation-de-cable\/boite-de-cables-basse-tension-dfw-en-acier-inoxydable\/","title":{"rendered":"Bo\u00eete de c\u00e2bles basse tension DFW en acier inoxydable"},"content":{"rendered":"\t\t<div data-elementor-type=\"section\" data-elementor-id=\"277\" class=\"elementor elementor-277\" data-elementor-post-type=\"elementor_library\">\n\t\t\t<div class=\"elementor-element elementor-element-081e673 e-flex e-con-boxed e-con e-parent\" data-id=\"081e673\" data-element_type=\"container\">\n\t\t\t\t\t<div class=\"e-con-inner\">\n\t\t\t\t<div class=\"elementor-element elementor-element-06ef65c e-n-tabs-mobile elementor-widget elementor-widget-n-tabs\" data-id=\"06ef65c\" data-element_type=\"widget\" data-settings=\"{&quot;horizontal_scroll&quot;:&quot;disable&quot;}\" data-widget_type=\"nested-tabs.default\">\n\t\t\t\t<div class=\"elementor-widget-container\">\n\t\t\t\t\t\t\t<div class=\"e-n-tabs\" data-widget-number=\"7272028\" aria-label=\"Onglets. Ouvrez des \u00e9l\u00e9ments avec Entrer ou Espace, fermez-les avec Echape et naviguez \u00e0 l&#039;aide des touches fl\u00e9ch\u00e9es.\">\n\t\t\t<div class=\"e-n-tabs-heading\" role=\"tablist\">\n\t\t\t\t\t<button id=\"e-n-tab-title-72720281\" data-tab-title-id=\"e-n-tab-title-72720281\" class=\"e-n-tab-title\" aria-selected=\"true\" data-tab-index=\"1\" role=\"tab\" tabindex=\"0\" aria-controls=\"e-n-tab-content-72720281\" style=\"--n-tabs-title-order: 1;\">\n\t\t\t\t\t\t<span class=\"e-n-tab-title-text\">\n\t\t\t\tOverview\t\t\t<\/span>\n\t\t<\/button>\n\t\t\t\t<button id=\"e-n-tab-title-72720282\" data-tab-title-id=\"e-n-tab-title-72720282\" class=\"e-n-tab-title\" aria-selected=\"false\" data-tab-index=\"2\" role=\"tab\" tabindex=\"-1\" aria-controls=\"e-n-tab-content-72720282\" style=\"--n-tabs-title-order: 2;\">\n\t\t\t\t\t\t<span class=\"e-n-tab-title-text\">\n\t\t\t\tModel and Meaning\t\t\t<\/span>\n\t\t<\/button>\n\t\t\t\t<button id=\"e-n-tab-title-72720283\" data-tab-title-id=\"e-n-tab-title-72720283\" class=\"e-n-tab-title\" aria-selected=\"false\" data-tab-index=\"3\" role=\"tab\" tabindex=\"-1\" aria-controls=\"e-n-tab-content-72720283\" style=\"--n-tabs-title-order: 3;\">\n\t\t\t\t\t\t<span class=\"e-n-tab-title-text\">\n\t\t\t\tNormal Use Environment\t\t\t<\/span>\n\t\t<\/button>\n\t\t\t\t\t<\/div>\n\t\t\t<div class=\"e-n-tabs-content\">\n\t\t\t\t<div id=\"e-n-tab-content-72720281\" role=\"tabpanel\" aria-labelledby=\"e-n-tab-title-72720281\" data-tab-index=\"1\" style=\"--n-tabs-title-order: 1;\" class=\"e-active elementor-element elementor-element-40006c9 e-con-full e-flex e-con e-child\" data-id=\"40006c9\" data-element_type=\"container\">\n\t\t\t\t<div class=\"elementor-element elementor-element-c0ab10f elementor-widget elementor-widget-text-editor\" data-id=\"c0ab10f\" data-element_type=\"widget\" data-widget_type=\"text-editor.default\">\n\t\t\t\t<div class=\"elementor-widget-container\">\n\t\t\t\t\t\t\t\t\t<p>DFW low-voltage cable branch box is a kind of outdoor installation of enclosed complete equipment that distributes power to other equipment (non-power-consuming equipment) with cables, and there are four types: ground mounted, pole-mounted type, suspended type and embedded type, which is used in the public three-box system.<\/p><p>The products comply with GB7251.5 and IEC439-1(1992) standards.<\/p>\t\t\t\t\t\t\t\t<\/div>\n\t\t\t\t<\/div>\n\t\t\t\t<\/div>\n\t\t<div id=\"e-n-tab-content-72720282\" role=\"tabpanel\" aria-labelledby=\"e-n-tab-title-72720282\" data-tab-index=\"2\" style=\"--n-tabs-title-order: 2;\" class=\" elementor-element elementor-element-0416028 e-con-full e-flex e-con e-child\" data-id=\"0416028\" data-element_type=\"container\">\n\t\t\t\t<div class=\"elementor-element elementor-element-8cfb4b6 elementor-widget elementor-widget-image\" data-id=\"8cfb4b6\" data-element_type=\"widget\" data-widget_type=\"image.default\">\n\t\t\t\t<div class=\"elementor-widget-container\">\n\t\t\t\t\t\t\t\t\t\t\t\t\t\t\t<img fetchpriority=\"high\" decoding=\"async\" width=\"600\" height=\"173\" src=\"https:\/\/chkhele.com\/wp-content\/uploads\/2025\/11\/DFW-Stainless-Steel-Low-Voltage-Cable-Branch-Box.webp\" class=\"attachment-large size-large wp-image-278\" alt=\"\" srcset=\"https:\/\/chkhele.com\/wp-content\/uploads\/2025\/11\/DFW-Stainless-Steel-Low-Voltage-Cable-Branch-Box.webp 600w, https:\/\/chkhele.com\/wp-content\/uploads\/2025\/11\/DFW-Stainless-Steel-Low-Voltage-Cable-Branch-Box-300x87.webp 300w\" sizes=\"(max-width: 600px) 100vw, 600px\" \/>\t\t\t\t\t\t\t\t\t\t\t\t\t\t\t<\/div>\n\t\t\t\t<\/div>\n\t\t\t\t<\/div>\n\t\t<div id=\"e-n-tab-content-72720283\" role=\"tabpanel\" aria-labelledby=\"e-n-tab-title-72720283\" data-tab-index=\"3\" style=\"--n-tabs-title-order: 3;\" class=\" elementor-element elementor-element-f61cc96 e-con-full e-flex e-con e-child\" data-id=\"f61cc96\" data-element_type=\"container\">\n\t\t\t\t<div class=\"elementor-element elementor-element-6c3d3ee elementor-widget elementor-widget-image\" data-id=\"6c3d3ee\" data-element_type=\"widget\" data-widget_type=\"image.default\">\n\t\t\t\t<div class=\"elementor-widget-container\">\n\t\t\t\t\t\t\t\t\t\t\t\t\t\t\t<img decoding=\"async\" width=\"1024\" height=\"182\" src=\"https:\/\/chkhele.com\/wp-content\/uploads\/2025\/11\/DFW-Stainless-Steel-Low-Voltage-Cable-Branch-Box-2-1024x182.webp\" class=\"attachment-large size-large wp-image-279\" alt=\"\" srcset=\"https:\/\/chkhele.com\/wp-content\/uploads\/2025\/11\/DFW-Stainless-Steel-Low-Voltage-Cable-Branch-Box-2-1024x182.webp 1024w, https:\/\/chkhele.com\/wp-content\/uploads\/2025\/11\/DFW-Stainless-Steel-Low-Voltage-Cable-Branch-Box-2-600x107.webp 600w, https:\/\/chkhele.com\/wp-content\/uploads\/2025\/11\/DFW-Stainless-Steel-Low-Voltage-Cable-Branch-Box-2-300x53.webp 300w, https:\/\/chkhele.com\/wp-content\/uploads\/2025\/11\/DFW-Stainless-Steel-Low-Voltage-Cable-Branch-Box-2-768x136.webp 768w, https:\/\/chkhele.com\/wp-content\/uploads\/2025\/11\/DFW-Stainless-Steel-Low-Voltage-Cable-Branch-Box-2.webp 1200w\" sizes=\"(max-width: 1024px) 100vw, 1024px\" \/>\t\t\t\t\t\t\t\t\t\t\t\t\t\t\t<\/div>\n\t\t\t\t<\/div>\n\t\t\t\t<\/div>\n\t\t\t\t\t<\/div>\n\t\t<\/div>\n\t\t\t\t\t\t<\/div>\n\t\t\t\t<\/div>\n\t\t\t\t\t<\/div>\n\t\t\t\t<\/div>\n\t\t\t\t<\/div>\n\t\t\n","protected":false},"excerpt":{"rendered":"<p>Le bo\u00eetier de c\u00e2blage basse tension DFW est un type d&rsquo;installation ext\u00e9rieure d&rsquo;\u00e9quipement complet ferm\u00e9 qui distribue l&rsquo;\u00e9nergie \u00e0 d&rsquo;autres \u00e9quipements (\u00e9quipements non consommateurs d&rsquo;\u00e9nergie) \u00e0 l&rsquo;aide de c\u00e2bles, et il en existe quatre types : mont\u00e9 au sol, mont\u00e9 sur poteau, suspendu et encastr\u00e9, qui est utilis\u00e9 dans le syst\u00e8me public \u00e0 trois bo\u00eetiers.<\/p>\n","protected":false},"featured_media":2477,"comment_status":"open","ping_status":"closed","template":"","meta":{"site-sidebar-layout":"default","site-content-layout":"","ast-site-content-layout":"default","site-content-style":"default","site-sidebar-style":"default","ast-global-header-display":"","ast-banner-title-visibility":"","ast-main-header-display":"","ast-hfb-above-header-display":"","ast-hfb-below-header-display":"","ast-hfb-mobile-header-display":"","site-post-title":"","ast-breadcrumbs-content":"","ast-featured-img":"","footer-sml-layout":"","ast-disable-related-posts":"","theme-transparent-header-meta":"default","adv-header-id-meta":"","stick-header-meta":"","header-above-stick-meta":"","header-main-stick-meta":"","header-below-stick-meta":"","astra-migrate-meta-layouts":"default","ast-page-background-enabled":"default","ast-page-background-meta":{"desktop":{"background-color":"var(--ast-global-color-4)","background-image":"","background-repeat":"repeat","background-position":"center center","background-size":"auto","background-attachment":"scroll","background-type":"","background-media":"","overlay-type":"","overlay-color":"","overlay-opacity":"","overlay-gradient":""},"tablet":{"background-color":"","background-image":"","background-repeat":"repeat","background-position":"center center","background-size":"auto","background-attachment":"scroll","background-type":"","background-media":"","overlay-type":"","overlay-color":"","overlay-opacity":"","overlay-gradient":""},"mobile":{"background-color":"","background-image":"","background-repeat":"repeat","background-position":"center center","background-size":"auto","background-attachment":"scroll","background-type":"","background-media":"","overlay-type":"","overlay-color":"","overlay-opacity":"","overlay-gradient":""}},"ast-content-background-meta":{"desktop":{"background-color":"var(--ast-global-color-5)","background-image":"","background-repeat":"repeat","background-position":"center center","background-size":"auto","background-attachment":"scroll","background-type":"","background-media":"","overlay-type":"","overlay-color":"","overlay-opacity":"","overlay-gradient":""},"tablet":{"background-color":"var(--ast-global-color-5)","background-image":"","background-repeat":"repeat","background-position":"center center","background-size":"auto","background-attachment":"scroll","background-type":"","background-media":"","overlay-type":"","overlay-color":"","overlay-opacity":"","overlay-gradient":""},"mobile":{"background-color":"var(--ast-global-color-5)","background-image":"","background-repeat":"repeat","background-position":"center center","background-size":"auto","background-attachment":"scroll","background-type":"","background-media":"","overlay-type":"","overlay-color":"","overlay-opacity":"","overlay-gradient":""}}},"product_brand":[],"product_cat":[83],"product_tag":[],"class_list":{"0":"post-3415","1":"product","2":"type-product","3":"status-publish","4":"has-post-thumbnail","6":"product_cat-boite-de-derivation-de-cable","7":"desktop-align-left","8":"tablet-align-left","9":"mobile-align-left","11":"first","12":"instock","13":"shipping-taxable","14":"product-type-simple"},"_links":{"self":[{"href":"https:\/\/chkhele.com\/fr\/wp-json\/wp\/v2\/product\/3415","targetHints":{"allow":["GET"]}}],"collection":[{"href":"https:\/\/chkhele.com\/fr\/wp-json\/wp\/v2\/product"}],"about":[{"href":"https:\/\/chkhele.com\/fr\/wp-json\/wp\/v2\/types\/product"}],"replies":[{"embeddable":true,"href":"https:\/\/chkhele.com\/fr\/wp-json\/wp\/v2\/comments?post=3415"}],"version-history":[{"count":1,"href":"https:\/\/chkhele.com\/fr\/wp-json\/wp\/v2\/product\/3415\/revisions"}],"predecessor-version":[{"id":3416,"href":"https:\/\/chkhele.com\/fr\/wp-json\/wp\/v2\/product\/3415\/revisions\/3416"}],"wp:featuredmedia":[{"embeddable":true,"href":"https:\/\/chkhele.com\/fr\/wp-json\/wp\/v2\/media\/2477"}],"wp:attachment":[{"href":"https:\/\/chkhele.com\/fr\/wp-json\/wp\/v2\/media?parent=3415"}],"wp:term":[{"taxonomy":"product_brand","embeddable":true,"href":"https:\/\/chkhele.com\/fr\/wp-json\/wp\/v2\/product_brand?post=3415"},{"taxonomy":"product_cat","embeddable":true,"href":"https:\/\/chkhele.com\/fr\/wp-json\/wp\/v2\/product_cat?post=3415"},{"taxonomy":"product_tag","embeddable":true,"href":"https:\/\/chkhele.com\/fr\/wp-json\/wp\/v2\/product_tag?post=3415"}],"curies":[{"name":"wp","href":"https:\/\/api.w.org\/{rel}","templated":true}]}}