{"id":3403,"date":"2025-11-26T20:37:52","date_gmt":"2025-11-26T20:37:52","guid":{"rendered":"https:\/\/chkhele.com\/shop\/non class\u00e9\/armoire-de-distribution-electrique-cy-gzdw-cc\/"},"modified":"2025-11-26T20:37:52","modified_gmt":"2025-11-26T20:37:52","slug":"armoire-de-distribution-electrique-cy-gzdw-cc","status":"publish","type":"product","link":"https:\/\/chkhele.com\/fr\/shop\/equipement-de-commande-electrique\/armoire-de-distribution-electrique-cy-gzdw-cc\/","title":{"rendered":"Armoire de distribution \u00e9lectrique CY-GZDW CC"},"content":{"rendered":"\t\t<div data-elementor-type=\"section\" data-elementor-id=\"291\" class=\"elementor elementor-291\" data-elementor-post-type=\"elementor_library\">\n\t\t\t<div class=\"elementor-element elementor-element-f69da65 e-flex e-con-boxed e-con e-parent\" data-id=\"f69da65\" data-element_type=\"container\">\n\t\t\t\t\t<div class=\"e-con-inner\">\n\t\t\t\t<div class=\"elementor-element elementor-element-9e83e2c e-n-tabs-mobile elementor-widget elementor-widget-n-tabs\" data-id=\"9e83e2c\" data-element_type=\"widget\" data-settings=\"{&quot;horizontal_scroll&quot;:&quot;disable&quot;}\" data-widget_type=\"nested-tabs.default\">\n\t\t\t\t<div class=\"elementor-widget-container\">\n\t\t\t\t\t\t\t<div class=\"e-n-tabs\" data-widget-number=\"166215212\" aria-label=\"Tabs. Open items with Enter or Space, close with Escape and navigate using the Arrow keys.\">\n\t\t\t<div class=\"e-n-tabs-heading\" role=\"tablist\">\n\t\t\t\t\t<button id=\"e-n-tab-title-1662152121\" data-tab-title-id=\"e-n-tab-title-1662152121\" class=\"e-n-tab-title\" aria-selected=\"true\" data-tab-index=\"1\" role=\"tab\" tabindex=\"0\" aria-controls=\"e-n-tab-content-1662152121\" style=\"--n-tabs-title-order: 1;\">\n\t\t\t\t\t\t<span class=\"e-n-tab-title-text\">\n\t\t\t\tProduct Overview\t\t\t<\/span>\n\t\t<\/button>\n\t\t\t\t<button id=\"e-n-tab-title-1662152122\" data-tab-title-id=\"e-n-tab-title-1662152122\" class=\"e-n-tab-title\" aria-selected=\"false\" data-tab-index=\"2\" role=\"tab\" tabindex=\"-1\" aria-controls=\"e-n-tab-content-1662152122\" style=\"--n-tabs-title-order: 2;\">\n\t\t\t\t\t\t<span class=\"e-n-tab-title-text\">\n\t\t\t\tModel Meaning\t\t\t<\/span>\n\t\t<\/button>\n\t\t\t\t<button id=\"e-n-tab-title-1662152123\" data-tab-title-id=\"e-n-tab-title-1662152123\" class=\"e-n-tab-title\" aria-selected=\"false\" data-tab-index=\"3\" role=\"tab\" tabindex=\"-1\" aria-controls=\"e-n-tab-content-1662152123\" style=\"--n-tabs-title-order: 3;\">\n\t\t\t\t\t\t<span class=\"e-n-tab-title-text\">\n\t\t\t\tFeatures\t\t\t<\/span>\n\t\t<\/button>\n\t\t\t\t\t<\/div>\n\t\t\t<div class=\"e-n-tabs-content\">\n\t\t\t\t<div id=\"e-n-tab-content-1662152121\" role=\"tabpanel\" aria-labelledby=\"e-n-tab-title-1662152121\" data-tab-index=\"1\" style=\"--n-tabs-title-order: 1;\" class=\"e-active elementor-element elementor-element-517d1e7 e-con-full e-flex e-con e-child\" data-id=\"517d1e7\" data-element_type=\"container\">\n\t\t\t\t<div class=\"elementor-element elementor-element-183d3f6 elementor-widget elementor-widget-text-editor\" data-id=\"183d3f6\" data-element_type=\"widget\" data-widget_type=\"text-editor.default\">\n\t\t\t\t<div class=\"elementor-widget-container\">\n\t\t\t\t\t\t\t\t\t<p>The CY-GZDW series of microcomputer-controlled DC power supply system adopts an integrated module structure design, which is mainly composed of monitoring module, rectifier module, insulation monitoring module, battery inspection module, AC and DC monitoring module, switching quantity monitoring module, step-down module, power distribution unit, battery and cabinet, which has the characteristics of flexible configuration, stable performance, friendly interface, simple operation and intelligent management. It is widely used in all kinds of power plants, substations (stations), mobile communication base stations, industrial and mining enterprises, electrified railways, airports, ports, high-rise buildings, residential areas and other fields, and can be used as high-voltage switches, mechanical and electrical protection, automatic devices, communication equipment, program-controlled switches, power carriers and other equipment operation and control power supply.<\/p>\t\t\t\t\t\t\t\t<\/div>\n\t\t\t\t<\/div>\n\t\t\t\t<\/div>\n\t\t<div id=\"e-n-tab-content-1662152122\" role=\"tabpanel\" aria-labelledby=\"e-n-tab-title-1662152122\" data-tab-index=\"2\" style=\"--n-tabs-title-order: 2;\" class=\" elementor-element elementor-element-7a16276 e-con-full e-flex e-con e-child\" data-id=\"7a16276\" data-element_type=\"container\">\n\t\t\t\t<div class=\"elementor-element elementor-element-6480df6 elementor-widget elementor-widget-image\" data-id=\"6480df6\" data-element_type=\"widget\" data-widget_type=\"image.default\">\n\t\t\t\t<div class=\"elementor-widget-container\">\n\t\t\t\t\t\t\t\t\t\t\t\t\t\t\t<img fetchpriority=\"high\" decoding=\"async\" width=\"953\" height=\"401\" src=\"https:\/\/chkhele.com\/wp-content\/uploads\/2025\/11\/CY-GZDW-DC-Power-Panel-1.webp\" class=\"attachment-large size-large wp-image-292\" alt=\"\" srcset=\"https:\/\/chkhele.com\/wp-content\/uploads\/2025\/11\/CY-GZDW-DC-Power-Panel-1.webp 953w, https:\/\/chkhele.com\/wp-content\/uploads\/2025\/11\/CY-GZDW-DC-Power-Panel-1-600x252.webp 600w, https:\/\/chkhele.com\/wp-content\/uploads\/2025\/11\/CY-GZDW-DC-Power-Panel-1-300x126.webp 300w, https:\/\/chkhele.com\/wp-content\/uploads\/2025\/11\/CY-GZDW-DC-Power-Panel-1-768x323.webp 768w\" sizes=\"(max-width: 953px) 100vw, 953px\" \/>\t\t\t\t\t\t\t\t\t\t\t\t\t\t\t<\/div>\n\t\t\t\t<\/div>\n\t\t\t\t<\/div>\n\t\t<div id=\"e-n-tab-content-1662152123\" role=\"tabpanel\" aria-labelledby=\"e-n-tab-title-1662152123\" data-tab-index=\"3\" style=\"--n-tabs-title-order: 3;\" class=\" elementor-element elementor-element-3aec562 e-con-full e-flex e-con e-child\" data-id=\"3aec562\" data-element_type=\"container\">\n\t\t\t\t<div class=\"elementor-element elementor-element-1dff82a elementor-widget elementor-widget-text-editor\" data-id=\"1dff82a\" data-element_type=\"widget\" data-widget_type=\"text-editor.default\">\n\t\t\t\t<div class=\"elementor-widget-container\">\n\t\t\t\t\t\t\t\t\t<p>\u25c6 The two AC inputs are automatically switched, and the system runs normally;<br \/>\u25c6 Ultra-wide voltage input range, strong applicability to power grid, can be used in places with relatively harsh environment;<br \/>\u25c6 Adopt high-frequency switching power supply technology, modular design, N+1 hot backup, high reliability;<br \/>\u25c6 The rectifier module adopts live hot plugging, online maintenance, convenient and fast;<br \/>\u25c6 The charging module adopts the new switch technology, which has high conversion efficiency and low electromagnetic interference;<br \/>\u25c6 Hardware low-difference current sharing technology, the typical value of output current unbalance between modules is 3%;<br \/>\u25c6 LCD screen, touch screen, color touch screen can be used for monitoring, large-screen graphic display, friendly and rich interface, simple and convenient operation;<br \/>\u25c6 Real-time monitoring and control of the system operation, system settings, information query, and remote monitoring of the system through background monitoring and remote monitoring to implement the four remote functions of \u00ab\u00a0telemetry, remote control, remote signaling, remote adjustment\u00a0\u00bb to achieve unattended;<br \/>\u25c6 The monitoring can automatically accurately manage the battery voltage, charge and discharge current and battery temperature compensation, with over-under-voltage, over-temperature alarm and fault alarm, the battery works in the state, and prolongs the service life of the battery;<br \/>\u25c6 It has the function of manual and automatic voltage regulation and branch insulation detection;<br \/>\u25c6 Reliable lightning protection and high insulation protection measures, system and personal safety;<br \/>\u25c6 Provide RS232, RS485 communication interfaces, and RTU, CDT, MODBUS three communication protocol options;<br \/>\u25c6 Equipped with expansion interface, which can be connected to other external devices;<\/p>\t\t\t\t\t\t\t\t<\/div>\n\t\t\t\t<\/div>\n\t\t\t\t<\/div>\n\t\t\t\t\t<\/div>\n\t\t<\/div>\n\t\t\t\t\t\t<\/div>\n\t\t\t\t<\/div>\n\t\t\t\t\t<\/div>\n\t\t\t\t<\/div>\n\t\t\t\t<\/div>\n\t\t\n","protected":false},"excerpt":{"rendered":"<p>L&rsquo;armoire de distribution \u00e9lectrique de la s\u00e9rie CY-GZDW, un syst\u00e8me d&rsquo;alimentation CC contr\u00f4l\u00e9 par micro-ordinateur, adopte une conception modulaire int\u00e9gr\u00e9e, compos\u00e9e principalement d&rsquo;un module de surveillance, d&rsquo;un module redresseur, d&rsquo;un module de surveillance de l&rsquo;isolation, d&rsquo;un module d&rsquo;inspection de la batterie, d&rsquo;un module de surveillance CA et CC, d&rsquo;un module de surveillance de la quantit\u00e9 de commutation, d&rsquo;un module abaisseur, d&rsquo;une unit\u00e9 de distribution \u00e9lectrique, d&rsquo;une batterie et d&rsquo;une armoire. Elle pr\u00e9sente les caract\u00e9ristiques suivantes : configuration flexible, performances stables, interface conviviale, fonctionnement simple et gestion intelligente. Il est largement utilis\u00e9 dans tous types de centrales \u00e9lectriques, sous-stations (stations), stations de base de communication mobile, entreprises industrielles et mini\u00e8res, chemins de fer \u00e9lectrifi\u00e9s, a\u00e9roports, ports, immeubles de grande hauteur, zones r\u00e9sidentielles et autres domaines, et peut \u00eatre utilis\u00e9 comme interrupteurs haute tension, protection m\u00e9canique et \u00e9lectrique, dispositifs automatiques, \u00e9quipements de communication, interrupteurs \u00e0 commande programmable, vecteurs d&rsquo;\u00e9nergie et autres \u00e9quipements d&rsquo;alimentation \u00e9lectrique pour le fonctionnement et le contr\u00f4le.<\/p>\n","protected":false},"featured_media":290,"comment_status":"open","ping_status":"closed","template":"","meta":{"site-sidebar-layout":"default","site-content-layout":"","ast-site-content-layout":"default","site-content-style":"default","site-sidebar-style":"default","ast-global-header-display":"","ast-banner-title-visibility":"","ast-main-header-display":"","ast-hfb-above-header-display":"","ast-hfb-below-header-display":"","ast-hfb-mobile-header-display":"","site-post-title":"","ast-breadcrumbs-content":"","ast-featured-img":"","footer-sml-layout":"","ast-disable-related-posts":"","theme-transparent-header-meta":"default","adv-header-id-meta":"","stick-header-meta":"","header-above-stick-meta":"","header-main-stick-meta":"","header-below-stick-meta":"","astra-migrate-meta-layouts":"default","ast-page-background-enabled":"default","ast-page-background-meta":{"desktop":{"background-color":"var(--ast-global-color-4)","background-image":"","background-repeat":"repeat","background-position":"center center","background-size":"auto","background-attachment":"scroll","background-type":"","background-media":"","overlay-type":"","overlay-color":"","overlay-opacity":"","overlay-gradient":""},"tablet":{"background-color":"","background-image":"","background-repeat":"repeat","background-position":"center center","background-size":"auto","background-attachment":"scroll","background-type":"","background-media":"","overlay-type":"","overlay-color":"","overlay-opacity":"","overlay-gradient":""},"mobile":{"background-color":"","background-image":"","background-repeat":"repeat","background-position":"center center","background-size":"auto","background-attachment":"scroll","background-type":"","background-media":"","overlay-type":"","overlay-color":"","overlay-opacity":"","overlay-gradient":""}},"ast-content-background-meta":{"desktop":{"background-color":"var(--ast-global-color-5)","background-image":"","background-repeat":"repeat","background-position":"center center","background-size":"auto","background-attachment":"scroll","background-type":"","background-media":"","overlay-type":"","overlay-color":"","overlay-opacity":"","overlay-gradient":""},"tablet":{"background-color":"var(--ast-global-color-5)","background-image":"","background-repeat":"repeat","background-position":"center center","background-size":"auto","background-attachment":"scroll","background-type":"","background-media":"","overlay-type":"","overlay-color":"","overlay-opacity":"","overlay-gradient":""},"mobile":{"background-color":"var(--ast-global-color-5)","background-image":"","background-repeat":"repeat","background-position":"center center","background-size":"auto","background-attachment":"scroll","background-type":"","background-media":"","overlay-type":"","overlay-color":"","overlay-opacity":"","overlay-gradient":""}}},"product_brand":[],"product_cat":[84],"product_tag":[],"class_list":{"0":"post-3403","1":"product","2":"type-product","3":"status-publish","4":"has-post-thumbnail","6":"product_cat-equipement-de-commande-electrique","7":"desktop-align-left","8":"tablet-align-left","9":"mobile-align-left","11":"first","12":"instock","13":"shipping-taxable","14":"product-type-simple"},"_links":{"self":[{"href":"https:\/\/chkhele.com\/fr\/wp-json\/wp\/v2\/product\/3403","targetHints":{"allow":["GET"]}}],"collection":[{"href":"https:\/\/chkhele.com\/fr\/wp-json\/wp\/v2\/product"}],"about":[{"href":"https:\/\/chkhele.com\/fr\/wp-json\/wp\/v2\/types\/product"}],"replies":[{"embeddable":true,"href":"https:\/\/chkhele.com\/fr\/wp-json\/wp\/v2\/comments?post=3403"}],"version-history":[{"count":0,"href":"https:\/\/chkhele.com\/fr\/wp-json\/wp\/v2\/product\/3403\/revisions"}],"wp:featuredmedia":[{"embeddable":true,"href":"https:\/\/chkhele.com\/fr\/wp-json\/wp\/v2\/media\/290"}],"wp:attachment":[{"href":"https:\/\/chkhele.com\/fr\/wp-json\/wp\/v2\/media?parent=3403"}],"wp:term":[{"taxonomy":"product_brand","embeddable":true,"href":"https:\/\/chkhele.com\/fr\/wp-json\/wp\/v2\/product_brand?post=3403"},{"taxonomy":"product_cat","embeddable":true,"href":"https:\/\/chkhele.com\/fr\/wp-json\/wp\/v2\/product_cat?post=3403"},{"taxonomy":"product_tag","embeddable":true,"href":"https:\/\/chkhele.com\/fr\/wp-json\/wp\/v2\/product_tag?post=3403"}],"curies":[{"name":"wp","href":"https:\/\/api.w.org\/{rel}","templated":true}]}}