{"id":3400,"date":"2025-11-26T22:20:31","date_gmt":"2025-11-26T22:20:31","guid":{"rendered":"https:\/\/chkhele.com\/shop\/non class\u00e9\/generateur-de-variables-statiques-svg\/"},"modified":"2025-11-26T22:20:31","modified_gmt":"2025-11-26T22:20:31","slug":"generateur-de-variables-statiques-svg","status":"publish","type":"product","link":"https:\/\/chkhele.com\/fr\/shop\/equipement-de-commande-electrique\/generateur-de-variables-statiques-svg\/","title":{"rendered":"G\u00e9n\u00e9rateur de variables statiques SVG"},"content":{"rendered":"\t\t<div data-elementor-type=\"section\" data-elementor-id=\"310\" class=\"elementor elementor-310\" data-elementor-post-type=\"elementor_library\">\n\t\t\t<div class=\"elementor-element elementor-element-98159fd e-flex e-con-boxed e-con e-parent\" data-id=\"98159fd\" data-element_type=\"container\">\n\t\t\t\t\t<div class=\"e-con-inner\">\n\t\t\t\t<div class=\"elementor-element elementor-element-c7f8410 e-n-tabs-mobile elementor-widget elementor-widget-n-tabs\" data-id=\"c7f8410\" data-element_type=\"widget\" data-settings=\"{&quot;horizontal_scroll&quot;:&quot;disable&quot;}\" data-widget_type=\"nested-tabs.default\">\n\t\t\t\t<div class=\"elementor-widget-container\">\n\t\t\t\t\t\t\t<div class=\"e-n-tabs\" data-widget-number=\"209683472\" aria-label=\"Tabs. Open items with Enter or Space, close with Escape and navigate using the Arrow keys.\">\n\t\t\t<div class=\"e-n-tabs-heading\" role=\"tablist\">\n\t\t\t\t\t<button id=\"e-n-tab-title-2096834721\" data-tab-title-id=\"e-n-tab-title-2096834721\" class=\"e-n-tab-title\" aria-selected=\"true\" data-tab-index=\"1\" role=\"tab\" tabindex=\"0\" aria-controls=\"e-n-tab-content-2096834721\" style=\"--n-tabs-title-order: 1;\">\n\t\t\t\t\t\t<span class=\"e-n-tab-title-text\">\n\t\t\t\tHow it Works\t\t\t<\/span>\n\t\t<\/button>\n\t\t\t\t<button id=\"e-n-tab-title-2096834722\" data-tab-title-id=\"e-n-tab-title-2096834722\" class=\"e-n-tab-title\" aria-selected=\"false\" data-tab-index=\"2\" role=\"tab\" tabindex=\"-1\" aria-controls=\"e-n-tab-content-2096834722\" style=\"--n-tabs-title-order: 2;\">\n\t\t\t\t\t\t<span class=\"e-n-tab-title-text\">\n\t\t\t\tModel Number and Its Meaning\t\t\t<\/span>\n\t\t<\/button>\n\t\t\t\t\t<\/div>\n\t\t\t<div class=\"e-n-tabs-content\">\n\t\t\t\t<div id=\"e-n-tab-content-2096834721\" role=\"tabpanel\" aria-labelledby=\"e-n-tab-title-2096834721\" data-tab-index=\"1\" style=\"--n-tabs-title-order: 1;\" class=\"e-active elementor-element elementor-element-3246c2d e-con-full e-flex e-con e-child\" data-id=\"3246c2d\" data-element_type=\"container\">\n\t\t\t\t<div class=\"elementor-element elementor-element-d827b59 elementor-widget elementor-widget-text-editor\" data-id=\"d827b59\" data-element_type=\"widget\" data-widget_type=\"text-editor.default\">\n\t\t\t\t<div class=\"elementor-widget-container\">\n\t\t\t\t\t\t\t\t\t<p>The active filter detects the load current in real time through the external current transformer CT, and extracts the harmonic component of the load current through the internal DSP calculation, and then sends it to the internal IGBT through the PWM signal, and controls the inverter to generate a current equal to the load harmonic magnitude and the opposite direction and is injected into the power grid to compensate for the harmonic current to realize the filtering function.<\/p>\t\t\t\t\t\t\t\t<\/div>\n\t\t\t\t<\/div>\n\t\t\t\t<\/div>\n\t\t<div id=\"e-n-tab-content-2096834722\" role=\"tabpanel\" aria-labelledby=\"e-n-tab-title-2096834722\" data-tab-index=\"2\" style=\"--n-tabs-title-order: 2;\" class=\" elementor-element elementor-element-b8e6f49 e-con-full e-flex e-con e-child\" data-id=\"b8e6f49\" data-element_type=\"container\">\n\t\t\t\t<div class=\"elementor-element elementor-element-3518895 elementor-widget elementor-widget-image\" data-id=\"3518895\" data-element_type=\"widget\" data-widget_type=\"image.default\">\n\t\t\t\t<div class=\"elementor-widget-container\">\n\t\t\t\t\t\t\t\t\t\t\t\t\t\t\t<img fetchpriority=\"high\" decoding=\"async\" width=\"800\" height=\"262\" src=\"https:\/\/chkhele.com\/wp-content\/uploads\/2025\/11\/CY-APF-SVG-Active-Filters-2.webp\" class=\"attachment-large size-large wp-image-311\" alt=\"\" srcset=\"https:\/\/chkhele.com\/wp-content\/uploads\/2025\/11\/CY-APF-SVG-Active-Filters-2.webp 800w, https:\/\/chkhele.com\/wp-content\/uploads\/2025\/11\/CY-APF-SVG-Active-Filters-2-600x197.webp 600w, https:\/\/chkhele.com\/wp-content\/uploads\/2025\/11\/CY-APF-SVG-Active-Filters-2-300x98.webp 300w, https:\/\/chkhele.com\/wp-content\/uploads\/2025\/11\/CY-APF-SVG-Active-Filters-2-768x252.webp 768w\" sizes=\"(max-width: 800px) 100vw, 800px\" \/>\t\t\t\t\t\t\t\t\t\t\t\t\t\t\t<\/div>\n\t\t\t\t<\/div>\n\t\t\t\t<\/div>\n\t\t\t\t\t<\/div>\n\t\t<\/div>\n\t\t\t\t\t\t<\/div>\n\t\t\t\t<\/div>\n\t\t\t\t\t<\/div>\n\t\t\t\t<\/div>\n\t\t\t\t<\/div>\n\t\t\n","protected":false},"excerpt":{"rendered":"<p>Gr\u00e2ce \u00e0 notre g\u00e9n\u00e9rateur de puissance r\u00e9active statique SVG, le filtre actif d\u00e9tecte en temps r\u00e9el le courant de charge via le transformateur de courant externe CT, extrait la composante harmonique du courant de charge gr\u00e2ce au calcul DSP interne, puis l&rsquo;envoie \u00e0 l&rsquo;IGBT interne via le signal PWM, et contr\u00f4le l&rsquo;onduleur pour g\u00e9n\u00e9rer un courant \u00e9gal \u00e0 l&rsquo;amplitude de l&rsquo;harmonique de charge et de direction oppos\u00e9e, qui est inject\u00e9 dans le r\u00e9seau \u00e9lectrique pour compenser le courant harmonique et r\u00e9aliser ainsi la fonction de filtrage.<\/p>\n","protected":false},"featured_media":309,"comment_status":"open","ping_status":"closed","template":"","meta":{"site-sidebar-layout":"default","site-content-layout":"","ast-site-content-layout":"default","site-content-style":"default","site-sidebar-style":"default","ast-global-header-display":"","ast-banner-title-visibility":"","ast-main-header-display":"","ast-hfb-above-header-display":"","ast-hfb-below-header-display":"","ast-hfb-mobile-header-display":"","site-post-title":"","ast-breadcrumbs-content":"","ast-featured-img":"","footer-sml-layout":"","ast-disable-related-posts":"","theme-transparent-header-meta":"default","adv-header-id-meta":"","stick-header-meta":"","header-above-stick-meta":"","header-main-stick-meta":"","header-below-stick-meta":"","astra-migrate-meta-layouts":"default","ast-page-background-enabled":"default","ast-page-background-meta":{"desktop":{"background-color":"var(--ast-global-color-4)","background-image":"","background-repeat":"repeat","background-position":"center center","background-size":"auto","background-attachment":"scroll","background-type":"","background-media":"","overlay-type":"","overlay-color":"","overlay-opacity":"","overlay-gradient":""},"tablet":{"background-color":"","background-image":"","background-repeat":"repeat","background-position":"center center","background-size":"auto","background-attachment":"scroll","background-type":"","background-media":"","overlay-type":"","overlay-color":"","overlay-opacity":"","overlay-gradient":""},"mobile":{"background-color":"","background-image":"","background-repeat":"repeat","background-position":"center center","background-size":"auto","background-attachment":"scroll","background-type":"","background-media":"","overlay-type":"","overlay-color":"","overlay-opacity":"","overlay-gradient":""}},"ast-content-background-meta":{"desktop":{"background-color":"var(--ast-global-color-5)","background-image":"","background-repeat":"repeat","background-position":"center center","background-size":"auto","background-attachment":"scroll","background-type":"","background-media":"","overlay-type":"","overlay-color":"","overlay-opacity":"","overlay-gradient":""},"tablet":{"background-color":"var(--ast-global-color-5)","background-image":"","background-repeat":"repeat","background-position":"center center","background-size":"auto","background-attachment":"scroll","background-type":"","background-media":"","overlay-type":"","overlay-color":"","overlay-opacity":"","overlay-gradient":""},"mobile":{"background-color":"var(--ast-global-color-5)","background-image":"","background-repeat":"repeat","background-position":"center center","background-size":"auto","background-attachment":"scroll","background-type":"","background-media":"","overlay-type":"","overlay-color":"","overlay-opacity":"","overlay-gradient":""}}},"product_brand":[],"product_cat":[84],"product_tag":[],"class_list":{"0":"post-3400","1":"product","2":"type-product","3":"status-publish","4":"has-post-thumbnail","6":"product_cat-equipement-de-commande-electrique","7":"desktop-align-left","8":"tablet-align-left","9":"mobile-align-left","11":"first","12":"instock","13":"shipping-taxable","14":"product-type-simple"},"_links":{"self":[{"href":"https:\/\/chkhele.com\/fr\/wp-json\/wp\/v2\/product\/3400","targetHints":{"allow":["GET"]}}],"collection":[{"href":"https:\/\/chkhele.com\/fr\/wp-json\/wp\/v2\/product"}],"about":[{"href":"https:\/\/chkhele.com\/fr\/wp-json\/wp\/v2\/types\/product"}],"replies":[{"embeddable":true,"href":"https:\/\/chkhele.com\/fr\/wp-json\/wp\/v2\/comments?post=3400"}],"version-history":[{"count":0,"href":"https:\/\/chkhele.com\/fr\/wp-json\/wp\/v2\/product\/3400\/revisions"}],"wp:featuredmedia":[{"embeddable":true,"href":"https:\/\/chkhele.com\/fr\/wp-json\/wp\/v2\/media\/309"}],"wp:attachment":[{"href":"https:\/\/chkhele.com\/fr\/wp-json\/wp\/v2\/media?parent=3400"}],"wp:term":[{"taxonomy":"product_brand","embeddable":true,"href":"https:\/\/chkhele.com\/fr\/wp-json\/wp\/v2\/product_brand?post=3400"},{"taxonomy":"product_cat","embeddable":true,"href":"https:\/\/chkhele.com\/fr\/wp-json\/wp\/v2\/product_cat?post=3400"},{"taxonomy":"product_tag","embeddable":true,"href":"https:\/\/chkhele.com\/fr\/wp-json\/wp\/v2\/product_tag?post=3400"}],"curies":[{"name":"wp","href":"https:\/\/api.w.org\/{rel}","templated":true}]}}