{"id":3395,"date":"2025-11-29T22:36:56","date_gmt":"2025-11-29T22:36:56","guid":{"rendered":"https:\/\/chkhele.com\/shop\/non class\u00e9\/transformateur-de-puissance-a-bain-dhuile-6-10-kv\/"},"modified":"2025-11-29T22:36:56","modified_gmt":"2025-11-29T22:36:56","slug":"transformateur-de-puissance-a-bain-dhuile-6-10-kv","status":"publish","type":"product","link":"https:\/\/chkhele.com\/fr\/shop\/distribution-transformers\/transformateur-de-puissance-a-bain-dhuile-6-10-kv\/","title":{"rendered":"Transformateur de puissance \u00e0 bain d&rsquo;huile 6-10 kV"},"content":{"rendered":"\t\t<div data-elementor-type=\"section\" data-elementor-id=\"1169\" class=\"elementor elementor-1169\" data-elementor-post-type=\"elementor_library\">\n\t\t\t<div class=\"elementor-element elementor-element-207520b e-flex e-con-boxed e-con e-parent\" data-id=\"207520b\" data-element_type=\"container\">\n\t\t\t\t\t<div class=\"e-con-inner\">\n\t\t\t\t<div class=\"elementor-element elementor-element-6f17d6d e-n-tabs-mobile elementor-widget elementor-widget-n-tabs\" data-id=\"6f17d6d\" data-element_type=\"widget\" data-settings=\"{&quot;horizontal_scroll&quot;:&quot;disable&quot;}\" data-widget_type=\"nested-tabs.default\">\n\t\t\t\t<div class=\"elementor-widget-container\">\n\t\t\t\t\t\t\t<div class=\"e-n-tabs\" data-widget-number=\"116489581\" aria-label=\"Onglets. Ouvrez des \u00e9l\u00e9ments avec Entrer ou Espace, fermez-les avec Echape et naviguez \u00e0 l&#039;aide des touches fl\u00e9ch\u00e9es.\">\n\t\t\t<div class=\"e-n-tabs-heading\" role=\"tablist\">\n\t\t\t\t\t<button id=\"e-n-tab-title-1164895811\" data-tab-title-id=\"e-n-tab-title-1164895811\" class=\"e-n-tab-title\" aria-selected=\"true\" data-tab-index=\"1\" role=\"tab\" tabindex=\"0\" aria-controls=\"e-n-tab-content-1164895811\" style=\"--n-tabs-title-order: 1;\">\n\t\t\t\t\t\t<span class=\"e-n-tab-title-text\">\n\t\t\t\tStructure\t\t\t<\/span>\n\t\t<\/button>\n\t\t\t\t<button id=\"e-n-tab-title-1164895812\" data-tab-title-id=\"e-n-tab-title-1164895812\" class=\"e-n-tab-title\" aria-selected=\"false\" data-tab-index=\"2\" role=\"tab\" tabindex=\"-1\" aria-controls=\"e-n-tab-content-1164895812\" style=\"--n-tabs-title-order: 2;\">\n\t\t\t\t\t\t<span class=\"e-n-tab-title-text\">\n\t\t\t\tMaterial\t\t\t<\/span>\n\t\t<\/button>\n\t\t\t\t<button id=\"e-n-tab-title-1164895813\" data-tab-title-id=\"e-n-tab-title-1164895813\" class=\"e-n-tab-title\" aria-selected=\"false\" data-tab-index=\"3\" role=\"tab\" tabindex=\"-1\" aria-controls=\"e-n-tab-content-1164895813\" style=\"--n-tabs-title-order: 3;\">\n\t\t\t\t\t\t<span class=\"e-n-tab-title-text\">\n\t\t\t\tModel and Meaning\t\t\t<\/span>\n\t\t<\/button>\n\t\t\t\t\t<\/div>\n\t\t\t<div class=\"e-n-tabs-content\">\n\t\t\t\t<div id=\"e-n-tab-content-1164895811\" role=\"tabpanel\" aria-labelledby=\"e-n-tab-title-1164895811\" data-tab-index=\"1\" style=\"--n-tabs-title-order: 1;\" class=\"e-active elementor-element elementor-element-6365465 e-con-full e-flex e-con e-child\" data-id=\"6365465\" data-element_type=\"container\">\n\t\t\t\t<div class=\"elementor-element elementor-element-a7728d8 elementor-widget elementor-widget-text-editor\" data-id=\"a7728d8\" data-element_type=\"widget\" data-widget_type=\"text-editor.default\">\n\t\t\t\t<div class=\"elementor-widget-container\">\n\t\t\t\t\t\t\t\t\t<p data-start=\"608\" data-end=\"871\">This product is characterized by high efficiency and low energy loss, helping to significantly reduce power consumption and operating costs. It offers notable social and economic benefits and is recognized as a national high-tech promoted product.<br \/>Based on traditional designs and mature technology, our company has implemented several improvements, including:<\/p><ul><li data-start=\"608\" data-end=\"871\">Spiral coils with longitudinal oil ducts for improved internal heat dissipation.<\/li><li data-start=\"608\" data-end=\"871\">Enhanced end-face support on the coils, providing stronger resistance to short-circuit currents.<\/li><li data-start=\"608\" data-end=\"871\">A redesigned lifting and body-positioning structure to ensure higher reliability during long-distance transport and operation.<\/li><li data-start=\"608\" data-end=\"871\">Multiple unique and reliable structural features designed to serve your needs.<br \/>Using transformers with higher performance levels, resulting in greater technical value.<\/li><li data-start=\"608\" data-end=\"871\">A fully sealed oil tank design that isolates the transformer from the atmosphere, preventing and slowing oil degradation and insulation moisture absorption, improving operational reliability, and ensuring maintenance-free operation under normal conditions.<\/li><\/ul>\t\t\t\t\t\t\t\t<\/div>\n\t\t\t\t<\/div>\n\t\t\t\t<\/div>\n\t\t<div id=\"e-n-tab-content-1164895812\" role=\"tabpanel\" aria-labelledby=\"e-n-tab-title-1164895812\" data-tab-index=\"2\" style=\"--n-tabs-title-order: 2;\" class=\" elementor-element elementor-element-6c0116c e-con-full e-flex e-con e-child\" data-id=\"6c0116c\" data-element_type=\"container\">\n\t\t\t\t<div class=\"elementor-element elementor-element-28d43c7 elementor-widget elementor-widget-text-editor\" data-id=\"28d43c7\" data-element_type=\"widget\" data-widget_type=\"text-editor.default\">\n\t\t\t\t<div class=\"elementor-widget-container\">\n\t\t\t\t\t\t\t\t\t<p data-start=\"1746\" data-end=\"1896\">All raw materials undergo strict quality inspection, and all suppliers are thoroughly audited according to national ISO9000 standards.<\/p><ol data-start=\"1898\" data-end=\"2546\"><li data-start=\"1898\" data-end=\"2094\"><p data-start=\"1901\" data-end=\"2094\">High-conductivity oxygen-free copper wires with additional surface treatments for smoothness and the absence of burrs, resulting in lower load losses and more reliable electrical performance.<\/p><\/li><li data-start=\"2095\" data-end=\"2210\"><p data-start=\"2098\" data-end=\"2210\">Premium silicon steel sheets with lower unit loss to reduce no-load loss as performance requirements increase.<\/p><\/li><li data-start=\"2211\" data-end=\"2338\"><p data-start=\"2214\" data-end=\"2338\">High-quality laminated wood insulation components that will never crack and remain stable even under short-circuit forces.<\/p><\/li><li data-start=\"2339\" data-end=\"2464\"><p data-start=\"2342\" data-end=\"2464\">Deep-filtered transformer oil with extremely low moisture, gas, and impurity content for higher operational reliability.<\/p><\/li><li data-start=\"2465\" data-end=\"2546\"><p data-start=\"2468\" data-end=\"2546\">High-quality rubber sealing materials that resist aging and eliminate leakage.<\/p><\/li><\/ol><p data-start=\"2548\" data-end=\"2579\"><strong data-start=\"2548\" data-end=\"2579\">Normal Operating Conditions<\/strong><\/p><ul data-start=\"2581\" data-end=\"2774\"><li data-start=\"2581\" data-end=\"2614\"><p data-start=\"2583\" data-end=\"2614\">Altitude: not more than 1000m<\/p><\/li><li data-start=\"2615\" data-end=\"2774\"><p data-start=\"2617\" data-end=\"2639\">Ambient temperature:<\/p><ul data-start=\"2642\" data-end=\"2774\"><li data-start=\"2642\" data-end=\"2660\"><p data-start=\"2644\" data-end=\"2660\">Maximum: +40\u00b0C<\/p><\/li><li data-start=\"2663\" data-end=\"2697\"><p data-start=\"2665\" data-end=\"2697\">Hottest monthly average: +30\u00b0C<\/p><\/li><li data-start=\"2700\" data-end=\"2733\"><p data-start=\"2702\" data-end=\"2733\">Highest annual average: +20\u00b0C<\/p><\/li><li data-start=\"2736\" data-end=\"2774\"><p data-start=\"2738\" data-end=\"2774\">Minimum outdoor temperature: \u201325\u00b0C<\/p><\/li><\/ul><\/li><\/ul><p data-start=\"2776\" data-end=\"2925\">The supply voltage waveform should be approximately sinusoidal. For three-phase transformers, the three-phase voltages should be reasonably balanced.<\/p><p data-start=\"2927\" data-end=\"2955\"><strong data-start=\"2927\" data-end=\"2955\">Installation Environment<\/strong><\/p><ul data-start=\"2957\" data-end=\"3123\"><li data-start=\"2957\" data-end=\"3011\"><p data-start=\"2959\" data-end=\"3011\">No significant pollution at the installation site.<\/p><\/li><li data-start=\"3012\" data-end=\"3123\"><p data-start=\"3014\" data-end=\"3055\">Ground acceleration due to earthquakes:<\/p><ul data-start=\"3058\" data-end=\"3123\"><li data-start=\"3058\" data-end=\"3090\"><p data-start=\"3060\" data-end=\"3090\">Horizontal: less than 3 m\/s\u00b2<\/p><\/li><li data-start=\"3093\" data-end=\"3123\"><p data-start=\"3095\" data-end=\"3123\">Vertical: less than 1.5 m\/s\u00b2<\/p><\/li><\/ul><\/li><\/ul><p data-start=\"3125\" data-end=\"3272\"><strong data-start=\"3125\" data-end=\"3157\">Special Operating Conditions<\/strong><br data-start=\"3157\" data-end=\"3160\" \/>Any special operating conditions outside the normal use requirements must be stated during inquiry and ordering.<\/p><p data-start=\"3274\" data-end=\"3409\"><strong data-start=\"3274\" data-end=\"3298\">Applicable Standards<\/strong><br data-start=\"3298\" data-end=\"3301\" \/>GB\/T1094.1<br data-start=\"3311\" data-end=\"3314\" \/>GB\/T1094.2<br data-start=\"3324\" data-end=\"3327\" \/>JB\/T10088<br data-start=\"3336\" data-end=\"3339\" \/>GB\/T1094.3<br data-start=\"3349\" data-end=\"3352\" \/>GB\/T1094.5<br data-start=\"3362\" data-end=\"3365\" \/>GB\/T25289<br data-start=\"3374\" data-end=\"3377\" \/>GB\/T6451<br data-start=\"3385\" data-end=\"3388\" \/>GB\/T7595<br data-start=\"3396\" data-end=\"3399\" \/>JB\/T3837<\/p><p data-start=\"3411\" data-end=\"3511\">All transformers manufactured by our company comply with the latest versions of the above standards.<\/p><p data-start=\"3513\" data-end=\"3728\"><strong data-start=\"3513\" data-end=\"3537\">Ordering Information<\/strong><br data-start=\"3537\" data-end=\"3540\" \/>When placing an order, please specify the product model, rated capacity, rated high- and low-voltage levels, high-voltage tap range, number of phases, frequency, and connection group code.<\/p><p data-start=\"2548\" data-end=\"2579\">\u00a0<\/p>\t\t\t\t\t\t\t\t<\/div>\n\t\t\t\t<\/div>\n\t\t\t\t<\/div>\n\t\t<div id=\"e-n-tab-content-1164895813\" role=\"tabpanel\" aria-labelledby=\"e-n-tab-title-1164895813\" data-tab-index=\"3\" style=\"--n-tabs-title-order: 3;\" class=\" elementor-element elementor-element-4033129 e-con-full e-flex e-con e-child\" data-id=\"4033129\" data-element_type=\"container\">\n\t\t\t\t<div class=\"elementor-element elementor-element-8bdee38 elementor-widget elementor-widget-image\" data-id=\"8bdee38\" data-element_type=\"widget\" data-widget_type=\"image.default\">\n\t\t\t\t<div class=\"elementor-widget-container\">\n\t\t\t\t\t\t\t\t\t\t\t\t\t\t\t<img fetchpriority=\"high\" decoding=\"async\" width=\"1024\" height=\"254\" src=\"https:\/\/chkhele.com\/wp-content\/uploads\/2025\/11\/6-10KV-oil-impressed-power-transformer-1-1024x254.webp\" class=\"attachment-large size-large wp-image-1170\" alt=\"\" srcset=\"https:\/\/chkhele.com\/wp-content\/uploads\/2025\/11\/6-10KV-oil-impressed-power-transformer-1-1024x254.webp 1024w, https:\/\/chkhele.com\/wp-content\/uploads\/2025\/11\/6-10KV-oil-impressed-power-transformer-1-300x74.webp 300w, https:\/\/chkhele.com\/wp-content\/uploads\/2025\/11\/6-10KV-oil-impressed-power-transformer-1-768x191.webp 768w, https:\/\/chkhele.com\/wp-content\/uploads\/2025\/11\/6-10KV-oil-impressed-power-transformer-1-600x149.webp 600w, https:\/\/chkhele.com\/wp-content\/uploads\/2025\/11\/6-10KV-oil-impressed-power-transformer-1.webp 1027w\" sizes=\"(max-width: 1024px) 100vw, 1024px\" \/>\t\t\t\t\t\t\t\t\t\t\t\t\t\t\t<\/div>\n\t\t\t\t<\/div>\n\t\t\t\t<div class=\"elementor-element elementor-element-acba5cb gallery-spacing-custom elementor-widget elementor-widget-image-gallery\" data-id=\"acba5cb\" data-element_type=\"widget\" data-widget_type=\"image-gallery.default\">\n\t\t\t\t<div class=\"elementor-widget-container\">\n\t\t\t\t\t\t\t<div class=\"elementor-image-gallery\">\n\t\t\t\n<a data-elementor-open-lightbox=\"yes\" data-elementor-lightbox-slideshow=\"acba5cb\" data-elementor-lightbox-title=\"6-10KV oil impressed power transformer 2\" data-e-action-hash=\"#elementor-action%3Aaction%3Dlightbox%26settings%3DeyJpZCI6MTE3MSwidXJsIjoiaHR0cHM6XC9cL2Noa2hlbGUuY29tXC93cC1jb250ZW50XC91cGxvYWRzXC8yMDI1XC8xMVwvNi0xMEtWLW9pbC1pbXByZXNzZWQtcG93ZXItdHJhbnNmb3JtZXItMi53ZWJwIiwic2xpZGVzaG93IjoiYWNiYTVjYiJ9\" href='https:\/\/chkhele.com\/wp-content\/uploads\/2025\/11\/6-10KV-oil-impressed-power-transformer-2.webp'><img decoding=\"async\" width=\"768\" height=\"670\" src=\"https:\/\/chkhele.com\/wp-content\/uploads\/2025\/11\/6-10KV-oil-impressed-power-transformer-2-768x670.webp\" class=\"attachment-medium_large size-medium_large\" alt=\"\" srcset=\"https:\/\/chkhele.com\/wp-content\/uploads\/2025\/11\/6-10KV-oil-impressed-power-transformer-2-768x670.webp 768w, https:\/\/chkhele.com\/wp-content\/uploads\/2025\/11\/6-10KV-oil-impressed-power-transformer-2-300x262.webp 300w, https:\/\/chkhele.com\/wp-content\/uploads\/2025\/11\/6-10KV-oil-impressed-power-transformer-2-1024x893.webp 1024w, https:\/\/chkhele.com\/wp-content\/uploads\/2025\/11\/6-10KV-oil-impressed-power-transformer-2-600x523.webp 600w, https:\/\/chkhele.com\/wp-content\/uploads\/2025\/11\/6-10KV-oil-impressed-power-transformer-2.webp 1027w\" sizes=\"(max-width: 768px) 100vw, 768px\" \/><\/a>\n<a data-elementor-open-lightbox=\"yes\" data-elementor-lightbox-slideshow=\"acba5cb\" data-elementor-lightbox-title=\"m 11\" data-e-action-hash=\"#elementor-action%3Aaction%3Dlightbox%26settings%3DeyJpZCI6MTE3MiwidXJsIjoiaHR0cHM6XC9cL2Noa2hlbGUuY29tXC93cC1jb250ZW50XC91cGxvYWRzXC8yMDI1XC8xMVwvbS0xMS53ZWJwIiwic2xpZGVzaG93IjoiYWNiYTVjYiJ9\" href='https:\/\/chkhele.com\/wp-content\/uploads\/2025\/11\/m-11.webp'><img decoding=\"async\" width=\"768\" height=\"410\" src=\"https:\/\/chkhele.com\/wp-content\/uploads\/2025\/11\/m-11-768x410.webp\" class=\"attachment-medium_large size-medium_large\" alt=\"\" srcset=\"https:\/\/chkhele.com\/wp-content\/uploads\/2025\/11\/m-11-768x410.webp 768w, https:\/\/chkhele.com\/wp-content\/uploads\/2025\/11\/m-11-300x160.webp 300w, https:\/\/chkhele.com\/wp-content\/uploads\/2025\/11\/m-11-1024x546.webp 1024w, https:\/\/chkhele.com\/wp-content\/uploads\/2025\/11\/m-11-600x320.webp 600w, https:\/\/chkhele.com\/wp-content\/uploads\/2025\/11\/m-11.webp 1027w\" sizes=\"(max-width: 768px) 100vw, 768px\" \/><\/a>\n<a data-elementor-open-lightbox=\"yes\" data-elementor-lightbox-slideshow=\"acba5cb\" data-elementor-lightbox-title=\"m 12\" data-e-action-hash=\"#elementor-action%3Aaction%3Dlightbox%26settings%3DeyJpZCI6MTE3MywidXJsIjoiaHR0cHM6XC9cL2Noa2hlbGUuY29tXC93cC1jb250ZW50XC91cGxvYWRzXC8yMDI1XC8xMVwvbS0xMi53ZWJwIiwic2xpZGVzaG93IjoiYWNiYTVjYiJ9\" href='https:\/\/chkhele.com\/wp-content\/uploads\/2025\/11\/m-12.webp'><img loading=\"lazy\" decoding=\"async\" width=\"768\" height=\"440\" src=\"https:\/\/chkhele.com\/wp-content\/uploads\/2025\/11\/m-12-768x440.webp\" class=\"attachment-medium_large size-medium_large\" alt=\"\" srcset=\"https:\/\/chkhele.com\/wp-content\/uploads\/2025\/11\/m-12-768x440.webp 768w, https:\/\/chkhele.com\/wp-content\/uploads\/2025\/11\/m-12-300x172.webp 300w, https:\/\/chkhele.com\/wp-content\/uploads\/2025\/11\/m-12-1024x587.webp 1024w, https:\/\/chkhele.com\/wp-content\/uploads\/2025\/11\/m-12-600x344.webp 600w, https:\/\/chkhele.com\/wp-content\/uploads\/2025\/11\/m-12.webp 1027w\" sizes=\"(max-width: 768px) 100vw, 768px\" \/><\/a>\n<a data-elementor-open-lightbox=\"yes\" data-elementor-lightbox-slideshow=\"acba5cb\" data-elementor-lightbox-title=\"transformer 21\" data-e-action-hash=\"#elementor-action%3Aaction%3Dlightbox%26settings%3DeyJpZCI6MTE3NCwidXJsIjoiaHR0cHM6XC9cL2Noa2hlbGUuY29tXC93cC1jb250ZW50XC91cGxvYWRzXC8yMDI1XC8xMVwvdHJhbnNmb3JtZXItMjEud2VicCIsInNsaWRlc2hvdyI6ImFjYmE1Y2IifQ%3D%3D\" href='https:\/\/chkhele.com\/wp-content\/uploads\/2025\/11\/transformer-21.webp'><img loading=\"lazy\" decoding=\"async\" width=\"768\" height=\"559\" src=\"https:\/\/chkhele.com\/wp-content\/uploads\/2025\/11\/transformer-21-768x559.webp\" class=\"attachment-medium_large size-medium_large\" alt=\"\" srcset=\"https:\/\/chkhele.com\/wp-content\/uploads\/2025\/11\/transformer-21-768x559.webp 768w, https:\/\/chkhele.com\/wp-content\/uploads\/2025\/11\/transformer-21-300x219.webp 300w, https:\/\/chkhele.com\/wp-content\/uploads\/2025\/11\/transformer-21-1024x746.webp 1024w, https:\/\/chkhele.com\/wp-content\/uploads\/2025\/11\/transformer-21-600x437.webp 600w, https:\/\/chkhele.com\/wp-content\/uploads\/2025\/11\/transformer-21.webp 1027w\" sizes=\"(max-width: 768px) 100vw, 768px\" \/><\/a>\n<a data-elementor-open-lightbox=\"yes\" data-elementor-lightbox-slideshow=\"acba5cb\" data-elementor-lightbox-title=\"transformer 22\" data-e-action-hash=\"#elementor-action%3Aaction%3Dlightbox%26settings%3DeyJpZCI6MTE3NSwidXJsIjoiaHR0cHM6XC9cL2Noa2hlbGUuY29tXC93cC1jb250ZW50XC91cGxvYWRzXC8yMDI1XC8xMVwvdHJhbnNmb3JtZXItMjIud2VicCIsInNsaWRlc2hvdyI6ImFjYmE1Y2IifQ%3D%3D\" href='https:\/\/chkhele.com\/wp-content\/uploads\/2025\/11\/transformer-22.webp'><img loading=\"lazy\" decoding=\"async\" width=\"768\" height=\"315\" src=\"https:\/\/chkhele.com\/wp-content\/uploads\/2025\/11\/transformer-22-768x315.webp\" class=\"attachment-medium_large size-medium_large\" alt=\"\" srcset=\"https:\/\/chkhele.com\/wp-content\/uploads\/2025\/11\/transformer-22-768x315.webp 768w, https:\/\/chkhele.com\/wp-content\/uploads\/2025\/11\/transformer-22-300x123.webp 300w, https:\/\/chkhele.com\/wp-content\/uploads\/2025\/11\/transformer-22-1024x420.webp 1024w, https:\/\/chkhele.com\/wp-content\/uploads\/2025\/11\/transformer-22-600x246.webp 600w, https:\/\/chkhele.com\/wp-content\/uploads\/2025\/11\/transformer-22.webp 1027w\" sizes=\"(max-width: 768px) 100vw, 768px\" \/><\/a>\n<a data-elementor-open-lightbox=\"yes\" data-elementor-lightbox-slideshow=\"acba5cb\" data-elementor-lightbox-title=\"transformer table 3\" data-e-action-hash=\"#elementor-action%3Aaction%3Dlightbox%26settings%3DeyJpZCI6MTE3OSwidXJsIjoiaHR0cHM6XC9cL2Noa2hlbGUuY29tXC93cC1jb250ZW50XC91cGxvYWRzXC8yMDI1XC8xMVwvdHJhbnNmb3JtZXItdGFibGUtMy53ZWJwIiwic2xpZGVzaG93IjoiYWNiYTVjYiJ9\" href='https:\/\/chkhele.com\/wp-content\/uploads\/2025\/11\/transformer-table-3.webp'><img loading=\"lazy\" decoding=\"async\" width=\"768\" height=\"270\" src=\"https:\/\/chkhele.com\/wp-content\/uploads\/2025\/11\/transformer-table-3-768x270.webp\" class=\"attachment-medium_large size-medium_large\" alt=\"\" srcset=\"https:\/\/chkhele.com\/wp-content\/uploads\/2025\/11\/transformer-table-3-768x270.webp 768w, https:\/\/chkhele.com\/wp-content\/uploads\/2025\/11\/transformer-table-3-300x105.webp 300w, https:\/\/chkhele.com\/wp-content\/uploads\/2025\/11\/transformer-table-3-1024x360.webp 1024w, https:\/\/chkhele.com\/wp-content\/uploads\/2025\/11\/transformer-table-3-600x211.webp 600w, https:\/\/chkhele.com\/wp-content\/uploads\/2025\/11\/transformer-table-3.webp 1027w\" sizes=\"(max-width: 768px) 100vw, 768px\" \/><\/a>\n<a data-elementor-open-lightbox=\"yes\" data-elementor-lightbox-slideshow=\"acba5cb\" data-elementor-lightbox-title=\"transformer table 2\" data-e-action-hash=\"#elementor-action%3Aaction%3Dlightbox%26settings%3DeyJpZCI6MTE4MCwidXJsIjoiaHR0cHM6XC9cL2Noa2hlbGUuY29tXC93cC1jb250ZW50XC91cGxvYWRzXC8yMDI1XC8xMVwvdHJhbnNmb3JtZXItdGFibGUtMi53ZWJwIiwic2xpZGVzaG93IjoiYWNiYTVjYiJ9\" href='https:\/\/chkhele.com\/wp-content\/uploads\/2025\/11\/transformer-table-2.webp'><img loading=\"lazy\" decoding=\"async\" width=\"768\" height=\"245\" src=\"https:\/\/chkhele.com\/wp-content\/uploads\/2025\/11\/transformer-table-2-768x245.webp\" class=\"attachment-medium_large size-medium_large\" alt=\"\" srcset=\"https:\/\/chkhele.com\/wp-content\/uploads\/2025\/11\/transformer-table-2-768x245.webp 768w, https:\/\/chkhele.com\/wp-content\/uploads\/2025\/11\/transformer-table-2-300x96.webp 300w, https:\/\/chkhele.com\/wp-content\/uploads\/2025\/11\/transformer-table-2-1024x327.webp 1024w, https:\/\/chkhele.com\/wp-content\/uploads\/2025\/11\/transformer-table-2-600x192.webp 600w, https:\/\/chkhele.com\/wp-content\/uploads\/2025\/11\/transformer-table-2.webp 1027w\" sizes=\"(max-width: 768px) 100vw, 768px\" \/><\/a>\n<a data-elementor-open-lightbox=\"yes\" data-elementor-lightbox-slideshow=\"acba5cb\" data-elementor-lightbox-title=\"transformer table 1\" data-e-action-hash=\"#elementor-action%3Aaction%3Dlightbox%26settings%3DeyJpZCI6MTE4MSwidXJsIjoiaHR0cHM6XC9cL2Noa2hlbGUuY29tXC93cC1jb250ZW50XC91cGxvYWRzXC8yMDI1XC8xMVwvdHJhbnNmb3JtZXItdGFibGUtMS53ZWJwIiwic2xpZGVzaG93IjoiYWNiYTVjYiJ9\" href='https:\/\/chkhele.com\/wp-content\/uploads\/2025\/11\/transformer-table-1.webp'><img loading=\"lazy\" decoding=\"async\" width=\"768\" height=\"248\" src=\"https:\/\/chkhele.com\/wp-content\/uploads\/2025\/11\/transformer-table-1-768x248.webp\" class=\"attachment-medium_large size-medium_large\" alt=\"\" srcset=\"https:\/\/chkhele.com\/wp-content\/uploads\/2025\/11\/transformer-table-1-768x248.webp 768w, https:\/\/chkhele.com\/wp-content\/uploads\/2025\/11\/transformer-table-1-300x97.webp 300w, https:\/\/chkhele.com\/wp-content\/uploads\/2025\/11\/transformer-table-1-1024x330.webp 1024w, https:\/\/chkhele.com\/wp-content\/uploads\/2025\/11\/transformer-table-1-600x193.webp 600w, https:\/\/chkhele.com\/wp-content\/uploads\/2025\/11\/transformer-table-1.webp 1027w\" sizes=\"(max-width: 768px) 100vw, 768px\" \/><\/a>\n\t\t<\/div>\n\t\t\t\t\t\t<\/div>\n\t\t\t\t<\/div>\n\t\t\t\t<\/div>\n\t\t\t\t\t<\/div>\n\t\t<\/div>\n\t\t\t\t\t\t<\/div>\n\t\t\t\t<\/div>\n\t\t\t\t\t<\/div>\n\t\t\t\t<\/div>\n\t\t\t\t<\/div>\n\t\t\n","protected":false},"excerpt":{"rendered":"<p data-start=\"160\" data-end=\"606\">Les transformateurs de distribution triphas\u00e9s immerg\u00e9s dans l&rsquo;huile produits par notre soci\u00e9t\u00e9 adoptent une nouvelle structure d&rsquo;isolation qui am\u00e9liore la r\u00e9sistance aux courts-circuits. Le noyau est constitu\u00e9 de t\u00f4les d&rsquo;acier au silicium lamin\u00e9es \u00e0 froid de haute qualit\u00e9. Les enroulements haute tension utilisent des fils de cuivre sans oxyg\u00e8ne de premi\u00e8re qualit\u00e9 et pr\u00e9sentent une conception cylindrique multicouche. Toutes les fixations sont trait\u00e9es par des proc\u00e9d\u00e9s anticorrosion sp\u00e9ciaux. Le transformateur utilise un r\u00e9servoir d&rsquo;huile ondul\u00e9 et enti\u00e8rement \u00e9tanche.<\/p>\n<p data-start=\"608\" data-end=\"871\">\n","protected":false},"featured_media":1167,"comment_status":"open","ping_status":"closed","template":"","meta":{"site-sidebar-layout":"default","site-content-layout":"","ast-site-content-layout":"default","site-content-style":"default","site-sidebar-style":"default","ast-global-header-display":"","ast-banner-title-visibility":"","ast-main-header-display":"","ast-hfb-above-header-display":"","ast-hfb-below-header-display":"","ast-hfb-mobile-header-display":"","site-post-title":"","ast-breadcrumbs-content":"","ast-featured-img":"","footer-sml-layout":"","ast-disable-related-posts":"","theme-transparent-header-meta":"default","adv-header-id-meta":"","stick-header-meta":"","header-above-stick-meta":"","header-main-stick-meta":"","header-below-stick-meta":"","astra-migrate-meta-layouts":"default","ast-page-background-enabled":"default","ast-page-background-meta":{"desktop":{"background-color":"var(--ast-global-color-4)","background-image":"","background-repeat":"repeat","background-position":"center center","background-size":"auto","background-attachment":"scroll","background-type":"","background-media":"","overlay-type":"","overlay-color":"","overlay-opacity":"","overlay-gradient":""},"tablet":{"background-color":"","background-image":"","background-repeat":"repeat","background-position":"center center","background-size":"auto","background-attachment":"scroll","background-type":"","background-media":"","overlay-type":"","overlay-color":"","overlay-opacity":"","overlay-gradient":""},"mobile":{"background-color":"","background-image":"","background-repeat":"repeat","background-position":"center center","background-size":"auto","background-attachment":"scroll","background-type":"","background-media":"","overlay-type":"","overlay-color":"","overlay-opacity":"","overlay-gradient":""}},"ast-content-background-meta":{"desktop":{"background-color":"var(--ast-global-color-5)","background-image":"","background-repeat":"repeat","background-position":"center center","background-size":"auto","background-attachment":"scroll","background-type":"","background-media":"","overlay-type":"","overlay-color":"","overlay-opacity":"","overlay-gradient":""},"tablet":{"background-color":"var(--ast-global-color-5)","background-image":"","background-repeat":"repeat","background-position":"center center","background-size":"auto","background-attachment":"scroll","background-type":"","background-media":"","overlay-type":"","overlay-color":"","overlay-opacity":"","overlay-gradient":""},"mobile":{"background-color":"var(--ast-global-color-5)","background-image":"","background-repeat":"repeat","background-position":"center center","background-size":"auto","background-attachment":"scroll","background-type":"","background-media":"","overlay-type":"","overlay-color":"","overlay-opacity":"","overlay-gradient":""}}},"product_brand":[],"product_cat":[89],"product_tag":[],"class_list":{"0":"post-3395","1":"product","2":"type-product","3":"status-publish","4":"has-post-thumbnail","6":"product_cat-distribution-transformers","7":"desktop-align-left","8":"tablet-align-left","9":"mobile-align-left","11":"first","12":"instock","13":"shipping-taxable","14":"product-type-simple"},"_links":{"self":[{"href":"https:\/\/chkhele.com\/fr\/wp-json\/wp\/v2\/product\/3395","targetHints":{"allow":["GET"]}}],"collection":[{"href":"https:\/\/chkhele.com\/fr\/wp-json\/wp\/v2\/product"}],"about":[{"href":"https:\/\/chkhele.com\/fr\/wp-json\/wp\/v2\/types\/product"}],"replies":[{"embeddable":true,"href":"https:\/\/chkhele.com\/fr\/wp-json\/wp\/v2\/comments?post=3395"}],"version-history":[{"count":0,"href":"https:\/\/chkhele.com\/fr\/wp-json\/wp\/v2\/product\/3395\/revisions"}],"wp:featuredmedia":[{"embeddable":true,"href":"https:\/\/chkhele.com\/fr\/wp-json\/wp\/v2\/media\/1167"}],"wp:attachment":[{"href":"https:\/\/chkhele.com\/fr\/wp-json\/wp\/v2\/media?parent=3395"}],"wp:term":[{"taxonomy":"product_brand","embeddable":true,"href":"https:\/\/chkhele.com\/fr\/wp-json\/wp\/v2\/product_brand?post=3395"},{"taxonomy":"product_cat","embeddable":true,"href":"https:\/\/chkhele.com\/fr\/wp-json\/wp\/v2\/product_cat?post=3395"},{"taxonomy":"product_tag","embeddable":true,"href":"https:\/\/chkhele.com\/fr\/wp-json\/wp\/v2\/product_tag?post=3395"}],"curies":[{"name":"wp","href":"https:\/\/api.w.org\/{rel}","templated":true}]}}