{"id":3393,"date":"2025-11-30T01:27:54","date_gmt":"2025-11-30T01:27:54","guid":{"rendered":"https:\/\/chkhele.com\/shop\/non class\u00e9\/transformateur-de-distribution-a-sec-scb18-nx1\/"},"modified":"2025-11-30T01:27:54","modified_gmt":"2025-11-30T01:27:54","slug":"transformateur-de-distribution-a-sec-scb18-nx1","status":"publish","type":"product","link":"https:\/\/chkhele.com\/fr\/shop\/distribution-transformers\/transformateur-de-distribution-a-sec-scb18-nx1\/","title":{"rendered":"Transformateur de distribution \u00e0 sec SCB18-NX1"},"content":{"rendered":"\t\t<div data-elementor-type=\"section\" data-elementor-id=\"1205\" class=\"elementor elementor-1205\" data-elementor-post-type=\"elementor_library\">\n\t\t\t<div class=\"elementor-element elementor-element-abc6885 e-flex e-con-boxed e-con e-parent\" data-id=\"abc6885\" data-element_type=\"container\">\n\t\t\t\t\t<div class=\"e-con-inner\">\n\t\t\t\t<div class=\"elementor-element elementor-element-bcce549 e-n-tabs-mobile elementor-widget elementor-widget-n-tabs\" data-id=\"bcce549\" data-element_type=\"widget\" data-settings=\"{&quot;horizontal_scroll&quot;:&quot;disable&quot;}\" data-widget_type=\"nested-tabs.default\">\n\t\t\t\t<div class=\"elementor-widget-container\">\n\t\t\t\t\t\t\t<div class=\"e-n-tabs\" data-widget-number=\"197977417\" aria-label=\"Onglets. Ouvrez des \u00e9l\u00e9ments avec Entrer ou Espace, fermez-les avec Echape et naviguez \u00e0 l&#039;aide des touches fl\u00e9ch\u00e9es.\">\n\t\t\t<div class=\"e-n-tabs-heading\" role=\"tablist\">\n\t\t\t\t\t<button id=\"e-n-tab-title-1979774171\" data-tab-title-id=\"e-n-tab-title-1979774171\" class=\"e-n-tab-title\" aria-selected=\"true\" data-tab-index=\"1\" role=\"tab\" tabindex=\"0\" aria-controls=\"e-n-tab-content-1979774171\" style=\"--n-tabs-title-order: 1;\">\n\t\t\t\t\t\t<span class=\"e-n-tab-title-text\">\n\t\t\t\tMeaning and modeling\t\t\t<\/span>\n\t\t<\/button>\n\t\t\t\t<button id=\"e-n-tab-title-1979774172\" data-tab-title-id=\"e-n-tab-title-1979774172\" class=\"e-n-tab-title\" aria-selected=\"false\" data-tab-index=\"2\" role=\"tab\" tabindex=\"-1\" aria-controls=\"e-n-tab-content-1979774172\" style=\"--n-tabs-title-order: 2;\">\n\t\t\t\t\t\t<span class=\"e-n-tab-title-text\">\n\t\t\t\tFeatures\t\t\t<\/span>\n\t\t<\/button>\n\t\t\t\t<button id=\"e-n-tab-title-1979774173\" data-tab-title-id=\"e-n-tab-title-1979774173\" class=\"e-n-tab-title\" aria-selected=\"false\" data-tab-index=\"3\" role=\"tab\" tabindex=\"-1\" aria-controls=\"e-n-tab-content-1979774173\" style=\"--n-tabs-title-order: 3;\">\n\t\t\t\t\t\t<span class=\"e-n-tab-title-text\">\n\t\t\t\tTechnical parameters\t\t\t<\/span>\n\t\t<\/button>\n\t\t\t\t\t<\/div>\n\t\t\t<div class=\"e-n-tabs-content\">\n\t\t\t\t<div id=\"e-n-tab-content-1979774171\" role=\"tabpanel\" aria-labelledby=\"e-n-tab-title-1979774171\" data-tab-index=\"1\" style=\"--n-tabs-title-order: 1;\" class=\"e-active elementor-element elementor-element-6001230 e-con-full e-flex e-con e-child\" data-id=\"6001230\" data-element_type=\"container\">\n\t\t\t\t<div class=\"elementor-element elementor-element-c36a5b5 elementor-widget elementor-widget-image\" data-id=\"c36a5b5\" data-element_type=\"widget\" data-widget_type=\"image.default\">\n\t\t\t\t<div class=\"elementor-widget-container\">\n\t\t\t\t\t\t\t\t\t\t\t\t\t\t\t<img fetchpriority=\"high\" decoding=\"async\" width=\"459\" height=\"246\" src=\"https:\/\/chkhele.com\/wp-content\/uploads\/2025\/11\/new-1.webp\" class=\"attachment-large size-large wp-image-1206\" alt=\"\" srcset=\"https:\/\/chkhele.com\/wp-content\/uploads\/2025\/11\/new-1.webp 459w, https:\/\/chkhele.com\/wp-content\/uploads\/2025\/11\/new-1-300x161.webp 300w\" sizes=\"(max-width: 459px) 100vw, 459px\" \/>\t\t\t\t\t\t\t\t\t\t\t\t\t\t\t<\/div>\n\t\t\t\t<\/div>\n\t\t\t\t<\/div>\n\t\t<div id=\"e-n-tab-content-1979774172\" role=\"tabpanel\" aria-labelledby=\"e-n-tab-title-1979774172\" data-tab-index=\"2\" style=\"--n-tabs-title-order: 2;\" class=\" elementor-element elementor-element-69bee76 e-con-full e-flex e-con e-child\" data-id=\"69bee76\" data-element_type=\"container\">\n\t\t\t\t<div class=\"elementor-element elementor-element-b367e56 elementor-widget elementor-widget-text-editor\" data-id=\"b367e56\" data-element_type=\"widget\" data-widget_type=\"text-editor.default\">\n\t\t\t\t<div class=\"elementor-widget-container\">\n\t\t\t\t\t\t\t\t\t<p data-start=\"138\" data-end=\"1099\">The SC(B)18 series dry-type transformers with filler thin insulation are developed using advanced foreign technology. They are <strong data-start=\"288\" data-end=\"436\">maintenance-free, resistant to humidity and heat, fireproof, explosion-proof, with low partial discharge, low noise, and strong heat dissipation<\/strong>. Under forced air cooling, they can operate at increased capacity. The windings are filled with glass fiber grids to enhance short-circuit resistance. The secondary winding is made of copper foil and vacuum pressure cast, improving lightning impulse resistance, short-circuit resistance, and overload capacity. The filler resin has a thermal expansion coefficient close to the copper conductor, providing good crack resistance. Equipped with a temperature controller, it has <strong data-start=\"912\" data-end=\"999\">fault alarm, over-temperature alarm, over-temperature trip, and black-box functions<\/strong>, and can be connected to a computer via RS485 serial port for centralized monitoring and control.<\/p><p data-start=\"1101\" data-end=\"1357\"><strong data-start=\"1101\" data-end=\"1138\">Transformer Output Configuration:<\/strong> According to different interface types, conventional outputs, standard sealed busbars, and standard side outputs can be manufactured. Special output configurations can also be designed according to user requirements.<\/p>\t\t\t\t\t\t\t\t<\/div>\n\t\t\t\t<\/div>\n\t\t\t\t<\/div>\n\t\t<div id=\"e-n-tab-content-1979774173\" role=\"tabpanel\" aria-labelledby=\"e-n-tab-title-1979774173\" data-tab-index=\"3\" style=\"--n-tabs-title-order: 3;\" class=\" elementor-element elementor-element-4d41ae8 e-con-full e-flex e-con e-child\" data-id=\"4d41ae8\" data-element_type=\"container\">\n\t\t\t\t<div class=\"elementor-element elementor-element-e1ded6c elementor-widget elementor-widget-image\" data-id=\"e1ded6c\" data-element_type=\"widget\" data-widget_type=\"image.default\">\n\t\t\t\t<div class=\"elementor-widget-container\">\n\t\t\t\t\t\t\t\t\t\t\t\t\t\t\t<img decoding=\"async\" width=\"1024\" height=\"647\" src=\"https:\/\/chkhele.com\/wp-content\/uploads\/2025\/11\/new-2-1024x647.webp\" class=\"attachment-large size-large wp-image-1207\" alt=\"\" srcset=\"https:\/\/chkhele.com\/wp-content\/uploads\/2025\/11\/new-2-1024x647.webp 1024w, https:\/\/chkhele.com\/wp-content\/uploads\/2025\/11\/new-2-300x190.webp 300w, https:\/\/chkhele.com\/wp-content\/uploads\/2025\/11\/new-2-768x485.webp 768w, https:\/\/chkhele.com\/wp-content\/uploads\/2025\/11\/new-2-600x379.webp 600w, https:\/\/chkhele.com\/wp-content\/uploads\/2025\/11\/new-2.webp 1027w\" sizes=\"(max-width: 1024px) 100vw, 1024px\" \/>\t\t\t\t\t\t\t\t\t\t\t\t\t\t\t<\/div>\n\t\t\t\t<\/div>\n\t\t\t\t<\/div>\n\t\t\t\t\t<\/div>\n\t\t<\/div>\n\t\t\t\t\t\t<\/div>\n\t\t\t\t<\/div>\n\t\t\t\t\t<\/div>\n\t\t\t\t<\/div>\n\t\t\t\t<\/div>\n\t\t\n","protected":false},"excerpt":{"rendered":"<article class=\"text-token-text-primary w-full focus:outline-none [--shadow-height:45px] has-data-writing-block:pointer-events-none has-data-writing-block:-mt-(--shadow-height) has-data-writing-block:pt-(--shadow-height) [&amp;:has([data-writing-block])&gt;*]:pointer-events-auto scroll-mt-[calc(var(--header-height)+min(200px,max(70px,20svh)))]\" dir=\"auto\" tabindex=\"-1\" data-turn-id=\"request-WEB:44914cf6-5ce0-43ce-83fe-1d777ad69170-8\" data-testid=\"conversation-turn-18\" data-scroll-anchor=\"true\" data-turn=\"assistant\">\n<div class=\"text-base my-auto mx-auto pb-10 [--thread-content-margin:--spacing(4)] thread-sm:[--thread-content-margin:--spacing(6)] thread-lg:[--thread-content-margin:--spacing(16)] px-(--thread-content-margin)\">\n<div class=\"[--thread-content-max-width:40rem] thread-lg:[--thread-content-max-width:48rem] mx-auto max-w-(--thread-content-max-width) flex-1 group\/turn-messages focus-visible:outline-hidden relative flex w-full min-w-0 flex-col agent-turn\" tabindex=\"-1\">\n<div class=\"flex max-w-full flex-col grow\">\n<div class=\"min-h-8 text-message relative flex w-full flex-col items-end gap-2 text-start break-words whitespace-normal [.text-message+&amp;]:mt-1\" dir=\"auto\" data-message-author-role=\"assistant\" data-message-id=\"abf411fe-b770-4a08-add2-fd923ed7247c\" data-message-model-slug=\"gpt-5-mini\">\n<div class=\"flex w-full flex-col gap-1 empty:hidden first:pt-[1px]\">\n<div class=\"markdown prose dark:prose-invert w-full break-words light markdown-new-styling\">\n<p data-start=\"207\" data-end=\"605\" data-is-only-node=\"\">Le transformateur de distribution de type sec <span class=\"keyword _ngcontent-abr-104\" aria-hidden=\"false\">SCB18-NX1<\/span> est un transformateur de type sec qui r\u00e9pond aux nouvelles normes d&rsquo;efficacit\u00e9 \u00e9nerg\u00e9tique de premier niveau. Le mod\u00e8le SCB18 est d\u00e9velopp\u00e9 par notre soci\u00e9t\u00e9 sur la base du mod\u00e8le SCB13, avec un noyau, des enroulements et des processus de fabrication optimis\u00e9s pour am\u00e9liorer les performances et r\u00e9duire le bruit. Il repr\u00e9sente les transformateurs secs \u00e0 \u00e9conomie d&rsquo;\u00e9nergie que le gouvernement encouragera fortement dans les ann\u00e9es \u00e0 venir.<\/p>\n<\/div>\n<\/div>\n<\/div>\n<\/div>\n<\/div>\n<\/div>\n<\/article>\n","protected":false},"featured_media":1203,"comment_status":"open","ping_status":"closed","template":"","meta":{"site-sidebar-layout":"default","site-content-layout":"","ast-site-content-layout":"default","site-content-style":"default","site-sidebar-style":"default","ast-global-header-display":"","ast-banner-title-visibility":"","ast-main-header-display":"","ast-hfb-above-header-display":"","ast-hfb-below-header-display":"","ast-hfb-mobile-header-display":"","site-post-title":"","ast-breadcrumbs-content":"","ast-featured-img":"","footer-sml-layout":"","ast-disable-related-posts":"","theme-transparent-header-meta":"default","adv-header-id-meta":"","stick-header-meta":"","header-above-stick-meta":"","header-main-stick-meta":"","header-below-stick-meta":"","astra-migrate-meta-layouts":"default","ast-page-background-enabled":"default","ast-page-background-meta":{"desktop":{"background-color":"var(--ast-global-color-4)","background-image":"","background-repeat":"repeat","background-position":"center center","background-size":"auto","background-attachment":"scroll","background-type":"","background-media":"","overlay-type":"","overlay-color":"","overlay-opacity":"","overlay-gradient":""},"tablet":{"background-color":"","background-image":"","background-repeat":"repeat","background-position":"center center","background-size":"auto","background-attachment":"scroll","background-type":"","background-media":"","overlay-type":"","overlay-color":"","overlay-opacity":"","overlay-gradient":""},"mobile":{"background-color":"","background-image":"","background-repeat":"repeat","background-position":"center center","background-size":"auto","background-attachment":"scroll","background-type":"","background-media":"","overlay-type":"","overlay-color":"","overlay-opacity":"","overlay-gradient":""}},"ast-content-background-meta":{"desktop":{"background-color":"var(--ast-global-color-5)","background-image":"","background-repeat":"repeat","background-position":"center center","background-size":"auto","background-attachment":"scroll","background-type":"","background-media":"","overlay-type":"","overlay-color":"","overlay-opacity":"","overlay-gradient":""},"tablet":{"background-color":"var(--ast-global-color-5)","background-image":"","background-repeat":"repeat","background-position":"center center","background-size":"auto","background-attachment":"scroll","background-type":"","background-media":"","overlay-type":"","overlay-color":"","overlay-opacity":"","overlay-gradient":""},"mobile":{"background-color":"var(--ast-global-color-5)","background-image":"","background-repeat":"repeat","background-position":"center center","background-size":"auto","background-attachment":"scroll","background-type":"","background-media":"","overlay-type":"","overlay-color":"","overlay-opacity":"","overlay-gradient":""}}},"product_brand":[],"product_cat":[89],"product_tag":[],"class_list":{"0":"post-3393","1":"product","2":"type-product","3":"status-publish","4":"has-post-thumbnail","6":"product_cat-distribution-transformers","7":"desktop-align-left","8":"tablet-align-left","9":"mobile-align-left","11":"first","12":"instock","13":"shipping-taxable","14":"product-type-simple"},"_links":{"self":[{"href":"https:\/\/chkhele.com\/fr\/wp-json\/wp\/v2\/product\/3393","targetHints":{"allow":["GET"]}}],"collection":[{"href":"https:\/\/chkhele.com\/fr\/wp-json\/wp\/v2\/product"}],"about":[{"href":"https:\/\/chkhele.com\/fr\/wp-json\/wp\/v2\/types\/product"}],"replies":[{"embeddable":true,"href":"https:\/\/chkhele.com\/fr\/wp-json\/wp\/v2\/comments?post=3393"}],"version-history":[{"count":0,"href":"https:\/\/chkhele.com\/fr\/wp-json\/wp\/v2\/product\/3393\/revisions"}],"wp:featuredmedia":[{"embeddable":true,"href":"https:\/\/chkhele.com\/fr\/wp-json\/wp\/v2\/media\/1203"}],"wp:attachment":[{"href":"https:\/\/chkhele.com\/fr\/wp-json\/wp\/v2\/media?parent=3393"}],"wp:term":[{"taxonomy":"product_brand","embeddable":true,"href":"https:\/\/chkhele.com\/fr\/wp-json\/wp\/v2\/product_brand?post=3393"},{"taxonomy":"product_cat","embeddable":true,"href":"https:\/\/chkhele.com\/fr\/wp-json\/wp\/v2\/product_cat?post=3393"},{"taxonomy":"product_tag","embeddable":true,"href":"https:\/\/chkhele.com\/fr\/wp-json\/wp\/v2\/product_tag?post=3393"}],"curies":[{"name":"wp","href":"https:\/\/api.w.org\/{rel}","templated":true}]}}