{"id":3088,"date":"2025-11-30T02:17:32","date_gmt":"2025-11-30T02:17:32","guid":{"rendered":"https:\/\/chkhele.com\/shop\/non%20class\u00e9\/transformateur-immerge-dans-lhuile-de-niveau-2-s20-m-30-2500-10-nx2\/"},"modified":"2026-04-08T23:57:33","modified_gmt":"2026-04-08T23:57:33","slug":"transformateur-immerge-dans-lhuile-de-niveau-2-s20-m-30-2500-10-nx2","status":"publish","type":"product","link":"https:\/\/chkhele.com\/fr\/shop\/distribution-transformers\/transformateur-immerge-dans-lhuile-de-niveau-2-s20-m-30-2500-10-nx2\/","title":{"rendered":"Transformateur immerg\u00e9 dans l&rsquo;huile de niveau 2 S20-M-30-2500\/10-NX2"},"content":{"rendered":"\t\t<div data-elementor-type=\"product-post\" data-elementor-id=\"3088\" class=\"elementor elementor-3088 elementor-1228\" data-elementor-post-type=\"product\">\n\t\t\t\t<div class=\"elementor-element elementor-element-69f922d e-flex e-con-boxed e-con e-parent\" data-id=\"69f922d\" data-element_type=\"container\">\n\t\t\t\t\t<div class=\"e-con-inner\">\n\t\t\t\t<div class=\"elementor-element elementor-element-a404792 e-n-tabs-mobile elementor-widget elementor-widget-n-tabs\" data-id=\"a404792\" data-element_type=\"widget\" data-settings=\"{&quot;horizontal_scroll&quot;:&quot;disable&quot;}\" data-widget_type=\"nested-tabs.default\">\n\t\t\t\t<div class=\"elementor-widget-container\">\n\t\t\t\t\t\t\t<div class=\"e-n-tabs\" data-widget-number=\"171984786\" aria-label=\"Onglets. Ouvrez des \u00e9l\u00e9ments avec Entrer ou Espace, fermez-les avec Echape et naviguez \u00e0 l&#039;aide des touches fl\u00e9ch\u00e9es.\">\n\t\t\t<div class=\"e-n-tabs-heading\" role=\"tablist\">\n\t\t\t\t\t<button id=\"e-n-tab-title-1719847861\" data-tab-title-id=\"e-n-tab-title-1719847861\" class=\"e-n-tab-title\" aria-selected=\"true\" data-tab-index=\"1\" role=\"tab\" tabindex=\"0\" aria-controls=\"e-n-tab-content-1719847861\" style=\"--n-tabs-title-order: 1;\">\n\t\t\t\t\t\t<span class=\"e-n-tab-title-text\">\n\t\t\t\tsignification et mod\u00e9lisation\t\t\t<\/span>\n\t\t<\/button>\n\t\t\t\t<button id=\"e-n-tab-title-1719847862\" data-tab-title-id=\"e-n-tab-title-1719847862\" class=\"e-n-tab-title\" aria-selected=\"false\" data-tab-index=\"2\" role=\"tab\" tabindex=\"-1\" aria-controls=\"e-n-tab-content-1719847862\" style=\"--n-tabs-title-order: 2;\">\n\t\t\t\t\t\t<span class=\"e-n-tab-title-text\">\n\t\t\t\tCaract\u00e9ristiques\t\t\t<\/span>\n\t\t<\/button>\n\t\t\t\t<button id=\"e-n-tab-title-1719847863\" data-tab-title-id=\"e-n-tab-title-1719847863\" class=\"e-n-tab-title\" aria-selected=\"false\" data-tab-index=\"3\" role=\"tab\" tabindex=\"-1\" aria-controls=\"e-n-tab-content-1719847863\" style=\"--n-tabs-title-order: 3;\">\n\t\t\t\t\t\t<span class=\"e-n-tab-title-text\">\n\t\t\t\tparam\u00e8tres techniques\t\t\t<\/span>\n\t\t<\/button>\n\t\t\t\t\t<\/div>\n\t\t\t<div class=\"e-n-tabs-content\">\n\t\t\t\t<div id=\"e-n-tab-content-1719847861\" role=\"tabpanel\" aria-labelledby=\"e-n-tab-title-1719847861\" data-tab-index=\"1\" style=\"--n-tabs-title-order: 1;\" class=\"e-active elementor-element elementor-element-0be0584 e-con-full e-flex e-con e-child\" data-id=\"0be0584\" data-element_type=\"container\">\n\t\t\t\t<div class=\"elementor-element elementor-element-06d708c elementor-widget elementor-widget-image\" data-id=\"06d708c\" data-element_type=\"widget\" data-widget_type=\"image.default\">\n\t\t\t\t<div class=\"elementor-widget-container\">\n\t\t\t\t\t\t\t\t\t\t\t\t\t\t\t<img fetchpriority=\"high\" decoding=\"async\" width=\"408\" height=\"266\" src=\"https:\/\/chkhele.com\/wp-content\/uploads\/2025\/11\/meaning.webp\" class=\"attachment-full size-full wp-image-3085\" alt=\"\" srcset=\"https:\/\/chkhele.com\/wp-content\/uploads\/2025\/11\/meaning.webp 408w, https:\/\/chkhele.com\/wp-content\/uploads\/2025\/11\/meaning-300x196.webp 300w\" sizes=\"(max-width: 408px) 100vw, 408px\" \/>\t\t\t\t\t\t\t\t\t\t\t\t\t\t\t<\/div>\n\t\t\t\t<\/div>\n\t\t\t\t<div class=\"elementor-element elementor-element-4685c67 elementor-widget elementor-widget-text-editor\" data-id=\"4685c67\" data-element_type=\"widget\" data-widget_type=\"text-editor.default\">\n\t\t\t\t<div class=\"elementor-widget-container\">\n\t\t\t\t\t\t\t\t\t<article class=\"text-token-text-primary w-full focus:outline-none [--shadow-height:45px] has-data-writing-block:pointer-events-none has-data-writing-block:-mt-(--shadow-height) has-data-writing-block:pt-(--shadow-height) [&amp;:has([data-writing-block])&gt;*]:pointer-events-auto scroll-mt-[calc(var(--header-height)+min(200px,max(70px,20svh)))]\" dir=\"auto\" tabindex=\"-1\" data-turn-id=\"request-WEB:44914cf6-5ce0-43ce-83fe-1d777ad69170-16\" data-testid=\"conversation-turn-34\" data-scroll-anchor=\"true\" data-turn=\"assistant\"><div class=\"text-base my-auto mx-auto pb-10 [--thread-content-margin:--spacing(4)] thread-sm:[--thread-content-margin:--spacing(6)] thread-lg:[--thread-content-margin:--spacing(16)] px-(--thread-content-margin)\"><div class=\"[--thread-content-max-width:40rem] thread-lg:[--thread-content-max-width:48rem] mx-auto max-w-(--thread-content-max-width) flex-1 group\/turn-messages focus-visible:outline-hidden relative flex w-full min-w-0 flex-col agent-turn\" tabindex=\"-1\"><div class=\"flex max-w-full flex-col grow\"><div class=\"min-h-8 text-message relative flex w-full flex-col items-end gap-2 text-start break-words whitespace-normal [.text-message+&amp;]:mt-1\" dir=\"auto\" data-message-author-role=\"assistant\" data-message-id=\"0f57f939-6f8a-47f3-92ef-508e37db05a2\" data-message-model-slug=\"gpt-5-mini\"><div class=\"flex w-full flex-col gap-1 empty:hidden first:pt-[1px]\"><div class=\"markdown prose dark:prose-invert w-full break-words light markdown-new-styling\"><p data-start=\"46\" data-end=\"84\"><strong data-start=\"46\" data-end=\"82\">Conditions environnementales d&rsquo;exploitation<\/strong><\/p><ol data-start=\"85\" data-end=\"300\"><li data-start=\"85\" data-end=\"212\"><p data-start=\"88\" data-end=\"212\">Altitude d&rsquo;installation ne d\u00e9passant pas 1000 m (dans des conditions normales) ; les environnements particuliers doivent \u00eatre sp\u00e9cifi\u00e9s s\u00e9par\u00e9ment.<\/p><\/li><li data-start=\"213\" data-end=\"259\"><p data-start=\"216\" data-end=\"259\">Temp\u00e9rature ambiante ne d\u00e9passant pas 40\u00b0C.<\/p><\/li><li data-start=\"260\" data-end=\"300\"><p data-start=\"263\" data-end=\"300\">Minimum outdoor temperature: \u201325\u00b0C.<\/p><\/li><\/ol><p data-start=\"302\" data-end=\"403\" data-is-only-node=\"\">Des transformateurs peuvent \u00eatre fournis pour un fonctionnement dans des conditions particuli\u00e8res, selon les exigences de l&rsquo;utilisateur.<\/p><\/div><\/div><\/div><\/div><div class=\"z-0 flex min-h-[46px] justify-start\"> <\/div><div class=\"mt-3 w-full empty:hidden\"><div class=\"text-center\"> <\/div><\/div><\/div><\/div><\/article><div class=\"pointer-events-none h-px w-px\" aria-hidden=\"true\" data-edge=\"true\"> <\/div>\t\t\t\t\t\t\t\t<\/div>\n\t\t\t\t<\/div>\n\t\t\t\t<\/div>\n\t\t<div id=\"e-n-tab-content-1719847862\" role=\"tabpanel\" aria-labelledby=\"e-n-tab-title-1719847862\" data-tab-index=\"2\" style=\"--n-tabs-title-order: 2;\" class=\" elementor-element elementor-element-033710b e-con-full e-flex e-con e-child\" data-id=\"033710b\" data-element_type=\"container\">\n\t\t\t\t<div class=\"elementor-element elementor-element-dcb48f2 elementor-widget elementor-widget-text-editor\" data-id=\"dcb48f2\" data-element_type=\"widget\" data-widget_type=\"text-editor.default\">\n\t\t\t\t<div class=\"elementor-widget-container\">\n\t\t\t\t\t\t\t\t\t<article class=\"text-token-text-primary w-full focus:outline-none [--shadow-height:45px] has-data-writing-block:pointer-events-none has-data-writing-block:-mt-(--shadow-height) has-data-writing-block:pt-(--shadow-height) [&amp;:has([data-writing-block])&gt;*]:pointer-events-auto scroll-mt-[calc(var(--header-height)+min(200px,max(70px,20svh)))]\" dir=\"auto\" tabindex=\"-1\" data-turn-id=\"request-WEB:44914cf6-5ce0-43ce-83fe-1d777ad69170-18\" data-testid=\"conversation-turn-38\" data-scroll-anchor=\"true\" data-turn=\"assistant\"><div class=\"text-base my-auto mx-auto pb-10 [--thread-content-margin:--spacing(4)] thread-sm:[--thread-content-margin:--spacing(6)] thread-lg:[--thread-content-margin:--spacing(16)] px-(--thread-content-margin)\"><div class=\"[--thread-content-max-width:40rem] thread-lg:[--thread-content-max-width:48rem] mx-auto max-w-(--thread-content-max-width) flex-1 group\/turn-messages focus-visible:outline-hidden relative flex w-full min-w-0 flex-col agent-turn\" tabindex=\"-1\"><div class=\"flex max-w-full flex-col grow\"><div class=\"min-h-8 text-message relative flex w-full flex-col items-end gap-2 text-start break-words whitespace-normal [.text-message+&amp;]:mt-1\" dir=\"auto\" data-message-author-role=\"assistant\" data-message-id=\"524acb67-c5f3-4da5-8f48-f0fcbebd89c1\" data-message-model-slug=\"gpt-5-mini\"><div class=\"flex w-full flex-col gap-1 empty:hidden first:pt-[1px]\"><div class=\"markdown prose dark:prose-invert w-full break-words light markdown-new-styling\"><ol data-start=\"69\" data-end=\"934\"><li data-start=\"69\" data-end=\"288\"><p data-start=\"72\" data-end=\"288\">Le noyau du transformateur est fabriqu\u00e9 \u00e0 partir de t\u00f4les d&rsquo;acier au silicium lamin\u00e9es \u00e0 froid import\u00e9es de haute qualit\u00e9, ce qui r\u00e9duit consid\u00e9rablement les pertes et le courant \u00e0 vide. Le noyau est solidement fix\u00e9 pour garantir la compacit\u00e9 du transformateur et r\u00e9duire le bruit. <\/p><\/li><li data-start=\"289\" data-end=\"611\"><p data-start=\"292\" data-end=\"611\">Les enroulements haute et basse tension sont en cuivre sans oxyg\u00e8ne. Les enroulements basse tension, jusqu&rsquo;\u00e0 500 kVA, utilisent une structure cylindrique double couche, tandis que ceux de 630 kVA et plus utilisent des structures \u00e0 double ou quadruple h\u00e9lice, ou encore des enroulements en feuille de cuivre. Les enroulements haute tension adoptent une structure cylindrique multicouche.  <\/p><\/li><li data-start=\"612\" data-end=\"736\"><p data-start=\"615\" data-end=\"736\">Le groupe de connexion du<strong data-start=\"631\" data-end=\"660\"> transformateur est Dyn11,<\/strong> r\u00e9duisant les harmoniques dans le r\u00e9seau \u00e9lectrique et am\u00e9liorant la qualit\u00e9 de l&rsquo;alimentation \u00e9lectrique.<\/p><\/li><li data-start=\"737\" data-end=\"879\"><p data-start=\"740\" data-end=\"879\">Le transformateur pr\u00e9sente <strong data-start=\"767\" data-end=\"793\">une structure enti\u00e8rement <\/strong>\u00e9tanche, ce qui prolonge sa dur\u00e9e de vie et \u00e9limine le besoin de levage et d&rsquo;entretien du noyau.<\/p><\/li><li data-start=\"880\" data-end=\"934\"><p data-start=\"883\" data-end=\"934\">Les niveaux de bruit mesur\u00e9s sont conformes aux normes basse tension.<\/p><\/li><\/ol><p data-start=\"936\" data-end=\"1170\" data-is-only-node=\"\">Apr\u00e8s un transport normal, cette s\u00e9rie de transformateurs ne n\u00e9cessite pas d&rsquo;inspection de levage du noyau. Les composants n\u00e9cessaires peuvent \u00eatre install\u00e9s, les essais de r\u00e9ception effectu\u00e9s, et le transformateur mis en service apr\u00e8s validation. <\/p><\/div><\/div><\/div><\/div><div class=\"z-0 flex min-h-[46px] justify-start\"> <\/div><div class=\"mt-3 w-full empty:hidden\"><div class=\"text-center\"> <\/div><\/div><\/div><\/div><\/article><div class=\"pointer-events-none h-px w-px\" aria-hidden=\"true\" data-edge=\"true\"> <\/div>\t\t\t\t\t\t\t\t<\/div>\n\t\t\t\t<\/div>\n\t\t\t\t<\/div>\n\t\t<div id=\"e-n-tab-content-1719847863\" role=\"tabpanel\" aria-labelledby=\"e-n-tab-title-1719847863\" data-tab-index=\"3\" style=\"--n-tabs-title-order: 3;\" class=\" elementor-element elementor-element-95ed70c e-con-full e-flex e-con e-child\" data-id=\"95ed70c\" data-element_type=\"container\">\n\t\t\t\t<div class=\"elementor-element elementor-element-91e81b0 elementor-widget elementor-widget-image\" data-id=\"91e81b0\" data-element_type=\"widget\" data-widget_type=\"image.default\">\n\t\t\t\t<div class=\"elementor-widget-container\">\n\t\t\t\t\t\t\t\t\t\t\t\t\t\t\t<img decoding=\"async\" width=\"1027\" height=\"619\" src=\"https:\/\/chkhele.com\/wp-content\/uploads\/2025\/11\/technical-parameters-1.webp\" class=\"attachment-full size-full wp-image-3086\" alt=\"\" srcset=\"https:\/\/chkhele.com\/wp-content\/uploads\/2025\/11\/technical-parameters-1.webp 1027w, https:\/\/chkhele.com\/wp-content\/uploads\/2025\/11\/technical-parameters-1-300x181.webp 300w, https:\/\/chkhele.com\/wp-content\/uploads\/2025\/11\/technical-parameters-1-1024x617.webp 1024w, https:\/\/chkhele.com\/wp-content\/uploads\/2025\/11\/technical-parameters-1-768x463.webp 768w, https:\/\/chkhele.com\/wp-content\/uploads\/2025\/11\/technical-parameters-1-600x362.webp 600w\" sizes=\"(max-width: 1027px) 100vw, 1027px\" \/>\t\t\t\t\t\t\t\t\t\t\t\t\t\t\t<\/div>\n\t\t\t\t<\/div>\n\t\t\t\t<\/div>\n\t\t\t\t\t<\/div>\n\t\t<\/div>\n\t\t\t\t\t\t<\/div>\n\t\t\t\t<\/div>\n\t\t\t\t\t<\/div>\n\t\t\t\t<\/div>\n\t\t\t\t<\/div>\n\t\t","protected":false},"excerpt":{"rendered":"<article class=\"text-token-text-primary w-full focus:outline-none [--shadow-height:45px] has-data-writing-block:pointer-events-none has-data-writing-block:-mt-(--shadow-height) has-data-writing-block:pt-(--shadow-height) [&amp;:has([data-writing-block])&gt;*]:pointer-events-auto scroll-mt-[calc(var(--header-height)+min(200px,max(70px,20svh)))]\" dir=\"auto\" tabindex=\"-1\" data-turn-id=\"request-WEB:44914cf6-5ce0-43ce-83fe-1d777ad69170-14\" data-testid=\"conversation-turn-30\" data-scroll-anchor=\"true\" data-turn=\"assistant\">\n<div class=\"text-base my-auto mx-auto pb-10 [--thread-content-margin:--spacing(4)] thread-sm:[--thread-content-margin:--spacing(6)] thread-lg:[--thread-content-margin:--spacing(16)] px-(--thread-content-margin)\">\n<div class=\"[--thread-content-max-width:40rem] thread-lg:[--thread-content-max-width:48rem] mx-auto max-w-(--thread-content-max-width) flex-1 group\/turn-messages focus-visible:outline-hidden relative flex w-full min-w-0 flex-col agent-turn\" tabindex=\"-1\">\n<div class=\"flex max-w-full flex-col grow\">\n<div class=\"min-h-8 text-message relative flex w-full flex-col items-end gap-2 text-start break-words whitespace-normal [.text-message+&amp;]:mt-1\" dir=\"auto\" data-message-author-role=\"assistant\" data-message-id=\"50ceec76-bc41-4d46-ac9f-2ec1b02689ba\" data-message-model-slug=\"gpt-5-mini\">\n<div class=\"flex w-full flex-col gap-1 empty:hidden first:pt-[1px]\">\n<div class=\"markdown prose dark:prose-invert w-full break-words light markdown-new-styling\">\n<article class=\"text-token-text-primary w-full focus:outline-none [--shadow-height:45px] has-data-writing-block:pointer-events-none has-data-writing-block:-mt-(--shadow-height) has-data-writing-block:pt-(--shadow-height) [&amp;:has([data-writing-block])&gt;*]:pointer-events-auto scroll-mt-[calc(var(--header-height)+min(200px,max(70px,20svh)))]\" dir=\"auto\" tabindex=\"-1\" data-turn-id=\"request-WEB:44914cf6-5ce0-43ce-83fe-1d777ad69170-15\" data-testid=\"conversation-turn-32\" data-scroll-anchor=\"true\" data-turn=\"assistant\">\n<div class=\"text-base my-auto mx-auto pb-10 [--thread-content-margin:--spacing(4)] thread-sm:[--thread-content-margin:--spacing(6)] thread-lg:[--thread-content-margin:--spacing(16)] px-(--thread-content-margin)\">\n<div class=\"[--thread-content-max-width:40rem] thread-lg:[--thread-content-max-width:48rem] mx-auto max-w-(--thread-content-max-width) flex-1 group\/turn-messages focus-visible:outline-hidden relative flex w-full min-w-0 flex-col agent-turn\" tabindex=\"-1\">\n<div class=\"flex max-w-full flex-col grow\">\n<div class=\"min-h-8 text-message relative flex w-full flex-col items-end gap-2 text-start break-words whitespace-normal [.text-message+&amp;]:mt-1\" dir=\"auto\" data-message-author-role=\"assistant\" data-message-id=\"b8ef1b69-da04-41a0-a7fb-6e2010d854c5\" data-message-model-slug=\"gpt-5-mini\">\n<div class=\"flex w-full flex-col gap-1 empty:hidden first:pt-[1px]\">\n<div class=\"markdown prose dark:prose-invert w-full break-words light markdown-new-styling\">\n<p data-start=\"46\" data-end=\"741\" data-is-only-node=\"\">Les<strong data-start=\"77\" data-end=\"153\" data-is-only-node=\"\"> transformateurs de puissance immerg\u00e9s dans l&rsquo;huile de la s\u00e9rie S20-M-30-2500\/10-NX2,<\/strong> enti\u00e8rement \u00e9tanches et con\u00e7us et fabriqu\u00e9s par notre soci\u00e9t\u00e9, se caract\u00e9risent par de faibles pertes, un faible niveau sonore et un rendement \u00e9lev\u00e9, permettant ainsi de r\u00e9aliser d&rsquo;importantes \u00e9conomies d&rsquo;\u00e9nergie et de r\u00e9duire la pollution. Par rapport aux transformateurs immerg\u00e9s dans l&rsquo;huile classiques, leur conception enti\u00e8rement \u00e9tanche \u00e9limine le besoin d&rsquo;un conservateur d&rsquo;huile ; les variations de volume d&rsquo;huile sont automatiquement compens\u00e9es par l&rsquo;\u00e9lasticit\u00e9 des parois ondul\u00e9es de la cuve. L&rsquo;huile du transformateur est isol\u00e9e de l&rsquo;air, ce qui pr\u00e9vient et ralentit sa d\u00e9gradation et le vieillissement de l&rsquo;isolation, am\u00e9liorant ainsi la fiabilit\u00e9 de fonctionnement et garantissant un fonctionnement sans entretien en conditions normales.  <\/p>\n<\/div>\n<\/div>\n<\/div>\n<\/div>\n<div class=\"z-0 flex min-h-[46px] justify-start\"><\/div>\n<div class=\"mt-3 w-full empty:hidden\">\n<div class=\"text-center\"><\/div>\n<\/div>\n<\/div>\n<\/div>\n<\/article>\n<div class=\"pointer-events-none h-px w-px\" aria-hidden=\"true\" data-edge=\"true\"><\/div>\n<\/div>\n<\/div>\n<\/div>\n<\/div>\n<div class=\"z-0 flex min-h-[46px] justify-start\"><\/div>\n<div class=\"mt-3 w-full empty:hidden\">\n<div class=\"text-center\"><\/div>\n<\/div>\n<\/div>\n<\/div>\n<\/article>\n<div class=\"pointer-events-none h-px w-px\" aria-hidden=\"true\" data-edge=\"true\"><\/div>\n","protected":false},"featured_media":2474,"comment_status":"open","ping_status":"closed","template":"","meta":{"site-sidebar-layout":"default","site-content-layout":"","ast-site-content-layout":"default","site-content-style":"default","site-sidebar-style":"default","ast-global-header-display":"","ast-banner-title-visibility":"","ast-main-header-display":"","ast-hfb-above-header-display":"","ast-hfb-below-header-display":"","ast-hfb-mobile-header-display":"","site-post-title":"","ast-breadcrumbs-content":"","ast-featured-img":"","footer-sml-layout":"","ast-disable-related-posts":"","theme-transparent-header-meta":"default","adv-header-id-meta":"","stick-header-meta":"","header-above-stick-meta":"","header-main-stick-meta":"","header-below-stick-meta":"","astra-migrate-meta-layouts":"default","ast-page-background-enabled":"default","ast-page-background-meta":{"desktop":{"background-color":"var(--ast-global-color-4)","background-image":"","background-repeat":"repeat","background-position":"center center","background-size":"auto","background-attachment":"scroll","background-type":"","background-media":"","overlay-type":"","overlay-color":"","overlay-opacity":"","overlay-gradient":""},"tablet":{"background-color":"","background-image":"","background-repeat":"repeat","background-position":"center center","background-size":"auto","background-attachment":"scroll","background-type":"","background-media":"","overlay-type":"","overlay-color":"","overlay-opacity":"","overlay-gradient":""},"mobile":{"background-color":"","background-image":"","background-repeat":"repeat","background-position":"center center","background-size":"auto","background-attachment":"scroll","background-type":"","background-media":"","overlay-type":"","overlay-color":"","overlay-opacity":"","overlay-gradient":""}},"ast-content-background-meta":{"desktop":{"background-color":"var(--ast-global-color-5)","background-image":"","background-repeat":"repeat","background-position":"center center","background-size":"auto","background-attachment":"scroll","background-type":"","background-media":"","overlay-type":"","overlay-color":"","overlay-opacity":"","overlay-gradient":""},"tablet":{"background-color":"var(--ast-global-color-5)","background-image":"","background-repeat":"repeat","background-position":"center center","background-size":"auto","background-attachment":"scroll","background-type":"","background-media":"","overlay-type":"","overlay-color":"","overlay-opacity":"","overlay-gradient":""},"mobile":{"background-color":"var(--ast-global-color-5)","background-image":"","background-repeat":"repeat","background-position":"center center","background-size":"auto","background-attachment":"scroll","background-type":"","background-media":"","overlay-type":"","overlay-color":"","overlay-opacity":"","overlay-gradient":""}}},"product_brand":[],"product_cat":[89],"product_tag":[],"class_list":{"0":"post-3088","1":"product","2":"type-product","3":"status-publish","4":"has-post-thumbnail","6":"product_cat-distribution-transformers","7":"desktop-align-left","8":"tablet-align-left","9":"mobile-align-left","11":"first","12":"instock","13":"shipping-taxable","14":"product-type-simple"},"_links":{"self":[{"href":"https:\/\/chkhele.com\/fr\/wp-json\/wp\/v2\/product\/3088","targetHints":{"allow":["GET"]}}],"collection":[{"href":"https:\/\/chkhele.com\/fr\/wp-json\/wp\/v2\/product"}],"about":[{"href":"https:\/\/chkhele.com\/fr\/wp-json\/wp\/v2\/types\/product"}],"replies":[{"embeddable":true,"href":"https:\/\/chkhele.com\/fr\/wp-json\/wp\/v2\/comments?post=3088"}],"version-history":[{"count":3,"href":"https:\/\/chkhele.com\/fr\/wp-json\/wp\/v2\/product\/3088\/revisions"}],"predecessor-version":[{"id":3091,"href":"https:\/\/chkhele.com\/fr\/wp-json\/wp\/v2\/product\/3088\/revisions\/3091"}],"wp:featuredmedia":[{"embeddable":true,"href":"https:\/\/chkhele.com\/fr\/wp-json\/wp\/v2\/media\/2474"}],"wp:attachment":[{"href":"https:\/\/chkhele.com\/fr\/wp-json\/wp\/v2\/media?parent=3088"}],"wp:term":[{"taxonomy":"product_brand","embeddable":true,"href":"https:\/\/chkhele.com\/fr\/wp-json\/wp\/v2\/product_brand?post=3088"},{"taxonomy":"product_cat","embeddable":true,"href":"https:\/\/chkhele.com\/fr\/wp-json\/wp\/v2\/product_cat?post=3088"},{"taxonomy":"product_tag","embeddable":true,"href":"https:\/\/chkhele.com\/fr\/wp-json\/wp\/v2\/product_tag?post=3088"}],"curies":[{"name":"wp","href":"https:\/\/api.w.org\/{rel}","templated":true}]}}