{"id":3044,"date":"2025-12-06T16:20:03","date_gmt":"2025-12-06T16:20:03","guid":{"rendered":"https:\/\/chkhele.com\/categories\/"},"modified":"2026-04-08T18:38:14","modified_gmt":"2026-04-08T18:38:14","slug":"categories","status":"publish","type":"page","link":"https:\/\/chkhele.com\/fr\/categories\/","title":{"rendered":"Cat\u00e9gories"},"content":{"rendered":"\t\t<div data-elementor-type=\"wp-page\" data-elementor-id=\"3044\" class=\"elementor elementor-3044 elementor-1856\" data-elementor-post-type=\"page\">\n\t\t\t\t<div class=\"elementor-element elementor-element-d882cc7 e-flex e-con-boxed e-con e-parent\" data-id=\"d882cc7\" data-element_type=\"container\" data-settings=\"{&quot;background_background&quot;:&quot;classic&quot;}\">\n\t\t\t\t\t<div class=\"e-con-inner\">\n\t\t\t\t<div class=\"elementor-element elementor-element-021925f elementor-grid-3 elementor-product-loop-item--align-center elementor-grid-tablet-3 elementor-grid-mobile-2 elementor-products-grid elementor-wc-products elementor-widget elementor-widget-wc-categories\" data-id=\"021925f\" data-element_type=\"widget\" data-widget_type=\"wc-categories.default\">\n\t\t\t\t<div class=\"elementor-widget-container\">\n\t\t\t\t\t<div class=\"woocommerce columns-3\"><ul class=\"products elementor-grid columns-3\">\n<li class=\"product-category product first\">\n\t<a aria-label=\"Acc\u00e9der \u00e0 la cat\u00e9gorie de produits sous-station compacte\" href=\"https:\/\/chkhele.com\/fr\/product-category\/sous-station-compacte\/\"><img fetchpriority=\"high\" decoding=\"async\" src=\"https:\/\/chkhele.com\/wp-content\/uploads\/2025\/11\/YB-12-0.4-Outdoor-Prefabricated-Substation-European-Style-300x300.webp\" alt=\"sous-station compacte\" width=\"300\" height=\"300\" srcset=\"https:\/\/chkhele.com\/wp-content\/uploads\/2025\/11\/YB-12-0.4-Outdoor-Prefabricated-Substation-European-Style-300x300.webp 300w, https:\/\/chkhele.com\/wp-content\/uploads\/2025\/11\/YB-12-0.4-Outdoor-Prefabricated-Substation-European-Style-100x100.webp 100w, https:\/\/chkhele.com\/wp-content\/uploads\/2025\/11\/YB-12-0.4-Outdoor-Prefabricated-Substation-European-Style-600x600.webp 600w, https:\/\/chkhele.com\/wp-content\/uploads\/2025\/11\/YB-12-0.4-Outdoor-Prefabricated-Substation-European-Style-150x150.webp 150w, https:\/\/chkhele.com\/wp-content\/uploads\/2025\/11\/YB-12-0.4-Outdoor-Prefabricated-Substation-European-Style-768x768.webp 768w, https:\/\/chkhele.com\/wp-content\/uploads\/2025\/11\/YB-12-0.4-Outdoor-Prefabricated-Substation-European-Style.webp 1024w\" sizes=\"(max-width: 300px) 100vw, 300px\" \/>\t\t<h2 class=\"woocommerce-loop-category__title\">\n\t\t\tsous-station compacte<mark class=\"count\">2 produits<\/mark>\t\t<\/h2>\n\t\t<\/a><\/li>\n<li class=\"product-category product\">\n\t<a aria-label=\"Acc\u00e9der \u00e0 la cat\u00e9gorie de produits S\u00e9rie d&#039;armoires photovolta\u00efques\" href=\"https:\/\/chkhele.com\/fr\/product-category\/serie-darmoires-photovoltaiques\/\"><img decoding=\"async\" src=\"https:\/\/chkhele.com\/wp-content\/uploads\/2025\/11\/ChatGPT-Image-Nov-23-2025-12_35_33-PM-300x300.png\" alt=\"S\u00e9rie d&#039;armoires photovolta\u00efques\" width=\"300\" height=\"300\" srcset=\"https:\/\/chkhele.com\/wp-content\/uploads\/2025\/11\/ChatGPT-Image-Nov-23-2025-12_35_33-PM-300x300.png 300w, https:\/\/chkhele.com\/wp-content\/uploads\/2025\/11\/ChatGPT-Image-Nov-23-2025-12_35_33-PM-150x150.png 150w, https:\/\/chkhele.com\/wp-content\/uploads\/2025\/11\/ChatGPT-Image-Nov-23-2025-12_35_33-PM-768x768.png 768w, https:\/\/chkhele.com\/wp-content\/uploads\/2025\/11\/ChatGPT-Image-Nov-23-2025-12_35_33-PM-600x600.png 600w, https:\/\/chkhele.com\/wp-content\/uploads\/2025\/11\/ChatGPT-Image-Nov-23-2025-12_35_33-PM-100x100.png 100w, https:\/\/chkhele.com\/wp-content\/uploads\/2025\/11\/ChatGPT-Image-Nov-23-2025-12_35_33-PM.png 1024w\" sizes=\"(max-width: 300px) 100vw, 300px\" \/>\t\t<h2 class=\"woocommerce-loop-category__title\">\n\t\t\tS\u00e9rie d&#039;armoires photovolta\u00efques<mark class=\"count\">9 produits<\/mark>\t\t<\/h2>\n\t\t<\/a><\/li>\n<li class=\"product-category product last\">\n\t<a aria-label=\"Acc\u00e9der \u00e0 la cat\u00e9gorie de produits \u00c9quipement de commande \u00e9lectrique\" href=\"https:\/\/chkhele.com\/fr\/product-category\/equipement-de-commande-electrique\/\"><img decoding=\"async\" src=\"https:\/\/chkhele.com\/wp-content\/uploads\/2025\/11\/TBBJ-High-Voltage-Reactive-Power-Local-Compensation-Device-300x300.webp\" alt=\"\u00c9quipement de commande \u00e9lectrique\" width=\"300\" height=\"300\" srcset=\"https:\/\/chkhele.com\/wp-content\/uploads\/2025\/11\/TBBJ-High-Voltage-Reactive-Power-Local-Compensation-Device-300x300.webp 300w, https:\/\/chkhele.com\/wp-content\/uploads\/2025\/11\/TBBJ-High-Voltage-Reactive-Power-Local-Compensation-Device-100x100.webp 100w, https:\/\/chkhele.com\/wp-content\/uploads\/2025\/11\/TBBJ-High-Voltage-Reactive-Power-Local-Compensation-Device-600x600.webp 600w, https:\/\/chkhele.com\/wp-content\/uploads\/2025\/11\/TBBJ-High-Voltage-Reactive-Power-Local-Compensation-Device-150x150.webp 150w, https:\/\/chkhele.com\/wp-content\/uploads\/2025\/11\/TBBJ-High-Voltage-Reactive-Power-Local-Compensation-Device-768x768.webp 768w, https:\/\/chkhele.com\/wp-content\/uploads\/2025\/11\/TBBJ-High-Voltage-Reactive-Power-Local-Compensation-Device.webp 1024w\" sizes=\"(max-width: 300px) 100vw, 300px\" \/>\t\t<h2 class=\"woocommerce-loop-category__title\">\n\t\t\t\u00c9quipement de commande \u00e9lectrique<mark class=\"count\">6 produits<\/mark>\t\t<\/h2>\n\t\t<\/a><\/li>\n<li class=\"product-category product first\">\n\t<a aria-label=\"Acc\u00e9der \u00e0 la cat\u00e9gorie de produits distribution transformers\" href=\"https:\/\/chkhele.com\/fr\/product-category\/distribution-transformers\/\"><img loading=\"lazy\" decoding=\"async\" src=\"https:\/\/chkhele.com\/wp-content\/uploads\/2025\/11\/ChatGPT-Image-Nov-23-2025-12_42_24-PM-300x300.png\" alt=\"distribution transformers\" width=\"300\" height=\"300\" srcset=\"https:\/\/chkhele.com\/wp-content\/uploads\/2025\/11\/ChatGPT-Image-Nov-23-2025-12_42_24-PM-300x300.png 300w, https:\/\/chkhele.com\/wp-content\/uploads\/2025\/11\/ChatGPT-Image-Nov-23-2025-12_42_24-PM-150x150.png 150w, https:\/\/chkhele.com\/wp-content\/uploads\/2025\/11\/ChatGPT-Image-Nov-23-2025-12_42_24-PM-768x768.png 768w, https:\/\/chkhele.com\/wp-content\/uploads\/2025\/11\/ChatGPT-Image-Nov-23-2025-12_42_24-PM-600x600.png 600w, https:\/\/chkhele.com\/wp-content\/uploads\/2025\/11\/ChatGPT-Image-Nov-23-2025-12_42_24-PM-100x100.png 100w, https:\/\/chkhele.com\/wp-content\/uploads\/2025\/11\/ChatGPT-Image-Nov-23-2025-12_42_24-PM.png 1024w\" sizes=\"(max-width: 300px) 100vw, 300px\" \/>\t\t<h2 class=\"woocommerce-loop-category__title\">\n\t\t\tdistribution transformers<mark class=\"count\">6 produits<\/mark>\t\t<\/h2>\n\t\t<\/a><\/li>\n<li class=\"product-category product\">\n\t<a aria-label=\"Acc\u00e9der \u00e0 la cat\u00e9gorie de produits Bo\u00eete de d\u00e9rivation de c\u00e2ble\" href=\"https:\/\/chkhele.com\/fr\/product-category\/boite-de-derivation-de-cable\/\"><img loading=\"lazy\" decoding=\"async\" src=\"https:\/\/chkhele.com\/wp-content\/uploads\/2025\/11\/XGW-12-European-Style-Cable-Branch-Box-300x300.webp\" alt=\"Bo\u00eete de d\u00e9rivation de c\u00e2ble\" width=\"300\" height=\"300\" srcset=\"https:\/\/chkhele.com\/wp-content\/uploads\/2025\/11\/XGW-12-European-Style-Cable-Branch-Box-300x300.webp 300w, https:\/\/chkhele.com\/wp-content\/uploads\/2025\/11\/XGW-12-European-Style-Cable-Branch-Box-100x100.webp 100w, https:\/\/chkhele.com\/wp-content\/uploads\/2025\/11\/XGW-12-European-Style-Cable-Branch-Box-600x600.webp 600w, https:\/\/chkhele.com\/wp-content\/uploads\/2025\/11\/XGW-12-European-Style-Cable-Branch-Box-150x150.webp 150w, https:\/\/chkhele.com\/wp-content\/uploads\/2025\/11\/XGW-12-European-Style-Cable-Branch-Box-768x768.webp 768w, https:\/\/chkhele.com\/wp-content\/uploads\/2025\/11\/XGW-12-European-Style-Cable-Branch-Box.webp 1024w\" sizes=\"(max-width: 300px) 100vw, 300px\" \/>\t\t<h2 class=\"woocommerce-loop-category__title\">\n\t\t\tBo\u00eete de d\u00e9rivation de c\u00e2ble<mark class=\"count\">7 produits<\/mark>\t\t<\/h2>\n\t\t<\/a><\/li>\n<li class=\"product-category product last\">\n\t<a aria-label=\"Acc\u00e9der \u00e0 la cat\u00e9gorie de produits Appareillage de commutation haute tension\" href=\"https:\/\/chkhele.com\/fr\/product-category\/appareillage-de-commutation-haute-tension\/\"><img loading=\"lazy\" decoding=\"async\" src=\"https:\/\/chkhele.com\/wp-content\/uploads\/2025\/11\/HB12630-20-Environmentally-Friendly-Gas-300x300.webp\" alt=\"Appareillage de commutation haute tension\" width=\"300\" height=\"300\" srcset=\"https:\/\/chkhele.com\/wp-content\/uploads\/2025\/11\/HB12630-20-Environmentally-Friendly-Gas-300x300.webp 300w, https:\/\/chkhele.com\/wp-content\/uploads\/2025\/11\/HB12630-20-Environmentally-Friendly-Gas-100x100.webp 100w, https:\/\/chkhele.com\/wp-content\/uploads\/2025\/11\/HB12630-20-Environmentally-Friendly-Gas-600x600.webp 600w, https:\/\/chkhele.com\/wp-content\/uploads\/2025\/11\/HB12630-20-Environmentally-Friendly-Gas-150x150.webp 150w, https:\/\/chkhele.com\/wp-content\/uploads\/2025\/11\/HB12630-20-Environmentally-Friendly-Gas-768x768.webp 768w, https:\/\/chkhele.com\/wp-content\/uploads\/2025\/11\/HB12630-20-Environmentally-Friendly-Gas.webp 1024w\" sizes=\"(max-width: 300px) 100vw, 300px\" \/>\t\t<h2 class=\"woocommerce-loop-category__title\">\n\t\t\tAppareillage de commutation haute tension<mark class=\"count\">9 produits<\/mark>\t\t<\/h2>\n\t\t<\/a><\/li>\n<li class=\"product-category product first\">\n\t<a aria-label=\"Acc\u00e9der \u00e0 la cat\u00e9gorie de produits appareillage de commutation basse tension\" href=\"https:\/\/chkhele.com\/fr\/product-category\/appareillage-de-commutation-basse-tension\/\"><img loading=\"lazy\" decoding=\"async\" src=\"https:\/\/chkhele.com\/wp-content\/uploads\/2025\/11\/KYN28-12-Armoured-Closed-Switchgear-300x300.webp\" alt=\"appareillage de commutation basse tension\" width=\"300\" height=\"300\" srcset=\"https:\/\/chkhele.com\/wp-content\/uploads\/2025\/11\/KYN28-12-Armoured-Closed-Switchgear-300x300.webp 300w, https:\/\/chkhele.com\/wp-content\/uploads\/2025\/11\/KYN28-12-Armoured-Closed-Switchgear-100x100.webp 100w, https:\/\/chkhele.com\/wp-content\/uploads\/2025\/11\/KYN28-12-Armoured-Closed-Switchgear-600x600.webp 600w, https:\/\/chkhele.com\/wp-content\/uploads\/2025\/11\/KYN28-12-Armoured-Closed-Switchgear-150x150.webp 150w, https:\/\/chkhele.com\/wp-content\/uploads\/2025\/11\/KYN28-12-Armoured-Closed-Switchgear-768x768.webp 768w, https:\/\/chkhele.com\/wp-content\/uploads\/2025\/11\/KYN28-12-Armoured-Closed-Switchgear.webp 1024w\" sizes=\"(max-width: 300px) 100vw, 300px\" \/>\t\t<h2 class=\"woocommerce-loop-category__title\">\n\t\t\tappareillage de commutation basse tension<mark class=\"count\">7 produits<\/mark>\t\t<\/h2>\n\t\t<\/a><\/li>\n<\/ul>\n<\/div>\t\t\t\t<\/div>\n\t\t\t\t<\/div>\n\t\t\t\t\t<\/div>\n\t\t\t\t<\/div>\n\t\t\t\t<\/div>\n\t\t","protected":false},"excerpt":{"rendered":"","protected":false},"author":1,"featured_media":0,"parent":0,"menu_order":0,"comment_status":"closed","ping_status":"closed","template":"","meta":{"site-sidebar-layout":"no-sidebar","site-content-layout":"page-builder","ast-site-content-layout":"full-width-container","site-content-style":"default","site-sidebar-style":"default","ast-global-header-display":"","ast-banner-title-visibility":"","ast-main-header-display":"","ast-hfb-above-header-display":"","ast-hfb-below-header-display":"","ast-hfb-mobile-header-display":"","site-post-title":"","ast-breadcrumbs-content":"","ast-featured-img":"disabled","footer-sml-layout":"","ast-disable-related-posts":"","theme-transparent-header-meta":"","adv-header-id-meta":"","stick-header-meta":"","header-above-stick-meta":"","header-main-stick-meta":"","header-below-stick-meta":"","astra-migrate-meta-layouts":"default","ast-page-background-enabled":"default","ast-page-background-meta":{"desktop":{"background-color":"var(--ast-global-color-4)","background-image":"","background-repeat":"repeat","background-position":"center center","background-size":"auto","background-attachment":"scroll","background-type":"","background-media":"","overlay-type":"","overlay-color":"","overlay-opacity":"","overlay-gradient":""},"tablet":{"background-color":"","background-image":"","background-repeat":"repeat","background-position":"center center","background-size":"auto","background-attachment":"scroll","background-type":"","background-media":"","overlay-type":"","overlay-color":"","overlay-opacity":"","overlay-gradient":""},"mobile":{"background-color":"","background-image":"","background-repeat":"repeat","background-position":"center center","background-size":"auto","background-attachment":"scroll","background-type":"","background-media":"","overlay-type":"","overlay-color":"","overlay-opacity":"","overlay-gradient":""}},"ast-content-background-meta":{"desktop":{"background-color":"var(--ast-global-color-5)","background-image":"","background-repeat":"repeat","background-position":"center center","background-size":"auto","background-attachment":"scroll","background-type":"","background-media":"","overlay-type":"","overlay-color":"","overlay-opacity":"","overlay-gradient":""},"tablet":{"background-color":"var(--ast-global-color-5)","background-image":"","background-repeat":"repeat","background-position":"center center","background-size":"auto","background-attachment":"scroll","background-type":"","background-media":"","overlay-type":"","overlay-color":"","overlay-opacity":"","overlay-gradient":""},"mobile":{"background-color":"var(--ast-global-color-5)","background-image":"","background-repeat":"repeat","background-position":"center center","background-size":"auto","background-attachment":"scroll","background-type":"","background-media":"","overlay-type":"","overlay-color":"","overlay-opacity":"","overlay-gradient":""}},"footnotes":""},"class_list":["post-3044","page","type-page","status-publish","hentry"],"_links":{"self":[{"href":"https:\/\/chkhele.com\/fr\/wp-json\/wp\/v2\/pages\/3044","targetHints":{"allow":["GET"]}}],"collection":[{"href":"https:\/\/chkhele.com\/fr\/wp-json\/wp\/v2\/pages"}],"about":[{"href":"https:\/\/chkhele.com\/fr\/wp-json\/wp\/v2\/types\/page"}],"author":[{"embeddable":true,"href":"https:\/\/chkhele.com\/fr\/wp-json\/wp\/v2\/users\/1"}],"replies":[{"embeddable":true,"href":"https:\/\/chkhele.com\/fr\/wp-json\/wp\/v2\/comments?post=3044"}],"version-history":[{"count":7,"href":"https:\/\/chkhele.com\/fr\/wp-json\/wp\/v2\/pages\/3044\/revisions"}],"predecessor-version":[{"id":3051,"href":"https:\/\/chkhele.com\/fr\/wp-json\/wp\/v2\/pages\/3044\/revisions\/3051"}],"wp:attachment":[{"href":"https:\/\/chkhele.com\/fr\/wp-json\/wp\/v2\/media?parent=3044"}],"curies":[{"name":"wp","href":"https:\/\/api.w.org\/{rel}","templated":true}]}}